{"id":1014,"date":"2026-03-21T14:58:54","date_gmt":"2026-03-21T14:58:54","guid":{"rendered":"https:\/\/www.manteigasmusicfestival.com\/?page_id=1014"},"modified":"2026-03-21T17:33:18","modified_gmt":"2026-03-21T17:33:18","slug":"festival","status":"publish","type":"page","link":"https:\/\/www.manteigasmusicfestival.com\/en\/festival\/","title":{"rendered":"Festival"},"content":{"rendered":"<div class=\"wp-block-group alignfull has-global-padding is-layout-constrained wp-container-core-group-is-layout-4671bf13 wp-block-group-is-layout-constrained\" style=\"margin-top:0;margin-bottom:0;padding-top:var(--wp--preset--spacing--40);padding-bottom:var(--wp--preset--spacing--40)\">\n<div class=\"wp-block-group alignwide is-layout-flow wp-block-group-is-layout-flow\" style=\"padding-top:var(--wp--preset--spacing--40);padding-bottom:0\">\n<p class=\"has-text-align-left is-style-text-display is-style-text-display--1\">Manteigas Summer Music Festival<\/p>\n<\/div>\n\n\n\n<div class=\"wp-block-group alignwide is-layout-flow wp-block-group-is-layout-flow\" style=\"padding-top:0;padding-bottom:0\">\n<p id=\"block-c69ea3c1-6dba-48bf-b5e4-cd9aac5ced79\">In a setting unique in Portugal, in the heart of the Serra da Estrela, the town of Manteigas will host the second edition of the Summer Music Festival, organized by Coro Sinf\u00f3nico Lisboa Cantat.<\/p>\n\n\n\n<p id=\"block-d5c8d903-5cb6-429d-b32b-450f019b1487\">Following a first edition that brought together around seventy participants in the workshops and attracted a large local audience to its various performances\u2014from major symphonic concerts to appearances by local musicians, as well as chamber music concerts of exceptional quality\u2014the time has come to take the next step and consolidate the success achieved.<\/p>\n\n\n\n<p id=\"block-d5c8d903-5cb6-429d-b32b-450f019b1487\">From 15 to 22 August, choral music enthusiasts will have the opportunity, in a relaxed and inspiring environment, to work on a repertoire as diverse as madrigals and Hollywood music, alongside one of the great orchestral and choral symphonic masterpieces: Beethoven\u2019s Ninth Symphony.<\/p>\n\n\n\n<p id=\"block-eedae4f1-3b0a-4fff-ae20-c25c7bec99a5\">During this week, in addition to rehearsals aimed at presenting the work developed in concert, participants will also benefit from moments dedicated to improving their vocal technique, as well as free time to explore the Serra da Estrela and discover the charming town of Manteigas.<\/p>\n\n\n\n<p id=\"block-f34929f1-ffe2-40fb-bda5-e69f1d1c9ec3\" class=\"translation-block\">The artistic team will include soprano and vocal coach Rute Dutra, conductor and the Festival\u2019s artistic director Jorge Carvalho Alves, and pianist Joana Barata. We will also welcome the Portuguese Academic Philharmonic Orchestra, as part of a collaboration with the Guarda Music Festival, which will take place in that city during the same period, under the direction of conductor Osvaldo Ferreira.<\/p>\n\n\n\n<p id=\"block-bde8f9d9-eb28-42b8-9275-c0787d792736\">Once again, we aim to make this an unforgettable week for all participants in an event that will bring a cultural delegation to the heart of Portugal, with concerts throughout the week, including two major performances of Beethoven\u2019s Ninth Symphony in Guarda and Manteigas, on 19 and 20 August, respectively.<\/p>\n\n\n\n<p>None of this would be possible without the invaluable support of the Municipality of Manteigas.<\/p>\n\n\n\n<p class=\"has-text-align-left is-style-default translation-block\">For the programme, click <a href=\"https:\/\/www.manteigasmusicfestival.com\/en\/programacao\/\" data-type=\"page\" data-id=\"190\" target=\"_self\">here<\/a>.<br><\/p>\n\n\n\n<p class=\"has-text-align-left is-style-default\">It is a privilege to have these outstanding professionals and artists:<\/p>\n<\/div>\n<\/div>\n\n\n\n<div class=\"wp-block-group alignwide has-global-padding is-layout-constrained wp-container-core-group-is-layout-9fa843a3 wp-block-group-is-layout-constrained\" style=\"padding-top:0;padding-bottom:var(--wp--preset--spacing--50)\">\n<div class=\"wp-block-columns alignwide is-layout-flex wp-container-core-columns-is-layout-28f84493 wp-block-columns-is-layout-flex\">\n<div class=\"wp-block-column is-layout-flow wp-block-column-is-layout-flow\"><div class=\"wp-block-group has-global-padding is-layout-constrained wp-block-group-is-layout-constrained is-linked\"><a class=\"wp-block-group__link\" href=\"https:\/\/www.manteigasmusicfestival.com\/en\/jorge-alves\/\" target=\"_self\" rel=\"follow\" aria-hidden=\"true\" tabindex=\"-1\">&nbsp;<\/a>\n<figure class=\"wp-block-image size-full is-resized\" style=\"margin-bottom:24px\"><img loading=\"lazy\" decoding=\"async\" width=\"200\" height=\"200\" src=\"https:\/\/www.manteigasmusicfestival.com\/wp-content\/uploads\/2025\/03\/1517276451247.jpg\" alt=\"\" class=\"wp-image-207\" style=\"aspect-ratio:1.3333333333333333;object-fit:cover;width:413px;height:auto\" srcset=\"https:\/\/www.manteigasmusicfestival.com\/wp-content\/uploads\/2025\/03\/1517276451247.jpg 200w, https:\/\/www.manteigasmusicfestival.com\/wp-content\/uploads\/2025\/03\/1517276451247-150x150.jpg 150w\" sizes=\"auto, (max-width: 200px) 100vw, 200px\" \/><\/figure>\n<\/div>\n\n\n\n<h3 class=\"wp-block-heading\">Jorge Alves<\/h3>\n\n\n\n<p class=\"has-medium-font-size\">Choir Master of Coro Sinf\u00f3nico Lisboa Cantat<\/p>\n<\/div>\n\n\n\n<div class=\"wp-block-column is-layout-flow wp-block-column-is-layout-flow\"><div class=\"wp-block-group has-global-padding is-layout-constrained wp-block-group-is-layout-constrained is-linked\"><a class=\"wp-block-group__link\" href=\"https:\/\/www.manteigasmusicfestival.com\/en\/osvaldo-ferreira\/\" target=\"_self\" rel=\"follow\" aria-hidden=\"true\" tabindex=\"-1\">&nbsp;<\/a>\n<figure class=\"wp-block-image size-full is-resized\" style=\"margin-bottom:24px\"><img decoding=\"async\" src=\"https:\/\/www.manteigasmusicfestival.com\/wp-content\/uploads\/2025\/03\/Foto_Osvaldo_Ferreira_Web_500x500.jpg\" alt=\"\" class=\"wp-image-207\" style=\"aspect-ratio:1.3333333333333333;object-fit:cover;width:413px;height:auto\"\/><\/figure>\n\n\n\n<h3 class=\"wp-block-heading\">Osvaldo Ferreira<\/h3>\n\n\n\n<p class=\"has-medium-font-size\">Conductor of the Portuguese Philharmonic Orchestra<\/p>\n<\/div>\n<\/div>\n\n\n\n<div class=\"wp-block-column is-layout-flow wp-block-column-is-layout-flow\"><div class=\"wp-block-group has-global-padding is-layout-constrained wp-block-group-is-layout-constrained is-linked\"><a class=\"wp-block-group__link\" href=\"https:\/\/www.manteigasmusicfestival.com\/en\/rute-dutra\/\" target=\"_self\" rel=\"follow\" aria-hidden=\"true\" tabindex=\"-1\">&nbsp;<\/a>\n<figure class=\"wp-block-image size-full is-resized\" style=\"margin-bottom:24px\"><img loading=\"lazy\" decoding=\"async\" width=\"1286\" height=\"1600\" src=\"https:\/\/www.manteigasmusicfestival.com\/wp-content\/uploads\/Foto-Rute-Dutra.jpg\" alt=\"\" class=\"wp-image-1114\" style=\"aspect-ratio:1.3333333333333333;object-fit:cover;width:413px;height:auto\" srcset=\"https:\/\/www.manteigasmusicfestival.com\/wp-content\/uploads\/Foto-Rute-Dutra.jpg 1286w, https:\/\/www.manteigasmusicfestival.com\/wp-content\/uploads\/Foto-Rute-Dutra-241x300.jpg 241w, https:\/\/www.manteigasmusicfestival.com\/wp-content\/uploads\/Foto-Rute-Dutra-823x1024.jpg 823w, https:\/\/www.manteigasmusicfestival.com\/wp-content\/uploads\/Foto-Rute-Dutra-768x956.jpg 768w, https:\/\/www.manteigasmusicfestival.com\/wp-content\/uploads\/Foto-Rute-Dutra-1235x1536.jpg 1235w, https:\/\/www.manteigasmusicfestival.com\/wp-content\/uploads\/Foto-Rute-Dutra-10x12.jpg 10w\" sizes=\"auto, (max-width: 1286px) 100vw, 1286px\" \/><\/figure>\n\n\n\n<h3 class=\"wp-block-heading\">Rute Dutra<\/h3>\n\n\n\n<p class=\"has-medium-font-size translation-block\">Soprano and vocal coach<\/p>\n<\/div>\n<\/div>\n<\/div>\n\n\n\n<div class=\"wp-block-columns alignwide is-layout-flex wp-container-core-columns-is-layout-28f84493 wp-block-columns-is-layout-flex\">\n<div class=\"wp-block-column is-layout-flow wp-block-column-is-layout-flow\"><div class=\"wp-block-group has-global-padding is-layout-constrained wp-block-group-is-layout-constrained is-linked\"><a class=\"wp-block-group__link\" href=\"https:\/\/www.manteigasmusicfestival.com\/en\/joana-barata\/\" target=\"_self\" rel=\"follow\" aria-hidden=\"true\" tabindex=\"-1\">&nbsp;<\/a>\n<figure class=\"wp-block-image size-full is-resized\" style=\"margin-bottom:24px\"><img loading=\"lazy\" decoding=\"async\" width=\"1000\" height=\"667\" src=\"https:\/\/www.manteigasmusicfestival.com\/wp-content\/uploads\/Joana-Barata-Goncalo-Sousa-Joana-Barata-Aud.-Camoes-22-11-2023-Lisboa_023-edited.jpg\" alt=\"\" class=\"wp-image-1139\" style=\"aspect-ratio:1.3333333333333333;object-fit:cover;width:413px;height:auto\" srcset=\"https:\/\/www.manteigasmusicfestival.com\/wp-content\/uploads\/Joana-Barata-Goncalo-Sousa-Joana-Barata-Aud.-Camoes-22-11-2023-Lisboa_023-edited.jpg 1000w, https:\/\/www.manteigasmusicfestival.com\/wp-content\/uploads\/Joana-Barata-Goncalo-Sousa-Joana-Barata-Aud.-Camoes-22-11-2023-Lisboa_023-edited-300x200.jpg 300w, https:\/\/www.manteigasmusicfestival.com\/wp-content\/uploads\/Joana-Barata-Goncalo-Sousa-Joana-Barata-Aud.-Camoes-22-11-2023-Lisboa_023-edited-768x512.jpg 768w, https:\/\/www.manteigasmusicfestival.com\/wp-content\/uploads\/Joana-Barata-Goncalo-Sousa-Joana-Barata-Aud.-Camoes-22-11-2023-Lisboa_023-edited-18x12.jpg 18w\" sizes=\"auto, (max-width: 1000px) 100vw, 1000px\" \/><\/figure>\n\n\n\n<h3 class=\"wp-block-heading\">Joana Barata<\/h3>\n\n\n\n<p class=\"has-medium-font-size\">Accompanying Pianist<\/p>\n<\/div>\n<\/div>\n\n\n\n<div class=\"wp-block-column is-layout-flow wp-block-column-is-layout-flow\"><div class=\"wp-block-group has-global-padding is-layout-constrained wp-block-group-is-layout-constrained is-linked\"><a class=\"wp-block-group__link\" href=\"https:\/\/www.manteigasmusicfestival.com\/en\/lisboa-cantat\/\" target=\"_self\" rel=\"follow\" aria-hidden=\"true\" tabindex=\"-1\">&nbsp;<\/a>\n<figure class=\"wp-block-image size-full is-resized\" style=\"margin-bottom:24px\"><img loading=\"lazy\" decoding=\"async\" width=\"1919\" height=\"906\" src=\"https:\/\/www.manteigasmusicfestival.com\/wp-content\/uploads\/2025\/03\/foto-Elixir-com-Jorge-CCB-2020-1-1.jpg\" alt=\"\" class=\"wp-image-212\" style=\"aspect-ratio:1.3333333333333333;object-fit:cover;width:413px;height:auto\" srcset=\"https:\/\/www.manteigasmusicfestival.com\/wp-content\/uploads\/2025\/03\/foto-Elixir-com-Jorge-CCB-2020-1-1.jpg 1919w, https:\/\/www.manteigasmusicfestival.com\/wp-content\/uploads\/2025\/03\/foto-Elixir-com-Jorge-CCB-2020-1-1-300x142.jpg 300w, https:\/\/www.manteigasmusicfestival.com\/wp-content\/uploads\/2025\/03\/foto-Elixir-com-Jorge-CCB-2020-1-1-1024x483.jpg 1024w, https:\/\/www.manteigasmusicfestival.com\/wp-content\/uploads\/2025\/03\/foto-Elixir-com-Jorge-CCB-2020-1-1-768x363.jpg 768w, https:\/\/www.manteigasmusicfestival.com\/wp-content\/uploads\/2025\/03\/foto-Elixir-com-Jorge-CCB-2020-1-1-1536x725.jpg 1536w\" sizes=\"auto, (max-width: 1919px) 100vw, 1919px\" \/><\/figure>\n\n\n\n<h3 class=\"wp-block-heading\">Coro Sinf\u00f3nico Lisboa Cantat<\/h3>\n<\/div>\n<\/div>\n\n\n\n<div class=\"wp-block-column is-layout-flow wp-block-column-is-layout-flow\"><div class=\"wp-block-group has-global-padding is-layout-constrained wp-block-group-is-layout-constrained is-linked\"><a class=\"wp-block-group__link\" href=\"https:\/\/www.manteigasmusicfestival.com\/en\/fpm-musicanova\/\" target=\"_self\" rel=\"follow\" aria-hidden=\"true\" tabindex=\"-1\">&nbsp;<\/a>\n<figure class=\"wp-block-image size-full is-resized\" style=\"margin-bottom:24px\"><img loading=\"lazy\" decoding=\"async\" width=\"2048\" height=\"1365\" src=\"https:\/\/www.manteigasmusicfestival.com\/wp-content\/uploads\/2025\/03\/0dfc38a8-3016-4f16-826d-723fb7ac2d84.jpeg\" alt=\"\" class=\"wp-image-213\" style=\"aspect-ratio:4\/3;object-fit:cover;width:413px\" srcset=\"https:\/\/www.manteigasmusicfestival.com\/wp-content\/uploads\/2025\/03\/0dfc38a8-3016-4f16-826d-723fb7ac2d84.jpeg 2048w, https:\/\/www.manteigasmusicfestival.com\/wp-content\/uploads\/2025\/03\/0dfc38a8-3016-4f16-826d-723fb7ac2d84-300x200.jpeg 300w, https:\/\/www.manteigasmusicfestival.com\/wp-content\/uploads\/2025\/03\/0dfc38a8-3016-4f16-826d-723fb7ac2d84-1024x683.jpeg 1024w, https:\/\/www.manteigasmusicfestival.com\/wp-content\/uploads\/2025\/03\/0dfc38a8-3016-4f16-826d-723fb7ac2d84-768x512.jpeg 768w, https:\/\/www.manteigasmusicfestival.com\/wp-content\/uploads\/2025\/03\/0dfc38a8-3016-4f16-826d-723fb7ac2d84-1536x1024.jpeg 1536w, https:\/\/www.manteigasmusicfestival.com\/wp-content\/uploads\/2025\/03\/0dfc38a8-3016-4f16-826d-723fb7ac2d84-18x12.jpeg 18w\" sizes=\"auto, (max-width: 2048px) 100vw, 2048px\" \/><\/figure>\n\n\n\n<h3 class=\"wp-block-heading\">Filarm\u00f3nica Popular Manteiguense &#8211; M\u00fasica Nova<\/h3>\n<\/div>\n<\/div>\n<\/div>\n\n\n\n<div class=\"wp-block-columns alignwide is-layout-flex wp-container-core-columns-is-layout-28f84493 wp-block-columns-is-layout-flex\">\n<div class=\"wp-block-column is-layout-flow wp-block-column-is-layout-flow\"><div class=\"wp-block-group has-global-padding is-layout-constrained wp-block-group-is-layout-constrained is-linked\"><a class=\"wp-block-group__link\" href=\"https:\/\/www.manteigasmusicfestival.com\/en\/luis-carlos-neves-serra\/\" target=\"_self\" rel=\"follow\" aria-hidden=\"true\" tabindex=\"-1\">&nbsp;<\/a>\n<figure class=\"wp-block-image size-full is-resized\" style=\"margin-bottom:24px\"><img loading=\"lazy\" decoding=\"async\" width=\"1440\" height=\"1080\" src=\"https:\/\/www.manteigasmusicfestival.com\/wp-content\/uploads\/8efef1cb-efe6-4fce-95e8-7689557a68bd.jpg\" alt=\"\" class=\"wp-image-966\" style=\"aspect-ratio:4\/3;object-fit:cover;width:413px;height:auto\" srcset=\"https:\/\/www.manteigasmusicfestival.com\/wp-content\/uploads\/8efef1cb-efe6-4fce-95e8-7689557a68bd.jpg 1440w, https:\/\/www.manteigasmusicfestival.com\/wp-content\/uploads\/8efef1cb-efe6-4fce-95e8-7689557a68bd-300x225.jpg 300w, https:\/\/www.manteigasmusicfestival.com\/wp-content\/uploads\/8efef1cb-efe6-4fce-95e8-7689557a68bd-1024x768.jpg 1024w, https:\/\/www.manteigasmusicfestival.com\/wp-content\/uploads\/8efef1cb-efe6-4fce-95e8-7689557a68bd-768x576.jpg 768w, https:\/\/www.manteigasmusicfestival.com\/wp-content\/uploads\/8efef1cb-efe6-4fce-95e8-7689557a68bd-16x12.jpg 16w\" sizes=\"auto, (max-width: 1440px) 100vw, 1440px\" \/><\/figure>\n\n\n\n<h3 class=\"wp-block-heading\">Lu\u00eds Carlos Neves Serra<\/h3>\n\n\n\n<p class=\"has-medium-font-size\">Conductor of the Filarm\u00f3nica Popular Manteiguense \u2013 M\u00fasica Nova<\/p>\n<\/div>\n<\/div>\n\n\n\n<div class=\"wp-block-column is-layout-flow wp-block-column-is-layout-flow\"><\/div>\n\n\n\n<div class=\"wp-block-column is-layout-flow wp-block-column-is-layout-flow\"><\/div>\n<\/div>\n<\/div>","protected":false},"excerpt":{"rendered":"<p>Festival de M\u00fasica de Ver\u00e3o de Manteigas Numa envolvente \u00fanica em Portugal, em pleno cora\u00e7\u00e3o da Serra da Estrela, a Vila de Manteigas vai ser o palco da segunda edi\u00e7\u00e3o do Festival de M\u00fasica de Ver\u00e3o, organizado pelo Coro Sinf\u00f3nico Lisboa Cantat. Depois de uma primeira edi\u00e7\u00e3o que contou com cerca de setenta participantes nos [&hellip;]<\/p>\n","protected":false},"author":1,"featured_media":0,"parent":0,"menu_order":0,"comment_status":"closed","ping_status":"closed","template":"page-no-title","meta":{"footnotes":""},"folder":[],"class_list":["post-1014","page","type-page","status-publish","hentry"],"yoast_head":"<!-- This site is optimized with the Yoast SEO plugin v27.1.1 - https:\/\/yoast.com\/product\/yoast-seo-wordpress\/ -->\n<title>Festival - Festival de M\u00fasica de Ver\u00e3o de Manteigas<\/title>\n<meta name=\"robots\" content=\"index, follow, max-snippet:-1, max-image-preview:large, max-video-preview:-1\" \/>\n<link rel=\"canonical\" href=\"https:\/\/www.manteigasmusicfestival.com\/en\/festival\/\" \/>\n<meta property=\"og:locale\" content=\"en_GB\" \/>\n<meta property=\"og:type\" content=\"article\" \/>\n<meta property=\"og:title\" content=\"Festival - Festival de M\u00fasica de Ver\u00e3o de Manteigas\" \/>\n<meta property=\"og:description\" content=\"Festival de M\u00fasica de Ver\u00e3o de Manteigas Numa envolvente \u00fanica em Portugal, em pleno cora\u00e7\u00e3o da Serra da Estrela, a Vila de Manteigas vai ser o palco da segunda edi\u00e7\u00e3o do Festival de M\u00fasica de Ver\u00e3o, organizado pelo Coro Sinf\u00f3nico Lisboa Cantat. Depois de uma primeira edi\u00e7\u00e3o que contou com cerca de setenta participantes nos [&hellip;]\" \/>\n<meta property=\"og:url\" content=\"https:\/\/www.manteigasmusicfestival.com\/en\/festival\/\" \/>\n<meta property=\"og:site_name\" content=\"Festival de M\u00fasica de Ver\u00e3o de Manteigas\" \/>\n<meta property=\"article:publisher\" content=\"https:\/\/www.facebook.com\/p\/CORO-SINFNICO-LISBOA-CANTAT-100063495156162\" \/>\n<meta property=\"article:modified_time\" content=\"2026-03-21T17:33:18+00:00\" \/>\n<meta property=\"og:image\" content=\"https:\/\/www.manteigasmusicfestival.com\/wp-content\/uploads\/2025\/03\/1517276451247.jpg\" \/>\n\t<meta property=\"og:image:width\" content=\"200\" \/>\n\t<meta property=\"og:image:height\" content=\"200\" \/>\n\t<meta property=\"og:image:type\" content=\"image\/jpeg\" \/>\n<meta name=\"twitter:card\" content=\"summary_large_image\" \/>\n<meta name=\"twitter:label1\" content=\"Estimated reading time\" \/>\n\t<meta name=\"twitter:data1\" content=\"4 minutes\" \/>\n<script type=\"application\/ld+json\" class=\"yoast-schema-graph\">{\"@context\":\"https:\/\/schema.org\",\"@graph\":[{\"@type\":\"WebPage\",\"@id\":\"https:\/\/www.manteigasmusicfestival.com\/festival\/\",\"url\":\"https:\/\/www.manteigasmusicfestival.com\/festival\/\",\"name\":\"Festival - Festival de M\u00fasica de Ver\u00e3o de Manteigas\",\"isPartOf\":{\"@id\":\"https:\/\/www.manteigasmusicfestival.com\/#website\"},\"primaryImageOfPage\":{\"@id\":\"https:\/\/www.manteigasmusicfestival.com\/festival\/#primaryimage\"},\"image\":{\"@id\":\"https:\/\/www.manteigasmusicfestival.com\/festival\/#primaryimage\"},\"thumbnailUrl\":\"https:\/\/www.manteigasmusicfestival.com\/wp-content\/uploads\/2025\/03\/1517276451247.jpg\",\"datePublished\":\"2026-03-21T14:58:54+00:00\",\"dateModified\":\"2026-03-21T17:33:18+00:00\",\"breadcrumb\":{\"@id\":\"https:\/\/www.manteigasmusicfestival.com\/festival\/#breadcrumb\"},\"inLanguage\":\"en-GB\",\"potentialAction\":[{\"@type\":\"ReadAction\",\"target\":[\"https:\/\/www.manteigasmusicfestival.com\/festival\/\"]}]},{\"@type\":\"ImageObject\",\"inLanguage\":\"en-GB\",\"@id\":\"https:\/\/www.manteigasmusicfestival.com\/festival\/#primaryimage\",\"url\":\"https:\/\/www.manteigasmusicfestival.com\/wp-content\/uploads\/2025\/03\/1517276451247.jpg\",\"contentUrl\":\"https:\/\/www.manteigasmusicfestival.com\/wp-content\/uploads\/2025\/03\/1517276451247.jpg\"},{\"@type\":\"BreadcrumbList\",\"@id\":\"https:\/\/www.manteigasmusicfestival.com\/festival\/#breadcrumb\",\"itemListElement\":[{\"@type\":\"ListItem\",\"position\":1,\"name\":\"Home\",\"item\":\"https:\/\/www.manteigasmusicfestival.com\/\"},{\"@type\":\"ListItem\",\"position\":2,\"name\":\"Festival\"}]},{\"@type\":\"WebSite\",\"@id\":\"https:\/\/www.manteigasmusicfestival.com\/#website\",\"url\":\"https:\/\/www.manteigasmusicfestival.com\/\",\"name\":\"Festival de M\u00fasica de Ver\u00e3o de Manteigas\",\"description\":\"Choral music in the heart of Serra da Estrela.\",\"publisher\":{\"@id\":\"https:\/\/www.manteigasmusicfestival.com\/#organization\"},\"potentialAction\":[{\"@type\":\"SearchAction\",\"target\":{\"@type\":\"EntryPoint\",\"urlTemplate\":\"https:\/\/www.manteigasmusicfestival.com\/?s={search_term_string}\"},\"query-input\":{\"@type\":\"PropertyValueSpecification\",\"valueRequired\":true,\"valueName\":\"search_term_string\"}}],\"inLanguage\":\"en-GB\"},{\"@type\":\"Organization\",\"@id\":\"https:\/\/www.manteigasmusicfestival.com\/#organization\",\"name\":\"Festival de M\u00fasica de Ver\u00e3o de Manteigas\",\"url\":\"https:\/\/www.manteigasmusicfestival.com\/\",\"logo\":{\"@type\":\"ImageObject\",\"inLanguage\":\"en-GB\",\"@id\":\"https:\/\/www.manteigasmusicfestival.com\/#\/schema\/logo\/image\/\",\"url\":\"https:\/\/www.manteigasmusicfestival.com\/wp-content\/uploads\/2025\/03\/FMV-Manteigas_PT_fundo-verde.png\",\"contentUrl\":\"https:\/\/www.manteigasmusicfestival.com\/wp-content\/uploads\/2025\/03\/FMV-Manteigas_PT_fundo-verde.png\",\"width\":5000,\"height\":2500,\"caption\":\"Festival de M\u00fasica de Ver\u00e3o de Manteigas\"},\"image\":{\"@id\":\"https:\/\/www.manteigasmusicfestival.com\/#\/schema\/logo\/image\/\"},\"sameAs\":[\"https:\/\/www.facebook.com\/p\/CORO-SINFNICO-LISBOA-CANTAT-100063495156162\",\"https:\/\/www.instagram.com\/corosinfonico.lisboacantat\/\"]}]}<\/script>\n<!-- \/ Yoast SEO plugin. -->","yoast_head_json":{"title":"Festival - Festival de M\u00fasica de Ver\u00e3o de Manteigas","robots":{"index":"index","follow":"follow","max-snippet":"max-snippet:-1","max-image-preview":"max-image-preview:large","max-video-preview":"max-video-preview:-1"},"canonical":"https:\/\/www.manteigasmusicfestival.com\/en\/festival\/","og_locale":"en_GB","og_type":"article","og_title":"Festival - Festival de M\u00fasica de Ver\u00e3o de Manteigas","og_description":"Festival de M\u00fasica de Ver\u00e3o de Manteigas Numa envolvente \u00fanica em Portugal, em pleno cora\u00e7\u00e3o da Serra da Estrela, a Vila de Manteigas vai ser o palco da segunda edi\u00e7\u00e3o do Festival de M\u00fasica de Ver\u00e3o, organizado pelo Coro Sinf\u00f3nico Lisboa Cantat. Depois de uma primeira edi\u00e7\u00e3o que contou com cerca de setenta participantes nos [&hellip;]","og_url":"https:\/\/www.manteigasmusicfestival.com\/en\/festival\/","og_site_name":"Festival de M\u00fasica de Ver\u00e3o de Manteigas","article_publisher":"https:\/\/www.facebook.com\/p\/CORO-SINFNICO-LISBOA-CANTAT-100063495156162","article_modified_time":"2026-03-21T17:33:18+00:00","og_image":[{"width":200,"height":200,"url":"https:\/\/www.manteigasmusicfestival.com\/wp-content\/uploads\/2025\/03\/1517276451247.jpg","type":"image\/jpeg"}],"twitter_card":"summary_large_image","twitter_misc":{"Estimated reading time":"4 minutes"},"schema":{"@context":"https:\/\/schema.org","@graph":[{"@type":"WebPage","@id":"https:\/\/www.manteigasmusicfestival.com\/festival\/","url":"https:\/\/www.manteigasmusicfestival.com\/festival\/","name":"Festival - Festival de M\u00fasica de Ver\u00e3o de Manteigas","isPartOf":{"@id":"https:\/\/www.manteigasmusicfestival.com\/#website"},"primaryImageOfPage":{"@id":"https:\/\/www.manteigasmusicfestival.com\/festival\/#primaryimage"},"image":{"@id":"https:\/\/www.manteigasmusicfestival.com\/festival\/#primaryimage"},"thumbnailUrl":"https:\/\/www.manteigasmusicfestival.com\/wp-content\/uploads\/2025\/03\/1517276451247.jpg","datePublished":"2026-03-21T14:58:54+00:00","dateModified":"2026-03-21T17:33:18+00:00","breadcrumb":{"@id":"https:\/\/www.manteigasmusicfestival.com\/festival\/#breadcrumb"},"inLanguage":"en-GB","potentialAction":[{"@type":"ReadAction","target":["https:\/\/www.manteigasmusicfestival.com\/festival\/"]}]},{"@type":"ImageObject","inLanguage":"en-GB","@id":"https:\/\/www.manteigasmusicfestival.com\/festival\/#primaryimage","url":"https:\/\/www.manteigasmusicfestival.com\/wp-content\/uploads\/2025\/03\/1517276451247.jpg","contentUrl":"https:\/\/www.manteigasmusicfestival.com\/wp-content\/uploads\/2025\/03\/1517276451247.jpg"},{"@type":"BreadcrumbList","@id":"https:\/\/www.manteigasmusicfestival.com\/festival\/#breadcrumb","itemListElement":[{"@type":"ListItem","position":1,"name":"Home","item":"https:\/\/www.manteigasmusicfestival.com\/"},{"@type":"ListItem","position":2,"name":"Festival"}]},{"@type":"WebSite","@id":"https:\/\/www.manteigasmusicfestival.com\/#website","url":"https:\/\/www.manteigasmusicfestival.com\/","name":"Manteigas Summer Music Festival","description":"Choral music in the heart of Serra da Estrela.","publisher":{"@id":"https:\/\/www.manteigasmusicfestival.com\/#organization"},"potentialAction":[{"@type":"SearchAction","target":{"@type":"EntryPoint","urlTemplate":"https:\/\/www.manteigasmusicfestival.com\/?s={search_term_string}"},"query-input":{"@type":"PropertyValueSpecification","valueRequired":true,"valueName":"search_term_string"}}],"inLanguage":"en-GB"},{"@type":"Organization","@id":"https:\/\/www.manteigasmusicfestival.com\/#organization","name":"Manteigas Summer Music Festival","url":"https:\/\/www.manteigasmusicfestival.com\/","logo":{"@type":"ImageObject","inLanguage":"en-GB","@id":"https:\/\/www.manteigasmusicfestival.com\/#\/schema\/logo\/image\/","url":"https:\/\/www.manteigasmusicfestival.com\/wp-content\/uploads\/2025\/03\/FMV-Manteigas_PT_fundo-verde.png","contentUrl":"https:\/\/www.manteigasmusicfestival.com\/wp-content\/uploads\/2025\/03\/FMV-Manteigas_PT_fundo-verde.png","width":5000,"height":2500,"caption":"Festival de M\u00fasica de Ver\u00e3o de Manteigas"},"image":{"@id":"https:\/\/www.manteigasmusicfestival.com\/#\/schema\/logo\/image\/"},"sameAs":["https:\/\/www.facebook.com\/p\/CORO-SINFNICO-LISBOA-CANTAT-100063495156162","https:\/\/www.instagram.com\/corosinfonico.lisboacantat\/"]}]}},"_links":{"self":[{"href":"https:\/\/www.manteigasmusicfestival.com\/en\/wp-json\/wp\/v2\/pages\/1014","targetHints":{"allow":["GET"]}}],"collection":[{"href":"https:\/\/www.manteigasmusicfestival.com\/en\/wp-json\/wp\/v2\/pages"}],"about":[{"href":"https:\/\/www.manteigasmusicfestival.com\/en\/wp-json\/wp\/v2\/types\/page"}],"author":[{"embeddable":true,"href":"https:\/\/www.manteigasmusicfestival.com\/en\/wp-json\/wp\/v2\/users\/1"}],"replies":[{"embeddable":true,"href":"https:\/\/www.manteigasmusicfestival.com\/en\/wp-json\/wp\/v2\/comments?post=1014"}],"version-history":[{"count":12,"href":"https:\/\/www.manteigasmusicfestival.com\/en\/wp-json\/wp\/v2\/pages\/1014\/revisions"}],"predecessor-version":[{"id":1152,"href":"https:\/\/www.manteigasmusicfestival.com\/en\/wp-json\/wp\/v2\/pages\/1014\/revisions\/1152"}],"wp:attachment":[{"href":"https:\/\/www.manteigasmusicfestival.com\/en\/wp-json\/wp\/v2\/media?parent=1014"}],"wp:term":[{"taxonomy":"folder","embeddable":true,"href":"https:\/\/www.manteigasmusicfestival.com\/en\/wp-json\/wp\/v2\/folder?post=1014"}],"curies":[{"name":"wp","href":"https:\/\/api.w.org\/{rel}","templated":true}]}}