{"id":1111,"date":"2026-03-21T14:57:38","date_gmt":"2026-03-21T14:57:38","guid":{"rendered":"https:\/\/www.manteigasmusicfestival.com\/?page_id=1111"},"modified":"2026-03-21T14:57:38","modified_gmt":"2026-03-21T14:57:38","slug":"rute-dutra","status":"publish","type":"page","link":"https:\/\/www.manteigasmusicfestival.com\/en\/rute-dutra\/","title":{"rendered":"Rute Dutra"},"content":{"rendered":"<div class=\"wp-block-group alignfull has-global-padding is-layout-constrained wp-block-group-is-layout-constrained\" style=\"margin-top:0;margin-bottom:0;padding-top:var(--wp--preset--spacing--60);padding-bottom:var(--wp--preset--spacing--60)\">\n<div class=\"wp-block-columns alignwide is-layout-flex wp-container-core-columns-is-layout-28f84493 wp-block-columns-is-layout-flex\">\n<div class=\"wp-block-column is-layout-flow wp-block-column-is-layout-flow\" style=\"flex-basis:33.33%\">\n<figure class=\"wp-block-image size-full is-resized wp-container-content-69bc4bdf\"><img loading=\"lazy\" decoding=\"async\" width=\"1286\" height=\"1600\" src=\"https:\/\/www.manteigasmusicfestival.com\/wp-content\/uploads\/Foto-Rute-Dutra.jpg\" alt=\"\" class=\"wp-image-1114\" style=\"aspect-ratio:1;object-fit:cover;width:474px;height:auto\" srcset=\"https:\/\/www.manteigasmusicfestival.com\/wp-content\/uploads\/Foto-Rute-Dutra.jpg 1286w, https:\/\/www.manteigasmusicfestival.com\/wp-content\/uploads\/Foto-Rute-Dutra-241x300.jpg 241w, https:\/\/www.manteigasmusicfestival.com\/wp-content\/uploads\/Foto-Rute-Dutra-823x1024.jpg 823w, https:\/\/www.manteigasmusicfestival.com\/wp-content\/uploads\/Foto-Rute-Dutra-768x956.jpg 768w, https:\/\/www.manteigasmusicfestival.com\/wp-content\/uploads\/Foto-Rute-Dutra-1235x1536.jpg 1235w, https:\/\/www.manteigasmusicfestival.com\/wp-content\/uploads\/Foto-Rute-Dutra-10x12.jpg 10w\" sizes=\"auto, (max-width: 1286px) 100vw, 1286px\" \/><\/figure>\n<\/div>\n\n\n\n<div class=\"wp-block-column is-layout-flow wp-block-column-is-layout-flow\" style=\"flex-basis:66.66%\">\n<div class=\"wp-block-group is-vertical is-content-justification-left is-layout-flex wp-container-core-group-is-layout-ee8335c6 wp-block-group-is-layout-flex\">\n<div class=\"wp-block-group has-global-padding is-layout-constrained wp-block-group-is-layout-constrained\">\n<h3 class=\"wp-block-heading has-x-large-font-size\">Rute Dutra<\/h3>\n\n\n\n<p class=\"has-large-font-size translation-block\">Soprano and vocal coach<\/p>\n<\/div>\n\n\n\n<div class=\"wp-block-group has-medium-font-size has-global-padding is-layout-constrained wp-container-core-group-is-layout-12243e0f wp-block-group-is-layout-constrained\">\n<p>Born in Lisbon, Rute Dutra began her musical training at the Escola Art\u00edstica de M\u00fasica Conservat\u00f3rio Nacional (EAMCN), where she studied Piano and Voice. Between 1996 and 2000, with a scholarship of the Calouste Gulbenkian Foundation, Rute Dutra completed a Bachelor\u2019s degree in Vocal Studies at the Guildhall School of Music and Drama in London. In 2013, she obtained a Master\u2019s degree in Specialized Music Education \u2013 Voice, from the Escola Superior de M\u00fasica de Lisboa, awarded with a Merit Scholarship.<\/p>\n\n\n\n<p class=\"translation-block\">During her training, she attended several advanced courses in vocal technique and style, and after graduating, she continued to participate in workshops and training focused on vocal pedagogy, voice teaching methodologies, vocal practice, and pedagogy related to the changing voice, among other areas.<\/p>\n\n\n\n<p>She worked for 30 years with the Gulbenkian Choir and, during that time, collaborated with other Portuguese choral and vocal ensembles, with which she performed in numerous concerts, made recordings, and took part in many tours, both as a chorister and as a soloist.<\/p>\n\n\n\n<p class=\"translation-block\">She has taught Voice and Vocal Technique at several music schools in Portugal, including Canto Firme, Eborae M\u00fasica, the Regional Conservatory of Covilh\u00e3, the Santar\u00e9m Music Conservatory, and the Conservat\u00f3rio de M\u00fasica da F\u00edsica of Torres Vedras. She also worked as a Vocal Coach at the Associa\u00e7\u00e3o Musical Lisboa Cantat, where she was part of the artistic coordination team of its Children\u2019s and Youth Choir. She also led the vocal technique training of children participating in Operafest 23 Lisbon and Operafest 24 and 25 Lisbon\/Oeiras, in the operas <i>The Magic Flute<\/i> by W. A. Mozart and <i>Le Petit Poucet<\/i> by Isabelle Aboulker. She has been a Voice teacher at EAMCN since 2001, where she has developed her pedagogical work with students aged 6 to 30 and, over the past 15 years, research in the field of vocal pedagogy for adolescents and pre-adolescents.<\/p>\n\n\n\n<p>Over a 25-year career dedicated to teaching Voice and Vocal Technique, she has also conducted seminars on innovative methodologies in music and vocal pedagogy for adolescents and young adults, participated in several Erasmus projects for students and teachers through EAMCN in partnership with various European schools, and served as a cooperating teacher supervising master\u2019s-level teaching placements from higher education institutions in Portugal.<\/p>\n\n\n\n<p>Throughout her career, she has guided dozens of young singers, preparing them for admission to higher education programs in Voice at some of the world\u2019s most prestigious institutions, such as the Guildhall School of Music and Drama in London, the Hanns Eisler School of Music in Berlin, the Juilliard School in New York, the Codarts University for the Arts in Rotterdam, the Conservatorium van Amsterdam, Trinity College London, the Royal Academy of Fine Arts Antwerp, and the Institute of the Arts Barcelona, among others. As a faculty member at EAMCN, she has also been an integral part of the team responsible for developing the Basic Voice Course and for creating and organizing the Professional Voice Course, as well as contributing to the creative team of the \u201cPerforming Arts Atelier,\u201d a group performance class offered by the school.<\/p>\n<\/div>\n<\/div>\n<\/div>\n<\/div>\n<\/div>","protected":false},"excerpt":{"rendered":"<p>Rute Dutra Soprano e coach vocal Natural de Lisboa, iniciou o seu percurso musical na Escola Art\u00edstica de M\u00fasica Conservat\u00f3rio Nacional (EAMCN), onde estudou Piano e Canto. Entre 1996 e 2000, enquanto bolseira da Funda\u00e7\u00e3o Calouste Gulbenkian, fez a Licenciatura em Canto na Guildhall School of Music na Drama, em Londres. \u00c9, desde 2013, Mestre [&hellip;]<\/p>\n","protected":false},"author":1,"featured_media":0,"parent":0,"menu_order":0,"comment_status":"closed","ping_status":"closed","template":"page-no-title","meta":{"footnotes":""},"folder":[],"class_list":["post-1111","page","type-page","status-publish","hentry"],"yoast_head":"<!-- This site is optimized with the Yoast SEO plugin v27.1.1 - https:\/\/yoast.com\/product\/yoast-seo-wordpress\/ -->\n<title>Rute Dutra - Festival de M\u00fasica de Ver\u00e3o de Manteigas<\/title>\n<meta name=\"robots\" content=\"index, follow, max-snippet:-1, max-image-preview:large, max-video-preview:-1\" \/>\n<link rel=\"canonical\" href=\"https:\/\/www.manteigasmusicfestival.com\/en\/rute-dutra\/\" \/>\n<meta property=\"og:locale\" content=\"en_GB\" \/>\n<meta property=\"og:type\" content=\"article\" \/>\n<meta property=\"og:title\" content=\"Rute Dutra - Festival de M\u00fasica de Ver\u00e3o de Manteigas\" \/>\n<meta property=\"og:description\" content=\"Rute Dutra Soprano e coach vocal Natural de Lisboa, iniciou o seu percurso musical na Escola Art\u00edstica de M\u00fasica Conservat\u00f3rio Nacional (EAMCN), onde estudou Piano e Canto. Entre 1996 e 2000, enquanto bolseira da Funda\u00e7\u00e3o Calouste Gulbenkian, fez a Licenciatura em Canto na Guildhall School of Music na Drama, em Londres. \u00c9, desde 2013, Mestre [&hellip;]\" \/>\n<meta property=\"og:url\" content=\"https:\/\/www.manteigasmusicfestival.com\/en\/rute-dutra\/\" \/>\n<meta property=\"og:site_name\" content=\"Festival de M\u00fasica de Ver\u00e3o de Manteigas\" \/>\n<meta property=\"article:publisher\" content=\"https:\/\/www.facebook.com\/p\/CORO-SINFNICO-LISBOA-CANTAT-100063495156162\" \/>\n<meta property=\"og:image\" content=\"https:\/\/www.manteigasmusicfestival.com\/wp-content\/uploads\/Foto-Rute-Dutra.jpg\" \/>\n\t<meta property=\"og:image:width\" content=\"1286\" \/>\n\t<meta property=\"og:image:height\" content=\"1600\" \/>\n\t<meta property=\"og:image:type\" content=\"image\/jpeg\" \/>\n<meta name=\"twitter:card\" content=\"summary_large_image\" \/>\n<meta name=\"twitter:label1\" content=\"Estimated reading time\" \/>\n\t<meta name=\"twitter:data1\" content=\"3 minutes\" \/>\n<script type=\"application\/ld+json\" class=\"yoast-schema-graph\">{\"@context\":\"https:\/\/schema.org\",\"@graph\":[{\"@type\":\"WebPage\",\"@id\":\"https:\/\/www.manteigasmusicfestival.com\/rute-dutra\/\",\"url\":\"https:\/\/www.manteigasmusicfestival.com\/rute-dutra\/\",\"name\":\"Rute Dutra - Festival de M\u00fasica de Ver\u00e3o de Manteigas\",\"isPartOf\":{\"@id\":\"https:\/\/www.manteigasmusicfestival.com\/#website\"},\"primaryImageOfPage\":{\"@id\":\"https:\/\/www.manteigasmusicfestival.com\/rute-dutra\/#primaryimage\"},\"image\":{\"@id\":\"https:\/\/www.manteigasmusicfestival.com\/rute-dutra\/#primaryimage\"},\"thumbnailUrl\":\"https:\/\/www.manteigasmusicfestival.com\/wp-content\/uploads\/Foto-Rute-Dutra.jpg\",\"datePublished\":\"2026-03-21T14:57:38+00:00\",\"breadcrumb\":{\"@id\":\"https:\/\/www.manteigasmusicfestival.com\/rute-dutra\/#breadcrumb\"},\"inLanguage\":\"en-GB\",\"potentialAction\":[{\"@type\":\"ReadAction\",\"target\":[\"https:\/\/www.manteigasmusicfestival.com\/rute-dutra\/\"]}]},{\"@type\":\"ImageObject\",\"inLanguage\":\"en-GB\",\"@id\":\"https:\/\/www.manteigasmusicfestival.com\/rute-dutra\/#primaryimage\",\"url\":\"https:\/\/www.manteigasmusicfestival.com\/wp-content\/uploads\/Foto-Rute-Dutra.jpg\",\"contentUrl\":\"https:\/\/www.manteigasmusicfestival.com\/wp-content\/uploads\/Foto-Rute-Dutra.jpg\"},{\"@type\":\"BreadcrumbList\",\"@id\":\"https:\/\/www.manteigasmusicfestival.com\/rute-dutra\/#breadcrumb\",\"itemListElement\":[{\"@type\":\"ListItem\",\"position\":1,\"name\":\"Home\",\"item\":\"https:\/\/www.manteigasmusicfestival.com\/\"},{\"@type\":\"ListItem\",\"position\":2,\"name\":\"Rute Dutra\"}]},{\"@type\":\"WebSite\",\"@id\":\"https:\/\/www.manteigasmusicfestival.com\/#website\",\"url\":\"https:\/\/www.manteigasmusicfestival.com\/\",\"name\":\"Festival de M\u00fasica de Ver\u00e3o de Manteigas\",\"description\":\"Choral music in the heart of Serra da Estrela.\",\"publisher\":{\"@id\":\"https:\/\/www.manteigasmusicfestival.com\/#organization\"},\"potentialAction\":[{\"@type\":\"SearchAction\",\"target\":{\"@type\":\"EntryPoint\",\"urlTemplate\":\"https:\/\/www.manteigasmusicfestival.com\/?s={search_term_string}\"},\"query-input\":{\"@type\":\"PropertyValueSpecification\",\"valueRequired\":true,\"valueName\":\"search_term_string\"}}],\"inLanguage\":\"en-GB\"},{\"@type\":\"Organization\",\"@id\":\"https:\/\/www.manteigasmusicfestival.com\/#organization\",\"name\":\"Festival de M\u00fasica de Ver\u00e3o de Manteigas\",\"url\":\"https:\/\/www.manteigasmusicfestival.com\/\",\"logo\":{\"@type\":\"ImageObject\",\"inLanguage\":\"en-GB\",\"@id\":\"https:\/\/www.manteigasmusicfestival.com\/#\/schema\/logo\/image\/\",\"url\":\"https:\/\/www.manteigasmusicfestival.com\/wp-content\/uploads\/2025\/03\/FMV-Manteigas_PT_fundo-verde.png\",\"contentUrl\":\"https:\/\/www.manteigasmusicfestival.com\/wp-content\/uploads\/2025\/03\/FMV-Manteigas_PT_fundo-verde.png\",\"width\":5000,\"height\":2500,\"caption\":\"Festival de M\u00fasica de Ver\u00e3o de Manteigas\"},\"image\":{\"@id\":\"https:\/\/www.manteigasmusicfestival.com\/#\/schema\/logo\/image\/\"},\"sameAs\":[\"https:\/\/www.facebook.com\/p\/CORO-SINFNICO-LISBOA-CANTAT-100063495156162\",\"https:\/\/www.instagram.com\/corosinfonico.lisboacantat\/\"]}]}<\/script>\n<!-- \/ Yoast SEO plugin. -->","yoast_head_json":{"title":"Rute Dutra - Festival de M\u00fasica de Ver\u00e3o de Manteigas","robots":{"index":"index","follow":"follow","max-snippet":"max-snippet:-1","max-image-preview":"max-image-preview:large","max-video-preview":"max-video-preview:-1"},"canonical":"https:\/\/www.manteigasmusicfestival.com\/en\/rute-dutra\/","og_locale":"en_GB","og_type":"article","og_title":"Rute Dutra - Festival de M\u00fasica de Ver\u00e3o de Manteigas","og_description":"Rute Dutra Soprano e coach vocal Natural de Lisboa, iniciou o seu percurso musical na Escola Art\u00edstica de M\u00fasica Conservat\u00f3rio Nacional (EAMCN), onde estudou Piano e Canto. Entre 1996 e 2000, enquanto bolseira da Funda\u00e7\u00e3o Calouste Gulbenkian, fez a Licenciatura em Canto na Guildhall School of Music na Drama, em Londres. \u00c9, desde 2013, Mestre [&hellip;]","og_url":"https:\/\/www.manteigasmusicfestival.com\/en\/rute-dutra\/","og_site_name":"Festival de M\u00fasica de Ver\u00e3o de Manteigas","article_publisher":"https:\/\/www.facebook.com\/p\/CORO-SINFNICO-LISBOA-CANTAT-100063495156162","og_image":[{"width":1286,"height":1600,"url":"https:\/\/www.manteigasmusicfestival.com\/wp-content\/uploads\/Foto-Rute-Dutra.jpg","type":"image\/jpeg"}],"twitter_card":"summary_large_image","twitter_misc":{"Estimated reading time":"3 minutes"},"schema":{"@context":"https:\/\/schema.org","@graph":[{"@type":"WebPage","@id":"https:\/\/www.manteigasmusicfestival.com\/rute-dutra\/","url":"https:\/\/www.manteigasmusicfestival.com\/rute-dutra\/","name":"Rute Dutra - Festival de M\u00fasica de Ver\u00e3o de Manteigas","isPartOf":{"@id":"https:\/\/www.manteigasmusicfestival.com\/#website"},"primaryImageOfPage":{"@id":"https:\/\/www.manteigasmusicfestival.com\/rute-dutra\/#primaryimage"},"image":{"@id":"https:\/\/www.manteigasmusicfestival.com\/rute-dutra\/#primaryimage"},"thumbnailUrl":"https:\/\/www.manteigasmusicfestival.com\/wp-content\/uploads\/Foto-Rute-Dutra.jpg","datePublished":"2026-03-21T14:57:38+00:00","breadcrumb":{"@id":"https:\/\/www.manteigasmusicfestival.com\/rute-dutra\/#breadcrumb"},"inLanguage":"en-GB","potentialAction":[{"@type":"ReadAction","target":["https:\/\/www.manteigasmusicfestival.com\/rute-dutra\/"]}]},{"@type":"ImageObject","inLanguage":"en-GB","@id":"https:\/\/www.manteigasmusicfestival.com\/rute-dutra\/#primaryimage","url":"https:\/\/www.manteigasmusicfestival.com\/wp-content\/uploads\/Foto-Rute-Dutra.jpg","contentUrl":"https:\/\/www.manteigasmusicfestival.com\/wp-content\/uploads\/Foto-Rute-Dutra.jpg"},{"@type":"BreadcrumbList","@id":"https:\/\/www.manteigasmusicfestival.com\/rute-dutra\/#breadcrumb","itemListElement":[{"@type":"ListItem","position":1,"name":"Home","item":"https:\/\/www.manteigasmusicfestival.com\/"},{"@type":"ListItem","position":2,"name":"Rute Dutra"}]},{"@type":"WebSite","@id":"https:\/\/www.manteigasmusicfestival.com\/#website","url":"https:\/\/www.manteigasmusicfestival.com\/","name":"Manteigas Summer Music Festival","description":"Choral music in the heart of Serra da Estrela.","publisher":{"@id":"https:\/\/www.manteigasmusicfestival.com\/#organization"},"potentialAction":[{"@type":"SearchAction","target":{"@type":"EntryPoint","urlTemplate":"https:\/\/www.manteigasmusicfestival.com\/?s={search_term_string}"},"query-input":{"@type":"PropertyValueSpecification","valueRequired":true,"valueName":"search_term_string"}}],"inLanguage":"en-GB"},{"@type":"Organization","@id":"https:\/\/www.manteigasmusicfestival.com\/#organization","name":"Manteigas Summer Music Festival","url":"https:\/\/www.manteigasmusicfestival.com\/","logo":{"@type":"ImageObject","inLanguage":"en-GB","@id":"https:\/\/www.manteigasmusicfestival.com\/#\/schema\/logo\/image\/","url":"https:\/\/www.manteigasmusicfestival.com\/wp-content\/uploads\/2025\/03\/FMV-Manteigas_PT_fundo-verde.png","contentUrl":"https:\/\/www.manteigasmusicfestival.com\/wp-content\/uploads\/2025\/03\/FMV-Manteigas_PT_fundo-verde.png","width":5000,"height":2500,"caption":"Festival de M\u00fasica de Ver\u00e3o de Manteigas"},"image":{"@id":"https:\/\/www.manteigasmusicfestival.com\/#\/schema\/logo\/image\/"},"sameAs":["https:\/\/www.facebook.com\/p\/CORO-SINFNICO-LISBOA-CANTAT-100063495156162","https:\/\/www.instagram.com\/corosinfonico.lisboacantat\/"]}]}},"_links":{"self":[{"href":"https:\/\/www.manteigasmusicfestival.com\/en\/wp-json\/wp\/v2\/pages\/1111","targetHints":{"allow":["GET"]}}],"collection":[{"href":"https:\/\/www.manteigasmusicfestival.com\/en\/wp-json\/wp\/v2\/pages"}],"about":[{"href":"https:\/\/www.manteigasmusicfestival.com\/en\/wp-json\/wp\/v2\/types\/page"}],"author":[{"embeddable":true,"href":"https:\/\/www.manteigasmusicfestival.com\/en\/wp-json\/wp\/v2\/users\/1"}],"replies":[{"embeddable":true,"href":"https:\/\/www.manteigasmusicfestival.com\/en\/wp-json\/wp\/v2\/comments?post=1111"}],"version-history":[{"count":2,"href":"https:\/\/www.manteigasmusicfestival.com\/en\/wp-json\/wp\/v2\/pages\/1111\/revisions"}],"predecessor-version":[{"id":1116,"href":"https:\/\/www.manteigasmusicfestival.com\/en\/wp-json\/wp\/v2\/pages\/1111\/revisions\/1116"}],"wp:attachment":[{"href":"https:\/\/www.manteigasmusicfestival.com\/en\/wp-json\/wp\/v2\/media?parent=1111"}],"wp:term":[{"taxonomy":"folder","embeddable":true,"href":"https:\/\/www.manteigasmusicfestival.com\/en\/wp-json\/wp\/v2\/folder?post=1111"}],"curies":[{"name":"wp","href":"https:\/\/api.w.org\/{rel}","templated":true}]}}