{"id":1132,"date":"2026-03-21T15:43:06","date_gmt":"2026-03-21T15:43:06","guid":{"rendered":"https:\/\/www.manteigasmusicfestival.com\/?page_id=1132"},"modified":"2026-03-25T08:48:02","modified_gmt":"2026-03-25T08:48:02","slug":"faq","status":"publish","type":"page","link":"https:\/\/www.manteigasmusicfestival.com\/en\/faq\/","title":{"rendered":"FAQ"},"content":{"rendered":"<div class=\"wp-block-group alignwide has-accent-1-color has-accent-2-background-color has-text-color has-background has-link-color wp-elements-1c960052bf14f36ced89a2061634d700 has-global-padding is-layout-constrained wp-container-core-group-is-layout-48566f16 wp-block-group-is-layout-constrained\" style=\"margin-top:var(--wp--preset--spacing--60);margin-bottom:var(--wp--preset--spacing--60);padding-top:var(--wp--preset--spacing--30);padding-bottom:var(--wp--preset--spacing--30)\">\n<div class=\"wp-block-group alignwide is-vertical is-content-justification-center is-layout-flex wp-container-core-group-is-layout-4bc9af69 wp-block-group-is-layout-flex\" style=\"margin-top:0;margin-bottom:0;padding-top:var(--wp--preset--spacing--40);padding-right:var(--wp--preset--spacing--40);padding-bottom:var(--wp--preset--spacing--40);padding-left:var(--wp--preset--spacing--40)\">\n<p class=\"has-text-align-center is-style-text-display has-accent-1-color has-text-color has-link-color wp-elements-608b2419c076ed29c40406159d117b6a is-style-text-display--1\" style=\"font-size:clamp(1.25rem, 1.25rem + ((1vw - 0.2rem) * 1.176), 2rem);\"><strong>Manteigas Summer Music Festival<\/strong><\/p>\n\n\n\n<p class=\"has-text-align-center is-style-text-display has-accent-1-color has-text-color has-link-color wp-elements-8cf4b065a9fe412d64302b4072793d5b is-style-text-display--2\" style=\"font-size:clamp(1.352rem, 1.352rem + ((1vw - 0.2rem) * 1.33), 2.2rem);\"><strong>15 &gt; 22 Aug \u201926<\/strong><\/p>\n<\/div>\n\n\n\n<div class=\"wp-block-group is-vertical is-content-justification-center is-nowrap is-layout-flex wp-container-core-group-is-layout-844aa0df wp-block-group-is-layout-flex\" style=\"margin-top:0;margin-bottom:0;padding-top:0;padding-right:0;padding-bottom:var(--wp--preset--spacing--30);padding-left:0\">\n<p class=\"is-style-text-display has-base-color has-text-color has-link-color wp-elements-9c7bd9cb1db0829642cae1d1bd0a89c7 is-style-text-display--3\" style=\"margin-top:0;margin-right:0;margin-bottom:0;margin-left:0;padding-top:0;padding-bottom:0\"><strong>FAQ<\/strong><\/p>\n<\/div>\n<\/div>\n\n\n\n<div class=\"wp-block-group alignwide is-layout-flow wp-block-group-is-layout-flow\" style=\"margin-top:var(--wp--preset--spacing--50);margin-bottom:var(--wp--preset--spacing--50)\">\n<div class=\"wp-block-group alignwide is-vertical is-content-justification-left is-layout-flex wp-container-core-group-is-layout-020eeb3d wp-block-group-is-layout-flex\">\n<p class=\"has-text-align-left is-style-default has-contrast-color has-text-color has-link-color wp-elements-6396d3344fea496dce90d38b4657d795\" style=\"font-size:clamp(1.502rem, 1.502rem + ((1vw - 0.2rem) * 1.565), 2.5rem);\">Questions? We have answers!<\/p>\n\n\n\n<div class=\"wp-block-group is-layout-flow wp-block-group-is-layout-flow\">\n<p class=\"has-text-align-left is-style-default has-accent-2-color has-text-color has-link-color wp-elements-a186c51b6d4f00ffc67503ddc0a38378\"><strong><strong>How do I register?<\/strong><\/strong><\/p>\n\n\n\n<p class=\"has-text-align-left translation-block\">Fill out <a href=\"https:\/\/www.manteigasmusicfestival.com\/en\/inscricoes\/\" id=\"1154\" target=\"_blank\" rel=\"noreferrer noopener\"><strong>this registration form<\/strong><\/a> and submit it no later than July 15.<\/p>\n<\/div>\n\n\n\n<div class=\"wp-block-group is-layout-flow wp-block-group-is-layout-flow\">\n<p class=\"has-text-align-left is-style-default has-accent-2-color has-text-color has-link-color wp-elements-31dee37171d850969d2e198fef02034d\"><strong><strong>What is the minimum age to register?<\/strong><\/strong><\/p>\n\n\n\n<p class=\"has-text-align-left\">Participants must be at least 16 years old. However, if you are under 16 and accompanied by an adult who takes responsibility for you, you are welcome to join!<\/p>\n<\/div>\n\n\n\n<div class=\"wp-block-group is-layout-flow wp-block-group-is-layout-flow\">\n<p class=\"has-text-align-left is-style-default has-accent-2-color has-text-color has-link-color wp-elements-e9bd475ec17ab25d2ac675ea737ca84a\"><strong><strong><strong>How much does the registration cost and what does it include?<\/strong><\/strong><\/strong><\/p>\n\n\n\n<p class=\"has-text-align-left\">The fee depends on whether you are a member of Associa\u00e7\u00e3o Musical Lisboa Cantat (AMLC) or a resident of Manteigas and includes participation in all workshops (Beethoven\u2019s Ninth Symphony, Madrigals, Hollywood).<\/p>\n<\/div>\n\n\n\n<div class=\"wp-block-group is-layout-flow wp-block-group-is-layout-flow\">\n<figure class=\"wp-block-table\"><table class=\"has-fixed-layout\"><tbody><tr><td>AMLC Members \/ Manteigas Residents<\/td><td class=\"has-text-align-center\" data-align=\"center\">\u20ac125<\/td><\/tr><tr><td>Non-AMLC Members<\/td><td class=\"has-text-align-center\" data-align=\"center\">\u20ac165<\/td><\/tr><\/tbody><\/table><\/figure>\n\n\n\n<p>5% discount for registrations received by April 30.<\/p>\n<\/div>\n\n\n\n<div class=\"wp-block-group is-layout-flow wp-block-group-is-layout-flow\">\n<p>The registration fee includes:<\/p>\n\n\n\n<ul class=\"wp-block-list\">\n<li>Attendance in the workshops and their final concerts;<\/li>\n\n\n\n<li>Sheet music in printed or digital format, as chosen at registration;<\/li>\n\n\n\n<li>Audio learning materials;<\/li>\n\n\n\n<li>Meals at the Escola Profissional de Hotelaria de Manteigas (lunches every day and dinners on concert days with participation of the Festival Choir);<\/li>\n\n\n\n<li>Personal accident insurance;<\/li>\n\n\n\n<li>Transportation to and from Guarda;<\/li>\n\n\n\n<li>Excursions and transportation;<\/li>\n\n\n\n<li>Transportation to concerts when the distance requires it.<\/li>\n<\/ul>\n<\/div>\n\n\n\n<div class=\"wp-block-group is-layout-flow wp-block-group-is-layout-flow\">\n<p class=\"has-text-align-left is-style-default has-accent-2-color has-text-color has-link-color wp-elements-926825e21ce967301269c15a6497b1fc\"><strong><strong><strong>I have never sung in a choir and have no musical knowledge. Can I register?<\/strong><\/strong><\/strong><\/p>\n\n\n\n<p class=\"has-text-align-left translation-block\">Unfortunately, no. The program is intensive, and without prior choral experience or the ability to prepare the pieces in advance (using sheet music and\/or MIDI files), it would be difficult to keep up.<\/p>\n<\/div>\n\n\n\n<div class=\"wp-block-group is-layout-flow wp-block-group-is-layout-flow\">\n<p class=\"has-text-align-left is-style-default has-accent-2-color has-text-color has-link-color wp-elements-550fc162bbe26edbe537cf31a3f6667a\"><strong><strong><strong><strong>Are all workshops mandatory?<\/strong><\/strong><\/strong><\/strong><\/p>\n\n\n\n<p class=\"has-text-align-left\">By registering, participation in the Ninth Symphony and Hollywood workshops will be mandatory. The Madrigals workshop will be optional, but this will not change the registration fee.<\/p>\n<\/div>\n\n\n\n<div class=\"wp-block-group is-layout-flow wp-block-group-is-layout-flow\">\n<p class=\"has-text-align-left is-style-default has-accent-2-color has-text-color has-link-color wp-elements-820ec2c2ae7ad3b315e595beea5d5d24 translation-block\"><strong><strong><strong><strong><strong><strong>Will we spend the entire week just singing?<\/strong><\/strong><\/strong><\/strong><\/p>\n\n\n\n<p class=\"has-text-align-left\">No! In addition to workshop rehearsals, there will be concerts on several evenings, as well as two excursions to explore the region. Plus, all meals will be shared, and in a small town, no one gets lost!<\/p>\n<\/div>\n\n\n\n<div class=\"wp-block-group is-layout-flow wp-block-group-is-layout-flow\">\n<p class=\"has-text-align-left is-style-default has-accent-2-color has-text-color has-link-color wp-elements-4d2e8b3651ddad04c313187ca09ce3fe\"><strong><strong><strong><strong><strong><strong><strong>What about people with dietary restrictions?<\/strong><\/strong><\/strong><\/strong><\/strong><\/strong><\/strong><\/p>\n\n\n\n<p class=\"has-text-align-left\">Participants with dietary restrictions should mention them on the registration form.<\/p>\n<\/div>\n\n\n\n<div class=\"wp-block-group is-layout-flow wp-block-group-is-layout-flow\">\n<p class=\"has-text-align-left is-style-default has-accent-2-color has-text-color has-link-color wp-elements-bf19b6f8c9f3cc6a2b382eccc13a77b1\"><strong><strong><strong><strong><strong><strong><strong><strong>Does the registration fee include accommodation?<\/strong><\/strong><\/strong><\/strong><\/strong><\/strong><\/strong><\/strong><\/p>\n\n\n\n<p class=\"has-text-align-left\">No, you must arrange your own accommodation. However, if you are open to sharing a dormitory, you can book a bed at Escola Profissional de Hotelaria de Manteigas for a discounted rate of \u20ac9\/night, including breakfast. To benefit from this discounted rate, simply show your proof of registration and inform the Festival\u2019s organization.<\/p>\n<\/div>\n\n\n\n<div class=\"wp-block-group is-layout-flow wp-block-group-is-layout-flow\">\n<p class=\"has-text-align-left is-style-default has-accent-2-color has-text-color has-link-color wp-elements-d2843d4bac294cdf77aa86113305a052\"><strong><strong><strong><strong><strong><strong><strong><strong><strong>I want to find accommodation nearby. Where will the rehearsals and concerts take place?<\/strong><\/strong><\/strong><\/strong><\/strong><\/strong><\/strong><\/strong><\/strong><\/p>\n\n\n\n<p class=\"has-text-align-left\">Rehearsals will take place in Manteigas throughout the week, except for one orchestra rehearsal and one of the final concerts, which will be held in Guarda, on the same day.<\/p>\n<\/div>\n\n\n\n<div class=\"wp-block-group is-layout-flow wp-block-group-is-layout-flow\">\n<p class=\"has-text-align-left is-style-default has-accent-2-color has-text-color has-link-color wp-elements-c7dea579949edd5a368c8da895a39228\"><strong><strong><strong><strong><strong><strong><strong><strong><strong><strong><strong><strong>Does the registration fee include transportation to Manteigas?<\/strong><\/strong><\/strong><\/strong><\/strong><\/strong><\/strong><\/strong><\/strong><\/strong><\/strong><\/strong><\/p>\n\n\n\n<p class=\"has-text-align-left\">No, you will have to arrange your own travel means to Manteigas.<\/p>\n<\/div>\n\n\n\n<div class=\"wp-block-group is-layout-flow wp-block-group-is-layout-flow\">\n<p class=\"has-text-align-left is-style-default has-accent-2-color has-text-color has-link-color wp-elements-bcf20707ae1539313b4d41102f7be054\"><strong><strong><strong><strong><strong><strong><strong><strong><strong><strong><strong><strong>Use of mobile phones?<\/strong><\/strong><\/strong><\/strong><\/strong><\/strong><\/strong><\/strong><\/strong><\/strong><\/strong><\/strong><\/p>\n\n\n\n<p class=\"has-text-align-left\">Allowed outside rehearsal and concert periods. Any audio or video recording during rehearsals and concerts will be the sole responsibility of the Festival's organization.<\/p>\n<\/div>\n\n\n\n<div class=\"wp-block-group is-layout-flow wp-block-group-is-layout-flow\">\n<p class=\"has-text-align-left is-style-default has-accent-2-color has-text-color has-link-color wp-elements-6070b69820035e5abf187985e344e38b\"><strong><strong><strong><strong><strong><strong><strong><strong><strong><strong><strong><strong><strong>Responsibility for valuable items<\/strong><\/strong><\/strong><\/strong><\/strong><\/strong><\/strong><\/strong><\/strong><\/strong><\/strong><\/strong><\/strong><\/p>\n\n\n\n<p class=\"has-text-align-left\">Participants are responsible for their valuable items.<\/p>\n<\/div>\n<\/div>\n<\/div>\n\n\n\n<p><\/p>","protected":false},"excerpt":{"rendered":"<p>Festival de M\u00fasica de Ver\u00e3o de Manteigas 15 &gt; 22 Ago &#8217;26 FAQ D\u00favidas? Temos respostas! Como fa\u00e7o para me inscrever? Preenche este formul\u00e1rio de inscri\u00e7\u00e3o e envia o mais tardar at\u00e9 15 de julho. A partir de que idade me posso inscrever? Podem inscrever-se pessoas a partir dos 16 anos. Mas se tiveres menos [&hellip;]<\/p>\n","protected":false},"author":1,"featured_media":0,"parent":0,"menu_order":0,"comment_status":"closed","ping_status":"closed","template":"page-no-title","meta":{"footnotes":""},"folder":[],"class_list":["post-1132","page","type-page","status-publish","hentry"],"yoast_head":"<!-- This site is optimized with the Yoast SEO plugin v27.1.1 - https:\/\/yoast.com\/product\/yoast-seo-wordpress\/ -->\n<title>FAQ - Festival de M\u00fasica de Ver\u00e3o de Manteigas<\/title>\n<meta name=\"robots\" content=\"index, follow, max-snippet:-1, max-image-preview:large, max-video-preview:-1\" \/>\n<link rel=\"canonical\" href=\"https:\/\/www.manteigasmusicfestival.com\/en\/faq\/\" \/>\n<meta property=\"og:locale\" content=\"en_GB\" \/>\n<meta property=\"og:type\" content=\"article\" \/>\n<meta property=\"og:title\" content=\"FAQ - Festival de M\u00fasica de Ver\u00e3o de Manteigas\" \/>\n<meta property=\"og:description\" content=\"Festival de M\u00fasica de Ver\u00e3o de Manteigas 15 &gt; 22 Ago &#8217;26 FAQ D\u00favidas? Temos respostas! Como fa\u00e7o para me inscrever? Preenche este formul\u00e1rio de inscri\u00e7\u00e3o e envia o mais tardar at\u00e9 15 de julho. A partir de que idade me posso inscrever? Podem inscrever-se pessoas a partir dos 16 anos. Mas se tiveres menos [&hellip;]\" \/>\n<meta property=\"og:url\" content=\"https:\/\/www.manteigasmusicfestival.com\/en\/faq\/\" \/>\n<meta property=\"og:site_name\" content=\"Festival de M\u00fasica de Ver\u00e3o de Manteigas\" \/>\n<meta property=\"article:publisher\" content=\"https:\/\/www.facebook.com\/p\/CORO-SINFNICO-LISBOA-CANTAT-100063495156162\" \/>\n<meta property=\"article:modified_time\" content=\"2026-03-25T08:48:02+00:00\" \/>\n<meta name=\"twitter:card\" content=\"summary_large_image\" \/>\n<meta name=\"twitter:label1\" content=\"Estimated reading time\" \/>\n\t<meta name=\"twitter:data1\" content=\"3 minutes\" \/>\n<script type=\"application\/ld+json\" class=\"yoast-schema-graph\">{\"@context\":\"https:\/\/schema.org\",\"@graph\":[{\"@type\":\"WebPage\",\"@id\":\"https:\/\/www.manteigasmusicfestival.com\/faq\/\",\"url\":\"https:\/\/www.manteigasmusicfestival.com\/faq\/\",\"name\":\"FAQ - Festival de M\u00fasica de Ver\u00e3o de Manteigas\",\"isPartOf\":{\"@id\":\"https:\/\/www.manteigasmusicfestival.com\/#website\"},\"datePublished\":\"2026-03-21T15:43:06+00:00\",\"dateModified\":\"2026-03-25T08:48:02+00:00\",\"breadcrumb\":{\"@id\":\"https:\/\/www.manteigasmusicfestival.com\/faq\/#breadcrumb\"},\"inLanguage\":\"en-GB\",\"potentialAction\":[{\"@type\":\"ReadAction\",\"target\":[\"https:\/\/www.manteigasmusicfestival.com\/faq\/\"]}]},{\"@type\":\"BreadcrumbList\",\"@id\":\"https:\/\/www.manteigasmusicfestival.com\/faq\/#breadcrumb\",\"itemListElement\":[{\"@type\":\"ListItem\",\"position\":1,\"name\":\"Home\",\"item\":\"https:\/\/www.manteigasmusicfestival.com\/\"},{\"@type\":\"ListItem\",\"position\":2,\"name\":\"FAQ\"}]},{\"@type\":\"WebSite\",\"@id\":\"https:\/\/www.manteigasmusicfestival.com\/#website\",\"url\":\"https:\/\/www.manteigasmusicfestival.com\/\",\"name\":\"Festival de M\u00fasica de Ver\u00e3o de Manteigas\",\"description\":\"Choral music in the heart of Serra da Estrela.\",\"publisher\":{\"@id\":\"https:\/\/www.manteigasmusicfestival.com\/#organization\"},\"potentialAction\":[{\"@type\":\"SearchAction\",\"target\":{\"@type\":\"EntryPoint\",\"urlTemplate\":\"https:\/\/www.manteigasmusicfestival.com\/?s={search_term_string}\"},\"query-input\":{\"@type\":\"PropertyValueSpecification\",\"valueRequired\":true,\"valueName\":\"search_term_string\"}}],\"inLanguage\":\"en-GB\"},{\"@type\":\"Organization\",\"@id\":\"https:\/\/www.manteigasmusicfestival.com\/#organization\",\"name\":\"Festival de M\u00fasica de Ver\u00e3o de Manteigas\",\"url\":\"https:\/\/www.manteigasmusicfestival.com\/\",\"logo\":{\"@type\":\"ImageObject\",\"inLanguage\":\"en-GB\",\"@id\":\"https:\/\/www.manteigasmusicfestival.com\/#\/schema\/logo\/image\/\",\"url\":\"https:\/\/www.manteigasmusicfestival.com\/wp-content\/uploads\/2025\/03\/FMV-Manteigas_PT_fundo-verde.png\",\"contentUrl\":\"https:\/\/www.manteigasmusicfestival.com\/wp-content\/uploads\/2025\/03\/FMV-Manteigas_PT_fundo-verde.png\",\"width\":5000,\"height\":2500,\"caption\":\"Festival de M\u00fasica de Ver\u00e3o de Manteigas\"},\"image\":{\"@id\":\"https:\/\/www.manteigasmusicfestival.com\/#\/schema\/logo\/image\/\"},\"sameAs\":[\"https:\/\/www.facebook.com\/p\/CORO-SINFNICO-LISBOA-CANTAT-100063495156162\",\"https:\/\/www.instagram.com\/corosinfonico.lisboacantat\/\"]}]}<\/script>\n<!-- \/ Yoast SEO plugin. -->","yoast_head_json":{"title":"FAQ - Festival de M\u00fasica de Ver\u00e3o de Manteigas","robots":{"index":"index","follow":"follow","max-snippet":"max-snippet:-1","max-image-preview":"max-image-preview:large","max-video-preview":"max-video-preview:-1"},"canonical":"https:\/\/www.manteigasmusicfestival.com\/en\/faq\/","og_locale":"en_GB","og_type":"article","og_title":"FAQ - Festival de M\u00fasica de Ver\u00e3o de Manteigas","og_description":"Festival de M\u00fasica de Ver\u00e3o de Manteigas 15 &gt; 22 Ago &#8217;26 FAQ D\u00favidas? Temos respostas! Como fa\u00e7o para me inscrever? Preenche este formul\u00e1rio de inscri\u00e7\u00e3o e envia o mais tardar at\u00e9 15 de julho. A partir de que idade me posso inscrever? Podem inscrever-se pessoas a partir dos 16 anos. Mas se tiveres menos [&hellip;]","og_url":"https:\/\/www.manteigasmusicfestival.com\/en\/faq\/","og_site_name":"Festival de M\u00fasica de Ver\u00e3o de Manteigas","article_publisher":"https:\/\/www.facebook.com\/p\/CORO-SINFNICO-LISBOA-CANTAT-100063495156162","article_modified_time":"2026-03-25T08:48:02+00:00","twitter_card":"summary_large_image","twitter_misc":{"Estimated reading time":"3 minutes"},"schema":{"@context":"https:\/\/schema.org","@graph":[{"@type":"WebPage","@id":"https:\/\/www.manteigasmusicfestival.com\/faq\/","url":"https:\/\/www.manteigasmusicfestival.com\/faq\/","name":"FAQ - Festival de M\u00fasica de Ver\u00e3o de Manteigas","isPartOf":{"@id":"https:\/\/www.manteigasmusicfestival.com\/#website"},"datePublished":"2026-03-21T15:43:06+00:00","dateModified":"2026-03-25T08:48:02+00:00","breadcrumb":{"@id":"https:\/\/www.manteigasmusicfestival.com\/faq\/#breadcrumb"},"inLanguage":"en-GB","potentialAction":[{"@type":"ReadAction","target":["https:\/\/www.manteigasmusicfestival.com\/faq\/"]}]},{"@type":"BreadcrumbList","@id":"https:\/\/www.manteigasmusicfestival.com\/faq\/#breadcrumb","itemListElement":[{"@type":"ListItem","position":1,"name":"Home","item":"https:\/\/www.manteigasmusicfestival.com\/"},{"@type":"ListItem","position":2,"name":"FAQ"}]},{"@type":"WebSite","@id":"https:\/\/www.manteigasmusicfestival.com\/#website","url":"https:\/\/www.manteigasmusicfestival.com\/","name":"Manteigas Summer Music Festival","description":"Choral music in the heart of Serra da Estrela.","publisher":{"@id":"https:\/\/www.manteigasmusicfestival.com\/#organization"},"potentialAction":[{"@type":"SearchAction","target":{"@type":"EntryPoint","urlTemplate":"https:\/\/www.manteigasmusicfestival.com\/?s={search_term_string}"},"query-input":{"@type":"PropertyValueSpecification","valueRequired":true,"valueName":"search_term_string"}}],"inLanguage":"en-GB"},{"@type":"Organization","@id":"https:\/\/www.manteigasmusicfestival.com\/#organization","name":"Manteigas Summer Music Festival","url":"https:\/\/www.manteigasmusicfestival.com\/","logo":{"@type":"ImageObject","inLanguage":"en-GB","@id":"https:\/\/www.manteigasmusicfestival.com\/#\/schema\/logo\/image\/","url":"https:\/\/www.manteigasmusicfestival.com\/wp-content\/uploads\/2025\/03\/FMV-Manteigas_PT_fundo-verde.png","contentUrl":"https:\/\/www.manteigasmusicfestival.com\/wp-content\/uploads\/2025\/03\/FMV-Manteigas_PT_fundo-verde.png","width":5000,"height":2500,"caption":"Festival de M\u00fasica de Ver\u00e3o de Manteigas"},"image":{"@id":"https:\/\/www.manteigasmusicfestival.com\/#\/schema\/logo\/image\/"},"sameAs":["https:\/\/www.facebook.com\/p\/CORO-SINFNICO-LISBOA-CANTAT-100063495156162","https:\/\/www.instagram.com\/corosinfonico.lisboacantat\/"]}]}},"_links":{"self":[{"href":"https:\/\/www.manteigasmusicfestival.com\/en\/wp-json\/wp\/v2\/pages\/1132","targetHints":{"allow":["GET"]}}],"collection":[{"href":"https:\/\/www.manteigasmusicfestival.com\/en\/wp-json\/wp\/v2\/pages"}],"about":[{"href":"https:\/\/www.manteigasmusicfestival.com\/en\/wp-json\/wp\/v2\/types\/page"}],"author":[{"embeddable":true,"href":"https:\/\/www.manteigasmusicfestival.com\/en\/wp-json\/wp\/v2\/users\/1"}],"replies":[{"embeddable":true,"href":"https:\/\/www.manteigasmusicfestival.com\/en\/wp-json\/wp\/v2\/comments?post=1132"}],"version-history":[{"count":5,"href":"https:\/\/www.manteigasmusicfestival.com\/en\/wp-json\/wp\/v2\/pages\/1132\/revisions"}],"predecessor-version":[{"id":1164,"href":"https:\/\/www.manteigasmusicfestival.com\/en\/wp-json\/wp\/v2\/pages\/1132\/revisions\/1164"}],"wp:attachment":[{"href":"https:\/\/www.manteigasmusicfestival.com\/en\/wp-json\/wp\/v2\/media?parent=1132"}],"wp:term":[{"taxonomy":"folder","embeddable":true,"href":"https:\/\/www.manteigasmusicfestival.com\/en\/wp-json\/wp\/v2\/folder?post=1132"}],"curies":[{"name":"wp","href":"https:\/\/api.w.org\/{rel}","templated":true}]}}