{"id":1154,"date":"2026-03-22T19:34:12","date_gmt":"2026-03-22T19:34:12","guid":{"rendered":"https:\/\/www.manteigasmusicfestival.com\/?page_id=1154"},"modified":"2026-03-23T10:27:33","modified_gmt":"2026-03-23T10:27:33","slug":"inscricoes","status":"publish","type":"page","link":"https:\/\/www.manteigasmusicfestival.com\/en\/inscricoes\/","title":{"rendered":"Registration"},"content":{"rendered":"<div class=\"wp-block-group alignwide has-accent-1-color has-accent-2-background-color has-text-color has-background has-link-color wp-elements-be02794afb078efb16307376ad50f1b9 has-global-padding is-layout-constrained wp-container-core-group-is-layout-48566f16 wp-block-group-is-layout-constrained\" style=\"margin-top:var(--wp--preset--spacing--60);margin-bottom:var(--wp--preset--spacing--60);padding-top:var(--wp--preset--spacing--30);padding-bottom:var(--wp--preset--spacing--30)\">\n<div class=\"wp-block-group alignwide is-vertical is-content-justification-center is-layout-flex wp-container-core-group-is-layout-4bc9af69 wp-block-group-is-layout-flex\" style=\"margin-top:0;margin-bottom:0;padding-top:var(--wp--preset--spacing--40);padding-right:var(--wp--preset--spacing--40);padding-bottom:var(--wp--preset--spacing--40);padding-left:var(--wp--preset--spacing--40)\">\n<p class=\"has-text-align-center is-style-text-display has-accent-1-color has-text-color has-link-color wp-elements-608b2419c076ed29c40406159d117b6a is-style-text-display--1\" style=\"font-size:clamp(1.25rem, 1.25rem + ((1vw - 0.2rem) * 1.176), 2rem);\"><strong>Manteigas Summer Music Festival<\/strong><\/p>\n\n\n\n<p class=\"has-text-align-center is-style-text-display is-style-text-display--2\" style=\"font-size:clamp(1.352rem, 1.352rem + ((1vw - 0.2rem) * 1.33), 2.2rem);\"><strong>15 &gt; 22 Aug \u201926<\/strong><\/p>\n<\/div>\n\n\n\n<div class=\"wp-block-group alignwide is-vertical is-content-justification-center is-nowrap is-layout-flex wp-container-core-group-is-layout-844aa0df wp-block-group-is-layout-flex\" style=\"margin-top:0;margin-bottom:0;padding-top:0;padding-right:0;padding-bottom:var(--wp--preset--spacing--30);padding-left:0\">\n<p class=\"has-text-align-center is-style-text-display has-base-color has-text-color has-link-color has-xx-large-font-size wp-elements-24c05c741392842f5f9bb4246f1453b0 is-style-text-display--3\" style=\"margin-top:0;margin-right:0;margin-bottom:0;margin-left:0;padding-top:0;padding-bottom:0\"><strong>Festival Choir Registration<\/strong><\/p>\n<\/div>\n<\/div>\n\n\n\n<div class=\"wp-block-group alignwide is-style-section-2 has-base-background-color has-background is-layout-flow wp-container-core-group-is-layout-903ab5ef wp-block-group-is-layout-flow is-style-section-2--4\" style=\"margin-top:0;margin-bottom:0;padding-top:var(--wp--preset--spacing--40);padding-right:0;padding-bottom:var(--wp--preset--spacing--40);padding-left:0\">\n\n\n\n\n<div class=\"wp-block-group alignwide has-global-padding is-layout-constrained wp-block-group-is-layout-constrained\">\n<div class=\"wp-block-group alignwide is-style-default is-layout-flow wp-block-group-is-layout-flow\" style=\"margin-top:0;margin-bottom:0;padding-top:0;padding-right:0;padding-bottom:0;padding-left:0\">\n<p class=\"has-text-align-center is-style-default has-accent-2-color has-text-color has-link-color has-xx-large-font-size wp-elements-f2196bb2a6bc950ed24c13c0753f31d8\"><strong>Terms and Conditions<\/strong><\/p>\n\n\n\n<div class=\"wp-block-group is-layout-flow wp-block-group-is-layout-flow\">\n<ol class=\"wp-block-list\">\n<li>Registrations will be open until July 15.<\/li>\n\n\n\n<li>Registrations completed by April 30 will benefit from a 5% discount.<\/li>\n\n\n\n<li>Minimum participation age: 16 years (participants under this age must be accompanied by a responsible adult).<\/li>\n\n\n\n<li>At the time of registration, the full participation fee for FMVM must be paid, according to the selected option.<\/li>\n\n\n\n<li>The registration is considered valid after FMVM's Organization confirms receipt of the duly completed registration form along with proof of payment.<\/li>\n\n\n\n<li>It is essential and mandatory to have choral experience or adequate musical training so that participants are able to prepare, independently and in advance, the melodic line corresponding to their voice (S\/A\/T\/B), using the score and MIDI files, which will be provided to each participant after proof of payment is submitted.<\/li>\n\n\n\n<li>Participation in the final concerts is mandatory, and full attendance in all corresponding workshop sessions is required.<\/li>\n\n\n\n<li>The registration includes:\n<ul class=\"wp-block-list is-style-default\">\n<li>&nbsp;Attendance in the selected workshops and their final concerts;<\/li>\n\n\n\n<li>&nbsp;Sheet music in printed or digital format, as chosen at registration;<\/li>\n\n\n\n<li>&nbsp;Audio learning materials;<\/li>\n\n\n\n<li>Meals at the Escola Profissional de Hotelaria de Manteigas (dinner on the 1<sup>st<\/sup> day, lunches every day and dinners on concert days with participation of the Festival Choir); participants who wish to have dinner at the School on days not included should indicate this at the time of registration (price per meal: \u20ac8);<\/li>\n\n\n\n<li>Personal accident insurance;<\/li>\n\n\n\n<li>Transportation to and from Guarda;<\/li>\n\n\n\n<li>Excursions and transportation;<\/li>\n\n\n\n<li>Transportation to concerts when the distance requires it.<\/li>\n<\/ul>\n<\/li>\n\n\n\n<li>Travel to Manteigas and accommodation during the week (8 nights, from August 15 to 23) will be the responsibility of each participant. The organization offers the possibility of booking accommodation at a discounted rate (\u20ac9 per night) at the Escola Profissional de Hotelaria de Manteigas, in dormitory-style rooms (8 people per dorm), including breakfast, subject to availability. Reservations must be made through the Festival organization.<\/li>\n<\/ol>\n<\/div>\n<\/div>\n<\/div>\n\n\n\n<div class=\"wp-block-group is-layout-flow wp-block-group-is-layout-flow\">\n<p class=\"has-text-align-center is-style-default has-accent-2-color has-text-color has-link-color has-xx-large-font-size wp-elements-67356c08e0f88fbd8ab43835d28de4b3\"><strong><strong>Workshops and Fees<\/strong><\/strong><\/p>\n\n\n\n<p><strong>Workshops<\/strong><\/p>\n\n\n\n<ul class=\"wp-block-list\">\n<li class=\"translation-block\"><strong>Workshop 1:<\/strong> 9<sup>th<\/sup> Symphony, L. v. Beethoven + Hollywood (for choir + concert band)<\/li>\n\n\n\n<li class=\"translation-block\"><strong>Workshop 2:<\/strong> Madrigals<\/li>\n<\/ul>\n\n\n\n<p style=\"padding-top:var(--wp--preset--spacing--30)\"><strong>Fees<\/strong><\/p>\n\n\n\n<figure class=\"wp-block-table\"><table class=\"has-fixed-layout\"><tbody><tr><td>AMLC Members \/ Manteigas Residents<\/td><td class=\"has-text-align-center\" data-align=\"center\">\u20ac125<\/td><\/tr><tr><td>Non-AMLC Members<\/td><td class=\"has-text-align-center\" data-align=\"center\">\u20ac165<\/td><\/tr><\/tbody><\/table><\/figure>\n\n\n\n<p>5% discount for registrations received by April 30.<\/p>\n<\/div>\n\n\n\n<div class=\"wp-block-group is-layout-flow wp-block-group-is-layout-flow\">\n<p class=\"has-accent-2-color has-text-color has-link-color wp-elements-352a08266ce0dcf6e7b3bd362ccabaa5\"><strong>Notes:<\/strong><\/p>\n\n\n\n<ul class=\"wp-block-list\">\n<li>The CSLC reserves the right to cancel the Festival if the minimum number of registrations required for its organization is not reached. In the event of cancellation, the full amount paid by registrants will be refunded. <\/li>\n\n\n\n<li>Any changes will be communicated as soon as possible.<\/li>\n\n\n\n<li>It should be noted that any withdrawal after the registration confirmation, regardless of the reason, will not entitle a refund.<\/li>\n\n\n\n<li>Authorization will be requested for the reproduction of any images or sounds captured during FMVM, as well as their free use by the CSLC for promotional purposes.<\/li>\n<\/ul>\n<\/div>\n\n\n\n<div class=\"wp-block-group alignwide has-base-background-color has-background has-global-padding is-layout-constrained wp-container-core-group-is-layout-75012026 wp-block-group-is-layout-constrained\" style=\"margin-top:0;margin-bottom:0;padding-top:var(--wp--preset--spacing--40);padding-right:var(--wp--preset--spacing--60);padding-bottom:var(--wp--preset--spacing--40);padding-left:var(--wp--preset--spacing--60)\">\n<div class=\"wp-block-buttons alignfull is-content-justification-center is-layout-flex wp-container-core-buttons-is-layout-1863bd46 wp-block-buttons-is-layout-flex\" style=\"margin-top:var(--wp--preset--spacing--30);margin-bottom:var(--wp--preset--spacing--30);padding-top:0;padding-right:0;padding-bottom:0;padding-left:0\">\n<div class=\"wp-block-button has-custom-font-size is-style-fill\"><a class=\"wp-block-button__link has-contrast-color has-accent-1-background-color has-text-color has-background has-link-color has-text-align-center has-custom-font-size wp-element-button\" href=\"https:\/\/docs.google.com\/forms\/d\/e\/1FAIpQLSdMQR94I7cW0rVv57k3Pg9a5tuGJJRDjbOkLAAX4jFxOMD3BA\/viewform\" style=\"border-style:none;border-width:0px;border-radius:0px;padding-top:var(--wp--preset--spacing--30);padding-right:var(--wp--preset--spacing--60);padding-bottom:var(--wp--preset--spacing--30);padding-left:var(--wp--preset--spacing--60);font-size:clamp(1.403rem, 1.403rem + ((1vw - 0.2rem) * 1.407), 2.3rem);\" target=\"_blank\" rel=\"noreferrer noopener\">Fill in here the<br>Registration Form<\/a><\/div>\n<\/div>\n<\/div>\n<\/div>","protected":false},"excerpt":{"rendered":"<p>Festival de M\u00fasica de Ver\u00e3o de Manteigas 15 &gt; 22 Ago &#8217;26 Inscri\u00e7\u00f5es no Coro do Festival A componente essencial do FMVM \u00e9 o Coro! Aproveita a oportunidade de, durante uma semana e em ambiente descontra\u00eddo, montar repert\u00f3rio t\u00e3o diverso como m\u00fasica alem\u00e3 do s\u00e9culo XIX, can\u00e7\u00f5es regionais portuguesas com arranjos de diversos compositores e [&hellip;]<\/p>\n","protected":false},"author":1,"featured_media":0,"parent":0,"menu_order":0,"comment_status":"closed","ping_status":"closed","template":"wp-custom-template-inscri-es","meta":{"footnotes":""},"folder":[],"class_list":["post-1154","page","type-page","status-publish","hentry"],"yoast_head":"<!-- This site is optimized with the Yoast SEO plugin v27.1.1 - https:\/\/yoast.com\/product\/yoast-seo-wordpress\/ -->\n<title>Inscri\u00e7\u00f5es - Festival de M\u00fasica de Ver\u00e3o de Manteigas<\/title>\n<meta name=\"robots\" content=\"index, follow, max-snippet:-1, max-image-preview:large, max-video-preview:-1\" \/>\n<link rel=\"canonical\" href=\"https:\/\/www.manteigasmusicfestival.com\/en\/inscricoes\/\" \/>\n<meta property=\"og:locale\" content=\"en_GB\" \/>\n<meta property=\"og:type\" content=\"article\" \/>\n<meta property=\"og:title\" content=\"Inscri\u00e7\u00f5es - Festival de M\u00fasica de Ver\u00e3o de Manteigas\" \/>\n<meta property=\"og:description\" content=\"Festival de M\u00fasica de Ver\u00e3o de Manteigas 15 &gt; 22 Ago &#8217;26 Inscri\u00e7\u00f5es no Coro do Festival A componente essencial do FMVM \u00e9 o Coro! Aproveita a oportunidade de, durante uma semana e em ambiente descontra\u00eddo, montar repert\u00f3rio t\u00e3o diverso como m\u00fasica alem\u00e3 do s\u00e9culo XIX, can\u00e7\u00f5es regionais portuguesas com arranjos de diversos compositores e [&hellip;]\" \/>\n<meta property=\"og:url\" content=\"https:\/\/www.manteigasmusicfestival.com\/en\/inscricoes\/\" \/>\n<meta property=\"og:site_name\" content=\"Festival de M\u00fasica de Ver\u00e3o de Manteigas\" \/>\n<meta property=\"article:publisher\" content=\"https:\/\/www.facebook.com\/p\/CORO-SINFNICO-LISBOA-CANTAT-100063495156162\" \/>\n<meta property=\"article:modified_time\" content=\"2026-03-23T10:27:33+00:00\" \/>\n<meta name=\"twitter:card\" content=\"summary_large_image\" \/>\n<meta name=\"twitter:label1\" content=\"Estimated reading time\" \/>\n\t<meta name=\"twitter:data1\" content=\"4 minutes\" \/>\n<script type=\"application\/ld+json\" class=\"yoast-schema-graph\">{\"@context\":\"https:\/\/schema.org\",\"@graph\":[{\"@type\":\"WebPage\",\"@id\":\"https:\/\/www.manteigasmusicfestival.com\/inscricoes\/\",\"url\":\"https:\/\/www.manteigasmusicfestival.com\/inscricoes\/\",\"name\":\"Inscri\u00e7\u00f5es - Festival de M\u00fasica de Ver\u00e3o de Manteigas\",\"isPartOf\":{\"@id\":\"https:\/\/www.manteigasmusicfestival.com\/#website\"},\"datePublished\":\"2026-03-22T19:34:12+00:00\",\"dateModified\":\"2026-03-23T10:27:33+00:00\",\"breadcrumb\":{\"@id\":\"https:\/\/www.manteigasmusicfestival.com\/inscricoes\/#breadcrumb\"},\"inLanguage\":\"en-GB\",\"potentialAction\":[{\"@type\":\"ReadAction\",\"target\":[\"https:\/\/www.manteigasmusicfestival.com\/inscricoes\/\"]}]},{\"@type\":\"BreadcrumbList\",\"@id\":\"https:\/\/www.manteigasmusicfestival.com\/inscricoes\/#breadcrumb\",\"itemListElement\":[{\"@type\":\"ListItem\",\"position\":1,\"name\":\"Home\",\"item\":\"https:\/\/www.manteigasmusicfestival.com\/\"},{\"@type\":\"ListItem\",\"position\":2,\"name\":\"Inscri\u00e7\u00f5es\"}]},{\"@type\":\"WebSite\",\"@id\":\"https:\/\/www.manteigasmusicfestival.com\/#website\",\"url\":\"https:\/\/www.manteigasmusicfestival.com\/\",\"name\":\"Festival de M\u00fasica de Ver\u00e3o de Manteigas\",\"description\":\"Choral music in the heart of Serra da Estrela.\",\"publisher\":{\"@id\":\"https:\/\/www.manteigasmusicfestival.com\/#organization\"},\"potentialAction\":[{\"@type\":\"SearchAction\",\"target\":{\"@type\":\"EntryPoint\",\"urlTemplate\":\"https:\/\/www.manteigasmusicfestival.com\/?s={search_term_string}\"},\"query-input\":{\"@type\":\"PropertyValueSpecification\",\"valueRequired\":true,\"valueName\":\"search_term_string\"}}],\"inLanguage\":\"en-GB\"},{\"@type\":\"Organization\",\"@id\":\"https:\/\/www.manteigasmusicfestival.com\/#organization\",\"name\":\"Festival de M\u00fasica de Ver\u00e3o de Manteigas\",\"url\":\"https:\/\/www.manteigasmusicfestival.com\/\",\"logo\":{\"@type\":\"ImageObject\",\"inLanguage\":\"en-GB\",\"@id\":\"https:\/\/www.manteigasmusicfestival.com\/#\/schema\/logo\/image\/\",\"url\":\"https:\/\/www.manteigasmusicfestival.com\/wp-content\/uploads\/2025\/03\/FMV-Manteigas_PT_fundo-verde.png\",\"contentUrl\":\"https:\/\/www.manteigasmusicfestival.com\/wp-content\/uploads\/2025\/03\/FMV-Manteigas_PT_fundo-verde.png\",\"width\":5000,\"height\":2500,\"caption\":\"Festival de M\u00fasica de Ver\u00e3o de Manteigas\"},\"image\":{\"@id\":\"https:\/\/www.manteigasmusicfestival.com\/#\/schema\/logo\/image\/\"},\"sameAs\":[\"https:\/\/www.facebook.com\/p\/CORO-SINFNICO-LISBOA-CANTAT-100063495156162\",\"https:\/\/www.instagram.com\/corosinfonico.lisboacantat\/\"]}]}<\/script>\n<!-- \/ Yoast SEO plugin. -->","yoast_head_json":{"title":"Inscri\u00e7\u00f5es - Festival de M\u00fasica de Ver\u00e3o de Manteigas","robots":{"index":"index","follow":"follow","max-snippet":"max-snippet:-1","max-image-preview":"max-image-preview:large","max-video-preview":"max-video-preview:-1"},"canonical":"https:\/\/www.manteigasmusicfestival.com\/en\/inscricoes\/","og_locale":"en_GB","og_type":"article","og_title":"Inscri\u00e7\u00f5es - Festival de M\u00fasica de Ver\u00e3o de Manteigas","og_description":"Festival de M\u00fasica de Ver\u00e3o de Manteigas 15 &gt; 22 Ago &#8217;26 Inscri\u00e7\u00f5es no Coro do Festival A componente essencial do FMVM \u00e9 o Coro! Aproveita a oportunidade de, durante uma semana e em ambiente descontra\u00eddo, montar repert\u00f3rio t\u00e3o diverso como m\u00fasica alem\u00e3 do s\u00e9culo XIX, can\u00e7\u00f5es regionais portuguesas com arranjos de diversos compositores e [&hellip;]","og_url":"https:\/\/www.manteigasmusicfestival.com\/en\/inscricoes\/","og_site_name":"Festival de M\u00fasica de Ver\u00e3o de Manteigas","article_publisher":"https:\/\/www.facebook.com\/p\/CORO-SINFNICO-LISBOA-CANTAT-100063495156162","article_modified_time":"2026-03-23T10:27:33+00:00","twitter_card":"summary_large_image","twitter_misc":{"Estimated reading time":"4 minutes"},"schema":{"@context":"https:\/\/schema.org","@graph":[{"@type":"WebPage","@id":"https:\/\/www.manteigasmusicfestival.com\/inscricoes\/","url":"https:\/\/www.manteigasmusicfestival.com\/inscricoes\/","name":"Inscri\u00e7\u00f5es - Festival de M\u00fasica de Ver\u00e3o de Manteigas","isPartOf":{"@id":"https:\/\/www.manteigasmusicfestival.com\/#website"},"datePublished":"2026-03-22T19:34:12+00:00","dateModified":"2026-03-23T10:27:33+00:00","breadcrumb":{"@id":"https:\/\/www.manteigasmusicfestival.com\/inscricoes\/#breadcrumb"},"inLanguage":"en-GB","potentialAction":[{"@type":"ReadAction","target":["https:\/\/www.manteigasmusicfestival.com\/inscricoes\/"]}]},{"@type":"BreadcrumbList","@id":"https:\/\/www.manteigasmusicfestival.com\/inscricoes\/#breadcrumb","itemListElement":[{"@type":"ListItem","position":1,"name":"Home","item":"https:\/\/www.manteigasmusicfestival.com\/"},{"@type":"ListItem","position":2,"name":"Inscri\u00e7\u00f5es"}]},{"@type":"WebSite","@id":"https:\/\/www.manteigasmusicfestival.com\/#website","url":"https:\/\/www.manteigasmusicfestival.com\/","name":"Manteigas Summer Music Festival","description":"Choral music in the heart of Serra da Estrela.","publisher":{"@id":"https:\/\/www.manteigasmusicfestival.com\/#organization"},"potentialAction":[{"@type":"SearchAction","target":{"@type":"EntryPoint","urlTemplate":"https:\/\/www.manteigasmusicfestival.com\/?s={search_term_string}"},"query-input":{"@type":"PropertyValueSpecification","valueRequired":true,"valueName":"search_term_string"}}],"inLanguage":"en-GB"},{"@type":"Organization","@id":"https:\/\/www.manteigasmusicfestival.com\/#organization","name":"Manteigas Summer Music Festival","url":"https:\/\/www.manteigasmusicfestival.com\/","logo":{"@type":"ImageObject","inLanguage":"en-GB","@id":"https:\/\/www.manteigasmusicfestival.com\/#\/schema\/logo\/image\/","url":"https:\/\/www.manteigasmusicfestival.com\/wp-content\/uploads\/2025\/03\/FMV-Manteigas_PT_fundo-verde.png","contentUrl":"https:\/\/www.manteigasmusicfestival.com\/wp-content\/uploads\/2025\/03\/FMV-Manteigas_PT_fundo-verde.png","width":5000,"height":2500,"caption":"Festival de M\u00fasica de Ver\u00e3o de Manteigas"},"image":{"@id":"https:\/\/www.manteigasmusicfestival.com\/#\/schema\/logo\/image\/"},"sameAs":["https:\/\/www.facebook.com\/p\/CORO-SINFNICO-LISBOA-CANTAT-100063495156162","https:\/\/www.instagram.com\/corosinfonico.lisboacantat\/"]}]}},"_links":{"self":[{"href":"https:\/\/www.manteigasmusicfestival.com\/en\/wp-json\/wp\/v2\/pages\/1154","targetHints":{"allow":["GET"]}}],"collection":[{"href":"https:\/\/www.manteigasmusicfestival.com\/en\/wp-json\/wp\/v2\/pages"}],"about":[{"href":"https:\/\/www.manteigasmusicfestival.com\/en\/wp-json\/wp\/v2\/types\/page"}],"author":[{"embeddable":true,"href":"https:\/\/www.manteigasmusicfestival.com\/en\/wp-json\/wp\/v2\/users\/1"}],"replies":[{"embeddable":true,"href":"https:\/\/www.manteigasmusicfestival.com\/en\/wp-json\/wp\/v2\/comments?post=1154"}],"version-history":[{"count":5,"href":"https:\/\/www.manteigasmusicfestival.com\/en\/wp-json\/wp\/v2\/pages\/1154\/revisions"}],"predecessor-version":[{"id":1163,"href":"https:\/\/www.manteigasmusicfestival.com\/en\/wp-json\/wp\/v2\/pages\/1154\/revisions\/1163"}],"wp:attachment":[{"href":"https:\/\/www.manteigasmusicfestival.com\/en\/wp-json\/wp\/v2\/media?parent=1154"}],"wp:term":[{"taxonomy":"folder","embeddable":true,"href":"https:\/\/www.manteigasmusicfestival.com\/en\/wp-json\/wp\/v2\/folder?post=1154"}],"curies":[{"name":"wp","href":"https:\/\/api.w.org\/{rel}","templated":true}]}}