{"id":2,"date":"2025-03-10T22:24:33","date_gmt":"2025-03-10T22:24:33","guid":{"rendered":"http:\/\/manteir.cluster021.hosting.ovh.net\/?page_id=2"},"modified":"2026-03-22T19:29:31","modified_gmt":"2026-03-22T19:29:31","slug":"inicio","status":"publish","type":"page","link":"https:\/\/www.manteigasmusicfestival.com\/en\/","title":{"rendered":"Home"},"content":{"rendered":"<div class=\"wp-block-cover alignfull is-light has-parallax has-accent-1-color has-text-color has-link-color wp-elements-a5797a271f7735d4defbde48bb9aead4 wp-duotone-unset-2\" style=\"margin-top:0;margin-bottom:0;padding-top:0;padding-right:var(--wp--preset--spacing--50);padding-bottom:0;padding-left:var(--wp--preset--spacing--50);min-height:638px;aspect-ratio:unset;\"><div class=\"wp-block-cover__image-background wp-image-1052 size-full has-parallax\" style=\"background-position:50% 50%;background-image:url(https:\/\/www.manteigasmusicfestival.com\/wp-content\/uploads\/DSF5862-1-scaled.jpg)\"><\/div><span aria-hidden=\"true\" class=\"wp-block-cover__background has-contrast-background-color has-background-dim-0 has-background-dim\"><\/span><div class=\"wp-block-cover__inner-container has-global-padding is-layout-constrained wp-container-core-cover-is-layout-ab5d2d5e wp-block-cover-is-layout-constrained\">\n<div class=\"wp-block-group alignwide is-vertical is-content-justification-center is-layout-flex wp-container-core-group-is-layout-ac11c0d5 wp-block-group-is-layout-flex\" style=\"min-height:100vh;padding-top:10vh;padding-bottom:0\">\n<div class=\"wp-block-group has-accent-2-color has-accent-1-background-color has-text-color has-background has-link-color wp-elements-35c233ccd91b766ee378b94589f23ff4 is-vertical is-content-justification-center is-layout-flex wp-container-core-group-is-layout-6549e7a0 wp-block-group-is-layout-flex\" style=\"margin-top:0;margin-bottom:0\">\n<figure class=\"wp-block-image size-large\"><img loading=\"lazy\" decoding=\"async\" width=\"1024\" height=\"512\" src=\"https:\/\/www.manteigasmusicfestival.com\/wp-content\/uploads\/2025\/03\/FMV-Manteigas_PT_fundo-verde-1024x512.png\" alt=\"\" class=\"wp-image-165\" srcset=\"https:\/\/www.manteigasmusicfestival.com\/wp-content\/uploads\/2025\/03\/FMV-Manteigas_PT_fundo-verde-1024x512.png 1024w, https:\/\/www.manteigasmusicfestival.com\/wp-content\/uploads\/2025\/03\/FMV-Manteigas_PT_fundo-verde-300x150.png 300w, https:\/\/www.manteigasmusicfestival.com\/wp-content\/uploads\/2025\/03\/FMV-Manteigas_PT_fundo-verde-768x384.png 768w, https:\/\/www.manteigasmusicfestival.com\/wp-content\/uploads\/2025\/03\/FMV-Manteigas_PT_fundo-verde-1536x768.png 1536w, https:\/\/www.manteigasmusicfestival.com\/wp-content\/uploads\/2025\/03\/FMV-Manteigas_PT_fundo-verde-2048x1024.png 2048w, https:\/\/www.manteigasmusicfestival.com\/wp-content\/uploads\/2025\/03\/FMV-Manteigas_PT_fundo-verde-18x9.png 18w\" sizes=\"auto, (max-width: 1024px) 100vw, 1024px\" \/><\/figure>\n\n\n\n<div class=\"wp-block-group is-content-justification-center is-nowrap is-layout-flex wp-container-core-group-is-layout-48c6a05c wp-block-group-is-layout-flex\" style=\"padding-top:var(--wp--preset--spacing--20);padding-right:0;padding-bottom:var(--wp--preset--spacing--20);padding-left:0\">\n<p class=\"has-text-align-center is-style-text-display has-accent-2-color has-text-color has-link-color wp-elements-79b3362ee9f3770c8fb62959ee5e89d3 is-style-text-display--1\" style=\"font-size:clamp(1.25rem, 1.25rem + ((1vw - 0.2rem) * 1.176), 2rem);\"><strong>15 &gt; 22 Aug \u201926<\/strong><\/p>\n<\/div>\n<\/div>\n<\/div>\n<\/div><\/div>\n\n\n\n<div class=\"wp-block-group alignfull has-global-padding is-layout-constrained wp-container-core-group-is-layout-d44f821d wp-block-group-is-layout-constrained\" style=\"margin-top:0;margin-bottom:0;padding-top:var(--wp--preset--spacing--50);padding-bottom:var(--wp--preset--spacing--50)\">\n<figure class=\"wp-block-embed is-type-video is-provider-youtube wp-block-embed-youtube wp-embed-aspect-16-9 wp-has-aspect-ratio\"><div class=\"wp-block-embed__wrapper\">\n<iframe loading=\"lazy\" title=\"FMVM 2025\" width=\"500\" height=\"281\" src=\"https:\/\/www.youtube.com\/embed\/vc2KmfNKNwM?feature=oembed\" frameborder=\"0\" allow=\"accelerometer; autoplay; clipboard-write; encrypted-media; gyroscope; picture-in-picture; web-share\" referrerpolicy=\"strict-origin-when-cross-origin\" allowfullscreen><\/iframe>\n<\/div><\/figure>\n\n\n\n<div class=\"wp-block-group alignwide is-layout-flow wp-container-core-group-is-layout-15ea44a4 wp-block-group-is-layout-flow\">\n<div class=\"wp-block-group alignwide is-vertical is-content-justification-center is-layout-flex wp-container-core-group-is-layout-7add347e wp-block-group-is-layout-flex\" style=\"padding-top:var(--wp--preset--spacing--30);padding-bottom:var(--wp--preset--spacing--30)\">\n<p class=\"has-text-align-center is-style-default has-x-large-font-size\"><strong>Manteigas Summer Music Festival<\/strong><\/p>\n\n\n\n<p class=\"has-text-align-center\">Singing in a choir is a truly unique way of making music: the harmony of so many voices, the privilege of using the human body as an instrument, the demand for individual precision while listening to everyone else, the warmth of human connection, the sense of well-being, and the health benefits\u2026 The pleasures and rewards are endless.<\/p>\n\n\n\n<p class=\"has-text-align-center\">This is the foundation of the Manteigas Summer Music Festival: choral music. For an entire week, we will celebrate it \u2014 singing, rehearsing, and sharing our achievements with the public. We will create bonds through music: among ourselves, with the audience, and with the region that welcomes us: Manteigas.<\/p>\n\n\n\n<p class=\"has-text-align-center translation-block\"><strong>Keywords: Ninth Symphony, <em>a cappella<\/em> music, concerts, excursions, enjoy each other\u2019s company.<\/strong><\/p>\n\n\n\n<p class=\"has-text-align-center\">Join us, come sing in the Festival\u2019s Choir!<\/p>\n<\/div>\n\n\n\n<div class=\"wp-block-group alignfull has-base-color has-accent-2-background-color has-text-color has-background has-link-color has-xx-large-font-size wp-elements-13f1bd53953c2dbec2daf10184792c1b has-global-padding is-layout-constrained wp-container-core-group-is-layout-a6653631 wp-block-group-is-layout-constrained\" style=\"min-height:0px;margin-top:0.9rem;margin-bottom:0;padding-top:var(--wp--preset--spacing--60);padding-bottom:var(--wp--preset--spacing--60)\">\n<p class=\"has-text-align-center\">Updates in progress.<\/p>\n\n\n\n<p class=\"has-text-align-center is-style-default has-base-color has-text-color has-link-color wp-elements-86e05c0822b87dc42cd3618af530b8fa\">More information soon!<\/p>\n<\/div>\n\n\n\n<div class=\"wp-block-group is-layout-grid wp-container-core-group-is-layout-f2e2ae4a wp-block-group-is-layout-grid\">\n<figure class=\"wp-block-image size-large wp-container-content-60aa2092\"><img loading=\"lazy\" decoding=\"async\" width=\"943\" height=\"1024\" src=\"https:\/\/www.manteigasmusicfestival.com\/wp-content\/uploads\/IMG-20260313-WA0000-943x1024.jpg\" alt=\"\" class=\"wp-image-1083\" style=\"aspect-ratio:1;object-fit:cover\" srcset=\"https:\/\/www.manteigasmusicfestival.com\/wp-content\/uploads\/IMG-20260313-WA0000-943x1024.jpg 943w, https:\/\/www.manteigasmusicfestival.com\/wp-content\/uploads\/IMG-20260313-WA0000-276x300.jpg 276w, https:\/\/www.manteigasmusicfestival.com\/wp-content\/uploads\/IMG-20260313-WA0000-768x834.jpg 768w, https:\/\/www.manteigasmusicfestival.com\/wp-content\/uploads\/IMG-20260313-WA0000-11x12.jpg 11w, https:\/\/www.manteigasmusicfestival.com\/wp-content\/uploads\/IMG-20260313-WA0000.jpg 1080w\" sizes=\"auto, (max-width: 943px) 100vw, 943px\" \/><\/figure>\n\n\n<div class=\"wp-block-group has-global-padding is-layout-constrained wp-block-group-is-layout-constrained is-linked\"><a class=\"wp-block-group__link\" href=\"https:\/\/www.manteigasmusicfestival.com\/en\/symphony-no-9\/\" target=\"_self\" rel=\"follow\" aria-hidden=\"true\" tabindex=\"-1\">&nbsp;<\/a>\n<div style=\"aspect-ratio:1;min-height:unset;\" class=\"wp-block-cover alignwide has-accent-2-color has-text-color has-link-color has-xx-large-font-size wp-elements-4a011e73db8ed8507ed8721e3dac05be has-aspect-ratio\"><span aria-hidden=\"true\" class=\"wp-block-cover__background has-accent-3-background-color has-background-dim-100 has-background-dim\"><\/span><div class=\"wp-block-cover__inner-container is-layout-flow wp-container-core-cover-is-layout-8a368f38 wp-block-cover-is-layout-flow\">\n<div class=\"wp-block-group has-large-font-size is-vertical is-content-justification-center is-layout-flex wp-container-core-group-is-layout-ce155fab wp-block-group-is-layout-flex\">\n<p class=\"has-text-align-center is-style-default has-base-color has-text-color has-link-color wp-elements-be4bff3fd8d2dd7cba8eec229cb3753e\" style=\"font-size:clamp(1.453rem, 1.453rem + ((1vw - 0.2rem) * 1.485), 2.4rem);\">Symphony<br>No. 9<\/p>\n\n\n\n<p class=\"has-text-align-center is-style-default has-base-color has-text-color has-link-color wp-elements-308b45ef8545670531266466c7d663df\" style=\"font-size:clamp(1.25rem, 1.25rem + ((1vw - 0.2rem) * 1.176), 2rem);\">Beethoven<\/p>\n<\/div>\n<\/div><\/div>\n<\/div>\n\n\n<div class=\"wp-block-group has-global-padding is-layout-constrained wp-block-group-is-layout-constrained is-linked\"><a class=\"wp-block-group__link\" href=\"https:\/\/www.manteigasmusicfestival.com\/en\/festival\/\" target=\"_self\" rel=\"follow\" aria-hidden=\"true\" tabindex=\"-1\">&nbsp;<\/a>\n<div style=\"aspect-ratio:1;min-height:unset;\" class=\"wp-block-cover is-light has-aspect-ratio\"><span aria-hidden=\"true\" class=\"wp-block-cover__background has-accent-1-background-color has-background-dim-100 has-background-dim\"><\/span><div class=\"wp-block-cover__inner-container has-global-padding is-layout-constrained wp-block-cover-is-layout-constrained\">\n<p class=\"has-text-align-center\" style=\"font-size:clamp(1.453rem, 1.453rem + ((1vw - 0.2rem) * 1.485), 2.4rem);\">Festival<\/p>\n<\/div><\/div>\n<\/div>\n\n\n\n<figure class=\"wp-block-image size-full\"><img loading=\"lazy\" decoding=\"async\" width=\"1024\" height=\"683\" src=\"https:\/\/www.manteigasmusicfestival.com\/wp-content\/uploads\/20240421_OFP_MAHLER_Concerto_036-scaled-1-edited-1024x683-1.jpg\" alt=\"\" class=\"wp-image-1142\" style=\"aspect-ratio:1;object-fit:cover\" srcset=\"https:\/\/www.manteigasmusicfestival.com\/wp-content\/uploads\/20240421_OFP_MAHLER_Concerto_036-scaled-1-edited-1024x683-1.jpg 1024w, https:\/\/www.manteigasmusicfestival.com\/wp-content\/uploads\/20240421_OFP_MAHLER_Concerto_036-scaled-1-edited-1024x683-1-300x200.jpg 300w, https:\/\/www.manteigasmusicfestival.com\/wp-content\/uploads\/20240421_OFP_MAHLER_Concerto_036-scaled-1-edited-1024x683-1-768x512.jpg 768w, https:\/\/www.manteigasmusicfestival.com\/wp-content\/uploads\/20240421_OFP_MAHLER_Concerto_036-scaled-1-edited-1024x683-1-18x12.jpg 18w\" sizes=\"auto, (max-width: 1024px) 100vw, 1024px\" \/><\/figure>\n\n\n<div class=\"wp-block-group has-global-padding is-layout-constrained wp-block-group-is-layout-constrained is-linked\"><a class=\"wp-block-group__link\" href=\"https:\/\/www.manteigasmusicfestival.com\/en\/programacao\/\" target=\"_self\" rel=\"follow\" aria-hidden=\"true\" tabindex=\"-1\">&nbsp;<\/a>\n<div style=\"aspect-ratio:1;min-height:unset;\" class=\"wp-block-cover is-light has-aspect-ratio\"><span aria-hidden=\"true\" class=\"wp-block-cover__background has-accent-1-background-color has-background-dim-100 has-background-dim\"><\/span><div class=\"wp-block-cover__inner-container has-global-padding is-layout-constrained wp-block-cover-is-layout-constrained\">\n<p class=\"has-text-align-center has-contrast-color has-text-color has-link-color wp-elements-64977a1f8bf3615185e89bd8575eec63\" style=\"font-size:clamp(1.453rem, 1.453rem + ((1vw - 0.2rem) * 1.485), 2.4rem);\">Programme<\/p>\n<\/div><\/div>\n<\/div>\n\n\n\n<div style=\"aspect-ratio:1;min-height:unset;\" class=\"wp-block-cover has-contrast-color has-text-color has-link-color has-medium-font-size wp-elements-bf6352f3a6a4475dc320353bfc2dc473 has-aspect-ratio\"><img loading=\"lazy\" decoding=\"async\" width=\"636\" height=\"422\" class=\"wp-block-cover__image-background wp-image-186 size-full\" alt=\"\" src=\"https:\/\/www.manteigasmusicfestival.com\/wp-content\/uploads\/2025\/03\/Copia-de-Foto-maestro-1.jpg\" data-object-fit=\"cover\" srcset=\"https:\/\/www.manteigasmusicfestival.com\/wp-content\/uploads\/2025\/03\/Copia-de-Foto-maestro-1.jpg 636w, https:\/\/www.manteigasmusicfestival.com\/wp-content\/uploads\/2025\/03\/Copia-de-Foto-maestro-1-300x199.jpg 300w\" sizes=\"auto, (max-width: 636px) 100vw, 636px\" \/><span aria-hidden=\"true\" class=\"wp-block-cover__background has-background-dim-0 has-background-dim\" style=\"background-color:#273626\"><\/span><div class=\"wp-block-cover__inner-container is-layout-flow wp-block-cover-is-layout-flow\">\n<p class=\"has-text-align-center has-large-font-size\"><\/p>\n<\/div><\/div>\n\n\n\n<div style=\"aspect-ratio:1;min-height:unset;\" class=\"wp-block-cover has-contrast-color has-text-color has-link-color has-medium-font-size wp-elements-e6e83fc70745d031002e507cef67f501 wp-container-content-7f67d5ee has-aspect-ratio\"><img loading=\"lazy\" decoding=\"async\" width=\"2048\" height=\"807\" class=\"wp-block-cover__image-background wp-image-943 size-full\" alt=\"\" src=\"https:\/\/www.manteigasmusicfestival.com\/wp-content\/uploads\/Copia-de-Foto-CSLC.jpg\" data-object-fit=\"cover\" srcset=\"https:\/\/www.manteigasmusicfestival.com\/wp-content\/uploads\/Copia-de-Foto-CSLC.jpg 2048w, https:\/\/www.manteigasmusicfestival.com\/wp-content\/uploads\/Copia-de-Foto-CSLC-300x118.jpg 300w, https:\/\/www.manteigasmusicfestival.com\/wp-content\/uploads\/Copia-de-Foto-CSLC-1024x404.jpg 1024w, https:\/\/www.manteigasmusicfestival.com\/wp-content\/uploads\/Copia-de-Foto-CSLC-768x303.jpg 768w, https:\/\/www.manteigasmusicfestival.com\/wp-content\/uploads\/Copia-de-Foto-CSLC-1536x605.jpg 1536w, https:\/\/www.manteigasmusicfestival.com\/wp-content\/uploads\/Copia-de-Foto-CSLC-18x7.jpg 18w\" sizes=\"auto, (max-width: 2048px) 100vw, 2048px\" \/><span aria-hidden=\"true\" class=\"wp-block-cover__background has-background-dim-0 has-background-dim\" style=\"background-color:#493127\"><\/span><div class=\"wp-block-cover__inner-container is-layout-flow wp-block-cover-is-layout-flow\">\n<p class=\"has-text-align-center has-large-font-size\"><\/p>\n<\/div><\/div>\n\n\n<div class=\"wp-block-group has-global-padding is-layout-constrained wp-block-group-is-layout-constrained is-linked\"><a class=\"wp-block-group__link\" href=\"https:\/\/www.manteigasmusicfestival.com\/en\/manteigas\/\" target=\"_self\" rel=\"follow\" aria-hidden=\"true\" tabindex=\"-1\">&nbsp;<\/a>\n<div style=\"aspect-ratio:1;min-height:unset;\" class=\"wp-block-cover is-light has-aspect-ratio\"><span aria-hidden=\"true\" class=\"wp-block-cover__background has-accent-2-background-color has-background-dim-100 has-background-dim\"><\/span><div class=\"wp-block-cover__inner-container has-global-padding is-layout-constrained wp-block-cover-is-layout-constrained\">\n<p class=\"has-text-align-center has-base-color has-text-color has-link-color wp-elements-4de3ec8c1210180b12aa0b7a81efe733\" style=\"font-size:clamp(1.453rem, 1.453rem + ((1vw - 0.2rem) * 1.485), 2.4rem);\">Manteigas<\/p>\n<\/div><\/div>\n<\/div>\n<\/div>\n<\/div>\n<\/div>\n\n\n\n<p><\/p>","protected":false},"excerpt":{"rendered":"<p>O Festival de M\u00fasica de Ver\u00e3o de Manteigas Cantar em coro \u00e9 uma forma \u00edmpar de fazer m\u00fasica: a sintonia entre tantas vozes, o privil\u00e9gio de fazermos uso do instrumento que \u00e9 o corpo humano, a exig\u00eancia de rigor individual enquanto se \u00abescuta o outro\u00bb (tantos outros!), o calor humano, o bem-estar e a sa\u00fade\u2026 [&hellip;]<\/p>\n","protected":false},"author":1,"featured_media":0,"parent":0,"menu_order":1,"comment_status":"closed","ping_status":"closed","template":"page-no-title","meta":{"footnotes":""},"folder":[],"class_list":["post-2","page","type-page","status-publish","hentry"],"yoast_head":"<!-- This site is optimized with the Yoast SEO plugin v27.1.1 - https:\/\/yoast.com\/product\/yoast-seo-wordpress\/ -->\n<title>In\u00edcio - Festival de M\u00fasica de Ver\u00e3o de Manteigas<\/title>\n<meta name=\"robots\" content=\"index, follow, max-snippet:-1, max-image-preview:large, max-video-preview:-1\" \/>\n<link rel=\"canonical\" href=\"https:\/\/www.manteigasmusicfestival.com\/en\/\" \/>\n<meta property=\"og:locale\" content=\"en_GB\" \/>\n<meta property=\"og:type\" content=\"article\" \/>\n<meta property=\"og:title\" content=\"In\u00edcio - Festival de M\u00fasica de Ver\u00e3o de Manteigas\" \/>\n<meta property=\"og:description\" content=\"O Festival de M\u00fasica de Ver\u00e3o de Manteigas Cantar em coro \u00e9 uma forma \u00edmpar de fazer m\u00fasica: a sintonia entre tantas vozes, o privil\u00e9gio de fazermos uso do instrumento que \u00e9 o corpo humano, a exig\u00eancia de rigor individual enquanto se \u00abescuta o outro\u00bb (tantos outros!), o calor humano, o bem-estar e a sa\u00fade\u2026 [&hellip;]\" \/>\n<meta property=\"og:url\" content=\"https:\/\/www.manteigasmusicfestival.com\/en\/\" \/>\n<meta property=\"og:site_name\" content=\"Festival de M\u00fasica de Ver\u00e3o de Manteigas\" \/>\n<meta property=\"article:publisher\" content=\"https:\/\/www.facebook.com\/p\/CORO-SINFNICO-LISBOA-CANTAT-100063495156162\" \/>\n<meta property=\"article:modified_time\" content=\"2026-03-22T19:29:31+00:00\" \/>\n<meta property=\"og:image\" content=\"https:\/\/www.manteigasmusicfestival.com\/wp-content\/uploads\/2025\/03\/FMV-Manteigas_PT_fundo-verde.png\" \/>\n\t<meta property=\"og:image:width\" content=\"5000\" \/>\n\t<meta property=\"og:image:height\" content=\"2500\" \/>\n\t<meta property=\"og:image:type\" content=\"image\/png\" \/>\n<meta name=\"twitter:card\" content=\"summary_large_image\" \/>\n<meta name=\"twitter:label1\" content=\"Estimated reading time\" \/>\n\t<meta name=\"twitter:data1\" content=\"2 minutes\" \/>\n<script type=\"application\/ld+json\" class=\"yoast-schema-graph\">{\"@context\":\"https:\/\/schema.org\",\"@graph\":[{\"@type\":\"WebPage\",\"@id\":\"https:\/\/www.manteigasmusicfestival.com\/\",\"url\":\"https:\/\/www.manteigasmusicfestival.com\/\",\"name\":\"In\u00edcio - Festival de M\u00fasica de Ver\u00e3o de Manteigas\",\"isPartOf\":{\"@id\":\"https:\/\/www.manteigasmusicfestival.com\/#website\"},\"primaryImageOfPage\":{\"@id\":\"https:\/\/www.manteigasmusicfestival.com\/#primaryimage\"},\"image\":{\"@id\":\"https:\/\/www.manteigasmusicfestival.com\/#primaryimage\"},\"thumbnailUrl\":\"https:\/\/www.manteigasmusicfestival.com\/wp-content\/uploads\/2025\/03\/FMV-Manteigas_PT_fundo-verde-1024x512.png\",\"datePublished\":\"2025-03-10T22:24:33+00:00\",\"dateModified\":\"2026-03-22T19:29:31+00:00\",\"breadcrumb\":{\"@id\":\"https:\/\/www.manteigasmusicfestival.com\/#breadcrumb\"},\"inLanguage\":\"en-GB\",\"potentialAction\":[{\"@type\":\"ReadAction\",\"target\":[\"https:\/\/www.manteigasmusicfestival.com\/\"]}]},{\"@type\":\"ImageObject\",\"inLanguage\":\"en-GB\",\"@id\":\"https:\/\/www.manteigasmusicfestival.com\/#primaryimage\",\"url\":\"https:\/\/www.manteigasmusicfestival.com\/wp-content\/uploads\/2025\/03\/FMV-Manteigas_PT_fundo-verde-1024x512.png\",\"contentUrl\":\"https:\/\/www.manteigasmusicfestival.com\/wp-content\/uploads\/2025\/03\/FMV-Manteigas_PT_fundo-verde-1024x512.png\"},{\"@type\":\"BreadcrumbList\",\"@id\":\"https:\/\/www.manteigasmusicfestival.com\/#breadcrumb\",\"itemListElement\":[{\"@type\":\"ListItem\",\"position\":1,\"name\":\"Home\",\"item\":\"https:\/\/www.manteigasmusicfestival.com\/\"},{\"@type\":\"ListItem\",\"position\":2,\"name\":\"In\u00edcio\"}]},{\"@type\":\"WebSite\",\"@id\":\"https:\/\/www.manteigasmusicfestival.com\/#website\",\"url\":\"https:\/\/www.manteigasmusicfestival.com\/\",\"name\":\"Festival de M\u00fasica de Ver\u00e3o de Manteigas\",\"description\":\"Choral music in the heart of Serra da Estrela.\",\"publisher\":{\"@id\":\"https:\/\/www.manteigasmusicfestival.com\/#organization\"},\"potentialAction\":[{\"@type\":\"SearchAction\",\"target\":{\"@type\":\"EntryPoint\",\"urlTemplate\":\"https:\/\/www.manteigasmusicfestival.com\/?s={search_term_string}\"},\"query-input\":{\"@type\":\"PropertyValueSpecification\",\"valueRequired\":true,\"valueName\":\"search_term_string\"}}],\"inLanguage\":\"en-GB\"},{\"@type\":\"Organization\",\"@id\":\"https:\/\/www.manteigasmusicfestival.com\/#organization\",\"name\":\"Festival de M\u00fasica de Ver\u00e3o de Manteigas\",\"url\":\"https:\/\/www.manteigasmusicfestival.com\/\",\"logo\":{\"@type\":\"ImageObject\",\"inLanguage\":\"en-GB\",\"@id\":\"https:\/\/www.manteigasmusicfestival.com\/#\/schema\/logo\/image\/\",\"url\":\"https:\/\/www.manteigasmusicfestival.com\/wp-content\/uploads\/2025\/03\/FMV-Manteigas_PT_fundo-verde.png\",\"contentUrl\":\"https:\/\/www.manteigasmusicfestival.com\/wp-content\/uploads\/2025\/03\/FMV-Manteigas_PT_fundo-verde.png\",\"width\":5000,\"height\":2500,\"caption\":\"Festival de M\u00fasica de Ver\u00e3o de Manteigas\"},\"image\":{\"@id\":\"https:\/\/www.manteigasmusicfestival.com\/#\/schema\/logo\/image\/\"},\"sameAs\":[\"https:\/\/www.facebook.com\/p\/CORO-SINFNICO-LISBOA-CANTAT-100063495156162\",\"https:\/\/www.instagram.com\/corosinfonico.lisboacantat\/\"]}]}<\/script>\n<!-- \/ Yoast SEO plugin. -->","yoast_head_json":{"title":"In\u00edcio - Festival de M\u00fasica de Ver\u00e3o de Manteigas","robots":{"index":"index","follow":"follow","max-snippet":"max-snippet:-1","max-image-preview":"max-image-preview:large","max-video-preview":"max-video-preview:-1"},"canonical":"https:\/\/www.manteigasmusicfestival.com\/en\/","og_locale":"en_GB","og_type":"article","og_title":"In\u00edcio - Festival de M\u00fasica de Ver\u00e3o de Manteigas","og_description":"O Festival de M\u00fasica de Ver\u00e3o de Manteigas Cantar em coro \u00e9 uma forma \u00edmpar de fazer m\u00fasica: a sintonia entre tantas vozes, o privil\u00e9gio de fazermos uso do instrumento que \u00e9 o corpo humano, a exig\u00eancia de rigor individual enquanto se \u00abescuta o outro\u00bb (tantos outros!), o calor humano, o bem-estar e a sa\u00fade\u2026 [&hellip;]","og_url":"https:\/\/www.manteigasmusicfestival.com\/en\/","og_site_name":"Festival de M\u00fasica de Ver\u00e3o de Manteigas","article_publisher":"https:\/\/www.facebook.com\/p\/CORO-SINFNICO-LISBOA-CANTAT-100063495156162","article_modified_time":"2026-03-22T19:29:31+00:00","og_image":[{"width":5000,"height":2500,"url":"https:\/\/www.manteigasmusicfestival.com\/wp-content\/uploads\/2025\/03\/FMV-Manteigas_PT_fundo-verde.png","type":"image\/png"}],"twitter_card":"summary_large_image","twitter_misc":{"Estimated reading time":"2 minutes"},"schema":{"@context":"https:\/\/schema.org","@graph":[{"@type":"WebPage","@id":"https:\/\/www.manteigasmusicfestival.com\/","url":"https:\/\/www.manteigasmusicfestival.com\/","name":"In\u00edcio - Festival de M\u00fasica de Ver\u00e3o de Manteigas","isPartOf":{"@id":"https:\/\/www.manteigasmusicfestival.com\/#website"},"primaryImageOfPage":{"@id":"https:\/\/www.manteigasmusicfestival.com\/#primaryimage"},"image":{"@id":"https:\/\/www.manteigasmusicfestival.com\/#primaryimage"},"thumbnailUrl":"https:\/\/www.manteigasmusicfestival.com\/wp-content\/uploads\/2025\/03\/FMV-Manteigas_PT_fundo-verde-1024x512.png","datePublished":"2025-03-10T22:24:33+00:00","dateModified":"2026-03-22T19:29:31+00:00","breadcrumb":{"@id":"https:\/\/www.manteigasmusicfestival.com\/#breadcrumb"},"inLanguage":"en-GB","potentialAction":[{"@type":"ReadAction","target":["https:\/\/www.manteigasmusicfestival.com\/"]}]},{"@type":"ImageObject","inLanguage":"en-GB","@id":"https:\/\/www.manteigasmusicfestival.com\/#primaryimage","url":"https:\/\/www.manteigasmusicfestival.com\/wp-content\/uploads\/2025\/03\/FMV-Manteigas_PT_fundo-verde-1024x512.png","contentUrl":"https:\/\/www.manteigasmusicfestival.com\/wp-content\/uploads\/2025\/03\/FMV-Manteigas_PT_fundo-verde-1024x512.png"},{"@type":"BreadcrumbList","@id":"https:\/\/www.manteigasmusicfestival.com\/#breadcrumb","itemListElement":[{"@type":"ListItem","position":1,"name":"Home","item":"https:\/\/www.manteigasmusicfestival.com\/"},{"@type":"ListItem","position":2,"name":"In\u00edcio"}]},{"@type":"WebSite","@id":"https:\/\/www.manteigasmusicfestival.com\/#website","url":"https:\/\/www.manteigasmusicfestival.com\/","name":"Manteigas Summer Music Festival","description":"Choral music in the heart of Serra da Estrela.","publisher":{"@id":"https:\/\/www.manteigasmusicfestival.com\/#organization"},"potentialAction":[{"@type":"SearchAction","target":{"@type":"EntryPoint","urlTemplate":"https:\/\/www.manteigasmusicfestival.com\/?s={search_term_string}"},"query-input":{"@type":"PropertyValueSpecification","valueRequired":true,"valueName":"search_term_string"}}],"inLanguage":"en-GB"},{"@type":"Organization","@id":"https:\/\/www.manteigasmusicfestival.com\/#organization","name":"Manteigas Summer Music Festival","url":"https:\/\/www.manteigasmusicfestival.com\/","logo":{"@type":"ImageObject","inLanguage":"en-GB","@id":"https:\/\/www.manteigasmusicfestival.com\/#\/schema\/logo\/image\/","url":"https:\/\/www.manteigasmusicfestival.com\/wp-content\/uploads\/2025\/03\/FMV-Manteigas_PT_fundo-verde.png","contentUrl":"https:\/\/www.manteigasmusicfestival.com\/wp-content\/uploads\/2025\/03\/FMV-Manteigas_PT_fundo-verde.png","width":5000,"height":2500,"caption":"Festival de M\u00fasica de Ver\u00e3o de Manteigas"},"image":{"@id":"https:\/\/www.manteigasmusicfestival.com\/#\/schema\/logo\/image\/"},"sameAs":["https:\/\/www.facebook.com\/p\/CORO-SINFNICO-LISBOA-CANTAT-100063495156162","https:\/\/www.instagram.com\/corosinfonico.lisboacantat\/"]}]}},"_links":{"self":[{"href":"https:\/\/www.manteigasmusicfestival.com\/en\/wp-json\/wp\/v2\/pages\/2","targetHints":{"allow":["GET"]}}],"collection":[{"href":"https:\/\/www.manteigasmusicfestival.com\/en\/wp-json\/wp\/v2\/pages"}],"about":[{"href":"https:\/\/www.manteigasmusicfestival.com\/en\/wp-json\/wp\/v2\/types\/page"}],"author":[{"embeddable":true,"href":"https:\/\/www.manteigasmusicfestival.com\/en\/wp-json\/wp\/v2\/users\/1"}],"replies":[{"embeddable":true,"href":"https:\/\/www.manteigasmusicfestival.com\/en\/wp-json\/wp\/v2\/comments?post=2"}],"version-history":[{"count":122,"href":"https:\/\/www.manteigasmusicfestival.com\/en\/wp-json\/wp\/v2\/pages\/2\/revisions"}],"predecessor-version":[{"id":1161,"href":"https:\/\/www.manteigasmusicfestival.com\/en\/wp-json\/wp\/v2\/pages\/2\/revisions\/1161"}],"wp:attachment":[{"href":"https:\/\/www.manteigasmusicfestival.com\/en\/wp-json\/wp\/v2\/media?parent=2"}],"wp:term":[{"taxonomy":"folder","embeddable":true,"href":"https:\/\/www.manteigasmusicfestival.com\/en\/wp-json\/wp\/v2\/folder?post=2"}],"curies":[{"name":"wp","href":"https:\/\/api.w.org\/{rel}","templated":true}]}}