{"id":262,"date":"2025-03-22T16:15:09","date_gmt":"2025-03-22T16:15:09","guid":{"rendered":"https:\/\/www.manteigasmusicfestival.com\/?page_id=262"},"modified":"2025-05-20T08:37:57","modified_gmt":"2025-05-20T08:37:57","slug":"manteigas","status":"publish","type":"page","link":"https:\/\/www.manteigasmusicfestival.com\/en\/manteigas\/","title":{"rendered":"Manteigas"},"content":{"rendered":"<div class=\"wp-block-group alignwide has-global-padding is-layout-constrained wp-block-group-is-layout-constrained\" style=\"margin-top:var(--wp--preset--spacing--40);margin-bottom:var(--wp--preset--spacing--40);padding-top:0;padding-bottom:0\">\n<figure class=\"wp-block-image alignwide\"><img loading=\"lazy\" decoding=\"async\" width=\"2560\" height=\"1917\" src=\"https:\/\/www.manteigasmusicfestival.com\/wp-content\/uploads\/Foto-3-scaled.jpg\" alt=\"\" class=\"wp-image-851\" srcset=\"https:\/\/www.manteigasmusicfestival.com\/wp-content\/uploads\/Foto-3-scaled.jpg 2560w, https:\/\/www.manteigasmusicfestival.com\/wp-content\/uploads\/Foto-3-300x225.jpg 300w, https:\/\/www.manteigasmusicfestival.com\/wp-content\/uploads\/Foto-3-1024x767.jpg 1024w, https:\/\/www.manteigasmusicfestival.com\/wp-content\/uploads\/Foto-3-768x575.jpg 768w, https:\/\/www.manteigasmusicfestival.com\/wp-content\/uploads\/Foto-3-1536x1150.jpg 1536w, https:\/\/www.manteigasmusicfestival.com\/wp-content\/uploads\/Foto-3-2048x1534.jpg 2048w, https:\/\/www.manteigasmusicfestival.com\/wp-content\/uploads\/Foto-3-16x12.jpg 16w\" sizes=\"auto, (max-width: 2560px) 100vw, 2560px\" \/><figcaption class=\"wp-element-caption\">Town of Manteigas \u00a9 Leonardo Rosa<\/figcaption><\/figure>\n<\/div>\n\n\n\n<div class=\"wp-block-group alignwide is-layout-flow wp-container-core-group-is-layout-396d16cc wp-block-group-is-layout-flow\" style=\"margin-top:var(--wp--preset--spacing--60);margin-bottom:var(--wp--preset--spacing--60);padding-top:0;padding-bottom:0\">\n<div class=\"wp-block-group alignwide is-layout-flow wp-block-group-is-layout-flow\" style=\"margin-top:0;margin-bottom:0;padding-top:0;padding-bottom:0\">\n<h2 class=\"wp-block-heading has-text-align-left\" style=\"font-size:clamp(1.743rem, 1.743rem + ((1vw - 0.2rem) * 1.972), 3rem);\"><strong>The Town of Manteigas<\/strong><\/h2>\n<\/div>\n\n\n\n<div class=\"wp-block-columns is-layout-flex wp-container-core-columns-is-layout-28f84493 wp-block-columns-is-layout-flex\">\n<div class=\"wp-block-column is-layout-flow wp-block-column-is-layout-flow\">\n<p>Known as the Heart of Serra da Estrela, Manteigas is a town in the district of Guarda, located in the middle of the Z\u00eazere Glacier Valley. Its urban area includes the parishes of Santa Maria and S\u00e3o Pedro, surrounded by a unique natural landscape.&nbsp;<\/p>\n\n\n\n<p>In Manteigas, you can enjoy close contact with nature. The Serra da Estrela Natural Park, a scenery that always accompanies visitors to the town, is the stage for a variety of obligatory stops. From the Faias de S\u00e3o Louren\u00e7o - an extensive forest, (re)known for its bright colours, which change according to the seasons - to the Cov\u00e3o d'Ametade, with its glacial origins - crossed by the River Z\u00eazere and the starting point for various trails - to the C\u00e2ntaros and viewpoints, to landmarks such as the Po\u00e7o do Inferno, a waterfall over 10 metres high. From the curious to the more adventurous, there are trails and discoveries for any nature lover.&nbsp;<\/p>\n<\/div>\n\n\n\n<div class=\"wp-block-column is-layout-flow wp-block-column-is-layout-flow\">\n<figure class=\"wp-block-image aligncenter size-large is-resized\"><img loading=\"lazy\" decoding=\"async\" width=\"1024\" height=\"683\" src=\"https:\/\/www.manteigasmusicfestival.com\/wp-content\/uploads\/Foto-12-1024x683.jpg\" alt=\"\" class=\"wp-image-852\" style=\"width:796px;height:auto\" srcset=\"https:\/\/www.manteigasmusicfestival.com\/wp-content\/uploads\/Foto-12-1024x683.jpg 1024w, https:\/\/www.manteigasmusicfestival.com\/wp-content\/uploads\/Foto-12-300x200.jpg 300w, https:\/\/www.manteigasmusicfestival.com\/wp-content\/uploads\/Foto-12-768x512.jpg 768w, https:\/\/www.manteigasmusicfestival.com\/wp-content\/uploads\/Foto-12-1536x1024.jpg 1536w, https:\/\/www.manteigasmusicfestival.com\/wp-content\/uploads\/Foto-12-2048x1365.jpg 2048w, https:\/\/www.manteigasmusicfestival.com\/wp-content\/uploads\/Foto-12-18x12.jpg 18w\" sizes=\"auto, (max-width: 1024px) 100vw, 1024px\" \/><figcaption class=\"wp-element-caption\">Faias de S\u00e3o Louren\u00e7o \u00a9 Leonardo Rosa<\/figcaption><\/figure>\n<\/div>\n<\/div>\n\n\n\n<div class=\"wp-block-columns is-layout-flex wp-container-core-columns-is-layout-28f84493 wp-block-columns-is-layout-flex\">\n<div class=\"wp-block-column is-layout-flow wp-block-column-is-layout-flow\">\n<p>In addition to the natural landscape, Manteigas stands out for the historical character of its streets and the friendliness of its inhabitants. Walking through the town allows you to observe the religious heritage built in the various churches and chapels, and to visit the local shops that eternalise the traditions and customs of the region.&nbsp;<\/p>\n\n\n\n<p>Its culture is represented by <em>burel<\/em>, a fabric that dates back to ancient stories about the shepherds of Serra da Estrela; stories that are still so present that you can experience them first-hand when you visit the town's factories.<\/p>\n\n\n\n<p>It is also represented by traditional food. From Serra da Estrela cheese to <em>past\u00e9is de feijoca\u00a0<\/em>(runner bean pastries), from <em>esquecidos<\/em> biscuits to <em>bolo de rosas<\/em> (\u2018rose cake\u2019), from\u00a0rye bread to <em>chouri\u00e7a<\/em> (smoked pork sausage) and <em>farinheira<\/em> (flour and pork sausage) - Manteigas offers a wide variety of typical restaurants and caf\u00e9s, ideal for enjoying good flavours in an even better moment of conviviality and\/or relaxation.&nbsp;<\/p>\n<\/div>\n\n\n\n<div class=\"wp-block-column is-layout-flow wp-block-column-is-layout-flow\">\n<figure class=\"wp-block-image aligncenter size-large\"><img loading=\"lazy\" decoding=\"async\" width=\"1024\" height=\"683\" src=\"https:\/\/www.manteigasmusicfestival.com\/wp-content\/uploads\/Foto-4-1024x683.jpg\" alt=\"\" class=\"wp-image-853\" srcset=\"https:\/\/www.manteigasmusicfestival.com\/wp-content\/uploads\/Foto-4-1024x683.jpg 1024w, https:\/\/www.manteigasmusicfestival.com\/wp-content\/uploads\/Foto-4-300x200.jpg 300w, https:\/\/www.manteigasmusicfestival.com\/wp-content\/uploads\/Foto-4-768x512.jpg 768w, https:\/\/www.manteigasmusicfestival.com\/wp-content\/uploads\/Foto-4-1536x1024.jpg 1536w, https:\/\/www.manteigasmusicfestival.com\/wp-content\/uploads\/Foto-4-18x12.jpg 18w, https:\/\/www.manteigasmusicfestival.com\/wp-content\/uploads\/Foto-4.jpg 1620w\" sizes=\"auto, (max-width: 1024px) 100vw, 1024px\" \/><figcaption class=\"wp-element-caption\">Local gastronomy \u00a9 Leonardo Rosa<\/figcaption><\/figure>\n<\/div>\n<\/div>\n\n\n\n<div class=\"wp-block-columns is-layout-flex wp-container-core-columns-is-layout-28f84493 wp-block-columns-is-layout-flex\">\n<div class=\"wp-block-column is-layout-flow wp-block-column-is-layout-flow\">\n<p class=\"is-style-default\">Visit Manteigas for a cosy stay surrounded by unforgettable landscapes and experiences.&nbsp;<\/p>\n<\/div>\n\n\n\n<div class=\"wp-block-column is-layout-flow wp-block-column-is-layout-flow\">\n<figure class=\"wp-block-image aligncenter size-large\"><img loading=\"lazy\" decoding=\"async\" width=\"1024\" height=\"683\" src=\"https:\/\/www.manteigasmusicfestival.com\/wp-content\/uploads\/Foto-19-1024x683.jpg\" alt=\"\" class=\"wp-image-878\" srcset=\"https:\/\/www.manteigasmusicfestival.com\/wp-content\/uploads\/Foto-19-1024x683.jpg 1024w, https:\/\/www.manteigasmusicfestival.com\/wp-content\/uploads\/Foto-19-300x200.jpg 300w, https:\/\/www.manteigasmusicfestival.com\/wp-content\/uploads\/Foto-19-768x512.jpg 768w, https:\/\/www.manteigasmusicfestival.com\/wp-content\/uploads\/Foto-19-1536x1024.jpg 1536w\" sizes=\"auto, (max-width: 1024px) 100vw, 1024px\" \/><figcaption class=\"wp-element-caption\">Pasture \u00a9 Leonardo Rosa<\/figcaption><\/figure>\n<\/div>\n<\/div>\n<\/div>\n\n\n\n<p><\/p>","protected":false},"excerpt":{"rendered":"<p>A Vila de Manteigas Conhecida como o Cora\u00e7\u00e3o da Serra da Estrela, Manteigas \u00e9 uma vila pertencente ao distrito da Guarda, localizada em pleno Vale Glaciar do Z\u00eazere. A sua zona urbana inclui as freguesias de Santa Maria e de S\u00e3o Pedro, envolvidas numa paisagem natural \u00fanica.&nbsp; Em Manteigas, podemos disfrutar de um contacto pr\u00f3ximo [&hellip;]<\/p>\n","protected":false},"author":1,"featured_media":0,"parent":0,"menu_order":5,"comment_status":"closed","ping_status":"closed","template":"page-no-title","meta":{"footnotes":""},"folder":[],"class_list":["post-262","page","type-page","status-publish","hentry"],"yoast_head":"<!-- This site is optimized with the Yoast SEO plugin v27.1.1 - https:\/\/yoast.com\/product\/yoast-seo-wordpress\/ -->\n<title>Manteigas - Festival de M\u00fasica de Ver\u00e3o de Manteigas<\/title>\n<meta name=\"robots\" content=\"index, follow, max-snippet:-1, max-image-preview:large, max-video-preview:-1\" \/>\n<link rel=\"canonical\" href=\"https:\/\/www.manteigasmusicfestival.com\/en\/manteigas\/\" \/>\n<meta property=\"og:locale\" content=\"en_GB\" \/>\n<meta property=\"og:type\" content=\"article\" \/>\n<meta property=\"og:title\" content=\"Manteigas - Festival de M\u00fasica de Ver\u00e3o de Manteigas\" \/>\n<meta property=\"og:description\" content=\"A Vila de Manteigas Conhecida como o Cora\u00e7\u00e3o da Serra da Estrela, Manteigas \u00e9 uma vila pertencente ao distrito da Guarda, localizada em pleno Vale Glaciar do Z\u00eazere. A sua zona urbana inclui as freguesias de Santa Maria e de S\u00e3o Pedro, envolvidas numa paisagem natural \u00fanica.&nbsp; Em Manteigas, podemos disfrutar de um contacto pr\u00f3ximo [&hellip;]\" \/>\n<meta property=\"og:url\" content=\"https:\/\/www.manteigasmusicfestival.com\/en\/manteigas\/\" \/>\n<meta property=\"og:site_name\" content=\"Festival de M\u00fasica de Ver\u00e3o de Manteigas\" \/>\n<meta property=\"article:publisher\" content=\"https:\/\/www.facebook.com\/p\/CORO-SINFNICO-LISBOA-CANTAT-100063495156162\" \/>\n<meta property=\"article:modified_time\" content=\"2025-05-20T08:37:57+00:00\" \/>\n<meta property=\"og:image\" content=\"https:\/\/www.manteigasmusicfestival.com\/wp-content\/uploads\/Foto-3-scaled.jpg\" \/>\n\t<meta property=\"og:image:width\" content=\"2560\" \/>\n\t<meta property=\"og:image:height\" content=\"1917\" \/>\n\t<meta property=\"og:image:type\" content=\"image\/jpeg\" \/>\n<meta name=\"twitter:card\" content=\"summary_large_image\" \/>\n<meta name=\"twitter:label1\" content=\"Estimated reading time\" \/>\n\t<meta name=\"twitter:data1\" content=\"2 minutes\" \/>\n<script type=\"application\/ld+json\" class=\"yoast-schema-graph\">{\"@context\":\"https:\/\/schema.org\",\"@graph\":[{\"@type\":\"WebPage\",\"@id\":\"https:\/\/www.manteigasmusicfestival.com\/manteigas\/\",\"url\":\"https:\/\/www.manteigasmusicfestival.com\/manteigas\/\",\"name\":\"Manteigas - Festival de M\u00fasica de Ver\u00e3o de Manteigas\",\"isPartOf\":{\"@id\":\"https:\/\/www.manteigasmusicfestival.com\/#website\"},\"primaryImageOfPage\":{\"@id\":\"https:\/\/www.manteigasmusicfestival.com\/manteigas\/#primaryimage\"},\"image\":{\"@id\":\"https:\/\/www.manteigasmusicfestival.com\/manteigas\/#primaryimage\"},\"thumbnailUrl\":\"https:\/\/www.manteigasmusicfestival.com\/wp-content\/uploads\/Foto-3-scaled.jpg\",\"datePublished\":\"2025-03-22T16:15:09+00:00\",\"dateModified\":\"2025-05-20T08:37:57+00:00\",\"breadcrumb\":{\"@id\":\"https:\/\/www.manteigasmusicfestival.com\/manteigas\/#breadcrumb\"},\"inLanguage\":\"en-GB\",\"potentialAction\":[{\"@type\":\"ReadAction\",\"target\":[\"https:\/\/www.manteigasmusicfestival.com\/manteigas\/\"]}]},{\"@type\":\"ImageObject\",\"inLanguage\":\"en-GB\",\"@id\":\"https:\/\/www.manteigasmusicfestival.com\/manteigas\/#primaryimage\",\"url\":\"https:\/\/www.manteigasmusicfestival.com\/wp-content\/uploads\/Foto-3-scaled.jpg\",\"contentUrl\":\"https:\/\/www.manteigasmusicfestival.com\/wp-content\/uploads\/Foto-3-scaled.jpg\"},{\"@type\":\"BreadcrumbList\",\"@id\":\"https:\/\/www.manteigasmusicfestival.com\/manteigas\/#breadcrumb\",\"itemListElement\":[{\"@type\":\"ListItem\",\"position\":1,\"name\":\"Home\",\"item\":\"https:\/\/www.manteigasmusicfestival.com\/\"},{\"@type\":\"ListItem\",\"position\":2,\"name\":\"Manteigas\"}]},{\"@type\":\"WebSite\",\"@id\":\"https:\/\/www.manteigasmusicfestival.com\/#website\",\"url\":\"https:\/\/www.manteigasmusicfestival.com\/\",\"name\":\"Festival de M\u00fasica de Ver\u00e3o de Manteigas\",\"description\":\"Choral music in the heart of Serra da Estrela.\",\"publisher\":{\"@id\":\"https:\/\/www.manteigasmusicfestival.com\/#organization\"},\"potentialAction\":[{\"@type\":\"SearchAction\",\"target\":{\"@type\":\"EntryPoint\",\"urlTemplate\":\"https:\/\/www.manteigasmusicfestival.com\/?s={search_term_string}\"},\"query-input\":{\"@type\":\"PropertyValueSpecification\",\"valueRequired\":true,\"valueName\":\"search_term_string\"}}],\"inLanguage\":\"en-GB\"},{\"@type\":\"Organization\",\"@id\":\"https:\/\/www.manteigasmusicfestival.com\/#organization\",\"name\":\"Festival de M\u00fasica de Ver\u00e3o de Manteigas\",\"url\":\"https:\/\/www.manteigasmusicfestival.com\/\",\"logo\":{\"@type\":\"ImageObject\",\"inLanguage\":\"en-GB\",\"@id\":\"https:\/\/www.manteigasmusicfestival.com\/#\/schema\/logo\/image\/\",\"url\":\"https:\/\/www.manteigasmusicfestival.com\/wp-content\/uploads\/2025\/03\/FMV-Manteigas_PT_fundo-verde.png\",\"contentUrl\":\"https:\/\/www.manteigasmusicfestival.com\/wp-content\/uploads\/2025\/03\/FMV-Manteigas_PT_fundo-verde.png\",\"width\":5000,\"height\":2500,\"caption\":\"Festival de M\u00fasica de Ver\u00e3o de Manteigas\"},\"image\":{\"@id\":\"https:\/\/www.manteigasmusicfestival.com\/#\/schema\/logo\/image\/\"},\"sameAs\":[\"https:\/\/www.facebook.com\/p\/CORO-SINFNICO-LISBOA-CANTAT-100063495156162\",\"https:\/\/www.instagram.com\/corosinfonico.lisboacantat\/\"]}]}<\/script>\n<!-- \/ Yoast SEO plugin. -->","yoast_head_json":{"title":"Manteigas - Festival de M\u00fasica de Ver\u00e3o de Manteigas","robots":{"index":"index","follow":"follow","max-snippet":"max-snippet:-1","max-image-preview":"max-image-preview:large","max-video-preview":"max-video-preview:-1"},"canonical":"https:\/\/www.manteigasmusicfestival.com\/en\/manteigas\/","og_locale":"en_GB","og_type":"article","og_title":"Manteigas - Festival de M\u00fasica de Ver\u00e3o de Manteigas","og_description":"A Vila de Manteigas Conhecida como o Cora\u00e7\u00e3o da Serra da Estrela, Manteigas \u00e9 uma vila pertencente ao distrito da Guarda, localizada em pleno Vale Glaciar do Z\u00eazere. A sua zona urbana inclui as freguesias de Santa Maria e de S\u00e3o Pedro, envolvidas numa paisagem natural \u00fanica.&nbsp; Em Manteigas, podemos disfrutar de um contacto pr\u00f3ximo [&hellip;]","og_url":"https:\/\/www.manteigasmusicfestival.com\/en\/manteigas\/","og_site_name":"Festival de M\u00fasica de Ver\u00e3o de Manteigas","article_publisher":"https:\/\/www.facebook.com\/p\/CORO-SINFNICO-LISBOA-CANTAT-100063495156162","article_modified_time":"2025-05-20T08:37:57+00:00","og_image":[{"width":2560,"height":1917,"url":"https:\/\/www.manteigasmusicfestival.com\/wp-content\/uploads\/Foto-3-scaled.jpg","type":"image\/jpeg"}],"twitter_card":"summary_large_image","twitter_misc":{"Estimated reading time":"2 minutes"},"schema":{"@context":"https:\/\/schema.org","@graph":[{"@type":"WebPage","@id":"https:\/\/www.manteigasmusicfestival.com\/manteigas\/","url":"https:\/\/www.manteigasmusicfestival.com\/manteigas\/","name":"Manteigas - Festival de M\u00fasica de Ver\u00e3o de Manteigas","isPartOf":{"@id":"https:\/\/www.manteigasmusicfestival.com\/#website"},"primaryImageOfPage":{"@id":"https:\/\/www.manteigasmusicfestival.com\/manteigas\/#primaryimage"},"image":{"@id":"https:\/\/www.manteigasmusicfestival.com\/manteigas\/#primaryimage"},"thumbnailUrl":"https:\/\/www.manteigasmusicfestival.com\/wp-content\/uploads\/Foto-3-scaled.jpg","datePublished":"2025-03-22T16:15:09+00:00","dateModified":"2025-05-20T08:37:57+00:00","breadcrumb":{"@id":"https:\/\/www.manteigasmusicfestival.com\/manteigas\/#breadcrumb"},"inLanguage":"en-GB","potentialAction":[{"@type":"ReadAction","target":["https:\/\/www.manteigasmusicfestival.com\/manteigas\/"]}]},{"@type":"ImageObject","inLanguage":"en-GB","@id":"https:\/\/www.manteigasmusicfestival.com\/manteigas\/#primaryimage","url":"https:\/\/www.manteigasmusicfestival.com\/wp-content\/uploads\/Foto-3-scaled.jpg","contentUrl":"https:\/\/www.manteigasmusicfestival.com\/wp-content\/uploads\/Foto-3-scaled.jpg"},{"@type":"BreadcrumbList","@id":"https:\/\/www.manteigasmusicfestival.com\/manteigas\/#breadcrumb","itemListElement":[{"@type":"ListItem","position":1,"name":"Home","item":"https:\/\/www.manteigasmusicfestival.com\/"},{"@type":"ListItem","position":2,"name":"Manteigas"}]},{"@type":"WebSite","@id":"https:\/\/www.manteigasmusicfestival.com\/#website","url":"https:\/\/www.manteigasmusicfestival.com\/","name":"Manteigas Summer Music Festival","description":"Choral music in the heart of Serra da Estrela.","publisher":{"@id":"https:\/\/www.manteigasmusicfestival.com\/#organization"},"potentialAction":[{"@type":"SearchAction","target":{"@type":"EntryPoint","urlTemplate":"https:\/\/www.manteigasmusicfestival.com\/?s={search_term_string}"},"query-input":{"@type":"PropertyValueSpecification","valueRequired":true,"valueName":"search_term_string"}}],"inLanguage":"en-GB"},{"@type":"Organization","@id":"https:\/\/www.manteigasmusicfestival.com\/#organization","name":"Manteigas Summer Music Festival","url":"https:\/\/www.manteigasmusicfestival.com\/","logo":{"@type":"ImageObject","inLanguage":"en-GB","@id":"https:\/\/www.manteigasmusicfestival.com\/#\/schema\/logo\/image\/","url":"https:\/\/www.manteigasmusicfestival.com\/wp-content\/uploads\/2025\/03\/FMV-Manteigas_PT_fundo-verde.png","contentUrl":"https:\/\/www.manteigasmusicfestival.com\/wp-content\/uploads\/2025\/03\/FMV-Manteigas_PT_fundo-verde.png","width":5000,"height":2500,"caption":"Festival de M\u00fasica de Ver\u00e3o de Manteigas"},"image":{"@id":"https:\/\/www.manteigasmusicfestival.com\/#\/schema\/logo\/image\/"},"sameAs":["https:\/\/www.facebook.com\/p\/CORO-SINFNICO-LISBOA-CANTAT-100063495156162","https:\/\/www.instagram.com\/corosinfonico.lisboacantat\/"]}]}},"_links":{"self":[{"href":"https:\/\/www.manteigasmusicfestival.com\/en\/wp-json\/wp\/v2\/pages\/262","targetHints":{"allow":["GET"]}}],"collection":[{"href":"https:\/\/www.manteigasmusicfestival.com\/en\/wp-json\/wp\/v2\/pages"}],"about":[{"href":"https:\/\/www.manteigasmusicfestival.com\/en\/wp-json\/wp\/v2\/types\/page"}],"author":[{"embeddable":true,"href":"https:\/\/www.manteigasmusicfestival.com\/en\/wp-json\/wp\/v2\/users\/1"}],"replies":[{"embeddable":true,"href":"https:\/\/www.manteigasmusicfestival.com\/en\/wp-json\/wp\/v2\/comments?post=262"}],"version-history":[{"count":34,"href":"https:\/\/www.manteigasmusicfestival.com\/en\/wp-json\/wp\/v2\/pages\/262\/revisions"}],"predecessor-version":[{"id":881,"href":"https:\/\/www.manteigasmusicfestival.com\/en\/wp-json\/wp\/v2\/pages\/262\/revisions\/881"}],"wp:attachment":[{"href":"https:\/\/www.manteigasmusicfestival.com\/en\/wp-json\/wp\/v2\/media?parent=262"}],"wp:term":[{"taxonomy":"folder","embeddable":true,"href":"https:\/\/www.manteigasmusicfestival.com\/en\/wp-json\/wp\/v2\/folder?post=262"}],"curies":[{"name":"wp","href":"https:\/\/api.w.org\/{rel}","templated":true}]}}