{"id":285,"date":"2025-03-22T18:04:32","date_gmt":"2025-03-22T18:04:32","guid":{"rendered":"https:\/\/www.manteigasmusicfestival.com\/?page_id=285"},"modified":"2026-03-21T16:55:16","modified_gmt":"2026-03-21T16:55:16","slug":"lisboa-cantat","status":"publish","type":"page","link":"https:\/\/www.manteigasmusicfestival.com\/en\/lisboa-cantat\/","title":{"rendered":"Lisboa Cantat"},"content":{"rendered":"<div class=\"wp-block-group alignfull has-global-padding is-layout-constrained wp-block-group-is-layout-constrained\" style=\"margin-top:0;margin-bottom:0;padding-top:var(--wp--preset--spacing--60);padding-bottom:var(--wp--preset--spacing--60)\">\n<div class=\"wp-block-columns alignwide is-layout-flex wp-container-core-columns-is-layout-28f84493 wp-block-columns-is-layout-flex\">\n<div class=\"wp-block-column is-layout-flow wp-block-column-is-layout-flow\" style=\"flex-basis:33.33%\">\n<figure class=\"wp-block-image size-full is-resized wp-container-content-69bc4bdf\"><img loading=\"lazy\" decoding=\"async\" width=\"1919\" height=\"906\" src=\"https:\/\/www.manteigasmusicfestival.com\/wp-content\/uploads\/2025\/03\/foto-Elixir-com-Jorge-CCB-2020-1-1.jpg\" alt=\"\" class=\"wp-image-212\" style=\"aspect-ratio:1;object-fit:cover;width:474px;height:auto\" srcset=\"https:\/\/www.manteigasmusicfestival.com\/wp-content\/uploads\/2025\/03\/foto-Elixir-com-Jorge-CCB-2020-1-1.jpg 1919w, https:\/\/www.manteigasmusicfestival.com\/wp-content\/uploads\/2025\/03\/foto-Elixir-com-Jorge-CCB-2020-1-1-300x142.jpg 300w, https:\/\/www.manteigasmusicfestival.com\/wp-content\/uploads\/2025\/03\/foto-Elixir-com-Jorge-CCB-2020-1-1-1024x483.jpg 1024w, https:\/\/www.manteigasmusicfestival.com\/wp-content\/uploads\/2025\/03\/foto-Elixir-com-Jorge-CCB-2020-1-1-768x363.jpg 768w, https:\/\/www.manteigasmusicfestival.com\/wp-content\/uploads\/2025\/03\/foto-Elixir-com-Jorge-CCB-2020-1-1-1536x725.jpg 1536w\" sizes=\"auto, (max-width: 1919px) 100vw, 1919px\" \/><\/figure>\n<\/div>\n\n\n\n<div class=\"wp-block-column is-layout-flow wp-block-column-is-layout-flow\" style=\"flex-basis:66.66%\">\n<div class=\"wp-block-group is-vertical is-content-justification-left is-layout-flex wp-container-core-group-is-layout-ee8335c6 wp-block-group-is-layout-flex\">\n<div class=\"wp-block-group has-global-padding is-layout-constrained wp-block-group-is-layout-constrained\">\n<h3 class=\"wp-block-heading has-x-large-font-size\">Coro Sinf\u00f3nico Lisboa Cantat<\/h3>\n<\/div>\n\n\n\n<div class=\"wp-block-group has-medium-font-size has-global-padding is-layout-constrained wp-container-core-group-is-layout-12243e0f wp-block-group-is-layout-constrained\">\n<p>The Coro Sinf\u00f3nico Lisboa Cantat (CSLC) was founded in 1977 under the name Coral Caminhos Novos and later renamed Coral Lisboa Cantat. It is one of the choirs of the Associa\u00e7\u00e3o Musical Lisboa Cantat. Over the years, under the direction of Jo\u00e3o Valeriano, Paulo Brand\u00e3o, Rui de Matos and, since 1986, Jorge Carvalho Alves, the choir has deliberately expanded, ultimately achieving its current symphonic formation of around 80 members. Not only has it contributed to the promotion of Portuguese classical music, regularly premiering works by contemporary Portuguese composers, but with this expanded formation, it is able to embrace great challenges, performing demanding repertoires in collaboration with various conductors and orchestras.&nbsp;<\/p>\n\n\n\n<p>On a national level, it has collaborated with the Orquestra Metropolitana de Lisboa, Orquestra Filarm\u00f3nica Portuguesa and Orquestra Sinfonietta de Lisboa, as well as with the Orquestra Cl\u00e1ssica de Espinho, Orquestra Cl\u00e1ssica do Centro, Orquestra Cl\u00e1ssica do Sul, Orquestra de C\u00e2mara da GNR, Orquestra de C\u00e2mara de Cascais e Oeiras, Orquestra do Norte, Orquestra Nacional do Porto, Orquestra Sinf\u00f3nica Juvenil, Orquestra Sinf\u00f3nica Portuguesa and Orquestra XXI. Among its international collaborations, the choir has performed with the Orquestra Filarmonia de Madrid (Spain), the Timisoara Orchestra (Romania), the Warsaw Symphony Orchestra (Poland) and the Royal Philharmonic Concert Orchestra (England).<\/p>\n\n\n\n<p>In Portugal, it has had the privilege of performing in some of the country\u2019s most prestigious concert halls, theatres and churches: Aula Magna of the University of Lisbon, Basilica of Estrela, Casa da M\u00fasica do Porto, Culturgest Main Auditorium, Gulbenkian Foundation Main and Small Auditoriums, CCB Main and Small Auditoriums, S. Francisco Church (Porto), S\u00e3o Roque Church, Alcoba\u00e7a Monastery, Jer\u00f3nimos Monastery, Royal Basilica of Mafra, Lisbon Cathedral, S\u00e9 Nova in Coimbra, Trindade Theatre, S\u00e3o Carlos National Theatre, among many others. It was an associate choir of CCB in the 2010\/2011 season.<\/p>\n\n\n\n<p class=\"translation-block\">The vast and eclectic repertoire performed over the years includes great works of sacred and secular <em>a cappella<\/em> choral music, spanning from the Renaissance to contemporary compositions, with forays into the world of opera and musical theatre, encompassing more than fifty major works for choir and orchestra. Notable performances include the Requiem Masses of G. Verdi, W. A. Mozart, G. Faur\u00e9, J. Brahms, M. Durufl\u00e9 and E. Carrapatoso (world premiere), the <em>Messa di Gloria<\/em> by G. Puccini, the <em>Nelson Mass<\/em>, <em>Theresienmesse<\/em>, <em>The Seasons<\/em> and <em>The Creation<\/em> by J. Haydn, <em>Stabat Mater<\/em> and <em>Petite Messe Solennelle<\/em> by G. Rossini, <em>Carmina Burana<\/em> by C. Orff, Symphonies No. 2, No. 3 and No. 8 by G. Mahler, <em>St. John Passion<\/em>, <em>Christmas Oratorio<\/em> and <em>Easter Oratorio<\/em> by J. S. Bach, Symphony No. 2 by F. Mendelssohn, <em>A Sea Symphony<\/em> by V. Williams, <em>Messiah<\/em> by G. F. H\u00e4ndel, <em>Cantata Verbum Caro<\/em> and <em>Orat\u00f3ria<\/em><em> Popular<\/em> by N. C\u00f4rte-Real (symphonic version premiere and world premiere, respectively), <em>Great Mass in C minor<\/em> and <em>Vesperae<\/em><em> Solennes de Confessore<\/em> by W. A. Mozart, <em>October<\/em> <em>Cantata <\/em>by S. Prokofiev (Portuguese premiere), <em>Cantata para un Silencio<\/em> by D. Schvetz (world premiere), <em>L\u2019Enfance<\/em><em> du Christ<\/em> and <em>Romeo and Juliet<\/em> by H. Berlioz, <em>Missa Solemnis<\/em> and Symphony No. 9 by L. v. Beethoven, <em>1812 Overture<\/em> by S. Rachmaninoff, <em>The Planets<\/em> by G. Holst, <em>Missa Solene em Honra de N.\u00aa Sr.\u00aa de F\u00e1tima<\/em> by Manuel Faria and Joaquim dos Santos. The choir has also participated in productions of <em>L\u2019Elisir<\/em><em> d\u2019Amore<\/em> by G. Donizetti and <em>The Phantom of the Opera<\/em> by A. L. Webber.<\/p>\n\n\n\n<p>The quality of its concert performances owes much to the conductors, both national and international, who have led the choir: Adrian Leaper, Antonio Pirolli, Ant\u00f3nio Vassalo Louren\u00e7o, Brian Schembri, Ces\u00e1rio Costa, Christopher Bochmann, Dinis Sousa, Dmitri Jurowsky, Donato Renzetti, Enrico Onofri, Giampaolo Vessella, Hans-Christoph Rademann, Jo\u00e3o Paulo Santos, Jos\u00e9 Cura, Jos\u00e9 Ferreira Lobo, Laurent Petit-Girard, Leonardo Garc\u00eda Alarc\u00f3n, Manuel Ivo Cruz, Marc Tardue, Martin Andr\u00e9, Michael Zilm, Miguel Gra\u00e7a Moura, Nicholas Kraemer, Olivier Cuendet, Osvaldo Ferreira, Pedro Amaral, Pedro Carneiro, Pedro Neves, Rui Pinheiro, Theodor Guschlbauer, Vasco Pearce de Azevedo and Zolt\u00e1n Pesk\u00f3.<\/p>\n\n\n\n<p class=\"translation-block\">It has partnered with the Choir of the S. Carlos National Theatre for performances of Verdi\u2019s<em> Requiem<\/em>, Sch\u00f6nberg\u2019s<em> G\u00fcrrelieder<\/em>, Liszt\u2019s<em> Faust Symphony<\/em> and Mahler\u2019s Symphony No. 8, and with the Gulbenkian Choir for Sch\u00f6nberg\u2019s<em> G\u00fcrrelieder<\/em>.<\/p>\n\n\n\n<p class=\"translation-block\">In addition to its strong symphonic focus, CSLC also works on <em>a cappella<\/em> repertoire, both national and international. It is committed to the promotion and dissemination of Portuguese music and composers and, in this context, has been recording the complete <em>a cappella<\/em> choral works of Fernando Lopes-Gra\u00e7a, as well as harmonizations written by Portuguese composers from the 20th and 21st centuries.<\/p>\n<\/div>\n\n\n\n<div class=\"wp-block-group has-global-padding is-layout-constrained wp-block-group-is-layout-constrained\">\n<h3 class=\"wp-block-heading has-x-large-font-size\">Associa\u00e7\u00e3o Musical Lisboa Cantat<\/h3>\n<\/div>\n\n\n\n<div class=\"wp-block-group has-medium-font-size has-global-padding is-layout-constrained wp-container-core-group-is-layout-12243e0f wp-block-group-is-layout-constrained\">\n<p>Associa\u00e7\u00e3o Musical Lisboa Cantat (AMLC) is a non-profit cultural association that pursues musical, social, and recreational objectives. Its mission is to promote and disseminate musical culture to the general public in collaboration with professional and amateur musicians from both Portugal and abroad. This activity serves as the foundation for the human and social cohesion of its approximately 180 members, fostering a spirit of camaraderie and shared experiences.<\/p>\n\n\n\n<p>AMLC began its activities in 1977 under the name Coral Caminhos Novos, becoming in 1983 Coral Lisboa Cantat \u2014 a name it retained until 2007. That year, following the creation of two distinct ensembles \u2014 a symphonic choir (Coro Sinf\u00f3nico Lisboa Cantat), inheriting the legacy of Coral Lisboa Cantat, and a chamber choir (Coro de C\u00e2mara Lisboa Cantat) \u2014 its statutes were revised, and it was renamed Associa\u00e7\u00e3o Musical Lisboa Cantat. Over the past 40+ years, it has been a founding member of the Association of Amateur Choirs of the Lisbon Area (ACAAL) and is also affiliated with the International Federation of Choral Music (IFCM).<\/p>\n\n\n\n<p>Al\u00e9m de continuar a promover os dois agrupamentos em atividade h\u00e1 mais tempo, o&nbsp;Coro Sinf\u00f3nico Lisboa Cantat&nbsp;e o&nbsp;Coro de C\u00e2mara Lisboa Cantat, a AMLC quer agora consolidar os mais recentes: o&nbsp;Coro Infantil Lisboa Cantat, a&nbsp;Academia Vocal Lisboa Cantat, e o&nbsp;Coro Juvenil Lisboa Cantat, que se foram juntando ao longo dos anos.<\/p>\n\n\n\n<p>This diversity of ensembles allows AMLC to position itself as an association dedicated to the human voice and the teaching and refinement of the art of singing. It aims to provide opportunities for individuals at all stages of their musical journey \u2014 from young children to mature singers, from experienced performers to beginners \u2014 ensuring that each member can find a space for artistic enjoyment and vocal development.<\/p>\n\n\n\n<p class=\"translation-block\">A major highlight of AMLC\u2019s work is its ambitious project to contribute to the appreciation of Portuguese music, both past and present. AMLC is undertaking a comprehensive recording project of the complete a cappella choral works of Fernando Lopes-Gra\u00e7a, while also showcasing his influence on contemporary composers. As part of this effort, it has already recorded four volumes in the collection \"Compositores Portugueses <span style=\"font-variant: small-caps\">xx\u2013xxi<\/span>\", as well as two volumes in the collection \"Fernando Lopes-Gra\u00e7a \u2013 Obra Coral a cappella\".<\/p>\n\n\n\n<p>Since 2010, AMLC has held the status of a Public Utility Entity.<\/p>\n<\/div>\n<\/div>\n<\/div>\n<\/div>\n<\/div>","protected":false},"excerpt":{"rendered":"<p>Coro Sinf\u00f3nico Lisboa Cantat O Coro Sinf\u00f3nico Lisboa Cantat (CSLC) foi fundado em 1977, com a designa\u00e7\u00e3o Coral Caminhos Novos e, posteriormente, Coral Lisboa Cantat, e \u00e9 um dos coros da Associa\u00e7\u00e3o Musical Lisboa Cantat. Ao longo dos anos, sob a dire\u00e7\u00e3o de Jo\u00e3o Valeriano, Paulo Brand\u00e3o, Rui de Matos e, desde 1986, Jorge Carvalho [&hellip;]<\/p>\n","protected":false},"author":1,"featured_media":0,"parent":0,"menu_order":0,"comment_status":"closed","ping_status":"closed","template":"page-no-title","meta":{"footnotes":""},"folder":[],"class_list":["post-285","page","type-page","status-publish","hentry"],"yoast_head":"<!-- This site is optimized with the Yoast SEO plugin v27.1.1 - https:\/\/yoast.com\/product\/yoast-seo-wordpress\/ -->\n<title>Lisboa Cantat - Festival de M\u00fasica de Ver\u00e3o de Manteigas<\/title>\n<meta name=\"robots\" content=\"index, follow, max-snippet:-1, max-image-preview:large, max-video-preview:-1\" \/>\n<link rel=\"canonical\" href=\"https:\/\/www.manteigasmusicfestival.com\/en\/lisboa-cantat\/\" \/>\n<meta property=\"og:locale\" content=\"en_GB\" \/>\n<meta property=\"og:type\" content=\"article\" \/>\n<meta property=\"og:title\" content=\"Lisboa Cantat - Festival de M\u00fasica de Ver\u00e3o de Manteigas\" \/>\n<meta property=\"og:description\" content=\"Coro Sinf\u00f3nico Lisboa Cantat O Coro Sinf\u00f3nico Lisboa Cantat (CSLC) foi fundado em 1977, com a designa\u00e7\u00e3o Coral Caminhos Novos e, posteriormente, Coral Lisboa Cantat, e \u00e9 um dos coros da Associa\u00e7\u00e3o Musical Lisboa Cantat. Ao longo dos anos, sob a dire\u00e7\u00e3o de Jo\u00e3o Valeriano, Paulo Brand\u00e3o, Rui de Matos e, desde 1986, Jorge Carvalho [&hellip;]\" \/>\n<meta property=\"og:url\" content=\"https:\/\/www.manteigasmusicfestival.com\/en\/lisboa-cantat\/\" \/>\n<meta property=\"og:site_name\" content=\"Festival de M\u00fasica de Ver\u00e3o de Manteigas\" \/>\n<meta property=\"article:publisher\" content=\"https:\/\/www.facebook.com\/p\/CORO-SINFNICO-LISBOA-CANTAT-100063495156162\" \/>\n<meta property=\"article:modified_time\" content=\"2026-03-21T16:55:16+00:00\" \/>\n<meta property=\"og:image\" content=\"https:\/\/www.manteigasmusicfestival.com\/wp-content\/uploads\/2025\/03\/foto-Elixir-com-Jorge-CCB-2020-1-1.jpg\" \/>\n\t<meta property=\"og:image:width\" content=\"1919\" \/>\n\t<meta property=\"og:image:height\" content=\"906\" \/>\n\t<meta property=\"og:image:type\" content=\"image\/jpeg\" \/>\n<meta name=\"twitter:card\" content=\"summary_large_image\" \/>\n<meta name=\"twitter:label1\" content=\"Estimated reading time\" \/>\n\t<meta name=\"twitter:data1\" content=\"6 minutes\" \/>\n<script type=\"application\/ld+json\" class=\"yoast-schema-graph\">{\"@context\":\"https:\/\/schema.org\",\"@graph\":[{\"@type\":\"WebPage\",\"@id\":\"https:\/\/www.manteigasmusicfestival.com\/lisboa-cantat\/\",\"url\":\"https:\/\/www.manteigasmusicfestival.com\/lisboa-cantat\/\",\"name\":\"Lisboa Cantat - Festival de M\u00fasica de Ver\u00e3o de Manteigas\",\"isPartOf\":{\"@id\":\"https:\/\/www.manteigasmusicfestival.com\/#website\"},\"primaryImageOfPage\":{\"@id\":\"https:\/\/www.manteigasmusicfestival.com\/lisboa-cantat\/#primaryimage\"},\"image\":{\"@id\":\"https:\/\/www.manteigasmusicfestival.com\/lisboa-cantat\/#primaryimage\"},\"thumbnailUrl\":\"https:\/\/www.manteigasmusicfestival.com\/wp-content\/uploads\/2025\/03\/foto-Elixir-com-Jorge-CCB-2020-1-1.jpg\",\"datePublished\":\"2025-03-22T18:04:32+00:00\",\"dateModified\":\"2026-03-21T16:55:16+00:00\",\"breadcrumb\":{\"@id\":\"https:\/\/www.manteigasmusicfestival.com\/lisboa-cantat\/#breadcrumb\"},\"inLanguage\":\"en-GB\",\"potentialAction\":[{\"@type\":\"ReadAction\",\"target\":[\"https:\/\/www.manteigasmusicfestival.com\/lisboa-cantat\/\"]}]},{\"@type\":\"ImageObject\",\"inLanguage\":\"en-GB\",\"@id\":\"https:\/\/www.manteigasmusicfestival.com\/lisboa-cantat\/#primaryimage\",\"url\":\"https:\/\/www.manteigasmusicfestival.com\/wp-content\/uploads\/2025\/03\/foto-Elixir-com-Jorge-CCB-2020-1-1.jpg\",\"contentUrl\":\"https:\/\/www.manteigasmusicfestival.com\/wp-content\/uploads\/2025\/03\/foto-Elixir-com-Jorge-CCB-2020-1-1.jpg\"},{\"@type\":\"BreadcrumbList\",\"@id\":\"https:\/\/www.manteigasmusicfestival.com\/lisboa-cantat\/#breadcrumb\",\"itemListElement\":[{\"@type\":\"ListItem\",\"position\":1,\"name\":\"Home\",\"item\":\"https:\/\/www.manteigasmusicfestival.com\/\"},{\"@type\":\"ListItem\",\"position\":2,\"name\":\"Lisboa Cantat\"}]},{\"@type\":\"WebSite\",\"@id\":\"https:\/\/www.manteigasmusicfestival.com\/#website\",\"url\":\"https:\/\/www.manteigasmusicfestival.com\/\",\"name\":\"Festival de M\u00fasica de Ver\u00e3o de Manteigas\",\"description\":\"Choral music in the heart of Serra da Estrela.\",\"publisher\":{\"@id\":\"https:\/\/www.manteigasmusicfestival.com\/#organization\"},\"potentialAction\":[{\"@type\":\"SearchAction\",\"target\":{\"@type\":\"EntryPoint\",\"urlTemplate\":\"https:\/\/www.manteigasmusicfestival.com\/?s={search_term_string}\"},\"query-input\":{\"@type\":\"PropertyValueSpecification\",\"valueRequired\":true,\"valueName\":\"search_term_string\"}}],\"inLanguage\":\"en-GB\"},{\"@type\":\"Organization\",\"@id\":\"https:\/\/www.manteigasmusicfestival.com\/#organization\",\"name\":\"Festival de M\u00fasica de Ver\u00e3o de Manteigas\",\"url\":\"https:\/\/www.manteigasmusicfestival.com\/\",\"logo\":{\"@type\":\"ImageObject\",\"inLanguage\":\"en-GB\",\"@id\":\"https:\/\/www.manteigasmusicfestival.com\/#\/schema\/logo\/image\/\",\"url\":\"https:\/\/www.manteigasmusicfestival.com\/wp-content\/uploads\/2025\/03\/FMV-Manteigas_PT_fundo-verde.png\",\"contentUrl\":\"https:\/\/www.manteigasmusicfestival.com\/wp-content\/uploads\/2025\/03\/FMV-Manteigas_PT_fundo-verde.png\",\"width\":5000,\"height\":2500,\"caption\":\"Festival de M\u00fasica de Ver\u00e3o de Manteigas\"},\"image\":{\"@id\":\"https:\/\/www.manteigasmusicfestival.com\/#\/schema\/logo\/image\/\"},\"sameAs\":[\"https:\/\/www.facebook.com\/p\/CORO-SINFNICO-LISBOA-CANTAT-100063495156162\",\"https:\/\/www.instagram.com\/corosinfonico.lisboacantat\/\"]}]}<\/script>\n<!-- \/ Yoast SEO plugin. -->","yoast_head_json":{"title":"Lisboa Cantat - Festival de M\u00fasica de Ver\u00e3o de Manteigas","robots":{"index":"index","follow":"follow","max-snippet":"max-snippet:-1","max-image-preview":"max-image-preview:large","max-video-preview":"max-video-preview:-1"},"canonical":"https:\/\/www.manteigasmusicfestival.com\/en\/lisboa-cantat\/","og_locale":"en_GB","og_type":"article","og_title":"Lisboa Cantat - Festival de M\u00fasica de Ver\u00e3o de Manteigas","og_description":"Coro Sinf\u00f3nico Lisboa Cantat O Coro Sinf\u00f3nico Lisboa Cantat (CSLC) foi fundado em 1977, com a designa\u00e7\u00e3o Coral Caminhos Novos e, posteriormente, Coral Lisboa Cantat, e \u00e9 um dos coros da Associa\u00e7\u00e3o Musical Lisboa Cantat. Ao longo dos anos, sob a dire\u00e7\u00e3o de Jo\u00e3o Valeriano, Paulo Brand\u00e3o, Rui de Matos e, desde 1986, Jorge Carvalho [&hellip;]","og_url":"https:\/\/www.manteigasmusicfestival.com\/en\/lisboa-cantat\/","og_site_name":"Festival de M\u00fasica de Ver\u00e3o de Manteigas","article_publisher":"https:\/\/www.facebook.com\/p\/CORO-SINFNICO-LISBOA-CANTAT-100063495156162","article_modified_time":"2026-03-21T16:55:16+00:00","og_image":[{"width":1919,"height":906,"url":"https:\/\/www.manteigasmusicfestival.com\/wp-content\/uploads\/2025\/03\/foto-Elixir-com-Jorge-CCB-2020-1-1.jpg","type":"image\/jpeg"}],"twitter_card":"summary_large_image","twitter_misc":{"Estimated reading time":"6 minutes"},"schema":{"@context":"https:\/\/schema.org","@graph":[{"@type":"WebPage","@id":"https:\/\/www.manteigasmusicfestival.com\/lisboa-cantat\/","url":"https:\/\/www.manteigasmusicfestival.com\/lisboa-cantat\/","name":"Lisboa Cantat - Festival de M\u00fasica de Ver\u00e3o de Manteigas","isPartOf":{"@id":"https:\/\/www.manteigasmusicfestival.com\/#website"},"primaryImageOfPage":{"@id":"https:\/\/www.manteigasmusicfestival.com\/lisboa-cantat\/#primaryimage"},"image":{"@id":"https:\/\/www.manteigasmusicfestival.com\/lisboa-cantat\/#primaryimage"},"thumbnailUrl":"https:\/\/www.manteigasmusicfestival.com\/wp-content\/uploads\/2025\/03\/foto-Elixir-com-Jorge-CCB-2020-1-1.jpg","datePublished":"2025-03-22T18:04:32+00:00","dateModified":"2026-03-21T16:55:16+00:00","breadcrumb":{"@id":"https:\/\/www.manteigasmusicfestival.com\/lisboa-cantat\/#breadcrumb"},"inLanguage":"en-GB","potentialAction":[{"@type":"ReadAction","target":["https:\/\/www.manteigasmusicfestival.com\/lisboa-cantat\/"]}]},{"@type":"ImageObject","inLanguage":"en-GB","@id":"https:\/\/www.manteigasmusicfestival.com\/lisboa-cantat\/#primaryimage","url":"https:\/\/www.manteigasmusicfestival.com\/wp-content\/uploads\/2025\/03\/foto-Elixir-com-Jorge-CCB-2020-1-1.jpg","contentUrl":"https:\/\/www.manteigasmusicfestival.com\/wp-content\/uploads\/2025\/03\/foto-Elixir-com-Jorge-CCB-2020-1-1.jpg"},{"@type":"BreadcrumbList","@id":"https:\/\/www.manteigasmusicfestival.com\/lisboa-cantat\/#breadcrumb","itemListElement":[{"@type":"ListItem","position":1,"name":"Home","item":"https:\/\/www.manteigasmusicfestival.com\/"},{"@type":"ListItem","position":2,"name":"Lisboa Cantat"}]},{"@type":"WebSite","@id":"https:\/\/www.manteigasmusicfestival.com\/#website","url":"https:\/\/www.manteigasmusicfestival.com\/","name":"Manteigas Summer Music Festival","description":"Choral music in the heart of Serra da Estrela.","publisher":{"@id":"https:\/\/www.manteigasmusicfestival.com\/#organization"},"potentialAction":[{"@type":"SearchAction","target":{"@type":"EntryPoint","urlTemplate":"https:\/\/www.manteigasmusicfestival.com\/?s={search_term_string}"},"query-input":{"@type":"PropertyValueSpecification","valueRequired":true,"valueName":"search_term_string"}}],"inLanguage":"en-GB"},{"@type":"Organization","@id":"https:\/\/www.manteigasmusicfestival.com\/#organization","name":"Manteigas Summer Music Festival","url":"https:\/\/www.manteigasmusicfestival.com\/","logo":{"@type":"ImageObject","inLanguage":"en-GB","@id":"https:\/\/www.manteigasmusicfestival.com\/#\/schema\/logo\/image\/","url":"https:\/\/www.manteigasmusicfestival.com\/wp-content\/uploads\/2025\/03\/FMV-Manteigas_PT_fundo-verde.png","contentUrl":"https:\/\/www.manteigasmusicfestival.com\/wp-content\/uploads\/2025\/03\/FMV-Manteigas_PT_fundo-verde.png","width":5000,"height":2500,"caption":"Festival de M\u00fasica de Ver\u00e3o de Manteigas"},"image":{"@id":"https:\/\/www.manteigasmusicfestival.com\/#\/schema\/logo\/image\/"},"sameAs":["https:\/\/www.facebook.com\/p\/CORO-SINFNICO-LISBOA-CANTAT-100063495156162","https:\/\/www.instagram.com\/corosinfonico.lisboacantat\/"]}]}},"_links":{"self":[{"href":"https:\/\/www.manteigasmusicfestival.com\/en\/wp-json\/wp\/v2\/pages\/285","targetHints":{"allow":["GET"]}}],"collection":[{"href":"https:\/\/www.manteigasmusicfestival.com\/en\/wp-json\/wp\/v2\/pages"}],"about":[{"href":"https:\/\/www.manteigasmusicfestival.com\/en\/wp-json\/wp\/v2\/types\/page"}],"author":[{"embeddable":true,"href":"https:\/\/www.manteigasmusicfestival.com\/en\/wp-json\/wp\/v2\/users\/1"}],"replies":[{"embeddable":true,"href":"https:\/\/www.manteigasmusicfestival.com\/en\/wp-json\/wp\/v2\/comments?post=285"}],"version-history":[{"count":23,"href":"https:\/\/www.manteigasmusicfestival.com\/en\/wp-json\/wp\/v2\/pages\/285\/revisions"}],"predecessor-version":[{"id":1151,"href":"https:\/\/www.manteigasmusicfestival.com\/en\/wp-json\/wp\/v2\/pages\/285\/revisions\/1151"}],"wp:attachment":[{"href":"https:\/\/www.manteigasmusicfestival.com\/en\/wp-json\/wp\/v2\/media?parent=285"}],"wp:term":[{"taxonomy":"folder","embeddable":true,"href":"https:\/\/www.manteigasmusicfestival.com\/en\/wp-json\/wp\/v2\/folder?post=285"}],"curies":[{"name":"wp","href":"https:\/\/api.w.org\/{rel}","templated":true}]}}