{"id":335,"date":"2025-03-23T11:51:00","date_gmt":"2025-03-23T11:51:00","guid":{"rendered":"https:\/\/www.manteigasmusicfestival.com\/?page_id=335"},"modified":"2026-03-21T16:40:44","modified_gmt":"2026-03-21T16:40:44","slug":"jorge-alves","status":"publish","type":"page","link":"https:\/\/www.manteigasmusicfestival.com\/en\/jorge-alves\/","title":{"rendered":"Jorge Alves"},"content":{"rendered":"<div class=\"wp-block-group alignfull has-global-padding is-layout-constrained wp-block-group-is-layout-constrained\" style=\"margin-top:0;margin-bottom:0;padding-top:var(--wp--preset--spacing--60);padding-bottom:var(--wp--preset--spacing--60)\">\n<div class=\"wp-block-columns alignwide is-layout-flex wp-container-core-columns-is-layout-28f84493 wp-block-columns-is-layout-flex\">\n<div class=\"wp-block-column is-layout-flow wp-block-column-is-layout-flow\" style=\"flex-basis:33.33%\">\n<figure class=\"wp-block-image size-full is-resized wp-container-content-69bc4bdf\"><img loading=\"lazy\" decoding=\"async\" width=\"636\" height=\"422\" src=\"https:\/\/www.manteigasmusicfestival.com\/wp-content\/uploads\/2025\/03\/Copia-de-Foto-maestro-1.jpg\" alt=\"\" class=\"wp-image-186\" style=\"aspect-ratio:1;object-fit:cover;width:474px;height:auto\" srcset=\"https:\/\/www.manteigasmusicfestival.com\/wp-content\/uploads\/2025\/03\/Copia-de-Foto-maestro-1.jpg 636w, https:\/\/www.manteigasmusicfestival.com\/wp-content\/uploads\/2025\/03\/Copia-de-Foto-maestro-1-300x199.jpg 300w\" sizes=\"auto, (max-width: 636px) 100vw, 636px\" \/><\/figure>\n<\/div>\n\n\n\n<div class=\"wp-block-column is-layout-flow wp-block-column-is-layout-flow\" style=\"flex-basis:66.66%\">\n<div class=\"wp-block-group is-vertical is-content-justification-left is-layout-flex wp-container-core-group-is-layout-ee8335c6 wp-block-group-is-layout-flex\">\n<div class=\"wp-block-group has-global-padding is-layout-constrained wp-block-group-is-layout-constrained\">\n<h3 class=\"wp-block-heading has-x-large-font-size\">Jorge Alves<\/h3>\n\n\n\n<p class=\"has-large-font-size\">Choir Master of Coro Sinf\u00f3nico Lisboa Cantat<\/p>\n<\/div>\n\n\n\n<div class=\"wp-block-group has-medium-font-size has-global-padding is-layout-constrained wp-container-core-group-is-layout-12243e0f wp-block-group-is-layout-constrained\">\n<p>Jorge Alves studied at the Instituto Gregoriano de Lisboa and the Lisbon Superior School of Music. He attended various Choral Conducting and Vocal Technique courses in Portugal and abroad, working with Jos\u00e9 Robert, Edgar Saramago, Lazlo Heltay, Fernando Eldoro, Anton de Beer, Erwin List, Lu\u00eds Madureira, and Jill Feldmann.<\/p>\n\n\n\n<p>As a tenor, he was a member of the University of Lisbon Choir from 1980 to 1983 and performed as a reinforcement singer in the Choir of the S\u00e3o Carlos National Theatre in several operas between 1984 and 1988, the year he joined the Gulbenkian Choir (1988\u20132001). From 1993 to 1996, he participated in the \"Coro Gregoriano de Lisboa\" project, touring Portugal and Japan. In 1998, he was invited to join the male vocal quartet Tetvocal, performing in concerts across Portugal, Brazil, Thailand, and China until 2008.<\/p>\n\n\n\n<p>His choral conducting career began with the Syntagma Musicum chamber choir, which he founded in 1985. With this group, he won first prize in the \"New Cultural Talents \u2013 Choral Music\" competition in 1988, awarded by the Portuguese Secretary of State for Culture. His work as a choral conductor expanded across mainland Portugal and the islands, leading various groups, including: Coro de C\u00e2mara Syntagma Musicum (1985\u20131997), Coro Sinf\u00f3nico Lisboa Cantat (since 1986), Coro de C\u00e2mara Lisboa Cantat (since 2006), Orfe\u00e3o da Covilh\u00e3 (1988\u201392), Grupo Coral de Lagos (1992\u20131996), Coro da Universidade Cat\u00f3lica de Lisboa (1993\u20132002), Coro do Teatro Nacional de S. Carlos (2001\u20132004, as assistant conductor), Coral Lu\u00edsa Todi (2003\u201307), Coro Vox Cordis, in Ponta Delgada (since 2006, as guest conductor) and Coro da Universidade T\u00e9cnica de Lisboa\/Coro da Universidade de Lisboa (1998 to December 2015). In 2015, he founded CILC (Coro Infantil Lisboa Cantat, a children\u2019s choir) and EVUL (Vocal Ensemble da Universidade de Lisboa) (2015\u20132016). In 2016, he founded CJULC (Coro Juvenil Lisboa Cantat, a youth choir). Since 2016, he has worked with various choral groups in Luxembourg, notably the Ensemble Vocal Cantica and the Jubilate Musica choir.<\/p>\n\n\n\n<p class=\"translation-block\">He conducted the Portuguese premieres of <em>Misa Cubana<\/em> by Jos\u00e9 Maria Vittier and <em>Cantata para un Silencio<\/em> by Daniel Schvetz, as well as several works by contemporary Portuguese composers.<\/p>\n\n\n\n<p class=\"translation-block\">He has recorded numerous musical radio and television programs for RDP, RTP, and SIC, notably the <em>C\u00e2mara Clara<\/em> program (2008), dedicated to choral music in Portugal, the inaugural concert for the six organs of the Royal Basilica of Mafra, concerts with Orquestra Metropolitana de Lisboa (OML) and Coro Sinf\u00f3nico Lisboa Cantat (CSLC) featuring Beethoven's <em>Missa Solemnis<\/em>, Gershwin's <em>Porgy and Bess<\/em>, and Verdi's <em>Requiem<\/em>, three editions of the APCL Gala with Orquestra Nacional do Porto (ONP), Orquestra Sinf\u00f3nica Portuguesa (OSP), the Warsaw Symphony Orchestra, and others.<\/p>\n\n\n\n<p class=\"translation-block\">He recorded six CDs for Num\u00e9rica Editora, featuring Portuguese choral music, with a special focus on the <em>a cappella<\/em> choral works of Fernando Lopes-Gra\u00e7a. Additionally, he regularly collaborates on choral workshops for young singers in Portugal and abroad. He has taught Choir and Music Theory at the Covilh\u00e3 Regional Conservatory, the \u00c9vora Professional Music School, and various other educational institutions.<\/p>\n<\/div>\n<\/div>\n<\/div>\n<\/div>\n<\/div>","protected":false},"excerpt":{"rendered":"<p>Jorge Alves Maestro do Coro Sinf\u00f3nico Lisboa Cantat Fez os seus estudos no Instituto Gregoriano de Lisboa e na Escola Superior de M\u00fasica de Lisboa. Frequentou diversos cursos de Dire\u00e7\u00e3o Coral e T\u00e9cnica Vocal em Portugal e no estrangeiro, tendo trabalhado com Jos\u00e9 Robert, Edgar Saramago, Lazlo Heltay, Fernando Eldoro, Anton de Beer, Erwin List, [&hellip;]<\/p>\n","protected":false},"author":1,"featured_media":0,"parent":0,"menu_order":0,"comment_status":"closed","ping_status":"closed","template":"page-no-title","meta":{"footnotes":""},"folder":[],"class_list":["post-335","page","type-page","status-publish","hentry"],"yoast_head":"<!-- This site is optimized with the Yoast SEO plugin v27.1.1 - https:\/\/yoast.com\/product\/yoast-seo-wordpress\/ -->\n<title>Jorge Alves - Festival de M\u00fasica de Ver\u00e3o de Manteigas<\/title>\n<meta name=\"robots\" content=\"index, follow, max-snippet:-1, max-image-preview:large, max-video-preview:-1\" \/>\n<link rel=\"canonical\" href=\"https:\/\/www.manteigasmusicfestival.com\/en\/jorge-alves\/\" \/>\n<meta property=\"og:locale\" content=\"en_GB\" \/>\n<meta property=\"og:type\" content=\"article\" \/>\n<meta property=\"og:title\" content=\"Jorge Alves - Festival de M\u00fasica de Ver\u00e3o de Manteigas\" \/>\n<meta property=\"og:description\" content=\"Jorge Alves Maestro do Coro Sinf\u00f3nico Lisboa Cantat Fez os seus estudos no Instituto Gregoriano de Lisboa e na Escola Superior de M\u00fasica de Lisboa. Frequentou diversos cursos de Dire\u00e7\u00e3o Coral e T\u00e9cnica Vocal em Portugal e no estrangeiro, tendo trabalhado com Jos\u00e9 Robert, Edgar Saramago, Lazlo Heltay, Fernando Eldoro, Anton de Beer, Erwin List, [&hellip;]\" \/>\n<meta property=\"og:url\" content=\"https:\/\/www.manteigasmusicfestival.com\/en\/jorge-alves\/\" \/>\n<meta property=\"og:site_name\" content=\"Festival de M\u00fasica de Ver\u00e3o de Manteigas\" \/>\n<meta property=\"article:publisher\" content=\"https:\/\/www.facebook.com\/p\/CORO-SINFNICO-LISBOA-CANTAT-100063495156162\" \/>\n<meta property=\"article:modified_time\" content=\"2026-03-21T16:40:44+00:00\" \/>\n<meta property=\"og:image\" content=\"https:\/\/www.manteigasmusicfestival.com\/wp-content\/uploads\/2025\/03\/Copia-de-Foto-maestro-1.jpg\" \/>\n\t<meta property=\"og:image:width\" content=\"636\" \/>\n\t<meta property=\"og:image:height\" content=\"422\" \/>\n\t<meta property=\"og:image:type\" content=\"image\/jpeg\" \/>\n<meta name=\"twitter:card\" content=\"summary_large_image\" \/>\n<meta name=\"twitter:label1\" content=\"Estimated reading time\" \/>\n\t<meta name=\"twitter:data1\" content=\"3 minutes\" \/>\n<script type=\"application\/ld+json\" class=\"yoast-schema-graph\">{\"@context\":\"https:\/\/schema.org\",\"@graph\":[{\"@type\":\"WebPage\",\"@id\":\"https:\/\/www.manteigasmusicfestival.com\/jorge-alves\/\",\"url\":\"https:\/\/www.manteigasmusicfestival.com\/jorge-alves\/\",\"name\":\"Jorge Alves - Festival de M\u00fasica de Ver\u00e3o de Manteigas\",\"isPartOf\":{\"@id\":\"https:\/\/www.manteigasmusicfestival.com\/#website\"},\"primaryImageOfPage\":{\"@id\":\"https:\/\/www.manteigasmusicfestival.com\/jorge-alves\/#primaryimage\"},\"image\":{\"@id\":\"https:\/\/www.manteigasmusicfestival.com\/jorge-alves\/#primaryimage\"},\"thumbnailUrl\":\"https:\/\/www.manteigasmusicfestival.com\/wp-content\/uploads\/2025\/03\/Copia-de-Foto-maestro-1.jpg\",\"datePublished\":\"2025-03-23T11:51:00+00:00\",\"dateModified\":\"2026-03-21T16:40:44+00:00\",\"breadcrumb\":{\"@id\":\"https:\/\/www.manteigasmusicfestival.com\/jorge-alves\/#breadcrumb\"},\"inLanguage\":\"en-GB\",\"potentialAction\":[{\"@type\":\"ReadAction\",\"target\":[\"https:\/\/www.manteigasmusicfestival.com\/jorge-alves\/\"]}]},{\"@type\":\"ImageObject\",\"inLanguage\":\"en-GB\",\"@id\":\"https:\/\/www.manteigasmusicfestival.com\/jorge-alves\/#primaryimage\",\"url\":\"https:\/\/www.manteigasmusicfestival.com\/wp-content\/uploads\/2025\/03\/Copia-de-Foto-maestro-1.jpg\",\"contentUrl\":\"https:\/\/www.manteigasmusicfestival.com\/wp-content\/uploads\/2025\/03\/Copia-de-Foto-maestro-1.jpg\"},{\"@type\":\"BreadcrumbList\",\"@id\":\"https:\/\/www.manteigasmusicfestival.com\/jorge-alves\/#breadcrumb\",\"itemListElement\":[{\"@type\":\"ListItem\",\"position\":1,\"name\":\"Home\",\"item\":\"https:\/\/www.manteigasmusicfestival.com\/\"},{\"@type\":\"ListItem\",\"position\":2,\"name\":\"Jorge Alves\"}]},{\"@type\":\"WebSite\",\"@id\":\"https:\/\/www.manteigasmusicfestival.com\/#website\",\"url\":\"https:\/\/www.manteigasmusicfestival.com\/\",\"name\":\"Festival de M\u00fasica de Ver\u00e3o de Manteigas\",\"description\":\"Choral music in the heart of Serra da Estrela.\",\"publisher\":{\"@id\":\"https:\/\/www.manteigasmusicfestival.com\/#organization\"},\"potentialAction\":[{\"@type\":\"SearchAction\",\"target\":{\"@type\":\"EntryPoint\",\"urlTemplate\":\"https:\/\/www.manteigasmusicfestival.com\/?s={search_term_string}\"},\"query-input\":{\"@type\":\"PropertyValueSpecification\",\"valueRequired\":true,\"valueName\":\"search_term_string\"}}],\"inLanguage\":\"en-GB\"},{\"@type\":\"Organization\",\"@id\":\"https:\/\/www.manteigasmusicfestival.com\/#organization\",\"name\":\"Festival de M\u00fasica de Ver\u00e3o de Manteigas\",\"url\":\"https:\/\/www.manteigasmusicfestival.com\/\",\"logo\":{\"@type\":\"ImageObject\",\"inLanguage\":\"en-GB\",\"@id\":\"https:\/\/www.manteigasmusicfestival.com\/#\/schema\/logo\/image\/\",\"url\":\"https:\/\/www.manteigasmusicfestival.com\/wp-content\/uploads\/2025\/03\/FMV-Manteigas_PT_fundo-verde.png\",\"contentUrl\":\"https:\/\/www.manteigasmusicfestival.com\/wp-content\/uploads\/2025\/03\/FMV-Manteigas_PT_fundo-verde.png\",\"width\":5000,\"height\":2500,\"caption\":\"Festival de M\u00fasica de Ver\u00e3o de Manteigas\"},\"image\":{\"@id\":\"https:\/\/www.manteigasmusicfestival.com\/#\/schema\/logo\/image\/\"},\"sameAs\":[\"https:\/\/www.facebook.com\/p\/CORO-SINFNICO-LISBOA-CANTAT-100063495156162\",\"https:\/\/www.instagram.com\/corosinfonico.lisboacantat\/\"]}]}<\/script>\n<!-- \/ Yoast SEO plugin. -->","yoast_head_json":{"title":"Jorge Alves - Festival de M\u00fasica de Ver\u00e3o de Manteigas","robots":{"index":"index","follow":"follow","max-snippet":"max-snippet:-1","max-image-preview":"max-image-preview:large","max-video-preview":"max-video-preview:-1"},"canonical":"https:\/\/www.manteigasmusicfestival.com\/en\/jorge-alves\/","og_locale":"en_GB","og_type":"article","og_title":"Jorge Alves - Festival de M\u00fasica de Ver\u00e3o de Manteigas","og_description":"Jorge Alves Maestro do Coro Sinf\u00f3nico Lisboa Cantat Fez os seus estudos no Instituto Gregoriano de Lisboa e na Escola Superior de M\u00fasica de Lisboa. Frequentou diversos cursos de Dire\u00e7\u00e3o Coral e T\u00e9cnica Vocal em Portugal e no estrangeiro, tendo trabalhado com Jos\u00e9 Robert, Edgar Saramago, Lazlo Heltay, Fernando Eldoro, Anton de Beer, Erwin List, [&hellip;]","og_url":"https:\/\/www.manteigasmusicfestival.com\/en\/jorge-alves\/","og_site_name":"Festival de M\u00fasica de Ver\u00e3o de Manteigas","article_publisher":"https:\/\/www.facebook.com\/p\/CORO-SINFNICO-LISBOA-CANTAT-100063495156162","article_modified_time":"2026-03-21T16:40:44+00:00","og_image":[{"width":636,"height":422,"url":"https:\/\/www.manteigasmusicfestival.com\/wp-content\/uploads\/2025\/03\/Copia-de-Foto-maestro-1.jpg","type":"image\/jpeg"}],"twitter_card":"summary_large_image","twitter_misc":{"Estimated reading time":"3 minutes"},"schema":{"@context":"https:\/\/schema.org","@graph":[{"@type":"WebPage","@id":"https:\/\/www.manteigasmusicfestival.com\/jorge-alves\/","url":"https:\/\/www.manteigasmusicfestival.com\/jorge-alves\/","name":"Jorge Alves - Festival de M\u00fasica de Ver\u00e3o de Manteigas","isPartOf":{"@id":"https:\/\/www.manteigasmusicfestival.com\/#website"},"primaryImageOfPage":{"@id":"https:\/\/www.manteigasmusicfestival.com\/jorge-alves\/#primaryimage"},"image":{"@id":"https:\/\/www.manteigasmusicfestival.com\/jorge-alves\/#primaryimage"},"thumbnailUrl":"https:\/\/www.manteigasmusicfestival.com\/wp-content\/uploads\/2025\/03\/Copia-de-Foto-maestro-1.jpg","datePublished":"2025-03-23T11:51:00+00:00","dateModified":"2026-03-21T16:40:44+00:00","breadcrumb":{"@id":"https:\/\/www.manteigasmusicfestival.com\/jorge-alves\/#breadcrumb"},"inLanguage":"en-GB","potentialAction":[{"@type":"ReadAction","target":["https:\/\/www.manteigasmusicfestival.com\/jorge-alves\/"]}]},{"@type":"ImageObject","inLanguage":"en-GB","@id":"https:\/\/www.manteigasmusicfestival.com\/jorge-alves\/#primaryimage","url":"https:\/\/www.manteigasmusicfestival.com\/wp-content\/uploads\/2025\/03\/Copia-de-Foto-maestro-1.jpg","contentUrl":"https:\/\/www.manteigasmusicfestival.com\/wp-content\/uploads\/2025\/03\/Copia-de-Foto-maestro-1.jpg"},{"@type":"BreadcrumbList","@id":"https:\/\/www.manteigasmusicfestival.com\/jorge-alves\/#breadcrumb","itemListElement":[{"@type":"ListItem","position":1,"name":"Home","item":"https:\/\/www.manteigasmusicfestival.com\/"},{"@type":"ListItem","position":2,"name":"Jorge Alves"}]},{"@type":"WebSite","@id":"https:\/\/www.manteigasmusicfestival.com\/#website","url":"https:\/\/www.manteigasmusicfestival.com\/","name":"Manteigas Summer Music Festival","description":"Choral music in the heart of Serra da Estrela.","publisher":{"@id":"https:\/\/www.manteigasmusicfestival.com\/#organization"},"potentialAction":[{"@type":"SearchAction","target":{"@type":"EntryPoint","urlTemplate":"https:\/\/www.manteigasmusicfestival.com\/?s={search_term_string}"},"query-input":{"@type":"PropertyValueSpecification","valueRequired":true,"valueName":"search_term_string"}}],"inLanguage":"en-GB"},{"@type":"Organization","@id":"https:\/\/www.manteigasmusicfestival.com\/#organization","name":"Manteigas Summer Music Festival","url":"https:\/\/www.manteigasmusicfestival.com\/","logo":{"@type":"ImageObject","inLanguage":"en-GB","@id":"https:\/\/www.manteigasmusicfestival.com\/#\/schema\/logo\/image\/","url":"https:\/\/www.manteigasmusicfestival.com\/wp-content\/uploads\/2025\/03\/FMV-Manteigas_PT_fundo-verde.png","contentUrl":"https:\/\/www.manteigasmusicfestival.com\/wp-content\/uploads\/2025\/03\/FMV-Manteigas_PT_fundo-verde.png","width":5000,"height":2500,"caption":"Festival de M\u00fasica de Ver\u00e3o de Manteigas"},"image":{"@id":"https:\/\/www.manteigasmusicfestival.com\/#\/schema\/logo\/image\/"},"sameAs":["https:\/\/www.facebook.com\/p\/CORO-SINFNICO-LISBOA-CANTAT-100063495156162","https:\/\/www.instagram.com\/corosinfonico.lisboacantat\/"]}]}},"_links":{"self":[{"href":"https:\/\/www.manteigasmusicfestival.com\/en\/wp-json\/wp\/v2\/pages\/335","targetHints":{"allow":["GET"]}}],"collection":[{"href":"https:\/\/www.manteigasmusicfestival.com\/en\/wp-json\/wp\/v2\/pages"}],"about":[{"href":"https:\/\/www.manteigasmusicfestival.com\/en\/wp-json\/wp\/v2\/types\/page"}],"author":[{"embeddable":true,"href":"https:\/\/www.manteigasmusicfestival.com\/en\/wp-json\/wp\/v2\/users\/1"}],"replies":[{"embeddable":true,"href":"https:\/\/www.manteigasmusicfestival.com\/en\/wp-json\/wp\/v2\/comments?post=335"}],"version-history":[{"count":13,"href":"https:\/\/www.manteigasmusicfestival.com\/en\/wp-json\/wp\/v2\/pages\/335\/revisions"}],"predecessor-version":[{"id":663,"href":"https:\/\/www.manteigasmusicfestival.com\/en\/wp-json\/wp\/v2\/pages\/335\/revisions\/663"}],"wp:attachment":[{"href":"https:\/\/www.manteigasmusicfestival.com\/en\/wp-json\/wp\/v2\/media?parent=335"}],"wp:term":[{"taxonomy":"folder","embeddable":true,"href":"https:\/\/www.manteigasmusicfestival.com\/en\/wp-json\/wp\/v2\/folder?post=335"}],"curies":[{"name":"wp","href":"https:\/\/api.w.org\/{rel}","templated":true}]}}