{"id":474,"date":"2025-03-23T21:05:43","date_gmt":"2025-03-23T21:05:43","guid":{"rendered":"https:\/\/www.manteigasmusicfestival.com\/?page_id=474"},"modified":"2025-03-27T19:54:58","modified_gmt":"2025-03-27T19:54:58","slug":"luis-carlos-neves-serra","status":"publish","type":"page","link":"https:\/\/www.manteigasmusicfestival.com\/en\/luis-carlos-neves-serra\/","title":{"rendered":"Lu\u00eds Carlos Neves Serra"},"content":{"rendered":"<div class=\"wp-block-group alignfull has-global-padding is-layout-constrained wp-block-group-is-layout-constrained\" style=\"margin-top:0;margin-bottom:0;padding-top:var(--wp--preset--spacing--60);padding-bottom:var(--wp--preset--spacing--60)\">\n<div class=\"wp-block-columns alignwide is-layout-flex wp-container-core-columns-is-layout-28f84493 wp-block-columns-is-layout-flex\">\n<div class=\"wp-block-column is-layout-flow wp-block-column-is-layout-flow\" style=\"flex-basis:33.33%\">\n<figure class=\"wp-block-image size-full is-resized wp-container-content-69bc4bdf\"><img loading=\"lazy\" decoding=\"async\" width=\"1440\" height=\"1440\" src=\"https:\/\/www.manteigasmusicfestival.com\/wp-content\/uploads\/8efef1cb-efe6-4fce-95e8-7689557a68bd.jpeg\" alt=\"\" class=\"wp-image-476\" style=\"aspect-ratio:1;object-fit:cover;width:474px;height:auto\" srcset=\"https:\/\/www.manteigasmusicfestival.com\/wp-content\/uploads\/8efef1cb-efe6-4fce-95e8-7689557a68bd.jpeg 1440w, https:\/\/www.manteigasmusicfestival.com\/wp-content\/uploads\/8efef1cb-efe6-4fce-95e8-7689557a68bd-300x300.jpeg 300w, https:\/\/www.manteigasmusicfestival.com\/wp-content\/uploads\/8efef1cb-efe6-4fce-95e8-7689557a68bd-1024x1024.jpeg 1024w, https:\/\/www.manteigasmusicfestival.com\/wp-content\/uploads\/8efef1cb-efe6-4fce-95e8-7689557a68bd-150x150.jpeg 150w, https:\/\/www.manteigasmusicfestival.com\/wp-content\/uploads\/8efef1cb-efe6-4fce-95e8-7689557a68bd-768x768.jpeg 768w, https:\/\/www.manteigasmusicfestival.com\/wp-content\/uploads\/8efef1cb-efe6-4fce-95e8-7689557a68bd-12x12.jpeg 12w\" sizes=\"auto, (max-width: 1440px) 100vw, 1440px\" \/><\/figure>\n<\/div>\n\n\n\n<div class=\"wp-block-column is-layout-flow wp-block-column-is-layout-flow\" style=\"flex-basis:66.66%\">\n<div class=\"wp-block-group is-vertical is-content-justification-left is-layout-flex wp-container-core-group-is-layout-ee8335c6 wp-block-group-is-layout-flex\">\n<div class=\"wp-block-group has-global-padding is-layout-constrained wp-block-group-is-layout-constrained\">\n<h3 class=\"wp-block-heading has-x-large-font-size\">Lu\u00eds Carlos Neves Serra<\/h3>\n\n\n\n<p class=\"has-large-font-size\">Conductor of the Filarm\u00f3nica Popular Manteiguense \u2013 M\u00fasica Nova<\/p>\n<\/div>\n\n\n\n<div class=\"wp-block-group has-medium-font-size has-global-padding is-layout-constrained wp-container-core-group-is-layout-12243e0f wp-block-group-is-layout-constrained\">\n<p>Born in the parish of S\u00e3o Pedro, Manteigas, on November 29, 1982, he began his musical journey in November 1993 at the Music School of Filarm\u00f3nica Popular Manteiguense \u2013 M\u00fasica Nova (FPM-MN), studying under conductor Jos\u00e9 Pereira Dias. <\/p>\n\n\n\n<p>In October 2001, he attended the Band Conducting Course organized by INATEL, where he studied under Francisco Ferreira and Jos\u00e9 Pedro Figueiredo. By 2003, he was appointed Assistant Conductor of FPM-MN.<\/p>\n\n\n\n<p>He graduated in 2004 with a degree in Music Education from the Escola Superior de Educa\u00e7\u00e3o da Guarda. That same year, he founded the \"M\u00fasica Nova\" Wind Orchestra, taking on the role of Conductor.<\/p>\n\n\n\n<p>Since the 2004\/2005 academic year, he has been the coordinator and instructor at the FPM-MN Music School.<\/p>\n\n\n\n<p>He also attended various Young Musicians' Courses promoted by INATEL and studied at the Pedro \u00c1lvares Cabral Music School in Belmonte.<\/p>\n\n\n\n<p>From 2007 to 2013, he was a member of the Portuguese Air Force Band.<\/p>\n\n\n\n<p>During the 2007\/2008 academic year, he pursued a Master\u2019s Degree in Wind Orchestra Conducting at the PIAGET Institute in Almada, where he worked with renowned conductors such as Andr\u00e9 Granjo, Alberto Roque, D\u00e9lio Gon\u00e7alves, Mitchel Fenell, and F\u00e9lix Hauswirth.<\/p>\n<\/div>\n<\/div>\n<\/div>\n<\/div>\n<\/div>","protected":false},"excerpt":{"rendered":"<p>Lu\u00eds Carlos Neves Serra Maestro da Filarm\u00f3nica Popular Manteiguense \u2013 M\u00fasica Nova Natural da freguesia de S\u00e3o Pedro, Concelho de Manteigas, nasceu a 29\/11\/1982. Iniciou a vida musical na Escola de M\u00fasica da Filarm\u00f3nica Popular Manteiguense &#8211; M\u00fasica Nova (FPM-MN), em novembro de 1993, tendo como professor o Maestro Jos\u00e9 Pereira Dias. Em outubro de [&hellip;]<\/p>\n","protected":false},"author":1,"featured_media":0,"parent":0,"menu_order":0,"comment_status":"closed","ping_status":"closed","template":"page-no-title","meta":{"footnotes":""},"folder":[],"class_list":["post-474","page","type-page","status-publish","hentry"],"yoast_head":"<!-- This site is optimized with the Yoast SEO plugin v27.1.1 - https:\/\/yoast.com\/product\/yoast-seo-wordpress\/ -->\n<title>Lu\u00eds Carlos Neves Serra - Festival de M\u00fasica de Ver\u00e3o de Manteigas<\/title>\n<meta name=\"robots\" content=\"index, follow, max-snippet:-1, max-image-preview:large, max-video-preview:-1\" \/>\n<link rel=\"canonical\" href=\"https:\/\/www.manteigasmusicfestival.com\/en\/luis-carlos-neves-serra\/\" \/>\n<meta property=\"og:locale\" content=\"en_GB\" \/>\n<meta property=\"og:type\" content=\"article\" \/>\n<meta property=\"og:title\" content=\"Lu\u00eds Carlos Neves Serra - Festival de M\u00fasica de Ver\u00e3o de Manteigas\" \/>\n<meta property=\"og:description\" content=\"Lu\u00eds Carlos Neves Serra Maestro da Filarm\u00f3nica Popular Manteiguense \u2013 M\u00fasica Nova Natural da freguesia de S\u00e3o Pedro, Concelho de Manteigas, nasceu a 29\/11\/1982. Iniciou a vida musical na Escola de M\u00fasica da Filarm\u00f3nica Popular Manteiguense &#8211; M\u00fasica Nova (FPM-MN), em novembro de 1993, tendo como professor o Maestro Jos\u00e9 Pereira Dias. Em outubro de [&hellip;]\" \/>\n<meta property=\"og:url\" content=\"https:\/\/www.manteigasmusicfestival.com\/en\/luis-carlos-neves-serra\/\" \/>\n<meta property=\"og:site_name\" content=\"Festival de M\u00fasica de Ver\u00e3o de Manteigas\" \/>\n<meta property=\"article:publisher\" content=\"https:\/\/www.facebook.com\/p\/CORO-SINFNICO-LISBOA-CANTAT-100063495156162\" \/>\n<meta property=\"article:modified_time\" content=\"2025-03-27T19:54:58+00:00\" \/>\n<meta property=\"og:image\" content=\"https:\/\/www.manteigasmusicfestival.com\/wp-content\/uploads\/8efef1cb-efe6-4fce-95e8-7689557a68bd.jpeg\" \/>\n\t<meta property=\"og:image:width\" content=\"1440\" \/>\n\t<meta property=\"og:image:height\" content=\"1440\" \/>\n\t<meta property=\"og:image:type\" content=\"image\/jpeg\" \/>\n<meta name=\"twitter:card\" content=\"summary_large_image\" \/>\n<meta name=\"twitter:label1\" content=\"Estimated reading time\" \/>\n\t<meta name=\"twitter:data1\" content=\"1 minute\" \/>\n<script type=\"application\/ld+json\" class=\"yoast-schema-graph\">{\"@context\":\"https:\/\/schema.org\",\"@graph\":[{\"@type\":\"WebPage\",\"@id\":\"https:\/\/www.manteigasmusicfestival.com\/luis-carlos-neves-serra\/\",\"url\":\"https:\/\/www.manteigasmusicfestival.com\/luis-carlos-neves-serra\/\",\"name\":\"Lu\u00eds Carlos Neves Serra - Festival de M\u00fasica de Ver\u00e3o de Manteigas\",\"isPartOf\":{\"@id\":\"https:\/\/www.manteigasmusicfestival.com\/#website\"},\"primaryImageOfPage\":{\"@id\":\"https:\/\/www.manteigasmusicfestival.com\/luis-carlos-neves-serra\/#primaryimage\"},\"image\":{\"@id\":\"https:\/\/www.manteigasmusicfestival.com\/luis-carlos-neves-serra\/#primaryimage\"},\"thumbnailUrl\":\"https:\/\/www.manteigasmusicfestival.com\/wp-content\/uploads\/8efef1cb-efe6-4fce-95e8-7689557a68bd.jpeg\",\"datePublished\":\"2025-03-23T21:05:43+00:00\",\"dateModified\":\"2025-03-27T19:54:58+00:00\",\"breadcrumb\":{\"@id\":\"https:\/\/www.manteigasmusicfestival.com\/luis-carlos-neves-serra\/#breadcrumb\"},\"inLanguage\":\"en-GB\",\"potentialAction\":[{\"@type\":\"ReadAction\",\"target\":[\"https:\/\/www.manteigasmusicfestival.com\/luis-carlos-neves-serra\/\"]}]},{\"@type\":\"ImageObject\",\"inLanguage\":\"en-GB\",\"@id\":\"https:\/\/www.manteigasmusicfestival.com\/luis-carlos-neves-serra\/#primaryimage\",\"url\":\"https:\/\/www.manteigasmusicfestival.com\/wp-content\/uploads\/8efef1cb-efe6-4fce-95e8-7689557a68bd.jpeg\",\"contentUrl\":\"https:\/\/www.manteigasmusicfestival.com\/wp-content\/uploads\/8efef1cb-efe6-4fce-95e8-7689557a68bd.jpeg\"},{\"@type\":\"BreadcrumbList\",\"@id\":\"https:\/\/www.manteigasmusicfestival.com\/luis-carlos-neves-serra\/#breadcrumb\",\"itemListElement\":[{\"@type\":\"ListItem\",\"position\":1,\"name\":\"Home\",\"item\":\"https:\/\/www.manteigasmusicfestival.com\/\"},{\"@type\":\"ListItem\",\"position\":2,\"name\":\"Lu\u00eds Carlos Neves Serra\"}]},{\"@type\":\"WebSite\",\"@id\":\"https:\/\/www.manteigasmusicfestival.com\/#website\",\"url\":\"https:\/\/www.manteigasmusicfestival.com\/\",\"name\":\"Festival de M\u00fasica de Ver\u00e3o de Manteigas\",\"description\":\"Choral music in the heart of Serra da Estrela.\",\"publisher\":{\"@id\":\"https:\/\/www.manteigasmusicfestival.com\/#organization\"},\"potentialAction\":[{\"@type\":\"SearchAction\",\"target\":{\"@type\":\"EntryPoint\",\"urlTemplate\":\"https:\/\/www.manteigasmusicfestival.com\/?s={search_term_string}\"},\"query-input\":{\"@type\":\"PropertyValueSpecification\",\"valueRequired\":true,\"valueName\":\"search_term_string\"}}],\"inLanguage\":\"en-GB\"},{\"@type\":\"Organization\",\"@id\":\"https:\/\/www.manteigasmusicfestival.com\/#organization\",\"name\":\"Festival de M\u00fasica de Ver\u00e3o de Manteigas\",\"url\":\"https:\/\/www.manteigasmusicfestival.com\/\",\"logo\":{\"@type\":\"ImageObject\",\"inLanguage\":\"en-GB\",\"@id\":\"https:\/\/www.manteigasmusicfestival.com\/#\/schema\/logo\/image\/\",\"url\":\"https:\/\/www.manteigasmusicfestival.com\/wp-content\/uploads\/2025\/03\/FMV-Manteigas_PT_fundo-verde.png\",\"contentUrl\":\"https:\/\/www.manteigasmusicfestival.com\/wp-content\/uploads\/2025\/03\/FMV-Manteigas_PT_fundo-verde.png\",\"width\":5000,\"height\":2500,\"caption\":\"Festival de M\u00fasica de Ver\u00e3o de Manteigas\"},\"image\":{\"@id\":\"https:\/\/www.manteigasmusicfestival.com\/#\/schema\/logo\/image\/\"},\"sameAs\":[\"https:\/\/www.facebook.com\/p\/CORO-SINFNICO-LISBOA-CANTAT-100063495156162\",\"https:\/\/www.instagram.com\/corosinfonico.lisboacantat\/\"]}]}<\/script>\n<!-- \/ Yoast SEO plugin. -->","yoast_head_json":{"title":"Lu\u00eds Carlos Neves Serra - Festival de M\u00fasica de Ver\u00e3o de Manteigas","robots":{"index":"index","follow":"follow","max-snippet":"max-snippet:-1","max-image-preview":"max-image-preview:large","max-video-preview":"max-video-preview:-1"},"canonical":"https:\/\/www.manteigasmusicfestival.com\/en\/luis-carlos-neves-serra\/","og_locale":"en_GB","og_type":"article","og_title":"Lu\u00eds Carlos Neves Serra - Festival de M\u00fasica de Ver\u00e3o de Manteigas","og_description":"Lu\u00eds Carlos Neves Serra Maestro da Filarm\u00f3nica Popular Manteiguense \u2013 M\u00fasica Nova Natural da freguesia de S\u00e3o Pedro, Concelho de Manteigas, nasceu a 29\/11\/1982. Iniciou a vida musical na Escola de M\u00fasica da Filarm\u00f3nica Popular Manteiguense &#8211; M\u00fasica Nova (FPM-MN), em novembro de 1993, tendo como professor o Maestro Jos\u00e9 Pereira Dias. Em outubro de [&hellip;]","og_url":"https:\/\/www.manteigasmusicfestival.com\/en\/luis-carlos-neves-serra\/","og_site_name":"Festival de M\u00fasica de Ver\u00e3o de Manteigas","article_publisher":"https:\/\/www.facebook.com\/p\/CORO-SINFNICO-LISBOA-CANTAT-100063495156162","article_modified_time":"2025-03-27T19:54:58+00:00","og_image":[{"width":1440,"height":1440,"url":"https:\/\/www.manteigasmusicfestival.com\/wp-content\/uploads\/8efef1cb-efe6-4fce-95e8-7689557a68bd.jpeg","type":"image\/jpeg"}],"twitter_card":"summary_large_image","twitter_misc":{"Estimated reading time":"1 minute"},"schema":{"@context":"https:\/\/schema.org","@graph":[{"@type":"WebPage","@id":"https:\/\/www.manteigasmusicfestival.com\/luis-carlos-neves-serra\/","url":"https:\/\/www.manteigasmusicfestival.com\/luis-carlos-neves-serra\/","name":"Lu\u00eds Carlos Neves Serra - Festival de M\u00fasica de Ver\u00e3o de Manteigas","isPartOf":{"@id":"https:\/\/www.manteigasmusicfestival.com\/#website"},"primaryImageOfPage":{"@id":"https:\/\/www.manteigasmusicfestival.com\/luis-carlos-neves-serra\/#primaryimage"},"image":{"@id":"https:\/\/www.manteigasmusicfestival.com\/luis-carlos-neves-serra\/#primaryimage"},"thumbnailUrl":"https:\/\/www.manteigasmusicfestival.com\/wp-content\/uploads\/8efef1cb-efe6-4fce-95e8-7689557a68bd.jpeg","datePublished":"2025-03-23T21:05:43+00:00","dateModified":"2025-03-27T19:54:58+00:00","breadcrumb":{"@id":"https:\/\/www.manteigasmusicfestival.com\/luis-carlos-neves-serra\/#breadcrumb"},"inLanguage":"en-GB","potentialAction":[{"@type":"ReadAction","target":["https:\/\/www.manteigasmusicfestival.com\/luis-carlos-neves-serra\/"]}]},{"@type":"ImageObject","inLanguage":"en-GB","@id":"https:\/\/www.manteigasmusicfestival.com\/luis-carlos-neves-serra\/#primaryimage","url":"https:\/\/www.manteigasmusicfestival.com\/wp-content\/uploads\/8efef1cb-efe6-4fce-95e8-7689557a68bd.jpeg","contentUrl":"https:\/\/www.manteigasmusicfestival.com\/wp-content\/uploads\/8efef1cb-efe6-4fce-95e8-7689557a68bd.jpeg"},{"@type":"BreadcrumbList","@id":"https:\/\/www.manteigasmusicfestival.com\/luis-carlos-neves-serra\/#breadcrumb","itemListElement":[{"@type":"ListItem","position":1,"name":"Home","item":"https:\/\/www.manteigasmusicfestival.com\/"},{"@type":"ListItem","position":2,"name":"Lu\u00eds Carlos Neves Serra"}]},{"@type":"WebSite","@id":"https:\/\/www.manteigasmusicfestival.com\/#website","url":"https:\/\/www.manteigasmusicfestival.com\/","name":"Manteigas Summer Music Festival","description":"Choral music in the heart of Serra da Estrela.","publisher":{"@id":"https:\/\/www.manteigasmusicfestival.com\/#organization"},"potentialAction":[{"@type":"SearchAction","target":{"@type":"EntryPoint","urlTemplate":"https:\/\/www.manteigasmusicfestival.com\/?s={search_term_string}"},"query-input":{"@type":"PropertyValueSpecification","valueRequired":true,"valueName":"search_term_string"}}],"inLanguage":"en-GB"},{"@type":"Organization","@id":"https:\/\/www.manteigasmusicfestival.com\/#organization","name":"Manteigas Summer Music Festival","url":"https:\/\/www.manteigasmusicfestival.com\/","logo":{"@type":"ImageObject","inLanguage":"en-GB","@id":"https:\/\/www.manteigasmusicfestival.com\/#\/schema\/logo\/image\/","url":"https:\/\/www.manteigasmusicfestival.com\/wp-content\/uploads\/2025\/03\/FMV-Manteigas_PT_fundo-verde.png","contentUrl":"https:\/\/www.manteigasmusicfestival.com\/wp-content\/uploads\/2025\/03\/FMV-Manteigas_PT_fundo-verde.png","width":5000,"height":2500,"caption":"Festival de M\u00fasica de Ver\u00e3o de Manteigas"},"image":{"@id":"https:\/\/www.manteigasmusicfestival.com\/#\/schema\/logo\/image\/"},"sameAs":["https:\/\/www.facebook.com\/p\/CORO-SINFNICO-LISBOA-CANTAT-100063495156162","https:\/\/www.instagram.com\/corosinfonico.lisboacantat\/"]}]}},"_links":{"self":[{"href":"https:\/\/www.manteigasmusicfestival.com\/en\/wp-json\/wp\/v2\/pages\/474","targetHints":{"allow":["GET"]}}],"collection":[{"href":"https:\/\/www.manteigasmusicfestival.com\/en\/wp-json\/wp\/v2\/pages"}],"about":[{"href":"https:\/\/www.manteigasmusicfestival.com\/en\/wp-json\/wp\/v2\/types\/page"}],"author":[{"embeddable":true,"href":"https:\/\/www.manteigasmusicfestival.com\/en\/wp-json\/wp\/v2\/users\/1"}],"replies":[{"embeddable":true,"href":"https:\/\/www.manteigasmusicfestival.com\/en\/wp-json\/wp\/v2\/comments?post=474"}],"version-history":[{"count":2,"href":"https:\/\/www.manteigasmusicfestival.com\/en\/wp-json\/wp\/v2\/pages\/474\/revisions"}],"predecessor-version":[{"id":606,"href":"https:\/\/www.manteigasmusicfestival.com\/en\/wp-json\/wp\/v2\/pages\/474\/revisions\/606"}],"wp:attachment":[{"href":"https:\/\/www.manteigasmusicfestival.com\/en\/wp-json\/wp\/v2\/media?parent=474"}],"wp:term":[{"taxonomy":"folder","embeddable":true,"href":"https:\/\/www.manteigasmusicfestival.com\/en\/wp-json\/wp\/v2\/folder?post=474"}],"curies":[{"name":"wp","href":"https:\/\/api.w.org\/{rel}","templated":true}]}}