{"id":1111,"date":"2026-03-21T14:57:38","date_gmt":"2026-03-21T14:57:38","guid":{"rendered":"https:\/\/www.manteigasmusicfestival.com\/?page_id=1111"},"modified":"2026-03-21T14:57:38","modified_gmt":"2026-03-21T14:57:38","slug":"rute-dutra","status":"publish","type":"page","link":"https:\/\/www.manteigasmusicfestival.com\/pt\/rute-dutra\/","title":{"rendered":"Rute Dutra"},"content":{"rendered":"\n<div class=\"wp-block-group alignfull has-global-padding is-layout-constrained wp-block-group-is-layout-constrained\" style=\"margin-top:0;margin-bottom:0;padding-top:var(--wp--preset--spacing--60);padding-bottom:var(--wp--preset--spacing--60)\">\n<div class=\"wp-block-columns alignwide is-layout-flex wp-container-core-columns-is-layout-28f84493 wp-block-columns-is-layout-flex\">\n<div class=\"wp-block-column is-layout-flow wp-block-column-is-layout-flow\" style=\"flex-basis:33.33%\">\n<figure class=\"wp-block-image size-full is-resized wp-container-content-69bc4bdf\"><img loading=\"lazy\" decoding=\"async\" width=\"1286\" height=\"1600\" src=\"https:\/\/www.manteigasmusicfestival.com\/wp-content\/uploads\/Foto-Rute-Dutra.jpg\" alt=\"\" class=\"wp-image-1114\" style=\"aspect-ratio:1;object-fit:cover;width:474px;height:auto\" srcset=\"https:\/\/www.manteigasmusicfestival.com\/wp-content\/uploads\/Foto-Rute-Dutra.jpg 1286w, https:\/\/www.manteigasmusicfestival.com\/wp-content\/uploads\/Foto-Rute-Dutra-241x300.jpg 241w, https:\/\/www.manteigasmusicfestival.com\/wp-content\/uploads\/Foto-Rute-Dutra-823x1024.jpg 823w, https:\/\/www.manteigasmusicfestival.com\/wp-content\/uploads\/Foto-Rute-Dutra-768x956.jpg 768w, https:\/\/www.manteigasmusicfestival.com\/wp-content\/uploads\/Foto-Rute-Dutra-1235x1536.jpg 1235w, https:\/\/www.manteigasmusicfestival.com\/wp-content\/uploads\/Foto-Rute-Dutra-10x12.jpg 10w\" sizes=\"auto, (max-width: 1286px) 100vw, 1286px\" \/><\/figure>\n<\/div>\n\n\n\n<div class=\"wp-block-column is-layout-flow wp-block-column-is-layout-flow\" style=\"flex-basis:66.66%\">\n<div class=\"wp-block-group is-vertical is-content-justification-left is-layout-flex wp-container-core-group-is-layout-ee8335c6 wp-block-group-is-layout-flex\">\n<div class=\"wp-block-group has-global-padding is-layout-constrained wp-block-group-is-layout-constrained\">\n<h3 class=\"wp-block-heading has-x-large-font-size\">Rute Dutra<\/h3>\n\n\n\n<p class=\"has-large-font-size\">Soprano e <em>coach<\/em> vocal<\/p>\n<\/div>\n\n\n\n<div class=\"wp-block-group has-medium-font-size has-global-padding is-layout-constrained wp-container-core-group-is-layout-12243e0f wp-block-group-is-layout-constrained\">\n<p>Natural de Lisboa, iniciou o seu percurso musical na Escola Art\u00edstica de M\u00fasica Conservat\u00f3rio Nacional (EAMCN), onde estudou Piano e Canto. Entre 1996 e 2000, enquanto bolseira da Funda\u00e7\u00e3o Calouste Gulbenkian, fez a Licenciatura em Canto na Guildhall School of Music na Drama, em Londres. \u00c9, desde 2013, Mestre em Ensino Especializado da M\u00fasica \u2013 variante de Canto pela Escola Superior de M\u00fasica de Lisboa, diploma este obtido com Bolsa de M\u00e9rito.<\/p>\n\n\n\n<p>Durante a sua forma\u00e7\u00e3o frequentou v\u00e1rios cursos de aperfei\u00e7oamento t\u00e9cnico vocal e estil\u00edstico e, depois de formada, continuou a fazer <em>workshops<\/em> e forma\u00e7\u00f5es sobre pedagogia e did\u00e1ticas do Canto e pr\u00e1tica vocal, pedagogia vocal na mudan\u00e7a vocal, entre outros.<\/p>\n\n\n\n<p>Trabalhou durante 30 anos no Coro Gulbenkian e durante esse tempo integrou outros agrupamentos corais e vocais portugueses, com os quais participou em in\u00fameros concertos, realizou grava\u00e7\u00f5es e integrou in\u00fameras digress\u00f5es, como coralista e como solista.<\/p>\n\n\n\n<p>Foi professora de Canto e T\u00e9cnica Vocal em v\u00e1rias escolas de m\u00fasica nacionais como Canto Firme, Eborae M\u00fasica, Conservat\u00f3rio Regional de Covilh\u00e3, Conservat\u00f3rio de M\u00fasica de Santar\u00e9m e Conservat\u00f3rio de M\u00fasica da F\u00edsica de Torres Vedras. Exerceu tamb\u00e9m fun\u00e7\u00f5es de T\u00e9cnica Vocal na Associa\u00e7\u00e3o Musical Lisboa Cantat, onde fez parte da coordena\u00e7\u00e3o art\u00edstica do seu Coro Infantil e Juvenil. Orientou tamb\u00e9m a parte de t\u00e9cnica vocal das crian\u00e7as que participaram Operafest 23 Lisboa e Operafest 24 e 25 Lisboa\/Oeiras, na \u00d3pera <em>A Flauta M\u00e1gica<\/em> de W. A. Mozart e <em>Polegarzinho<\/em> de Isabelle Aboulker. \u00c9 professora de Canto da EAMCN desde 2001, onde tem desenvolvido o seu trabalho pedag\u00f3gico com alunos dos 6 aos 30 anos e, nos \u00faltimos 15 anos, de investiga\u00e7\u00e3o na \u00e1rea da pedagogia vocal na adolesc\u00eancia e pr\u00e9-adolesc\u00eancia.<\/p>\n\n\n\n<p>Neste percurso de 25 anos dedicados ao ensino do Canto e T\u00e9cnica Vocal, teve tamb\u00e9m a oportunidade de fazer semin\u00e1rios sobre metodologias inovadoras na \u00e1rea da pedagogia musical e vocal a adolescentes e jovens adultos, de participar em v\u00e1rios projetos de Erasmus de alunos e professores proporcionados pela EAMCN em parceria com v\u00e1rias escolas europeias e de ser professora cooperante na realiza\u00e7\u00e3o de est\u00e1gios de mestrado de escolas superiores nacionais.<\/p>\n\n\n\n<p>Neste percurso j\u00e1 orientou dezenas de jovens cantores, preparando-os para integrarem cursos superiores de Canto nas mais conceituadas escolas mundiais como a Guildhall School of Music and Drama em Londres, a Hanns Eisler School of Music Berlin, a Juilliard School of Music em Nova Iorque, a Codarts University for the Arts em Roterd\u00e3o, o Conservatorium van Amsterdam, o Trinity College London, a Royal Academy of Fine Arts Antwerp, o Institute of Arts Barcelona, entre outras. Tamb\u00e9m enquanto docente da EAMCN, fez parte integrante da equipa que proporcionou o desenvolvimento do Curso B\u00e1sico de Canto e que desenvolveu e organizou o Curso profissional de Voz, tendo tamb\u00e9m integrado a equipa criativa do \u201cAtelier de Artes Performativas\u201d que \u00e9 oferta de Classe de Conjunto desta escola.<\/p>\n<\/div>\n<\/div>\n<\/div>\n<\/div>\n<\/div>\n","protected":false},"excerpt":{"rendered":"<p>Rute Dutra Soprano e coach vocal Natural de Lisboa, iniciou o seu percurso musical na Escola Art\u00edstica de M\u00fasica Conservat\u00f3rio Nacional (EAMCN), onde estudou Piano e Canto. Entre 1996 e 2000, enquanto bolseira da Funda\u00e7\u00e3o Calouste Gulbenkian, fez a Licenciatura em Canto na Guildhall School of Music na Drama, em Londres. \u00c9, desde 2013, Mestre [&hellip;]<\/p>\n","protected":false},"author":1,"featured_media":0,"parent":0,"menu_order":0,"comment_status":"closed","ping_status":"closed","template":"page-no-title","meta":{"footnotes":""},"folder":[],"class_list":["post-1111","page","type-page","status-publish","hentry"],"yoast_head":"<!-- This site is optimized with the Yoast SEO plugin v27.1.1 - https:\/\/yoast.com\/product\/yoast-seo-wordpress\/ -->\n<title>Rute Dutra - Festival de M\u00fasica de Ver\u00e3o de Manteigas<\/title>\n<meta name=\"robots\" content=\"index, follow, max-snippet:-1, max-image-preview:large, max-video-preview:-1\" \/>\n<link rel=\"canonical\" href=\"https:\/\/www.manteigasmusicfestival.com\/pt\/rute-dutra\/\" \/>\n<meta property=\"og:locale\" content=\"pt_PT\" \/>\n<meta property=\"og:type\" content=\"article\" \/>\n<meta property=\"og:title\" content=\"Rute Dutra - Festival de M\u00fasica de Ver\u00e3o de Manteigas\" \/>\n<meta property=\"og:description\" content=\"Rute Dutra Soprano e coach vocal Natural de Lisboa, iniciou o seu percurso musical na Escola Art\u00edstica de M\u00fasica Conservat\u00f3rio Nacional (EAMCN), onde estudou Piano e Canto. Entre 1996 e 2000, enquanto bolseira da Funda\u00e7\u00e3o Calouste Gulbenkian, fez a Licenciatura em Canto na Guildhall School of Music na Drama, em Londres. \u00c9, desde 2013, Mestre [&hellip;]\" \/>\n<meta property=\"og:url\" content=\"https:\/\/www.manteigasmusicfestival.com\/pt\/rute-dutra\/\" \/>\n<meta property=\"og:site_name\" content=\"Festival de M\u00fasica de Ver\u00e3o de Manteigas\" \/>\n<meta property=\"article:publisher\" content=\"https:\/\/www.facebook.com\/p\/CORO-SINFNICO-LISBOA-CANTAT-100063495156162\" \/>\n<meta property=\"og:image\" content=\"https:\/\/www.manteigasmusicfestival.com\/wp-content\/uploads\/Foto-Rute-Dutra.jpg\" \/>\n\t<meta property=\"og:image:width\" content=\"1286\" \/>\n\t<meta property=\"og:image:height\" content=\"1600\" \/>\n\t<meta property=\"og:image:type\" content=\"image\/jpeg\" \/>\n<meta name=\"twitter:card\" content=\"summary_large_image\" \/>\n<meta name=\"twitter:label1\" content=\"Tempo estimado de leitura\" \/>\n\t<meta name=\"twitter:data1\" content=\"3 minutos\" \/>\n<script type=\"application\/ld+json\" class=\"yoast-schema-graph\">{\"@context\":\"https:\/\/schema.org\",\"@graph\":[{\"@type\":\"WebPage\",\"@id\":\"https:\/\/www.manteigasmusicfestival.com\/rute-dutra\/\",\"url\":\"https:\/\/www.manteigasmusicfestival.com\/rute-dutra\/\",\"name\":\"Rute Dutra - Festival de M\u00fasica de Ver\u00e3o de Manteigas\",\"isPartOf\":{\"@id\":\"https:\/\/www.manteigasmusicfestival.com\/#website\"},\"primaryImageOfPage\":{\"@id\":\"https:\/\/www.manteigasmusicfestival.com\/rute-dutra\/#primaryimage\"},\"image\":{\"@id\":\"https:\/\/www.manteigasmusicfestival.com\/rute-dutra\/#primaryimage\"},\"thumbnailUrl\":\"https:\/\/www.manteigasmusicfestival.com\/wp-content\/uploads\/Foto-Rute-Dutra.jpg\",\"datePublished\":\"2026-03-21T14:57:38+00:00\",\"breadcrumb\":{\"@id\":\"https:\/\/www.manteigasmusicfestival.com\/rute-dutra\/#breadcrumb\"},\"inLanguage\":\"pt-PT\",\"potentialAction\":[{\"@type\":\"ReadAction\",\"target\":[\"https:\/\/www.manteigasmusicfestival.com\/rute-dutra\/\"]}]},{\"@type\":\"ImageObject\",\"inLanguage\":\"pt-PT\",\"@id\":\"https:\/\/www.manteigasmusicfestival.com\/rute-dutra\/#primaryimage\",\"url\":\"https:\/\/www.manteigasmusicfestival.com\/wp-content\/uploads\/Foto-Rute-Dutra.jpg\",\"contentUrl\":\"https:\/\/www.manteigasmusicfestival.com\/wp-content\/uploads\/Foto-Rute-Dutra.jpg\"},{\"@type\":\"BreadcrumbList\",\"@id\":\"https:\/\/www.manteigasmusicfestival.com\/rute-dutra\/#breadcrumb\",\"itemListElement\":[{\"@type\":\"ListItem\",\"position\":1,\"name\":\"Home\",\"item\":\"https:\/\/www.manteigasmusicfestival.com\/\"},{\"@type\":\"ListItem\",\"position\":2,\"name\":\"Rute Dutra\"}]},{\"@type\":\"WebSite\",\"@id\":\"https:\/\/www.manteigasmusicfestival.com\/#website\",\"url\":\"https:\/\/www.manteigasmusicfestival.com\/\",\"name\":\"Festival de M\u00fasica de Ver\u00e3o de Manteigas\",\"description\":\"Choral music in the heart of Serra da Estrela.\",\"publisher\":{\"@id\":\"https:\/\/www.manteigasmusicfestival.com\/#organization\"},\"potentialAction\":[{\"@type\":\"SearchAction\",\"target\":{\"@type\":\"EntryPoint\",\"urlTemplate\":\"https:\/\/www.manteigasmusicfestival.com\/?s={search_term_string}\"},\"query-input\":{\"@type\":\"PropertyValueSpecification\",\"valueRequired\":true,\"valueName\":\"search_term_string\"}}],\"inLanguage\":\"pt-PT\"},{\"@type\":\"Organization\",\"@id\":\"https:\/\/www.manteigasmusicfestival.com\/#organization\",\"name\":\"Festival de M\u00fasica de Ver\u00e3o de Manteigas\",\"url\":\"https:\/\/www.manteigasmusicfestival.com\/\",\"logo\":{\"@type\":\"ImageObject\",\"inLanguage\":\"pt-PT\",\"@id\":\"https:\/\/www.manteigasmusicfestival.com\/#\/schema\/logo\/image\/\",\"url\":\"https:\/\/www.manteigasmusicfestival.com\/wp-content\/uploads\/2025\/03\/FMV-Manteigas_PT_fundo-verde.png\",\"contentUrl\":\"https:\/\/www.manteigasmusicfestival.com\/wp-content\/uploads\/2025\/03\/FMV-Manteigas_PT_fundo-verde.png\",\"width\":5000,\"height\":2500,\"caption\":\"Festival de M\u00fasica de Ver\u00e3o de Manteigas\"},\"image\":{\"@id\":\"https:\/\/www.manteigasmusicfestival.com\/#\/schema\/logo\/image\/\"},\"sameAs\":[\"https:\/\/www.facebook.com\/p\/CORO-SINFNICO-LISBOA-CANTAT-100063495156162\",\"https:\/\/www.instagram.com\/corosinfonico.lisboacantat\/\"]}]}<\/script>\n<!-- \/ Yoast SEO plugin. -->","yoast_head_json":{"title":"Rute Dutra - Festival de M\u00fasica de Ver\u00e3o de Manteigas","robots":{"index":"index","follow":"follow","max-snippet":"max-snippet:-1","max-image-preview":"max-image-preview:large","max-video-preview":"max-video-preview:-1"},"canonical":"https:\/\/www.manteigasmusicfestival.com\/pt\/rute-dutra\/","og_locale":"pt_PT","og_type":"article","og_title":"Rute Dutra - Festival de M\u00fasica de Ver\u00e3o de Manteigas","og_description":"Rute Dutra Soprano e coach vocal Natural de Lisboa, iniciou o seu percurso musical na Escola Art\u00edstica de M\u00fasica Conservat\u00f3rio Nacional (EAMCN), onde estudou Piano e Canto. Entre 1996 e 2000, enquanto bolseira da Funda\u00e7\u00e3o Calouste Gulbenkian, fez a Licenciatura em Canto na Guildhall School of Music na Drama, em Londres. \u00c9, desde 2013, Mestre [&hellip;]","og_url":"https:\/\/www.manteigasmusicfestival.com\/pt\/rute-dutra\/","og_site_name":"Festival de M\u00fasica de Ver\u00e3o de Manteigas","article_publisher":"https:\/\/www.facebook.com\/p\/CORO-SINFNICO-LISBOA-CANTAT-100063495156162","og_image":[{"width":1286,"height":1600,"url":"https:\/\/www.manteigasmusicfestival.com\/wp-content\/uploads\/Foto-Rute-Dutra.jpg","type":"image\/jpeg"}],"twitter_card":"summary_large_image","twitter_misc":{"Tempo estimado de leitura":"3 minutos"},"schema":{"@context":"https:\/\/schema.org","@graph":[{"@type":"WebPage","@id":"https:\/\/www.manteigasmusicfestival.com\/rute-dutra\/","url":"https:\/\/www.manteigasmusicfestival.com\/rute-dutra\/","name":"Rute Dutra - Festival de M\u00fasica de Ver\u00e3o de Manteigas","isPartOf":{"@id":"https:\/\/www.manteigasmusicfestival.com\/#website"},"primaryImageOfPage":{"@id":"https:\/\/www.manteigasmusicfestival.com\/rute-dutra\/#primaryimage"},"image":{"@id":"https:\/\/www.manteigasmusicfestival.com\/rute-dutra\/#primaryimage"},"thumbnailUrl":"https:\/\/www.manteigasmusicfestival.com\/wp-content\/uploads\/Foto-Rute-Dutra.jpg","datePublished":"2026-03-21T14:57:38+00:00","breadcrumb":{"@id":"https:\/\/www.manteigasmusicfestival.com\/rute-dutra\/#breadcrumb"},"inLanguage":"pt-PT","potentialAction":[{"@type":"ReadAction","target":["https:\/\/www.manteigasmusicfestival.com\/rute-dutra\/"]}]},{"@type":"ImageObject","inLanguage":"pt-PT","@id":"https:\/\/www.manteigasmusicfestival.com\/rute-dutra\/#primaryimage","url":"https:\/\/www.manteigasmusicfestival.com\/wp-content\/uploads\/Foto-Rute-Dutra.jpg","contentUrl":"https:\/\/www.manteigasmusicfestival.com\/wp-content\/uploads\/Foto-Rute-Dutra.jpg"},{"@type":"BreadcrumbList","@id":"https:\/\/www.manteigasmusicfestival.com\/rute-dutra\/#breadcrumb","itemListElement":[{"@type":"ListItem","position":1,"name":"Home","item":"https:\/\/www.manteigasmusicfestival.com\/"},{"@type":"ListItem","position":2,"name":"Rute Dutra"}]},{"@type":"WebSite","@id":"https:\/\/www.manteigasmusicfestival.com\/#website","url":"https:\/\/www.manteigasmusicfestival.com\/","name":"Festival de M\u00fasica de Ver\u00e3o de Manteigas","description":"Choral music in the heart of Serra da Estrela.","publisher":{"@id":"https:\/\/www.manteigasmusicfestival.com\/#organization"},"potentialAction":[{"@type":"SearchAction","target":{"@type":"EntryPoint","urlTemplate":"https:\/\/www.manteigasmusicfestival.com\/?s={search_term_string}"},"query-input":{"@type":"PropertyValueSpecification","valueRequired":true,"valueName":"search_term_string"}}],"inLanguage":"pt-PT"},{"@type":"Organization","@id":"https:\/\/www.manteigasmusicfestival.com\/#organization","name":"Festival de M\u00fasica de Ver\u00e3o de Manteigas","url":"https:\/\/www.manteigasmusicfestival.com\/","logo":{"@type":"ImageObject","inLanguage":"pt-PT","@id":"https:\/\/www.manteigasmusicfestival.com\/#\/schema\/logo\/image\/","url":"https:\/\/www.manteigasmusicfestival.com\/wp-content\/uploads\/2025\/03\/FMV-Manteigas_PT_fundo-verde.png","contentUrl":"https:\/\/www.manteigasmusicfestival.com\/wp-content\/uploads\/2025\/03\/FMV-Manteigas_PT_fundo-verde.png","width":5000,"height":2500,"caption":"Festival de M\u00fasica de Ver\u00e3o de Manteigas"},"image":{"@id":"https:\/\/www.manteigasmusicfestival.com\/#\/schema\/logo\/image\/"},"sameAs":["https:\/\/www.facebook.com\/p\/CORO-SINFNICO-LISBOA-CANTAT-100063495156162","https:\/\/www.instagram.com\/corosinfonico.lisboacantat\/"]}]}},"_links":{"self":[{"href":"https:\/\/www.manteigasmusicfestival.com\/pt\/wp-json\/wp\/v2\/pages\/1111","targetHints":{"allow":["GET"]}}],"collection":[{"href":"https:\/\/www.manteigasmusicfestival.com\/pt\/wp-json\/wp\/v2\/pages"}],"about":[{"href":"https:\/\/www.manteigasmusicfestival.com\/pt\/wp-json\/wp\/v2\/types\/page"}],"author":[{"embeddable":true,"href":"https:\/\/www.manteigasmusicfestival.com\/pt\/wp-json\/wp\/v2\/users\/1"}],"replies":[{"embeddable":true,"href":"https:\/\/www.manteigasmusicfestival.com\/pt\/wp-json\/wp\/v2\/comments?post=1111"}],"version-history":[{"count":2,"href":"https:\/\/www.manteigasmusicfestival.com\/pt\/wp-json\/wp\/v2\/pages\/1111\/revisions"}],"predecessor-version":[{"id":1116,"href":"https:\/\/www.manteigasmusicfestival.com\/pt\/wp-json\/wp\/v2\/pages\/1111\/revisions\/1116"}],"wp:attachment":[{"href":"https:\/\/www.manteigasmusicfestival.com\/pt\/wp-json\/wp\/v2\/media?parent=1111"}],"wp:term":[{"taxonomy":"folder","embeddable":true,"href":"https:\/\/www.manteigasmusicfestival.com\/pt\/wp-json\/wp\/v2\/folder?post=1111"}],"curies":[{"name":"wp","href":"https:\/\/api.w.org\/{rel}","templated":true}]}}