{"id":1132,"date":"2026-03-21T15:43:06","date_gmt":"2026-03-21T15:43:06","guid":{"rendered":"https:\/\/www.manteigasmusicfestival.com\/?page_id=1132"},"modified":"2026-03-25T08:48:02","modified_gmt":"2026-03-25T08:48:02","slug":"faq","status":"publish","type":"page","link":"https:\/\/www.manteigasmusicfestival.com\/pt\/faq\/","title":{"rendered":"FAQ"},"content":{"rendered":"\n<div class=\"wp-block-group alignwide has-accent-1-color has-accent-2-background-color has-text-color has-background has-link-color wp-elements-1c960052bf14f36ced89a2061634d700 has-global-padding is-layout-constrained wp-container-core-group-is-layout-48566f16 wp-block-group-is-layout-constrained\" style=\"margin-top:var(--wp--preset--spacing--60);margin-bottom:var(--wp--preset--spacing--60);padding-top:var(--wp--preset--spacing--30);padding-bottom:var(--wp--preset--spacing--30)\">\n<div class=\"wp-block-group alignwide is-vertical is-content-justification-center is-layout-flex wp-container-core-group-is-layout-4bc9af69 wp-block-group-is-layout-flex\" style=\"margin-top:0;margin-bottom:0;padding-top:var(--wp--preset--spacing--40);padding-right:var(--wp--preset--spacing--40);padding-bottom:var(--wp--preset--spacing--40);padding-left:var(--wp--preset--spacing--40)\">\n<p class=\"has-text-align-center is-style-text-display has-accent-1-color has-text-color has-link-color wp-elements-608b2419c076ed29c40406159d117b6a is-style-text-display--1\" style=\"font-size:clamp(1.25rem, 1.25rem + ((1vw - 0.2rem) * 1.176), 2rem);\"><strong>Festival de M\u00fasica de Ver\u00e3o de Manteigas<\/strong><\/p>\n\n\n\n<p class=\"has-text-align-center is-style-text-display has-accent-1-color has-text-color has-link-color wp-elements-8cf4b065a9fe412d64302b4072793d5b is-style-text-display--2\" style=\"font-size:clamp(1.352rem, 1.352rem + ((1vw - 0.2rem) * 1.33), 2.2rem);\"><strong>15 &gt; 22 Ago &#8217;26<\/strong><\/p>\n<\/div>\n\n\n\n<div class=\"wp-block-group is-vertical is-content-justification-center is-nowrap is-layout-flex wp-container-core-group-is-layout-844aa0df wp-block-group-is-layout-flex\" style=\"margin-top:0;margin-bottom:0;padding-top:0;padding-right:0;padding-bottom:var(--wp--preset--spacing--30);padding-left:0\">\n<p class=\"is-style-text-display has-base-color has-text-color has-link-color wp-elements-9c7bd9cb1db0829642cae1d1bd0a89c7 is-style-text-display--3\" style=\"margin-top:0;margin-right:0;margin-bottom:0;margin-left:0;padding-top:0;padding-bottom:0\"><strong>FAQ<\/strong><\/p>\n<\/div>\n<\/div>\n\n\n\n<div class=\"wp-block-group alignwide is-layout-flow wp-block-group-is-layout-flow\" style=\"margin-top:var(--wp--preset--spacing--50);margin-bottom:var(--wp--preset--spacing--50)\">\n<div class=\"wp-block-group alignwide is-vertical is-content-justification-left is-layout-flex wp-container-core-group-is-layout-020eeb3d wp-block-group-is-layout-flex\">\n<p class=\"has-text-align-left is-style-default has-contrast-color has-text-color has-link-color wp-elements-6396d3344fea496dce90d38b4657d795\" style=\"font-size:clamp(1.502rem, 1.502rem + ((1vw - 0.2rem) * 1.565), 2.5rem);\">D\u00favidas? Temos respostas!<\/p>\n\n\n\n<div class=\"wp-block-group is-layout-flow wp-block-group-is-layout-flow\">\n<p class=\"has-text-align-left is-style-default has-accent-2-color has-text-color has-link-color wp-elements-a186c51b6d4f00ffc67503ddc0a38378\"><strong><strong>Como fa\u00e7o para me inscrever?<\/strong><\/strong><\/p>\n\n\n\n<p class=\"has-text-align-left\">Preenche <a href=\"https:\/\/www.manteigasmusicfestival.com\/inscricoes\/\" type=\"page\" id=\"1154\" target=\"_blank\" rel=\"noreferrer noopener\"><strong>este formul\u00e1rio de inscri\u00e7\u00e3o<\/strong><\/a> e envia o mais tardar at\u00e9 15 de julho.<\/p>\n<\/div>\n\n\n\n<div class=\"wp-block-group is-layout-flow wp-block-group-is-layout-flow\">\n<p class=\"has-text-align-left is-style-default has-accent-2-color has-text-color has-link-color wp-elements-31dee37171d850969d2e198fef02034d\"><strong><strong>A partir de que idade me posso inscrever?<\/strong><\/strong><\/p>\n\n\n\n<p class=\"has-text-align-left\">Podem inscrever-se pessoas a partir dos 16 anos. Mas se tiveres menos de 16 e fores acompanhado de um adulto que se responsabilize por ti, contamos contigo!<\/p>\n<\/div>\n\n\n\n<div class=\"wp-block-group is-layout-flow wp-block-group-is-layout-flow\">\n<p class=\"has-text-align-left is-style-default has-accent-2-color has-text-color has-link-color wp-elements-e9bd475ec17ab25d2ac675ea737ca84a\"><strong><strong><strong>Quanto custa a inscri\u00e7\u00e3o e o que inclui?<\/strong><\/strong><\/strong><\/p>\n\n\n\n<p class=\"has-text-align-left\">O valor a pagar varia consoante sejas ou n\u00e3o associado da Associa\u00e7\u00e3o Musical Lisboa Cantat ou residente em Manteigas e inclui a participa\u00e7\u00e3o em todos os ateli\u00eas (Nona Sinfonia de Beethoven, Madrigais, Hollywood).<\/p>\n<\/div>\n\n\n\n<div class=\"wp-block-group is-layout-flow wp-block-group-is-layout-flow\">\n<figure class=\"wp-block-table\"><table class=\"has-fixed-layout\"><tbody><tr><td>Associados da AMLC \/ residentes de Manteigas<\/td><td class=\"has-text-align-center\" data-align=\"center\">\u20ac125<\/td><\/tr><tr><td>N\u00e3o-Associados da AMLC<\/td><td class=\"has-text-align-center\" data-align=\"center\">\u20ac165<\/td><\/tr><\/tbody><\/table><\/figure>\n\n\n\n<p>Desconto de 5% nas inscri\u00e7\u00f5es recebidas at\u00e9 dia 30 de abril.<\/p>\n<\/div>\n\n\n\n<div class=\"wp-block-group is-layout-flow wp-block-group-is-layout-flow\">\n<p>Com o valor pago na inscri\u00e7\u00e3o, tens direito ao seguinte:<\/p>\n\n\n\n<ul class=\"wp-block-list\">\n<li>Participa\u00e7\u00e3o nos ateli\u00eas e respetivos concertos finais;<\/li>\n\n\n\n<li>Partituras em papel ou digitalizadas, conforme definido pelo participante no ato de inscri\u00e7\u00e3o;<\/li>\n\n\n\n<li>Material \u00e1udio auxiliar;<\/li>\n\n\n\n<li>Refei\u00e7\u00f5es na Escola Profissional de Hotelaria de Manteigas (almo\u00e7os todos os dias e jantares nos dias de concerto com participa\u00e7\u00e3o do Coro do Festival);<\/li>\n\n\n\n<li>Seguro de acidentes pessoais;<\/li>\n\n\n\n<li>Transporte de e para a Guarda;<\/li>\n\n\n\n<li>Passeios e respetivo transporte;<\/li>\n\n\n\n<li>Transporte para os concertos, quando a dist\u00e2ncia o justifique.<\/li>\n<\/ul>\n<\/div>\n\n\n\n<div class=\"wp-block-group is-layout-flow wp-block-group-is-layout-flow\">\n<p class=\"has-text-align-left is-style-default has-accent-2-color has-text-color has-link-color wp-elements-926825e21ce967301269c15a6497b1fc\"><strong><strong><strong>Nunca cantei em coro nem tenho conhecimentos musicais, posso inscrever-me?<\/strong><\/strong><\/strong><\/p>\n\n\n\n<p class=\"has-text-align-left\">Lamentamos, mas n\u00e3o. Ser\u00e1 uma semana intensiva e, se n\u00e3o tiveres experi\u00eancia coral ou capacidade de preparar as pe\u00e7as previamente, com as partituras e\/ou ouvindo os <em>midis<\/em>, n\u00e3o conseguir\u00e1s acompanhar.<\/p>\n<\/div>\n\n\n\n<div class=\"wp-block-group is-layout-flow wp-block-group-is-layout-flow\">\n<p class=\"has-text-align-left is-style-default has-accent-2-color has-text-color has-link-color wp-elements-550fc162bbe26edbe537cf31a3f6667a\"><strong><strong><strong><strong>Tenho de participar em todos os ateli\u00eas?<\/strong><\/strong><\/strong><\/strong><\/p>\n\n\n\n<p class=\"has-text-align-left\">Ao inscreveres-te ter\u00e1s obrigatoriamente de participar nos ateli\u00eas Nona Sinfonia e Hollywood. O ateli\u00ea Madrigais ser\u00e1 opcional, mas sem qualquer altera\u00e7\u00e3o do pre\u00e7o de inscri\u00e7\u00e3o.<\/p>\n<\/div>\n\n\n\n<div class=\"wp-block-group is-layout-flow wp-block-group-is-layout-flow\">\n<p class=\"has-text-align-left is-style-default has-accent-2-color has-text-color has-link-color wp-elements-820ec2c2ae7ad3b315e595beea5d5d24\"><strong><strong><strong><strong><strong><strong>A semana toda vai ser passada toda <em>s\u00f3 <\/em>a cantar?<\/strong><\/strong><\/strong><\/strong><\/strong><\/strong><\/p>\n\n\n\n<p class=\"has-text-align-left\">N\u00e3o! Al\u00e9m dos ensaios nos ateli\u00eas, haver\u00e1 concertos em v\u00e1rias noites e faremos dois passeios para conhecer a regi\u00e3o. J\u00e1 para n\u00e3o falar de que faremos as refei\u00e7\u00f5es em conjunto e que a vantagem de uma vila pequena \u00e9 que ningu\u00e9m se desencontra!<\/p>\n<\/div>\n\n\n\n<div class=\"wp-block-group is-layout-flow wp-block-group-is-layout-flow\">\n<p class=\"has-text-align-left is-style-default has-accent-2-color has-text-color has-link-color wp-elements-4d2e8b3651ddad04c313187ca09ce3fe\"><strong><strong><strong><strong><strong><strong><strong>E as pessoas com restri\u00e7\u00f5es alimentares?<\/strong><\/strong><\/strong><\/strong><\/strong><\/strong><\/strong><\/p>\n\n\n\n<p class=\"has-text-align-left\">Os participantes que tenham restri\u00e7\u00f5es alimentares dever\u00e3o indic\u00e1-lo na ficha de inscri\u00e7\u00e3o.<\/p>\n<\/div>\n\n\n\n<div class=\"wp-block-group is-layout-flow wp-block-group-is-layout-flow\">\n<p class=\"has-text-align-left is-style-default has-accent-2-color has-text-color has-link-color wp-elements-bf19b6f8c9f3cc6a2b382eccc13a77b1\"><strong><strong><strong><strong><strong><strong><strong><strong>A inscri\u00e7\u00e3o inclui alojamento?<\/strong><\/strong><\/strong><\/strong><\/strong><\/strong><\/strong><\/strong><\/p>\n\n\n\n<p class=\"has-text-align-left\">N\u00e3o, ter\u00e1s de organizar o alojamento por tua conta. No entanto, se estiveres disposto a partilhar uma camarata, podes efetuar reserva na Escola Profissional de Hotelaria de Manteigas ao pre\u00e7o bonificado de 9\u20ac\/noite, com pequeno-almo\u00e7o. Para fazeres a reserva por este valor, basta apresentares o comprovativo de inscri\u00e7\u00e3o e dar conhecimento \u00e0 organiza\u00e7\u00e3o do Festival.<\/p>\n<\/div>\n\n\n\n<div class=\"wp-block-group is-layout-flow wp-block-group-is-layout-flow\">\n<p class=\"has-text-align-left is-style-default has-accent-2-color has-text-color has-link-color wp-elements-d2843d4bac294cdf77aa86113305a052\"><strong><strong><strong><strong><strong><strong><strong><strong><strong>Quero encontrar alojamento perto. Onde se v\u00e3o realizar os ensaios e os concertos?<\/strong><\/strong><\/strong><\/strong><\/strong><\/strong><\/strong><\/strong><\/strong><\/p>\n\n\n\n<p class=\"has-text-align-left\">Os ensaios ao longo da semana ser\u00e3o todos em Manteigas. A \u00fanica exce\u00e7\u00e3o ser\u00e1 um ensaio com a orquestra e um dos concertos, que ser\u00e3o na Guarda, no mesmo dia.<\/p>\n<\/div>\n\n\n\n<div class=\"wp-block-group is-layout-flow wp-block-group-is-layout-flow\">\n<p class=\"has-text-align-left is-style-default has-accent-2-color has-text-color has-link-color wp-elements-c7dea579949edd5a368c8da895a39228\"><strong><strong><strong><strong><strong><strong><strong><strong><strong><strong><strong><strong>A inscri\u00e7\u00e3o inclui a desloca\u00e7\u00e3o at\u00e9 Manteigas?<\/strong><\/strong><\/strong><\/strong><\/strong><\/strong><\/strong><\/strong><\/strong><\/strong><\/strong><\/strong><\/p>\n\n\n\n<p class=\"has-text-align-left\">N\u00e3o, ter\u00e1s de organizar a desloca\u00e7\u00e3o por tua conta.<\/p>\n<\/div>\n\n\n\n<div class=\"wp-block-group is-layout-flow wp-block-group-is-layout-flow\">\n<p class=\"has-text-align-left is-style-default has-accent-2-color has-text-color has-link-color wp-elements-bcf20707ae1539313b4d41102f7be054\"><strong><strong><strong><strong><strong><strong><strong><strong><strong><strong><strong><strong>Uso de telem\u00f3veis?<\/strong><\/strong><\/strong><\/strong><\/strong><\/strong><\/strong><\/strong><\/strong><\/strong><\/strong><\/strong><\/p>\n\n\n\n<p class=\"has-text-align-left\">Aceite fora dos per\u00edodos de ensaios e concertos. Qualquer capta\u00e7\u00e3o de som e imagem durante os ensaios e concertos ficar\u00e1 a cargo da organiza\u00e7\u00e3o do Festival.<\/p>\n<\/div>\n\n\n\n<div class=\"wp-block-group is-layout-flow wp-block-group-is-layout-flow\">\n<p class=\"has-text-align-left is-style-default has-accent-2-color has-text-color has-link-color wp-elements-6070b69820035e5abf187985e344e38b\"><strong><strong><strong><strong><strong><strong><strong><strong><strong><strong><strong><strong><strong>Responsabilidade por objetos de valor<\/strong><\/strong><\/strong><\/strong><\/strong><\/strong><\/strong><\/strong><\/strong><\/strong><\/strong><\/strong><\/strong><\/p>\n\n\n\n<p class=\"has-text-align-left\">Os participantes assumem responsabilidade pelos respetivos objetos de valor.<\/p>\n<\/div>\n<\/div>\n<\/div>\n\n\n\n<p><\/p>\n","protected":false},"excerpt":{"rendered":"<p>Festival de M\u00fasica de Ver\u00e3o de Manteigas 15 &gt; 22 Ago &#8217;26 FAQ D\u00favidas? Temos respostas! Como fa\u00e7o para me inscrever? Preenche este formul\u00e1rio de inscri\u00e7\u00e3o e envia o mais tardar at\u00e9 15 de julho. A partir de que idade me posso inscrever? Podem inscrever-se pessoas a partir dos 16 anos. Mas se tiveres menos [&hellip;]<\/p>\n","protected":false},"author":1,"featured_media":0,"parent":0,"menu_order":0,"comment_status":"closed","ping_status":"closed","template":"page-no-title","meta":{"footnotes":""},"folder":[],"class_list":["post-1132","page","type-page","status-publish","hentry"],"yoast_head":"<!-- This site is optimized with the Yoast SEO plugin v27.1.1 - https:\/\/yoast.com\/product\/yoast-seo-wordpress\/ -->\n<title>FAQ - Festival de M\u00fasica de Ver\u00e3o de Manteigas<\/title>\n<meta name=\"robots\" content=\"index, follow, max-snippet:-1, max-image-preview:large, max-video-preview:-1\" \/>\n<link rel=\"canonical\" href=\"https:\/\/www.manteigasmusicfestival.com\/pt\/faq\/\" \/>\n<meta property=\"og:locale\" content=\"pt_PT\" \/>\n<meta property=\"og:type\" content=\"article\" \/>\n<meta property=\"og:title\" content=\"FAQ - Festival de M\u00fasica de Ver\u00e3o de Manteigas\" \/>\n<meta property=\"og:description\" content=\"Festival de M\u00fasica de Ver\u00e3o de Manteigas 15 &gt; 22 Ago &#8217;26 FAQ D\u00favidas? Temos respostas! Como fa\u00e7o para me inscrever? Preenche este formul\u00e1rio de inscri\u00e7\u00e3o e envia o mais tardar at\u00e9 15 de julho. A partir de que idade me posso inscrever? Podem inscrever-se pessoas a partir dos 16 anos. Mas se tiveres menos [&hellip;]\" \/>\n<meta property=\"og:url\" content=\"https:\/\/www.manteigasmusicfestival.com\/pt\/faq\/\" \/>\n<meta property=\"og:site_name\" content=\"Festival de M\u00fasica de Ver\u00e3o de Manteigas\" \/>\n<meta property=\"article:publisher\" content=\"https:\/\/www.facebook.com\/p\/CORO-SINFNICO-LISBOA-CANTAT-100063495156162\" \/>\n<meta property=\"article:modified_time\" content=\"2026-03-25T08:48:02+00:00\" \/>\n<meta name=\"twitter:card\" content=\"summary_large_image\" \/>\n<meta name=\"twitter:label1\" content=\"Tempo estimado de leitura\" \/>\n\t<meta name=\"twitter:data1\" content=\"3 minutos\" \/>\n<script type=\"application\/ld+json\" class=\"yoast-schema-graph\">{\"@context\":\"https:\/\/schema.org\",\"@graph\":[{\"@type\":\"WebPage\",\"@id\":\"https:\/\/www.manteigasmusicfestival.com\/faq\/\",\"url\":\"https:\/\/www.manteigasmusicfestival.com\/faq\/\",\"name\":\"FAQ - Festival de M\u00fasica de Ver\u00e3o de Manteigas\",\"isPartOf\":{\"@id\":\"https:\/\/www.manteigasmusicfestival.com\/#website\"},\"datePublished\":\"2026-03-21T15:43:06+00:00\",\"dateModified\":\"2026-03-25T08:48:02+00:00\",\"breadcrumb\":{\"@id\":\"https:\/\/www.manteigasmusicfestival.com\/faq\/#breadcrumb\"},\"inLanguage\":\"pt-PT\",\"potentialAction\":[{\"@type\":\"ReadAction\",\"target\":[\"https:\/\/www.manteigasmusicfestival.com\/faq\/\"]}]},{\"@type\":\"BreadcrumbList\",\"@id\":\"https:\/\/www.manteigasmusicfestival.com\/faq\/#breadcrumb\",\"itemListElement\":[{\"@type\":\"ListItem\",\"position\":1,\"name\":\"Home\",\"item\":\"https:\/\/www.manteigasmusicfestival.com\/\"},{\"@type\":\"ListItem\",\"position\":2,\"name\":\"FAQ\"}]},{\"@type\":\"WebSite\",\"@id\":\"https:\/\/www.manteigasmusicfestival.com\/#website\",\"url\":\"https:\/\/www.manteigasmusicfestival.com\/\",\"name\":\"Festival de M\u00fasica de Ver\u00e3o de Manteigas\",\"description\":\"Choral music in the heart of Serra da Estrela.\",\"publisher\":{\"@id\":\"https:\/\/www.manteigasmusicfestival.com\/#organization\"},\"potentialAction\":[{\"@type\":\"SearchAction\",\"target\":{\"@type\":\"EntryPoint\",\"urlTemplate\":\"https:\/\/www.manteigasmusicfestival.com\/?s={search_term_string}\"},\"query-input\":{\"@type\":\"PropertyValueSpecification\",\"valueRequired\":true,\"valueName\":\"search_term_string\"}}],\"inLanguage\":\"pt-PT\"},{\"@type\":\"Organization\",\"@id\":\"https:\/\/www.manteigasmusicfestival.com\/#organization\",\"name\":\"Festival de M\u00fasica de Ver\u00e3o de Manteigas\",\"url\":\"https:\/\/www.manteigasmusicfestival.com\/\",\"logo\":{\"@type\":\"ImageObject\",\"inLanguage\":\"pt-PT\",\"@id\":\"https:\/\/www.manteigasmusicfestival.com\/#\/schema\/logo\/image\/\",\"url\":\"https:\/\/www.manteigasmusicfestival.com\/wp-content\/uploads\/2025\/03\/FMV-Manteigas_PT_fundo-verde.png\",\"contentUrl\":\"https:\/\/www.manteigasmusicfestival.com\/wp-content\/uploads\/2025\/03\/FMV-Manteigas_PT_fundo-verde.png\",\"width\":5000,\"height\":2500,\"caption\":\"Festival de M\u00fasica de Ver\u00e3o de Manteigas\"},\"image\":{\"@id\":\"https:\/\/www.manteigasmusicfestival.com\/#\/schema\/logo\/image\/\"},\"sameAs\":[\"https:\/\/www.facebook.com\/p\/CORO-SINFNICO-LISBOA-CANTAT-100063495156162\",\"https:\/\/www.instagram.com\/corosinfonico.lisboacantat\/\"]}]}<\/script>\n<!-- \/ Yoast SEO plugin. -->","yoast_head_json":{"title":"FAQ - Festival de M\u00fasica de Ver\u00e3o de Manteigas","robots":{"index":"index","follow":"follow","max-snippet":"max-snippet:-1","max-image-preview":"max-image-preview:large","max-video-preview":"max-video-preview:-1"},"canonical":"https:\/\/www.manteigasmusicfestival.com\/pt\/faq\/","og_locale":"pt_PT","og_type":"article","og_title":"FAQ - Festival de M\u00fasica de Ver\u00e3o de Manteigas","og_description":"Festival de M\u00fasica de Ver\u00e3o de Manteigas 15 &gt; 22 Ago &#8217;26 FAQ D\u00favidas? Temos respostas! Como fa\u00e7o para me inscrever? Preenche este formul\u00e1rio de inscri\u00e7\u00e3o e envia o mais tardar at\u00e9 15 de julho. A partir de que idade me posso inscrever? Podem inscrever-se pessoas a partir dos 16 anos. Mas se tiveres menos [&hellip;]","og_url":"https:\/\/www.manteigasmusicfestival.com\/pt\/faq\/","og_site_name":"Festival de M\u00fasica de Ver\u00e3o de Manteigas","article_publisher":"https:\/\/www.facebook.com\/p\/CORO-SINFNICO-LISBOA-CANTAT-100063495156162","article_modified_time":"2026-03-25T08:48:02+00:00","twitter_card":"summary_large_image","twitter_misc":{"Tempo estimado de leitura":"3 minutos"},"schema":{"@context":"https:\/\/schema.org","@graph":[{"@type":"WebPage","@id":"https:\/\/www.manteigasmusicfestival.com\/faq\/","url":"https:\/\/www.manteigasmusicfestival.com\/faq\/","name":"FAQ - Festival de M\u00fasica de Ver\u00e3o de Manteigas","isPartOf":{"@id":"https:\/\/www.manteigasmusicfestival.com\/#website"},"datePublished":"2026-03-21T15:43:06+00:00","dateModified":"2026-03-25T08:48:02+00:00","breadcrumb":{"@id":"https:\/\/www.manteigasmusicfestival.com\/faq\/#breadcrumb"},"inLanguage":"pt-PT","potentialAction":[{"@type":"ReadAction","target":["https:\/\/www.manteigasmusicfestival.com\/faq\/"]}]},{"@type":"BreadcrumbList","@id":"https:\/\/www.manteigasmusicfestival.com\/faq\/#breadcrumb","itemListElement":[{"@type":"ListItem","position":1,"name":"Home","item":"https:\/\/www.manteigasmusicfestival.com\/"},{"@type":"ListItem","position":2,"name":"FAQ"}]},{"@type":"WebSite","@id":"https:\/\/www.manteigasmusicfestival.com\/#website","url":"https:\/\/www.manteigasmusicfestival.com\/","name":"Festival de M\u00fasica de Ver\u00e3o de Manteigas","description":"Choral music in the heart of Serra da Estrela.","publisher":{"@id":"https:\/\/www.manteigasmusicfestival.com\/#organization"},"potentialAction":[{"@type":"SearchAction","target":{"@type":"EntryPoint","urlTemplate":"https:\/\/www.manteigasmusicfestival.com\/?s={search_term_string}"},"query-input":{"@type":"PropertyValueSpecification","valueRequired":true,"valueName":"search_term_string"}}],"inLanguage":"pt-PT"},{"@type":"Organization","@id":"https:\/\/www.manteigasmusicfestival.com\/#organization","name":"Festival de M\u00fasica de Ver\u00e3o de Manteigas","url":"https:\/\/www.manteigasmusicfestival.com\/","logo":{"@type":"ImageObject","inLanguage":"pt-PT","@id":"https:\/\/www.manteigasmusicfestival.com\/#\/schema\/logo\/image\/","url":"https:\/\/www.manteigasmusicfestival.com\/wp-content\/uploads\/2025\/03\/FMV-Manteigas_PT_fundo-verde.png","contentUrl":"https:\/\/www.manteigasmusicfestival.com\/wp-content\/uploads\/2025\/03\/FMV-Manteigas_PT_fundo-verde.png","width":5000,"height":2500,"caption":"Festival de M\u00fasica de Ver\u00e3o de Manteigas"},"image":{"@id":"https:\/\/www.manteigasmusicfestival.com\/#\/schema\/logo\/image\/"},"sameAs":["https:\/\/www.facebook.com\/p\/CORO-SINFNICO-LISBOA-CANTAT-100063495156162","https:\/\/www.instagram.com\/corosinfonico.lisboacantat\/"]}]}},"_links":{"self":[{"href":"https:\/\/www.manteigasmusicfestival.com\/pt\/wp-json\/wp\/v2\/pages\/1132","targetHints":{"allow":["GET"]}}],"collection":[{"href":"https:\/\/www.manteigasmusicfestival.com\/pt\/wp-json\/wp\/v2\/pages"}],"about":[{"href":"https:\/\/www.manteigasmusicfestival.com\/pt\/wp-json\/wp\/v2\/types\/page"}],"author":[{"embeddable":true,"href":"https:\/\/www.manteigasmusicfestival.com\/pt\/wp-json\/wp\/v2\/users\/1"}],"replies":[{"embeddable":true,"href":"https:\/\/www.manteigasmusicfestival.com\/pt\/wp-json\/wp\/v2\/comments?post=1132"}],"version-history":[{"count":5,"href":"https:\/\/www.manteigasmusicfestival.com\/pt\/wp-json\/wp\/v2\/pages\/1132\/revisions"}],"predecessor-version":[{"id":1164,"href":"https:\/\/www.manteigasmusicfestival.com\/pt\/wp-json\/wp\/v2\/pages\/1132\/revisions\/1164"}],"wp:attachment":[{"href":"https:\/\/www.manteigasmusicfestival.com\/pt\/wp-json\/wp\/v2\/media?parent=1132"}],"wp:term":[{"taxonomy":"folder","embeddable":true,"href":"https:\/\/www.manteigasmusicfestival.com\/pt\/wp-json\/wp\/v2\/folder?post=1132"}],"curies":[{"name":"wp","href":"https:\/\/api.w.org\/{rel}","templated":true}]}}