{"id":1154,"date":"2026-03-22T19:34:12","date_gmt":"2026-03-22T19:34:12","guid":{"rendered":"https:\/\/www.manteigasmusicfestival.com\/?page_id=1154"},"modified":"2026-03-23T10:27:33","modified_gmt":"2026-03-23T10:27:33","slug":"inscricoes","status":"publish","type":"page","link":"https:\/\/www.manteigasmusicfestival.com\/pt\/inscricoes\/","title":{"rendered":"Inscri\u00e7\u00f5es"},"content":{"rendered":"\n<div class=\"wp-block-group alignwide has-accent-1-color has-accent-2-background-color has-text-color has-background has-link-color wp-elements-be02794afb078efb16307376ad50f1b9 has-global-padding is-layout-constrained wp-container-core-group-is-layout-48566f16 wp-block-group-is-layout-constrained\" style=\"margin-top:var(--wp--preset--spacing--60);margin-bottom:var(--wp--preset--spacing--60);padding-top:var(--wp--preset--spacing--30);padding-bottom:var(--wp--preset--spacing--30)\">\n<div class=\"wp-block-group alignwide is-vertical is-content-justification-center is-layout-flex wp-container-core-group-is-layout-4bc9af69 wp-block-group-is-layout-flex\" style=\"margin-top:0;margin-bottom:0;padding-top:var(--wp--preset--spacing--40);padding-right:var(--wp--preset--spacing--40);padding-bottom:var(--wp--preset--spacing--40);padding-left:var(--wp--preset--spacing--40)\">\n<p class=\"has-text-align-center is-style-text-display has-accent-1-color has-text-color has-link-color wp-elements-608b2419c076ed29c40406159d117b6a is-style-text-display--1\" style=\"font-size:clamp(1.25rem, 1.25rem + ((1vw - 0.2rem) * 1.176), 2rem);\"><strong>Festival de M\u00fasica de Ver\u00e3o de Manteigas<\/strong><\/p>\n\n\n\n<p class=\"has-text-align-center is-style-text-display is-style-text-display--2\" style=\"font-size:clamp(1.352rem, 1.352rem + ((1vw - 0.2rem) * 1.33), 2.2rem);\"><strong>15 &gt; 22 Ago &#8217;26<\/strong><\/p>\n<\/div>\n\n\n\n<div class=\"wp-block-group alignwide is-vertical is-content-justification-center is-nowrap is-layout-flex wp-container-core-group-is-layout-844aa0df wp-block-group-is-layout-flex\" style=\"margin-top:0;margin-bottom:0;padding-top:0;padding-right:0;padding-bottom:var(--wp--preset--spacing--30);padding-left:0\">\n<p class=\"has-text-align-center is-style-text-display has-base-color has-text-color has-link-color has-xx-large-font-size wp-elements-24c05c741392842f5f9bb4246f1453b0 is-style-text-display--3\" style=\"margin-top:0;margin-right:0;margin-bottom:0;margin-left:0;padding-top:0;padding-bottom:0\"><strong>Inscri\u00e7\u00f5es no Coro do Festival<\/strong><\/p>\n<\/div>\n<\/div>\n\n\n\n<div class=\"wp-block-group alignwide is-style-section-2 has-base-background-color has-background is-layout-flow wp-container-core-group-is-layout-903ab5ef wp-block-group-is-layout-flow is-style-section-2--4\" style=\"margin-top:0;margin-bottom:0;padding-top:var(--wp--preset--spacing--40);padding-right:0;padding-bottom:var(--wp--preset--spacing--40);padding-left:0\">\n\n\n\n\n<div class=\"wp-block-group alignwide has-global-padding is-layout-constrained wp-block-group-is-layout-constrained\">\n<div class=\"wp-block-group alignwide is-style-default is-layout-flow wp-block-group-is-layout-flow\" style=\"margin-top:0;margin-bottom:0;padding-top:0;padding-right:0;padding-bottom:0;padding-left:0\">\n<p class=\"has-text-align-center is-style-default has-accent-2-color has-text-color has-link-color has-xx-large-font-size wp-elements-f2196bb2a6bc950ed24c13c0753f31d8\"><strong>Termos e Condi\u00e7\u00f5es<\/strong><\/p>\n\n\n\n<div class=\"wp-block-group is-layout-flow wp-block-group-is-layout-flow\">\n<ol class=\"wp-block-list\">\n<li>As inscri\u00e7\u00f5es decorrer\u00e3o at\u00e9 ao dia 15 de julho.<\/li>\n\n\n\n<li>As inscri\u00e7\u00f5es efetuadas at\u00e9 ao dia 30 de abril beneficiar\u00e3o de 5% de desconto.<\/li>\n\n\n\n<li>Idade m\u00ednima de participa\u00e7\u00e3o: 16 anos (participantes de idade inferior ter\u00e3o de fazer-se acompanhar por um adulto por ele respons\u00e1vel).<\/li>\n\n\n\n<li>No ato da inscri\u00e7\u00e3o \u00e9 feito o pagamento do valor total da participa\u00e7\u00e3o no FMVM, consoante a op\u00e7\u00e3o escolhida.<\/li>\n\n\n\n<li>A inscri\u00e7\u00e3o considera-se v\u00e1lida ap\u00f3s a confirma\u00e7\u00e3o, por parte da Organiza\u00e7\u00e3o do FMVM, do recebimento da ficha de inscri\u00e7\u00e3o devidamente preenchida, juntamente com o comprovativo de pagamento da inscri\u00e7\u00e3o.<\/li>\n\n\n\n<li>S\u00e3o indispens\u00e1veis e de car\u00e1ter obrigat\u00f3rio: experi\u00eancia coral, ou forma\u00e7\u00e3o musical adequada, para que os participantes sejam capazes de preparar, por si pr\u00f3prios e antecipadamente, a linha mel\u00f3dica correspondente \u00e0 sua voz (S\/A\/T\/B), com recurso \u00e0 partitura e aos \u201cmidis\u201d, que ser\u00e3o disponibilizados a cada participante, ap\u00f3s o envio do comprovativo de pagamento da inscri\u00e7\u00e3o.<\/li>\n\n\n\n<li>\u00c9 requisito obrigat\u00f3rio a participa\u00e7\u00e3o nos concertos finais e, para tal, \u00e9 exigida a participa\u00e7\u00e3o na totalidade das sess\u00f5es dos ateli\u00eas correspondentes.<\/li>\n\n\n\n<li>A inscri\u00e7\u00e3o inclui:\n<ul class=\"wp-block-list is-style-default\">\n<li>&nbsp;Participa\u00e7\u00e3o nos ateli\u00eas de inscri\u00e7\u00e3o e respetivos concertos finais;<\/li>\n\n\n\n<li>&nbsp;Partituras em papel ou digitalizadas, conforme definido pelo participante no ato de inscri\u00e7\u00e3o;<\/li>\n\n\n\n<li>&nbsp;Material \u00e1udio auxiliar;<\/li>\n\n\n\n<li>Refei\u00e7\u00f5es na Escola Profissional de Hotelaria de Manteigas (jantar do 1.\u00ba dia, almo\u00e7os todos os dias e jantares nos dias de concerto com participa\u00e7\u00e3o do Coro do Festival); os participantes que pretendam jantar na Escola nos dias n\u00e3o inclu\u00eddos dever\u00e3o indic\u00e1-lo no ato de inscri\u00e7\u00e3o (valor por refei\u00e7\u00e3o: \u20ac8);<\/li>\n\n\n\n<li>Seguro de acidentes pessoais;<\/li>\n\n\n\n<li>Transporte de e para a Guarda;<\/li>\n\n\n\n<li>Passeios e respetivo transporte;<\/li>\n\n\n\n<li>Transporte para os concertos, quando a dist\u00e2ncia o justifique.<\/li>\n<\/ul>\n<\/li>\n\n\n\n<li>A desloca\u00e7\u00e3o at\u00e9 Manteigas e o alojamento durante a semana (8 noites, de 15 a 23 de agosto) ficar\u00e3o por conta de cada participante. A organiza\u00e7\u00e3o disponibiliza a possibilidade de reserva de alojamento a pre\u00e7o bonificado (\u20ac9\/noite) na Escola Profissional de Hotelaria de Manteigas, em regime de camarata (8 pax\/camarata), com pequeno-almo\u00e7o, limitado aos lugares dispon\u00edveis. A reserva deve ser efetuada atrav\u00e9s da organiza\u00e7\u00e3o do Festival.<\/li>\n<\/ol>\n<\/div>\n<\/div>\n<\/div>\n\n\n\n<div class=\"wp-block-group is-layout-flow wp-block-group-is-layout-flow\">\n<p class=\"has-text-align-center is-style-default has-accent-2-color has-text-color has-link-color has-xx-large-font-size wp-elements-67356c08e0f88fbd8ab43835d28de4b3\"><strong><strong>Ateli\u00eas e Valores de Inscri\u00e7\u00e3o<\/strong><\/strong><\/p>\n\n\n\n<p><strong>Ateli\u00eas<\/strong><\/p>\n\n\n\n<ul class=\"wp-block-list\">\n<li><strong>Ateli\u00ea 1:<\/strong> 9.\u00aa Sinfonia, L. v. Beethoven + Hollywood (para coro e banda)<\/li>\n\n\n\n<li><strong>Ateli\u00ea 2:<\/strong> Madrigais<\/li>\n<\/ul>\n\n\n\n<p style=\"padding-top:var(--wp--preset--spacing--30)\"><strong>Valores de Inscri\u00e7\u00e3o<\/strong><\/p>\n\n\n\n<figure class=\"wp-block-table\"><table class=\"has-fixed-layout\"><tbody><tr><td>Associados da AMLC \/ Residentes de Manteigas<\/td><td class=\"has-text-align-center\" data-align=\"center\">\u20ac125<\/td><\/tr><tr><td>N\u00e3o-Associados da AMLC<\/td><td class=\"has-text-align-center\" data-align=\"center\">\u20ac165<\/td><\/tr><\/tbody><\/table><\/figure>\n\n\n\n<p>Desconto de 5% nas inscri\u00e7\u00f5es recebidas at\u00e9 dia 30 de abril.<\/p>\n<\/div>\n\n\n\n<div class=\"wp-block-group is-layout-flow wp-block-group-is-layout-flow\">\n<p class=\"has-accent-2-color has-text-color has-link-color wp-elements-352a08266ce0dcf6e7b3bd362ccabaa5\"><strong>Notas:<\/strong><\/p>\n\n\n\n<ul class=\"wp-block-list\">\n<li>O CSLC reserva-se o direito de cancelar o Festival, caso n\u00e3o haja o n\u00famero m\u00ednimo de inscri\u00e7\u00f5es que permita a sua realiza\u00e7\u00e3o. No caso de cancelamento, ser\u00e1 reembolsado na totalidade o valor pago pelos inscritos. <\/li>\n\n\n\n<li>A comunica\u00e7\u00e3o de qualquer altera\u00e7\u00e3o ser\u00e1 feita t\u00e3o breve quanto poss\u00edvel.<\/li>\n\n\n\n<li>De notar que uma eventual desist\u00eancia da participa\u00e7\u00e3o ap\u00f3s confirma\u00e7\u00e3o da inscri\u00e7\u00e3o, seja qual for o motivo, n\u00e3o dar\u00e1 lugar a reembolso.<\/li>\n\n\n\n<li>Ser\u00e1 solicitada autoriza\u00e7\u00e3o para a reprodu\u00e7\u00e3o de todas e quaisquer imagens, ou sons, captados durante o decorrer do FMVM, bem como a sua utiliza\u00e7\u00e3o gratuita, por parte do CSLC, para efeitos de divulga\u00e7\u00e3o da sua atividade.<\/li>\n<\/ul>\n<\/div>\n\n\n\n<div class=\"wp-block-group alignwide has-base-background-color has-background has-global-padding is-layout-constrained wp-container-core-group-is-layout-75012026 wp-block-group-is-layout-constrained\" style=\"margin-top:0;margin-bottom:0;padding-top:var(--wp--preset--spacing--40);padding-right:var(--wp--preset--spacing--60);padding-bottom:var(--wp--preset--spacing--40);padding-left:var(--wp--preset--spacing--60)\">\n<div class=\"wp-block-buttons alignfull is-content-justification-center is-layout-flex wp-container-core-buttons-is-layout-1863bd46 wp-block-buttons-is-layout-flex\" style=\"margin-top:var(--wp--preset--spacing--30);margin-bottom:var(--wp--preset--spacing--30);padding-top:0;padding-right:0;padding-bottom:0;padding-left:0\">\n<div class=\"wp-block-button has-custom-font-size is-style-fill\"><a class=\"wp-block-button__link has-contrast-color has-accent-1-background-color has-text-color has-background has-link-color has-text-align-center has-custom-font-size wp-element-button\" href=\"https:\/\/docs.google.com\/forms\/d\/e\/1FAIpQLSdMQR94I7cW0rVv57k3Pg9a5tuGJJRDjbOkLAAX4jFxOMD3BA\/viewform\" style=\"border-style:none;border-width:0px;border-radius:0px;padding-top:var(--wp--preset--spacing--30);padding-right:var(--wp--preset--spacing--60);padding-bottom:var(--wp--preset--spacing--30);padding-left:var(--wp--preset--spacing--60);font-size:clamp(1.403rem, 1.403rem + ((1vw - 0.2rem) * 1.407), 2.3rem);\" target=\"_blank\" rel=\"noreferrer noopener\">Preenche aqui o<br>Formul\u00e1rio de Inscri\u00e7\u00e3o<\/a><\/div>\n<\/div>\n<\/div>\n<\/div>\n","protected":false},"excerpt":{"rendered":"<p>Festival de M\u00fasica de Ver\u00e3o de Manteigas 15 &gt; 22 Ago &#8217;26 Inscri\u00e7\u00f5es no Coro do Festival A componente essencial do FMVM \u00e9 o Coro! Aproveita a oportunidade de, durante uma semana e em ambiente descontra\u00eddo, montar repert\u00f3rio t\u00e3o diverso como m\u00fasica alem\u00e3 do s\u00e9culo XIX, can\u00e7\u00f5es regionais portuguesas com arranjos de diversos compositores e [&hellip;]<\/p>\n","protected":false},"author":1,"featured_media":0,"parent":0,"menu_order":0,"comment_status":"closed","ping_status":"closed","template":"wp-custom-template-inscri-es","meta":{"footnotes":""},"folder":[],"class_list":["post-1154","page","type-page","status-publish","hentry"],"yoast_head":"<!-- This site is optimized with the Yoast SEO plugin v27.1.1 - https:\/\/yoast.com\/product\/yoast-seo-wordpress\/ -->\n<title>Inscri\u00e7\u00f5es - Festival de M\u00fasica de Ver\u00e3o de Manteigas<\/title>\n<meta name=\"robots\" content=\"index, follow, max-snippet:-1, max-image-preview:large, max-video-preview:-1\" \/>\n<link rel=\"canonical\" href=\"https:\/\/www.manteigasmusicfestival.com\/pt\/inscricoes\/\" \/>\n<meta property=\"og:locale\" content=\"pt_PT\" \/>\n<meta property=\"og:type\" content=\"article\" \/>\n<meta property=\"og:title\" content=\"Inscri\u00e7\u00f5es - Festival de M\u00fasica de Ver\u00e3o de Manteigas\" \/>\n<meta property=\"og:description\" content=\"Festival de M\u00fasica de Ver\u00e3o de Manteigas 15 &gt; 22 Ago &#8217;26 Inscri\u00e7\u00f5es no Coro do Festival A componente essencial do FMVM \u00e9 o Coro! Aproveita a oportunidade de, durante uma semana e em ambiente descontra\u00eddo, montar repert\u00f3rio t\u00e3o diverso como m\u00fasica alem\u00e3 do s\u00e9culo XIX, can\u00e7\u00f5es regionais portuguesas com arranjos de diversos compositores e [&hellip;]\" \/>\n<meta property=\"og:url\" content=\"https:\/\/www.manteigasmusicfestival.com\/pt\/inscricoes\/\" \/>\n<meta property=\"og:site_name\" content=\"Festival de M\u00fasica de Ver\u00e3o de Manteigas\" \/>\n<meta property=\"article:publisher\" content=\"https:\/\/www.facebook.com\/p\/CORO-SINFNICO-LISBOA-CANTAT-100063495156162\" \/>\n<meta property=\"article:modified_time\" content=\"2026-03-23T10:27:33+00:00\" \/>\n<meta name=\"twitter:card\" content=\"summary_large_image\" \/>\n<meta name=\"twitter:label1\" content=\"Tempo estimado de leitura\" \/>\n\t<meta name=\"twitter:data1\" content=\"4 minutos\" \/>\n<script type=\"application\/ld+json\" class=\"yoast-schema-graph\">{\"@context\":\"https:\/\/schema.org\",\"@graph\":[{\"@type\":\"WebPage\",\"@id\":\"https:\/\/www.manteigasmusicfestival.com\/inscricoes\/\",\"url\":\"https:\/\/www.manteigasmusicfestival.com\/inscricoes\/\",\"name\":\"Inscri\u00e7\u00f5es - Festival de M\u00fasica de Ver\u00e3o de Manteigas\",\"isPartOf\":{\"@id\":\"https:\/\/www.manteigasmusicfestival.com\/#website\"},\"datePublished\":\"2026-03-22T19:34:12+00:00\",\"dateModified\":\"2026-03-23T10:27:33+00:00\",\"breadcrumb\":{\"@id\":\"https:\/\/www.manteigasmusicfestival.com\/inscricoes\/#breadcrumb\"},\"inLanguage\":\"pt-PT\",\"potentialAction\":[{\"@type\":\"ReadAction\",\"target\":[\"https:\/\/www.manteigasmusicfestival.com\/inscricoes\/\"]}]},{\"@type\":\"BreadcrumbList\",\"@id\":\"https:\/\/www.manteigasmusicfestival.com\/inscricoes\/#breadcrumb\",\"itemListElement\":[{\"@type\":\"ListItem\",\"position\":1,\"name\":\"Home\",\"item\":\"https:\/\/www.manteigasmusicfestival.com\/\"},{\"@type\":\"ListItem\",\"position\":2,\"name\":\"Inscri\u00e7\u00f5es\"}]},{\"@type\":\"WebSite\",\"@id\":\"https:\/\/www.manteigasmusicfestival.com\/#website\",\"url\":\"https:\/\/www.manteigasmusicfestival.com\/\",\"name\":\"Festival de M\u00fasica de Ver\u00e3o de Manteigas\",\"description\":\"Choral music in the heart of Serra da Estrela.\",\"publisher\":{\"@id\":\"https:\/\/www.manteigasmusicfestival.com\/#organization\"},\"potentialAction\":[{\"@type\":\"SearchAction\",\"target\":{\"@type\":\"EntryPoint\",\"urlTemplate\":\"https:\/\/www.manteigasmusicfestival.com\/?s={search_term_string}\"},\"query-input\":{\"@type\":\"PropertyValueSpecification\",\"valueRequired\":true,\"valueName\":\"search_term_string\"}}],\"inLanguage\":\"pt-PT\"},{\"@type\":\"Organization\",\"@id\":\"https:\/\/www.manteigasmusicfestival.com\/#organization\",\"name\":\"Festival de M\u00fasica de Ver\u00e3o de Manteigas\",\"url\":\"https:\/\/www.manteigasmusicfestival.com\/\",\"logo\":{\"@type\":\"ImageObject\",\"inLanguage\":\"pt-PT\",\"@id\":\"https:\/\/www.manteigasmusicfestival.com\/#\/schema\/logo\/image\/\",\"url\":\"https:\/\/www.manteigasmusicfestival.com\/wp-content\/uploads\/2025\/03\/FMV-Manteigas_PT_fundo-verde.png\",\"contentUrl\":\"https:\/\/www.manteigasmusicfestival.com\/wp-content\/uploads\/2025\/03\/FMV-Manteigas_PT_fundo-verde.png\",\"width\":5000,\"height\":2500,\"caption\":\"Festival de M\u00fasica de Ver\u00e3o de Manteigas\"},\"image\":{\"@id\":\"https:\/\/www.manteigasmusicfestival.com\/#\/schema\/logo\/image\/\"},\"sameAs\":[\"https:\/\/www.facebook.com\/p\/CORO-SINFNICO-LISBOA-CANTAT-100063495156162\",\"https:\/\/www.instagram.com\/corosinfonico.lisboacantat\/\"]}]}<\/script>\n<!-- \/ Yoast SEO plugin. -->","yoast_head_json":{"title":"Inscri\u00e7\u00f5es - Festival de M\u00fasica de Ver\u00e3o de Manteigas","robots":{"index":"index","follow":"follow","max-snippet":"max-snippet:-1","max-image-preview":"max-image-preview:large","max-video-preview":"max-video-preview:-1"},"canonical":"https:\/\/www.manteigasmusicfestival.com\/pt\/inscricoes\/","og_locale":"pt_PT","og_type":"article","og_title":"Inscri\u00e7\u00f5es - Festival de M\u00fasica de Ver\u00e3o de Manteigas","og_description":"Festival de M\u00fasica de Ver\u00e3o de Manteigas 15 &gt; 22 Ago &#8217;26 Inscri\u00e7\u00f5es no Coro do Festival A componente essencial do FMVM \u00e9 o Coro! Aproveita a oportunidade de, durante uma semana e em ambiente descontra\u00eddo, montar repert\u00f3rio t\u00e3o diverso como m\u00fasica alem\u00e3 do s\u00e9culo XIX, can\u00e7\u00f5es regionais portuguesas com arranjos de diversos compositores e [&hellip;]","og_url":"https:\/\/www.manteigasmusicfestival.com\/pt\/inscricoes\/","og_site_name":"Festival de M\u00fasica de Ver\u00e3o de Manteigas","article_publisher":"https:\/\/www.facebook.com\/p\/CORO-SINFNICO-LISBOA-CANTAT-100063495156162","article_modified_time":"2026-03-23T10:27:33+00:00","twitter_card":"summary_large_image","twitter_misc":{"Tempo estimado de leitura":"4 minutos"},"schema":{"@context":"https:\/\/schema.org","@graph":[{"@type":"WebPage","@id":"https:\/\/www.manteigasmusicfestival.com\/inscricoes\/","url":"https:\/\/www.manteigasmusicfestival.com\/inscricoes\/","name":"Inscri\u00e7\u00f5es - Festival de M\u00fasica de Ver\u00e3o de Manteigas","isPartOf":{"@id":"https:\/\/www.manteigasmusicfestival.com\/#website"},"datePublished":"2026-03-22T19:34:12+00:00","dateModified":"2026-03-23T10:27:33+00:00","breadcrumb":{"@id":"https:\/\/www.manteigasmusicfestival.com\/inscricoes\/#breadcrumb"},"inLanguage":"pt-PT","potentialAction":[{"@type":"ReadAction","target":["https:\/\/www.manteigasmusicfestival.com\/inscricoes\/"]}]},{"@type":"BreadcrumbList","@id":"https:\/\/www.manteigasmusicfestival.com\/inscricoes\/#breadcrumb","itemListElement":[{"@type":"ListItem","position":1,"name":"Home","item":"https:\/\/www.manteigasmusicfestival.com\/"},{"@type":"ListItem","position":2,"name":"Inscri\u00e7\u00f5es"}]},{"@type":"WebSite","@id":"https:\/\/www.manteigasmusicfestival.com\/#website","url":"https:\/\/www.manteigasmusicfestival.com\/","name":"Festival de M\u00fasica de Ver\u00e3o de Manteigas","description":"Choral music in the heart of Serra da Estrela.","publisher":{"@id":"https:\/\/www.manteigasmusicfestival.com\/#organization"},"potentialAction":[{"@type":"SearchAction","target":{"@type":"EntryPoint","urlTemplate":"https:\/\/www.manteigasmusicfestival.com\/?s={search_term_string}"},"query-input":{"@type":"PropertyValueSpecification","valueRequired":true,"valueName":"search_term_string"}}],"inLanguage":"pt-PT"},{"@type":"Organization","@id":"https:\/\/www.manteigasmusicfestival.com\/#organization","name":"Festival de M\u00fasica de Ver\u00e3o de Manteigas","url":"https:\/\/www.manteigasmusicfestival.com\/","logo":{"@type":"ImageObject","inLanguage":"pt-PT","@id":"https:\/\/www.manteigasmusicfestival.com\/#\/schema\/logo\/image\/","url":"https:\/\/www.manteigasmusicfestival.com\/wp-content\/uploads\/2025\/03\/FMV-Manteigas_PT_fundo-verde.png","contentUrl":"https:\/\/www.manteigasmusicfestival.com\/wp-content\/uploads\/2025\/03\/FMV-Manteigas_PT_fundo-verde.png","width":5000,"height":2500,"caption":"Festival de M\u00fasica de Ver\u00e3o de Manteigas"},"image":{"@id":"https:\/\/www.manteigasmusicfestival.com\/#\/schema\/logo\/image\/"},"sameAs":["https:\/\/www.facebook.com\/p\/CORO-SINFNICO-LISBOA-CANTAT-100063495156162","https:\/\/www.instagram.com\/corosinfonico.lisboacantat\/"]}]}},"_links":{"self":[{"href":"https:\/\/www.manteigasmusicfestival.com\/pt\/wp-json\/wp\/v2\/pages\/1154","targetHints":{"allow":["GET"]}}],"collection":[{"href":"https:\/\/www.manteigasmusicfestival.com\/pt\/wp-json\/wp\/v2\/pages"}],"about":[{"href":"https:\/\/www.manteigasmusicfestival.com\/pt\/wp-json\/wp\/v2\/types\/page"}],"author":[{"embeddable":true,"href":"https:\/\/www.manteigasmusicfestival.com\/pt\/wp-json\/wp\/v2\/users\/1"}],"replies":[{"embeddable":true,"href":"https:\/\/www.manteigasmusicfestival.com\/pt\/wp-json\/wp\/v2\/comments?post=1154"}],"version-history":[{"count":5,"href":"https:\/\/www.manteigasmusicfestival.com\/pt\/wp-json\/wp\/v2\/pages\/1154\/revisions"}],"predecessor-version":[{"id":1163,"href":"https:\/\/www.manteigasmusicfestival.com\/pt\/wp-json\/wp\/v2\/pages\/1154\/revisions\/1163"}],"wp:attachment":[{"href":"https:\/\/www.manteigasmusicfestival.com\/pt\/wp-json\/wp\/v2\/media?parent=1154"}],"wp:term":[{"taxonomy":"folder","embeddable":true,"href":"https:\/\/www.manteigasmusicfestival.com\/pt\/wp-json\/wp\/v2\/folder?post=1154"}],"curies":[{"name":"wp","href":"https:\/\/api.w.org\/{rel}","templated":true}]}}