{"id":285,"date":"2025-03-22T18:04:32","date_gmt":"2025-03-22T18:04:32","guid":{"rendered":"https:\/\/www.manteigasmusicfestival.com\/?page_id=285"},"modified":"2026-03-21T16:55:16","modified_gmt":"2026-03-21T16:55:16","slug":"lisboa-cantat","status":"publish","type":"page","link":"https:\/\/www.manteigasmusicfestival.com\/pt\/lisboa-cantat\/","title":{"rendered":"Lisboa Cantat"},"content":{"rendered":"\n<div class=\"wp-block-group alignfull has-global-padding is-layout-constrained wp-block-group-is-layout-constrained\" style=\"margin-top:0;margin-bottom:0;padding-top:var(--wp--preset--spacing--60);padding-bottom:var(--wp--preset--spacing--60)\">\n<div class=\"wp-block-columns alignwide is-layout-flex wp-container-core-columns-is-layout-28f84493 wp-block-columns-is-layout-flex\">\n<div class=\"wp-block-column is-layout-flow wp-block-column-is-layout-flow\" style=\"flex-basis:33.33%\">\n<figure class=\"wp-block-image size-full is-resized wp-container-content-69bc4bdf\"><img loading=\"lazy\" decoding=\"async\" width=\"1919\" height=\"906\" src=\"https:\/\/www.manteigasmusicfestival.com\/wp-content\/uploads\/2025\/03\/foto-Elixir-com-Jorge-CCB-2020-1-1.jpg\" alt=\"\" class=\"wp-image-212\" style=\"aspect-ratio:1;object-fit:cover;width:474px;height:auto\" srcset=\"https:\/\/www.manteigasmusicfestival.com\/wp-content\/uploads\/2025\/03\/foto-Elixir-com-Jorge-CCB-2020-1-1.jpg 1919w, https:\/\/www.manteigasmusicfestival.com\/wp-content\/uploads\/2025\/03\/foto-Elixir-com-Jorge-CCB-2020-1-1-300x142.jpg 300w, https:\/\/www.manteigasmusicfestival.com\/wp-content\/uploads\/2025\/03\/foto-Elixir-com-Jorge-CCB-2020-1-1-1024x483.jpg 1024w, https:\/\/www.manteigasmusicfestival.com\/wp-content\/uploads\/2025\/03\/foto-Elixir-com-Jorge-CCB-2020-1-1-768x363.jpg 768w, https:\/\/www.manteigasmusicfestival.com\/wp-content\/uploads\/2025\/03\/foto-Elixir-com-Jorge-CCB-2020-1-1-1536x725.jpg 1536w\" sizes=\"auto, (max-width: 1919px) 100vw, 1919px\" \/><\/figure>\n<\/div>\n\n\n\n<div class=\"wp-block-column is-layout-flow wp-block-column-is-layout-flow\" style=\"flex-basis:66.66%\">\n<div class=\"wp-block-group is-vertical is-content-justification-left is-layout-flex wp-container-core-group-is-layout-ee8335c6 wp-block-group-is-layout-flex\">\n<div class=\"wp-block-group has-global-padding is-layout-constrained wp-block-group-is-layout-constrained\">\n<h3 class=\"wp-block-heading has-x-large-font-size\">Coro Sinf\u00f3nico Lisboa Cantat<\/h3>\n<\/div>\n\n\n\n<div class=\"wp-block-group has-medium-font-size has-global-padding is-layout-constrained wp-container-core-group-is-layout-12243e0f wp-block-group-is-layout-constrained\">\n<p>O Coro Sinf\u00f3nico Lisboa Cantat (CSLC) foi fundado em 1977, com a designa\u00e7\u00e3o Coral Caminhos Novos e, posteriormente, Coral Lisboa Cantat, e \u00e9 um dos coros da Associa\u00e7\u00e3o Musical Lisboa Cantat. Ao longo dos anos, sob a dire\u00e7\u00e3o de Jo\u00e3o Valeriano, Paulo Brand\u00e3o, Rui de Matos e, desde 1986, Jorge Carvalho Alves, fez-se uma aposta deliberada na expans\u00e3o do coro, at\u00e9 alcan\u00e7ar a forma\u00e7\u00e3o sinf\u00f3nica com que se apresenta hoje, com cerca de 80 elementos. N\u00e3o apenas tem contribu\u00eddo para a divulga\u00e7\u00e3o da m\u00fasica erudita portuguesa, estreando regularmente obras de compositores portugueses contempor\u00e2neos, como, com esta forma\u00e7\u00e3o alargada, est\u00e1 em condi\u00e7\u00f5es de abra\u00e7ar grandes desafios, com repert\u00f3rios exigentes e em parceria com diversos maestros e orquestras.&nbsp;<\/p>\n\n\n\n<p>No plano nacional, destacam-se as colabora\u00e7\u00f5es com a Orquestra Metropolitana de Lisboa, a Orquestra Filarm\u00f3nica Portuguesa e a Orquestra Sinfonietta de Lisboa, mas tamb\u00e9m se apresentou com a Orquestra Cl\u00e1ssica de Espinho, Orquestra Cl\u00e1ssica do Centro, Orquestra Cl\u00e1ssica do Sul, Orquestra de C\u00e2mara da GNR, Orquestra de C\u00e2mara de Cascais e Oeiras, Orquestra do Norte, Orquestra Nacional do Porto, Orquestra Sinf\u00f3nica Juvenil, Orquestra Sinf\u00f3nica Portuguesa e Orquestra XXI. Entre as colabora\u00e7\u00f5es internacionais, destacamos a Orquestra Filarmonia de Madrid (Espanha), Orquestra de Timisoara (Rom\u00e9nia), Orquestra Sinfonia de Vars\u00f3via (Pol\u00f3nia) e Royal Philharmonic Concert Orchestra (Inglaterra).<\/p>\n\n\n\n<p>Em Portugal, teve o privil\u00e9gio de atuar nas principais salas de concerto, teatros e igrejas: Aula Magna da Universidade de Lisboa, Bas\u00edlica da Estrela, Casa da M\u00fasica do Porto, Grande Audit\u00f3rio da Culturgest, Grande e Pequeno Audit\u00f3rios da Funda\u00e7\u00e3o Calouste Gulbenkian, Grande e Pequeno Audit\u00f3rios do CCB, Igreja de S\u00e3o Francisco (Porto), Igreja de S\u00e3o Roque, Mosteiro de Alcoba\u00e7a, Mosteiro dos Jer\u00f3nimos, Real Bas\u00edlica de Mafra, S\u00e9 de Lisboa, S\u00e9 Nova de Coimbra, Teatro da Trindade, Teatro Nacional de S\u00e3o Carlos, entre muitos outros. Foi coro associado do CCB na temporada 2010\/2011.<\/p>\n\n\n\n<p>\u00c9 ecl\u00e9tico o vasto repert\u00f3rio abordado ao longo dos anos, com grandes obras de m\u00fasica coral <em>a cappella<\/em> sacra e profana, da Renascen\u00e7a \u00e0 m\u00fasica contempor\u00e2nea, com incurs\u00f5es pelo mundo da \u00f3pera e do musical, com mais de cinquenta grandes obras para coro e orquestra. Destacam-se as missas de <em>Requiem<\/em> de G.&nbsp;Verdi, W.&nbsp;A.&nbsp;Mozart, G.&nbsp;Faur\u00e9, J.&nbsp;Brahms, M.&nbsp;Durufl\u00e9 e E.&nbsp;Carrapatoso (estreia mundial), <em>Missa de Gl\u00f3ria<\/em> de G. Puccini, <em>Missa de Nelson<\/em>,&nbsp; <em>Missa de Santa Teresa<\/em>, <em>As Esta\u00e7\u00f5es<\/em> e <em>A Cria\u00e7\u00e3o<\/em> de J. Haydn, <em>Stabat Mater<\/em> e <em>Petite Messe Solennelle<\/em> de G. Rossini, <em>Carmina Burana<\/em> de C. Orff, 2.\u00aa, 3.\u00aa e 8.\u00aa Sinfonias de G. Mahler, <em>Paix\u00e3o Segundo S\u00e3o Jo\u00e3o<\/em>, <em>Orat\u00f3ria de Natal<\/em> e <em>Orat\u00f3rio da P\u00e1scoa <\/em>deJ.&nbsp;S.&nbsp;Bach, 2.\u00aa Sinfonia de F. Mendelssohn, <em>A<\/em> <em>Sea Symphony<\/em> de V. Williams, <em>O<\/em> <em>Messias<\/em> de G.F. &nbsp;H\u00e4ndel, <em>Cantata Verbum Caro<\/em> e <em>Orat\u00f3ria Popular<\/em> de N.&nbsp;C\u00f4rte-Real (estreia da vers\u00e3o sinf\u00f3nica e estreia mundial, respetivamente), <em>Grande<\/em> <em>Missa em D\u00f3 menor<\/em> e <em>Vesperae Solennes de Confessore<\/em> de W.&nbsp;A.&nbsp;Mozart, <em>Cantata de Outubro<\/em> de S.&nbsp;Prokofiev (estreia em Portugal), <em>Cantata para un silencio<\/em> de D.&nbsp;Schvetz (estreia mundial), <em>L\u2019enfance du Christ<\/em> e <em>Romeu e Julieta <\/em>de H.&nbsp;Berlioz, <em>Missa Solemnis<\/em> e 9.\u00aa Sinfonia de L.&nbsp;v.&nbsp;Beethoven, <em>Abertura 1812<\/em> de S.&nbsp;Rachmaninoff, <em>Os Planetas <\/em>de G. Holst e <em>Missa Solene em Honra de N.\u00aa Sr.\u00aa de F\u00e1tima<\/em> de Manuel Faria e Joaquim dos Santos. Sublinha-se ainda a participa\u00e7\u00e3o na \u00f3pera <em>O Elixir do Amor <\/em>de G. Donizetti e na produ\u00e7\u00e3o musical <em>O Fantasma da \u00d3pera<\/em> de A.&nbsp;L.&nbsp;Weber.<\/p>\n\n\n\n<p>A qualidade das apresenta\u00e7\u00f5es em concerto muito deve aos maestros, nacionais e estrangeiros, que dirigiram o coro: Adrian Leaper, Antonio Pirolli, Ant\u00f3nio Vassalo Louren\u00e7o, Brian Schembri, Ces\u00e1rio Costa, Christopher Bochmann, Dinis Sousa, Dmitri Jurowsky, Donato Renzetti, Enrico Onofri, Giampaolo Vessella, Hans-Christoph Rademann, Jo\u00e3o Paulo Santos, Jos\u00e9 Cura, Jos\u00e9 Ferreira Lobo, Laurent Petit-Girard, Leonardo Garc\u00eda Alarc\u00f3n, Manuel Ivo Cruz, Marc Tardue, Martin Andr\u00e9, Michael Zilm, Miguel Gra\u00e7a Moura, Nicholas Kraemer, Olivier Cuendet, Osvaldo Ferreira, Pedro Amaral, Pedro Carneiro, Pedro Neves, Rui Pinheiro, Theodor Guschlbauer, Vasco Pearce de Azevedo e Zolt\u00e1n Pesk\u00f3.<\/p>\n\n\n\n<p>Colaborou em parcerias com o Coro Nacional do Teatro S. Carlos (<em>Requiem<\/em> de G. Verdi, <em>G\u00fcrrelieder<\/em> de A. Sch\u00f6nberg, a sinfonia <em>Fausto<\/em> de F. Liszt e a 8.\u00aa Sinfonia de G. Mahler) e com o Coro da Funda\u00e7\u00e3o Calouste Gulbenkian (<em>G\u00fcrrelieder<\/em> de Sch\u00f6nberg).<\/p>\n\n\n\n<p>Adicionalmente a esta forte vertente sinf\u00f3nica, o CSLC trabalha tamb\u00e9m repert\u00f3rio <em>a cappella<\/em>, tanto nacional como estrangeiro. Aposta na promo\u00e7\u00e3o e divulga\u00e7\u00e3o da m\u00fasica e dos compositores portugueses e, neste contexto, tem vindo a gravar a integral da obra coral <em>a cappella <\/em>de Fernando Lopes-Gra\u00e7a e harmoniza\u00e7\u00f5es escritas por compositores portugueses dos s\u00e9culos <span style=\"font-variant: small-caps;\">xx\u2013xxi<\/span>.<\/p>\n<\/div>\n\n\n\n<div class=\"wp-block-group has-global-padding is-layout-constrained wp-block-group-is-layout-constrained\">\n<h3 class=\"wp-block-heading has-x-large-font-size\">Associa\u00e7\u00e3o Musical Lisboa Cantat<\/h3>\n<\/div>\n\n\n\n<div class=\"wp-block-group has-medium-font-size has-global-padding is-layout-constrained wp-container-core-group-is-layout-12243e0f wp-block-group-is-layout-constrained\">\n<p>A Associa\u00e7\u00e3o Musical Lisboa Cantat (AMLC) \u00e9 uma associa\u00e7\u00e3o cultural sem fins lucrativos que prossegue objetivos de ordem musical, social e recreativa. Na sua atividade, pretende promover e divulgar a cultura musical junto do grande p\u00fablico, em colabora\u00e7\u00e3o com m\u00fasicos profissionais e amadores do pa\u00eds e do estrangeiro. Esta atividade constitui a base de coes\u00e3o humana e social dos seus cerca de 180 associados, pelo esp\u00edrito de conv\u00edvio e partilha que tipicamente proporciona.<\/p>\n\n\n\n<p>A AMLC iniciou as suas atividades em 1977, com a designa\u00e7\u00e3o de Coral Caminhos Novos, tendo passado a designar-se Coral Lisboa Cantat em 1983, designa\u00e7\u00e3o que manteve at\u00e9 2007. Nesta data, na sequ\u00eancia da cria\u00e7\u00e3o de dois agrupamentos distintos \u2014 o Coro Sinf\u00f3nico Lisboa Cantat, herdeiro da atividade do Coral Lisboa Cantat, e o Coro de C\u00e2mara Lisboa Cantat \u2014, foram alterados os seus Estatutos e passou a designar-se Associa\u00e7\u00e3o Musical Lisboa Cantat. Ao longo destes mais de 40 anos foi membro fundador da Associa\u00e7\u00e3o de Coros Amadores da \u00c1rea de Lisboa (ACAAL), sendo tamb\u00e9m associada da Internacional Federation of Choral Music (IFCM).<\/p>\n\n\n\n<p>Al\u00e9m de continuar a promover os dois agrupamentos em atividade h\u00e1 mais tempo, o&nbsp;Coro Sinf\u00f3nico Lisboa Cantat&nbsp;e o&nbsp;Coro de C\u00e2mara Lisboa Cantat, a AMLC quer agora consolidar os mais recentes: o&nbsp;Coro Infantil Lisboa Cantat, a&nbsp;Academia Vocal Lisboa Cantat, e o&nbsp;Coro Juvenil Lisboa Cantat, que se foram juntando ao longo dos anos.<\/p>\n\n\n\n<p>Esta diversidade de agrupamentos permitir\u00e1 que a AMLC se assuma como uma associa\u00e7\u00e3o decididamente centrada na voz humana e no ensino e aperfei\u00e7oamento da arte de cantar, procurando dar cobertura a uma larga faixa do percurso de cada um, das idades mais jovens at\u00e9 \u00e0s mais maduras, dos mais experientes aos menos experientes, permitindo que, em cada fase, o associado possa encontrar um espa\u00e7o de frui\u00e7\u00e3o e desenvolvimento das suas capacidades vocais.<\/p>\n\n\n\n<p>No \u00e2mbito global da atividade da AMLC destaca-se o projeto de grande f\u00f4lego com que pretende dar o seu contributo para a valoriza\u00e7\u00e3o da m\u00fasica que se fez e faz em Portugal. A AMLC tem em curso o projeto de grava\u00e7\u00e3o integral da obra coral&nbsp;<em>a cappella<\/em>&nbsp;de Fernando Lopes-Gra\u00e7a e pretende dar testemunho da sua heran\u00e7a que se revela nos compositores contempor\u00e2neos. Para tal, j\u00e1 gravou quatro volumes da cole\u00e7\u00e3o intitulada&nbsp;Compositores Portugueses <span style=\"font-variant: small-caps;\">xx\u2013xxi<\/span> e dois volumes da cole\u00e7\u00e3o&nbsp;Fernando Lopes Gra\u00e7a &#8211; Obra Coral&nbsp;<em>a cappella<\/em>.<\/p>\n\n\n\n<p>Tem estatuto de Entidade de Utilidade P\u00fablica desde 2010.<\/p>\n<\/div>\n<\/div>\n<\/div>\n<\/div>\n<\/div>\n","protected":false},"excerpt":{"rendered":"<p>Coro Sinf\u00f3nico Lisboa Cantat O Coro Sinf\u00f3nico Lisboa Cantat (CSLC) foi fundado em 1977, com a designa\u00e7\u00e3o Coral Caminhos Novos e, posteriormente, Coral Lisboa Cantat, e \u00e9 um dos coros da Associa\u00e7\u00e3o Musical Lisboa Cantat. Ao longo dos anos, sob a dire\u00e7\u00e3o de Jo\u00e3o Valeriano, Paulo Brand\u00e3o, Rui de Matos e, desde 1986, Jorge Carvalho [&hellip;]<\/p>\n","protected":false},"author":1,"featured_media":0,"parent":0,"menu_order":0,"comment_status":"closed","ping_status":"closed","template":"page-no-title","meta":{"footnotes":""},"folder":[],"class_list":["post-285","page","type-page","status-publish","hentry"],"yoast_head":"<!-- This site is optimized with the Yoast SEO plugin v27.1.1 - https:\/\/yoast.com\/product\/yoast-seo-wordpress\/ -->\n<title>Lisboa Cantat - Festival de M\u00fasica de Ver\u00e3o de Manteigas<\/title>\n<meta name=\"robots\" content=\"index, follow, max-snippet:-1, max-image-preview:large, max-video-preview:-1\" \/>\n<link rel=\"canonical\" href=\"https:\/\/www.manteigasmusicfestival.com\/pt\/lisboa-cantat\/\" \/>\n<meta property=\"og:locale\" content=\"pt_PT\" \/>\n<meta property=\"og:type\" content=\"article\" \/>\n<meta property=\"og:title\" content=\"Lisboa Cantat - Festival de M\u00fasica de Ver\u00e3o de Manteigas\" \/>\n<meta property=\"og:description\" content=\"Coro Sinf\u00f3nico Lisboa Cantat O Coro Sinf\u00f3nico Lisboa Cantat (CSLC) foi fundado em 1977, com a designa\u00e7\u00e3o Coral Caminhos Novos e, posteriormente, Coral Lisboa Cantat, e \u00e9 um dos coros da Associa\u00e7\u00e3o Musical Lisboa Cantat. Ao longo dos anos, sob a dire\u00e7\u00e3o de Jo\u00e3o Valeriano, Paulo Brand\u00e3o, Rui de Matos e, desde 1986, Jorge Carvalho [&hellip;]\" \/>\n<meta property=\"og:url\" content=\"https:\/\/www.manteigasmusicfestival.com\/pt\/lisboa-cantat\/\" \/>\n<meta property=\"og:site_name\" content=\"Festival de M\u00fasica de Ver\u00e3o de Manteigas\" \/>\n<meta property=\"article:publisher\" content=\"https:\/\/www.facebook.com\/p\/CORO-SINFNICO-LISBOA-CANTAT-100063495156162\" \/>\n<meta property=\"article:modified_time\" content=\"2026-03-21T16:55:16+00:00\" \/>\n<meta property=\"og:image\" content=\"https:\/\/www.manteigasmusicfestival.com\/wp-content\/uploads\/2025\/03\/foto-Elixir-com-Jorge-CCB-2020-1-1.jpg\" \/>\n\t<meta property=\"og:image:width\" content=\"1919\" \/>\n\t<meta property=\"og:image:height\" content=\"906\" \/>\n\t<meta property=\"og:image:type\" content=\"image\/jpeg\" \/>\n<meta name=\"twitter:card\" content=\"summary_large_image\" \/>\n<meta name=\"twitter:label1\" content=\"Tempo estimado de leitura\" \/>\n\t<meta name=\"twitter:data1\" content=\"6 minutos\" \/>\n<script type=\"application\/ld+json\" class=\"yoast-schema-graph\">{\"@context\":\"https:\/\/schema.org\",\"@graph\":[{\"@type\":\"WebPage\",\"@id\":\"https:\/\/www.manteigasmusicfestival.com\/lisboa-cantat\/\",\"url\":\"https:\/\/www.manteigasmusicfestival.com\/lisboa-cantat\/\",\"name\":\"Lisboa Cantat - Festival de M\u00fasica de Ver\u00e3o de Manteigas\",\"isPartOf\":{\"@id\":\"https:\/\/www.manteigasmusicfestival.com\/#website\"},\"primaryImageOfPage\":{\"@id\":\"https:\/\/www.manteigasmusicfestival.com\/lisboa-cantat\/#primaryimage\"},\"image\":{\"@id\":\"https:\/\/www.manteigasmusicfestival.com\/lisboa-cantat\/#primaryimage\"},\"thumbnailUrl\":\"https:\/\/www.manteigasmusicfestival.com\/wp-content\/uploads\/2025\/03\/foto-Elixir-com-Jorge-CCB-2020-1-1.jpg\",\"datePublished\":\"2025-03-22T18:04:32+00:00\",\"dateModified\":\"2026-03-21T16:55:16+00:00\",\"breadcrumb\":{\"@id\":\"https:\/\/www.manteigasmusicfestival.com\/lisboa-cantat\/#breadcrumb\"},\"inLanguage\":\"pt-PT\",\"potentialAction\":[{\"@type\":\"ReadAction\",\"target\":[\"https:\/\/www.manteigasmusicfestival.com\/lisboa-cantat\/\"]}]},{\"@type\":\"ImageObject\",\"inLanguage\":\"pt-PT\",\"@id\":\"https:\/\/www.manteigasmusicfestival.com\/lisboa-cantat\/#primaryimage\",\"url\":\"https:\/\/www.manteigasmusicfestival.com\/wp-content\/uploads\/2025\/03\/foto-Elixir-com-Jorge-CCB-2020-1-1.jpg\",\"contentUrl\":\"https:\/\/www.manteigasmusicfestival.com\/wp-content\/uploads\/2025\/03\/foto-Elixir-com-Jorge-CCB-2020-1-1.jpg\"},{\"@type\":\"BreadcrumbList\",\"@id\":\"https:\/\/www.manteigasmusicfestival.com\/lisboa-cantat\/#breadcrumb\",\"itemListElement\":[{\"@type\":\"ListItem\",\"position\":1,\"name\":\"Home\",\"item\":\"https:\/\/www.manteigasmusicfestival.com\/\"},{\"@type\":\"ListItem\",\"position\":2,\"name\":\"Lisboa Cantat\"}]},{\"@type\":\"WebSite\",\"@id\":\"https:\/\/www.manteigasmusicfestival.com\/#website\",\"url\":\"https:\/\/www.manteigasmusicfestival.com\/\",\"name\":\"Festival de M\u00fasica de Ver\u00e3o de Manteigas\",\"description\":\"Choral music in the heart of Serra da Estrela.\",\"publisher\":{\"@id\":\"https:\/\/www.manteigasmusicfestival.com\/#organization\"},\"potentialAction\":[{\"@type\":\"SearchAction\",\"target\":{\"@type\":\"EntryPoint\",\"urlTemplate\":\"https:\/\/www.manteigasmusicfestival.com\/?s={search_term_string}\"},\"query-input\":{\"@type\":\"PropertyValueSpecification\",\"valueRequired\":true,\"valueName\":\"search_term_string\"}}],\"inLanguage\":\"pt-PT\"},{\"@type\":\"Organization\",\"@id\":\"https:\/\/www.manteigasmusicfestival.com\/#organization\",\"name\":\"Festival de M\u00fasica de Ver\u00e3o de Manteigas\",\"url\":\"https:\/\/www.manteigasmusicfestival.com\/\",\"logo\":{\"@type\":\"ImageObject\",\"inLanguage\":\"pt-PT\",\"@id\":\"https:\/\/www.manteigasmusicfestival.com\/#\/schema\/logo\/image\/\",\"url\":\"https:\/\/www.manteigasmusicfestival.com\/wp-content\/uploads\/2025\/03\/FMV-Manteigas_PT_fundo-verde.png\",\"contentUrl\":\"https:\/\/www.manteigasmusicfestival.com\/wp-content\/uploads\/2025\/03\/FMV-Manteigas_PT_fundo-verde.png\",\"width\":5000,\"height\":2500,\"caption\":\"Festival de M\u00fasica de Ver\u00e3o de Manteigas\"},\"image\":{\"@id\":\"https:\/\/www.manteigasmusicfestival.com\/#\/schema\/logo\/image\/\"},\"sameAs\":[\"https:\/\/www.facebook.com\/p\/CORO-SINFNICO-LISBOA-CANTAT-100063495156162\",\"https:\/\/www.instagram.com\/corosinfonico.lisboacantat\/\"]}]}<\/script>\n<!-- \/ Yoast SEO plugin. -->","yoast_head_json":{"title":"Lisboa Cantat - Festival de M\u00fasica de Ver\u00e3o de Manteigas","robots":{"index":"index","follow":"follow","max-snippet":"max-snippet:-1","max-image-preview":"max-image-preview:large","max-video-preview":"max-video-preview:-1"},"canonical":"https:\/\/www.manteigasmusicfestival.com\/pt\/lisboa-cantat\/","og_locale":"pt_PT","og_type":"article","og_title":"Lisboa Cantat - Festival de M\u00fasica de Ver\u00e3o de Manteigas","og_description":"Coro Sinf\u00f3nico Lisboa Cantat O Coro Sinf\u00f3nico Lisboa Cantat (CSLC) foi fundado em 1977, com a designa\u00e7\u00e3o Coral Caminhos Novos e, posteriormente, Coral Lisboa Cantat, e \u00e9 um dos coros da Associa\u00e7\u00e3o Musical Lisboa Cantat. Ao longo dos anos, sob a dire\u00e7\u00e3o de Jo\u00e3o Valeriano, Paulo Brand\u00e3o, Rui de Matos e, desde 1986, Jorge Carvalho [&hellip;]","og_url":"https:\/\/www.manteigasmusicfestival.com\/pt\/lisboa-cantat\/","og_site_name":"Festival de M\u00fasica de Ver\u00e3o de Manteigas","article_publisher":"https:\/\/www.facebook.com\/p\/CORO-SINFNICO-LISBOA-CANTAT-100063495156162","article_modified_time":"2026-03-21T16:55:16+00:00","og_image":[{"width":1919,"height":906,"url":"https:\/\/www.manteigasmusicfestival.com\/wp-content\/uploads\/2025\/03\/foto-Elixir-com-Jorge-CCB-2020-1-1.jpg","type":"image\/jpeg"}],"twitter_card":"summary_large_image","twitter_misc":{"Tempo estimado de leitura":"6 minutos"},"schema":{"@context":"https:\/\/schema.org","@graph":[{"@type":"WebPage","@id":"https:\/\/www.manteigasmusicfestival.com\/lisboa-cantat\/","url":"https:\/\/www.manteigasmusicfestival.com\/lisboa-cantat\/","name":"Lisboa Cantat - Festival de M\u00fasica de Ver\u00e3o de Manteigas","isPartOf":{"@id":"https:\/\/www.manteigasmusicfestival.com\/#website"},"primaryImageOfPage":{"@id":"https:\/\/www.manteigasmusicfestival.com\/lisboa-cantat\/#primaryimage"},"image":{"@id":"https:\/\/www.manteigasmusicfestival.com\/lisboa-cantat\/#primaryimage"},"thumbnailUrl":"https:\/\/www.manteigasmusicfestival.com\/wp-content\/uploads\/2025\/03\/foto-Elixir-com-Jorge-CCB-2020-1-1.jpg","datePublished":"2025-03-22T18:04:32+00:00","dateModified":"2026-03-21T16:55:16+00:00","breadcrumb":{"@id":"https:\/\/www.manteigasmusicfestival.com\/lisboa-cantat\/#breadcrumb"},"inLanguage":"pt-PT","potentialAction":[{"@type":"ReadAction","target":["https:\/\/www.manteigasmusicfestival.com\/lisboa-cantat\/"]}]},{"@type":"ImageObject","inLanguage":"pt-PT","@id":"https:\/\/www.manteigasmusicfestival.com\/lisboa-cantat\/#primaryimage","url":"https:\/\/www.manteigasmusicfestival.com\/wp-content\/uploads\/2025\/03\/foto-Elixir-com-Jorge-CCB-2020-1-1.jpg","contentUrl":"https:\/\/www.manteigasmusicfestival.com\/wp-content\/uploads\/2025\/03\/foto-Elixir-com-Jorge-CCB-2020-1-1.jpg"},{"@type":"BreadcrumbList","@id":"https:\/\/www.manteigasmusicfestival.com\/lisboa-cantat\/#breadcrumb","itemListElement":[{"@type":"ListItem","position":1,"name":"Home","item":"https:\/\/www.manteigasmusicfestival.com\/"},{"@type":"ListItem","position":2,"name":"Lisboa Cantat"}]},{"@type":"WebSite","@id":"https:\/\/www.manteigasmusicfestival.com\/#website","url":"https:\/\/www.manteigasmusicfestival.com\/","name":"Festival de M\u00fasica de Ver\u00e3o de Manteigas","description":"Choral music in the heart of Serra da Estrela.","publisher":{"@id":"https:\/\/www.manteigasmusicfestival.com\/#organization"},"potentialAction":[{"@type":"SearchAction","target":{"@type":"EntryPoint","urlTemplate":"https:\/\/www.manteigasmusicfestival.com\/?s={search_term_string}"},"query-input":{"@type":"PropertyValueSpecification","valueRequired":true,"valueName":"search_term_string"}}],"inLanguage":"pt-PT"},{"@type":"Organization","@id":"https:\/\/www.manteigasmusicfestival.com\/#organization","name":"Festival de M\u00fasica de Ver\u00e3o de Manteigas","url":"https:\/\/www.manteigasmusicfestival.com\/","logo":{"@type":"ImageObject","inLanguage":"pt-PT","@id":"https:\/\/www.manteigasmusicfestival.com\/#\/schema\/logo\/image\/","url":"https:\/\/www.manteigasmusicfestival.com\/wp-content\/uploads\/2025\/03\/FMV-Manteigas_PT_fundo-verde.png","contentUrl":"https:\/\/www.manteigasmusicfestival.com\/wp-content\/uploads\/2025\/03\/FMV-Manteigas_PT_fundo-verde.png","width":5000,"height":2500,"caption":"Festival de M\u00fasica de Ver\u00e3o de Manteigas"},"image":{"@id":"https:\/\/www.manteigasmusicfestival.com\/#\/schema\/logo\/image\/"},"sameAs":["https:\/\/www.facebook.com\/p\/CORO-SINFNICO-LISBOA-CANTAT-100063495156162","https:\/\/www.instagram.com\/corosinfonico.lisboacantat\/"]}]}},"_links":{"self":[{"href":"https:\/\/www.manteigasmusicfestival.com\/pt\/wp-json\/wp\/v2\/pages\/285","targetHints":{"allow":["GET"]}}],"collection":[{"href":"https:\/\/www.manteigasmusicfestival.com\/pt\/wp-json\/wp\/v2\/pages"}],"about":[{"href":"https:\/\/www.manteigasmusicfestival.com\/pt\/wp-json\/wp\/v2\/types\/page"}],"author":[{"embeddable":true,"href":"https:\/\/www.manteigasmusicfestival.com\/pt\/wp-json\/wp\/v2\/users\/1"}],"replies":[{"embeddable":true,"href":"https:\/\/www.manteigasmusicfestival.com\/pt\/wp-json\/wp\/v2\/comments?post=285"}],"version-history":[{"count":23,"href":"https:\/\/www.manteigasmusicfestival.com\/pt\/wp-json\/wp\/v2\/pages\/285\/revisions"}],"predecessor-version":[{"id":1151,"href":"https:\/\/www.manteigasmusicfestival.com\/pt\/wp-json\/wp\/v2\/pages\/285\/revisions\/1151"}],"wp:attachment":[{"href":"https:\/\/www.manteigasmusicfestival.com\/pt\/wp-json\/wp\/v2\/media?parent=285"}],"wp:term":[{"taxonomy":"folder","embeddable":true,"href":"https:\/\/www.manteigasmusicfestival.com\/pt\/wp-json\/wp\/v2\/folder?post=285"}],"curies":[{"name":"wp","href":"https:\/\/api.w.org\/{rel}","templated":true}]}}