{"id":335,"date":"2025-03-23T11:51:00","date_gmt":"2025-03-23T11:51:00","guid":{"rendered":"https:\/\/www.manteigasmusicfestival.com\/?page_id=335"},"modified":"2026-03-21T16:40:44","modified_gmt":"2026-03-21T16:40:44","slug":"jorge-alves","status":"publish","type":"page","link":"https:\/\/www.manteigasmusicfestival.com\/pt\/jorge-alves\/","title":{"rendered":"Jorge Alves"},"content":{"rendered":"\n<div class=\"wp-block-group alignfull has-global-padding is-layout-constrained wp-block-group-is-layout-constrained\" style=\"margin-top:0;margin-bottom:0;padding-top:var(--wp--preset--spacing--60);padding-bottom:var(--wp--preset--spacing--60)\">\n<div class=\"wp-block-columns alignwide is-layout-flex wp-container-core-columns-is-layout-28f84493 wp-block-columns-is-layout-flex\">\n<div class=\"wp-block-column is-layout-flow wp-block-column-is-layout-flow\" style=\"flex-basis:33.33%\">\n<figure class=\"wp-block-image size-full is-resized wp-container-content-69bc4bdf\"><img loading=\"lazy\" decoding=\"async\" width=\"636\" height=\"422\" src=\"https:\/\/www.manteigasmusicfestival.com\/wp-content\/uploads\/2025\/03\/Copia-de-Foto-maestro-1.jpg\" alt=\"\" class=\"wp-image-186\" style=\"aspect-ratio:1;object-fit:cover;width:474px;height:auto\" srcset=\"https:\/\/www.manteigasmusicfestival.com\/wp-content\/uploads\/2025\/03\/Copia-de-Foto-maestro-1.jpg 636w, https:\/\/www.manteigasmusicfestival.com\/wp-content\/uploads\/2025\/03\/Copia-de-Foto-maestro-1-300x199.jpg 300w\" sizes=\"auto, (max-width: 636px) 100vw, 636px\" \/><\/figure>\n<\/div>\n\n\n\n<div class=\"wp-block-column is-layout-flow wp-block-column-is-layout-flow\" style=\"flex-basis:66.66%\">\n<div class=\"wp-block-group is-vertical is-content-justification-left is-layout-flex wp-container-core-group-is-layout-ee8335c6 wp-block-group-is-layout-flex\">\n<div class=\"wp-block-group has-global-padding is-layout-constrained wp-block-group-is-layout-constrained\">\n<h3 class=\"wp-block-heading has-x-large-font-size\">Jorge Alves<\/h3>\n\n\n\n<p class=\"has-large-font-size\">Maestro do Coro Sinf\u00f3nico Lisboa Cantat<\/p>\n<\/div>\n\n\n\n<div class=\"wp-block-group has-medium-font-size has-global-padding is-layout-constrained wp-container-core-group-is-layout-12243e0f wp-block-group-is-layout-constrained\">\n<p>Fez os seus estudos no Instituto Gregoriano de Lisboa e na Escola Superior de M\u00fasica de Lisboa. Frequentou diversos cursos de Dire\u00e7\u00e3o Coral e T\u00e9cnica Vocal em Portugal e no estrangeiro, tendo trabalhado com Jos\u00e9 Robert, Edgar Saramago, Lazlo Heltay, Fernando Eldoro, Anton de Beer, Erwin List, Lu\u00eds Madureira e Jill Feldmann.<\/p>\n\n\n\n<p>Como tenor, foi membro do Coro da Universidade de Lisboa de 1980 a 1983, cantou como refor\u00e7o no Coro do Teatro Nacional de S. Carlos em diversas \u00f3peras, nas temporadas de 1984 a 1988, ano em que ingressou no Coro da Funda\u00e7\u00e3o Calouste Gulbenkian (1988\u20132001). De 1993 a 1996, participou no projeto \u201cCoro Gregoriano de Lisboa\u201d, com o qual efetuou digress\u00f5es em Portugal e no Jap\u00e3o. Em 1998, foi convidado a integrar o quarteto vocal masculino Tetvocal, com quem participou em concertos por todo o territ\u00f3rio nacional e em digress\u00f5es no Brasil, Tail\u00e2ndia e China, at\u00e9 2008.<\/p>\n\n\n\n<p>Iniciou a sua carreira como Diretor Coral com o Coro de C\u00e2mara Syntagma Musicum, grupo que fundou em 1985 e com o qual obteve o primeiro pr\u00e9mio no concurso \u201cNovos Valores da Cultura \u2013 M\u00fasica Coral\u201d em 1988, atribu\u00eddo pela Secretaria de Estado da Cultura. A sua atividade enquanto Diretor Coral desenvolveu-se com grupos de todo o continente e ilhas, entre os quais o Coro de C\u00e2mara Syntagma Musicum (1985\u20131997), o Coro Sinf\u00f3nico Lisboa Cantat (desde 1986), o Coro de C\u00e2mara Lisboa Cantat (desde 2006), o Orfe\u00e3o da Covilh\u00e3 (1988\u201392), o Grupo Coral de Lagos (1992\u20131996), o Coro da Universidade Cat\u00f3lica de Lisboa (1993\u20132002), o Coro do Teatro Nacional de S. Carlos (2001\u20132004, como maestro assistente), o Coral Lu\u00edsa Todi (2003\u201307), o Coro Vox Cordis, de Ponta Delgada (desde 2006, como maestro convidado) e o Coro da Universidade T\u00e9cnica de Lisboa\/Coro da Universidade de Lisboa (1998 a dezembro de 2015). Fundou em 2015 o CILC (Coro Infantil Lisboa Cantat) e o EVUL (Ensemble Vocal da Universidade de Lisboa) (2015\u201316), em 2016 o CJULC (Coro Juvenil Lisboa Cantat). Desde 2016, tem trabalhado com diversos agrupamentos corais no Luxemburgo, com destaque para o Ensemble Vocal Cantica e o coro Jubilate Musica.<\/p>\n\n\n\n<p>Dirigiu em estreia nacional a <em>Misa Cubana<\/em> de Jos\u00e9 Maria Vittier e a <em>Cantata para un silencio<\/em> de Daniel Schvetz, al\u00e9m diversas obras de compositores portugueses contempor\u00e2neos.<\/p>\n\n\n\n<p>Gravou para a RDP, a RTP e a SIC diversos programas musicais, com destaque para a participa\u00e7\u00e3o no programa <em>C\u00e2mara Clara<\/em> (2008 ) dedicado \u00e0 atividade coral em Portugal, o concerto de estreia dos 6 \u00d3rg\u00e3os da Real Bas\u00edlica Mafra, os concertos com a OML e o CSLC com a <em>Missa Solemnis<\/em> de Beethoven, <em>Porgy and Bess<\/em> de Gershwin, <em>Requiem<\/em> de Verdi, 3 edi\u00e7\u00f5es da Gala da APCL com a ONP, a OSP e a Orquestra Sinfonia Vars\u00f3via, etc.<\/p>\n\n\n\n<p>Gravou para a Num\u00e9rica Editora 6 CD com m\u00fasica coral de autores portugueses, onde se destaca a obra de Fernando Lopes-Gra\u00e7a para coro <em>a cappella<\/em>. Colabora regularmente em est\u00e1gios corais para jovens em Portugal e no estrangeiro. Lecionou as disciplinas de Coro e Forma\u00e7\u00e3o Musical no Conservat\u00f3rio Regional da Covilh\u00e3, na Escola Profissional de M\u00fasica de \u00c9vora e em diversos estabelecimentos de ensino.<\/p>\n<\/div>\n<\/div>\n<\/div>\n<\/div>\n<\/div>\n","protected":false},"excerpt":{"rendered":"<p>Jorge Alves Maestro do Coro Sinf\u00f3nico Lisboa Cantat Fez os seus estudos no Instituto Gregoriano de Lisboa e na Escola Superior de M\u00fasica de Lisboa. Frequentou diversos cursos de Dire\u00e7\u00e3o Coral e T\u00e9cnica Vocal em Portugal e no estrangeiro, tendo trabalhado com Jos\u00e9 Robert, Edgar Saramago, Lazlo Heltay, Fernando Eldoro, Anton de Beer, Erwin List, [&hellip;]<\/p>\n","protected":false},"author":1,"featured_media":0,"parent":0,"menu_order":0,"comment_status":"closed","ping_status":"closed","template":"page-no-title","meta":{"footnotes":""},"folder":[],"class_list":["post-335","page","type-page","status-publish","hentry"],"yoast_head":"<!-- This site is optimized with the Yoast SEO plugin v27.1.1 - https:\/\/yoast.com\/product\/yoast-seo-wordpress\/ -->\n<title>Jorge Alves - Festival de M\u00fasica de Ver\u00e3o de Manteigas<\/title>\n<meta name=\"robots\" content=\"index, follow, max-snippet:-1, max-image-preview:large, max-video-preview:-1\" \/>\n<link rel=\"canonical\" href=\"https:\/\/www.manteigasmusicfestival.com\/pt\/jorge-alves\/\" \/>\n<meta property=\"og:locale\" content=\"pt_PT\" \/>\n<meta property=\"og:type\" content=\"article\" \/>\n<meta property=\"og:title\" content=\"Jorge Alves - Festival de M\u00fasica de Ver\u00e3o de Manteigas\" \/>\n<meta property=\"og:description\" content=\"Jorge Alves Maestro do Coro Sinf\u00f3nico Lisboa Cantat Fez os seus estudos no Instituto Gregoriano de Lisboa e na Escola Superior de M\u00fasica de Lisboa. Frequentou diversos cursos de Dire\u00e7\u00e3o Coral e T\u00e9cnica Vocal em Portugal e no estrangeiro, tendo trabalhado com Jos\u00e9 Robert, Edgar Saramago, Lazlo Heltay, Fernando Eldoro, Anton de Beer, Erwin List, [&hellip;]\" \/>\n<meta property=\"og:url\" content=\"https:\/\/www.manteigasmusicfestival.com\/pt\/jorge-alves\/\" \/>\n<meta property=\"og:site_name\" content=\"Festival de M\u00fasica de Ver\u00e3o de Manteigas\" \/>\n<meta property=\"article:publisher\" content=\"https:\/\/www.facebook.com\/p\/CORO-SINFNICO-LISBOA-CANTAT-100063495156162\" \/>\n<meta property=\"article:modified_time\" content=\"2026-03-21T16:40:44+00:00\" \/>\n<meta property=\"og:image\" content=\"https:\/\/www.manteigasmusicfestival.com\/wp-content\/uploads\/2025\/03\/Copia-de-Foto-maestro-1.jpg\" \/>\n\t<meta property=\"og:image:width\" content=\"636\" \/>\n\t<meta property=\"og:image:height\" content=\"422\" \/>\n\t<meta property=\"og:image:type\" content=\"image\/jpeg\" \/>\n<meta name=\"twitter:card\" content=\"summary_large_image\" \/>\n<meta name=\"twitter:label1\" content=\"Tempo estimado de leitura\" \/>\n\t<meta name=\"twitter:data1\" content=\"3 minutos\" \/>\n<script type=\"application\/ld+json\" class=\"yoast-schema-graph\">{\"@context\":\"https:\/\/schema.org\",\"@graph\":[{\"@type\":\"WebPage\",\"@id\":\"https:\/\/www.manteigasmusicfestival.com\/jorge-alves\/\",\"url\":\"https:\/\/www.manteigasmusicfestival.com\/jorge-alves\/\",\"name\":\"Jorge Alves - Festival de M\u00fasica de Ver\u00e3o de Manteigas\",\"isPartOf\":{\"@id\":\"https:\/\/www.manteigasmusicfestival.com\/#website\"},\"primaryImageOfPage\":{\"@id\":\"https:\/\/www.manteigasmusicfestival.com\/jorge-alves\/#primaryimage\"},\"image\":{\"@id\":\"https:\/\/www.manteigasmusicfestival.com\/jorge-alves\/#primaryimage\"},\"thumbnailUrl\":\"https:\/\/www.manteigasmusicfestival.com\/wp-content\/uploads\/2025\/03\/Copia-de-Foto-maestro-1.jpg\",\"datePublished\":\"2025-03-23T11:51:00+00:00\",\"dateModified\":\"2026-03-21T16:40:44+00:00\",\"breadcrumb\":{\"@id\":\"https:\/\/www.manteigasmusicfestival.com\/jorge-alves\/#breadcrumb\"},\"inLanguage\":\"pt-PT\",\"potentialAction\":[{\"@type\":\"ReadAction\",\"target\":[\"https:\/\/www.manteigasmusicfestival.com\/jorge-alves\/\"]}]},{\"@type\":\"ImageObject\",\"inLanguage\":\"pt-PT\",\"@id\":\"https:\/\/www.manteigasmusicfestival.com\/jorge-alves\/#primaryimage\",\"url\":\"https:\/\/www.manteigasmusicfestival.com\/wp-content\/uploads\/2025\/03\/Copia-de-Foto-maestro-1.jpg\",\"contentUrl\":\"https:\/\/www.manteigasmusicfestival.com\/wp-content\/uploads\/2025\/03\/Copia-de-Foto-maestro-1.jpg\"},{\"@type\":\"BreadcrumbList\",\"@id\":\"https:\/\/www.manteigasmusicfestival.com\/jorge-alves\/#breadcrumb\",\"itemListElement\":[{\"@type\":\"ListItem\",\"position\":1,\"name\":\"Home\",\"item\":\"https:\/\/www.manteigasmusicfestival.com\/\"},{\"@type\":\"ListItem\",\"position\":2,\"name\":\"Jorge Alves\"}]},{\"@type\":\"WebSite\",\"@id\":\"https:\/\/www.manteigasmusicfestival.com\/#website\",\"url\":\"https:\/\/www.manteigasmusicfestival.com\/\",\"name\":\"Festival de M\u00fasica de Ver\u00e3o de Manteigas\",\"description\":\"Choral music in the heart of Serra da Estrela.\",\"publisher\":{\"@id\":\"https:\/\/www.manteigasmusicfestival.com\/#organization\"},\"potentialAction\":[{\"@type\":\"SearchAction\",\"target\":{\"@type\":\"EntryPoint\",\"urlTemplate\":\"https:\/\/www.manteigasmusicfestival.com\/?s={search_term_string}\"},\"query-input\":{\"@type\":\"PropertyValueSpecification\",\"valueRequired\":true,\"valueName\":\"search_term_string\"}}],\"inLanguage\":\"pt-PT\"},{\"@type\":\"Organization\",\"@id\":\"https:\/\/www.manteigasmusicfestival.com\/#organization\",\"name\":\"Festival de M\u00fasica de Ver\u00e3o de Manteigas\",\"url\":\"https:\/\/www.manteigasmusicfestival.com\/\",\"logo\":{\"@type\":\"ImageObject\",\"inLanguage\":\"pt-PT\",\"@id\":\"https:\/\/www.manteigasmusicfestival.com\/#\/schema\/logo\/image\/\",\"url\":\"https:\/\/www.manteigasmusicfestival.com\/wp-content\/uploads\/2025\/03\/FMV-Manteigas_PT_fundo-verde.png\",\"contentUrl\":\"https:\/\/www.manteigasmusicfestival.com\/wp-content\/uploads\/2025\/03\/FMV-Manteigas_PT_fundo-verde.png\",\"width\":5000,\"height\":2500,\"caption\":\"Festival de M\u00fasica de Ver\u00e3o de Manteigas\"},\"image\":{\"@id\":\"https:\/\/www.manteigasmusicfestival.com\/#\/schema\/logo\/image\/\"},\"sameAs\":[\"https:\/\/www.facebook.com\/p\/CORO-SINFNICO-LISBOA-CANTAT-100063495156162\",\"https:\/\/www.instagram.com\/corosinfonico.lisboacantat\/\"]}]}<\/script>\n<!-- \/ Yoast SEO plugin. -->","yoast_head_json":{"title":"Jorge Alves - Festival de M\u00fasica de Ver\u00e3o de Manteigas","robots":{"index":"index","follow":"follow","max-snippet":"max-snippet:-1","max-image-preview":"max-image-preview:large","max-video-preview":"max-video-preview:-1"},"canonical":"https:\/\/www.manteigasmusicfestival.com\/pt\/jorge-alves\/","og_locale":"pt_PT","og_type":"article","og_title":"Jorge Alves - Festival de M\u00fasica de Ver\u00e3o de Manteigas","og_description":"Jorge Alves Maestro do Coro Sinf\u00f3nico Lisboa Cantat Fez os seus estudos no Instituto Gregoriano de Lisboa e na Escola Superior de M\u00fasica de Lisboa. Frequentou diversos cursos de Dire\u00e7\u00e3o Coral e T\u00e9cnica Vocal em Portugal e no estrangeiro, tendo trabalhado com Jos\u00e9 Robert, Edgar Saramago, Lazlo Heltay, Fernando Eldoro, Anton de Beer, Erwin List, [&hellip;]","og_url":"https:\/\/www.manteigasmusicfestival.com\/pt\/jorge-alves\/","og_site_name":"Festival de M\u00fasica de Ver\u00e3o de Manteigas","article_publisher":"https:\/\/www.facebook.com\/p\/CORO-SINFNICO-LISBOA-CANTAT-100063495156162","article_modified_time":"2026-03-21T16:40:44+00:00","og_image":[{"width":636,"height":422,"url":"https:\/\/www.manteigasmusicfestival.com\/wp-content\/uploads\/2025\/03\/Copia-de-Foto-maestro-1.jpg","type":"image\/jpeg"}],"twitter_card":"summary_large_image","twitter_misc":{"Tempo estimado de leitura":"3 minutos"},"schema":{"@context":"https:\/\/schema.org","@graph":[{"@type":"WebPage","@id":"https:\/\/www.manteigasmusicfestival.com\/jorge-alves\/","url":"https:\/\/www.manteigasmusicfestival.com\/jorge-alves\/","name":"Jorge Alves - Festival de M\u00fasica de Ver\u00e3o de Manteigas","isPartOf":{"@id":"https:\/\/www.manteigasmusicfestival.com\/#website"},"primaryImageOfPage":{"@id":"https:\/\/www.manteigasmusicfestival.com\/jorge-alves\/#primaryimage"},"image":{"@id":"https:\/\/www.manteigasmusicfestival.com\/jorge-alves\/#primaryimage"},"thumbnailUrl":"https:\/\/www.manteigasmusicfestival.com\/wp-content\/uploads\/2025\/03\/Copia-de-Foto-maestro-1.jpg","datePublished":"2025-03-23T11:51:00+00:00","dateModified":"2026-03-21T16:40:44+00:00","breadcrumb":{"@id":"https:\/\/www.manteigasmusicfestival.com\/jorge-alves\/#breadcrumb"},"inLanguage":"pt-PT","potentialAction":[{"@type":"ReadAction","target":["https:\/\/www.manteigasmusicfestival.com\/jorge-alves\/"]}]},{"@type":"ImageObject","inLanguage":"pt-PT","@id":"https:\/\/www.manteigasmusicfestival.com\/jorge-alves\/#primaryimage","url":"https:\/\/www.manteigasmusicfestival.com\/wp-content\/uploads\/2025\/03\/Copia-de-Foto-maestro-1.jpg","contentUrl":"https:\/\/www.manteigasmusicfestival.com\/wp-content\/uploads\/2025\/03\/Copia-de-Foto-maestro-1.jpg"},{"@type":"BreadcrumbList","@id":"https:\/\/www.manteigasmusicfestival.com\/jorge-alves\/#breadcrumb","itemListElement":[{"@type":"ListItem","position":1,"name":"Home","item":"https:\/\/www.manteigasmusicfestival.com\/"},{"@type":"ListItem","position":2,"name":"Jorge Alves"}]},{"@type":"WebSite","@id":"https:\/\/www.manteigasmusicfestival.com\/#website","url":"https:\/\/www.manteigasmusicfestival.com\/","name":"Festival de M\u00fasica de Ver\u00e3o de Manteigas","description":"Choral music in the heart of Serra da Estrela.","publisher":{"@id":"https:\/\/www.manteigasmusicfestival.com\/#organization"},"potentialAction":[{"@type":"SearchAction","target":{"@type":"EntryPoint","urlTemplate":"https:\/\/www.manteigasmusicfestival.com\/?s={search_term_string}"},"query-input":{"@type":"PropertyValueSpecification","valueRequired":true,"valueName":"search_term_string"}}],"inLanguage":"pt-PT"},{"@type":"Organization","@id":"https:\/\/www.manteigasmusicfestival.com\/#organization","name":"Festival de M\u00fasica de Ver\u00e3o de Manteigas","url":"https:\/\/www.manteigasmusicfestival.com\/","logo":{"@type":"ImageObject","inLanguage":"pt-PT","@id":"https:\/\/www.manteigasmusicfestival.com\/#\/schema\/logo\/image\/","url":"https:\/\/www.manteigasmusicfestival.com\/wp-content\/uploads\/2025\/03\/FMV-Manteigas_PT_fundo-verde.png","contentUrl":"https:\/\/www.manteigasmusicfestival.com\/wp-content\/uploads\/2025\/03\/FMV-Manteigas_PT_fundo-verde.png","width":5000,"height":2500,"caption":"Festival de M\u00fasica de Ver\u00e3o de Manteigas"},"image":{"@id":"https:\/\/www.manteigasmusicfestival.com\/#\/schema\/logo\/image\/"},"sameAs":["https:\/\/www.facebook.com\/p\/CORO-SINFNICO-LISBOA-CANTAT-100063495156162","https:\/\/www.instagram.com\/corosinfonico.lisboacantat\/"]}]}},"_links":{"self":[{"href":"https:\/\/www.manteigasmusicfestival.com\/pt\/wp-json\/wp\/v2\/pages\/335","targetHints":{"allow":["GET"]}}],"collection":[{"href":"https:\/\/www.manteigasmusicfestival.com\/pt\/wp-json\/wp\/v2\/pages"}],"about":[{"href":"https:\/\/www.manteigasmusicfestival.com\/pt\/wp-json\/wp\/v2\/types\/page"}],"author":[{"embeddable":true,"href":"https:\/\/www.manteigasmusicfestival.com\/pt\/wp-json\/wp\/v2\/users\/1"}],"replies":[{"embeddable":true,"href":"https:\/\/www.manteigasmusicfestival.com\/pt\/wp-json\/wp\/v2\/comments?post=335"}],"version-history":[{"count":13,"href":"https:\/\/www.manteigasmusicfestival.com\/pt\/wp-json\/wp\/v2\/pages\/335\/revisions"}],"predecessor-version":[{"id":663,"href":"https:\/\/www.manteigasmusicfestival.com\/pt\/wp-json\/wp\/v2\/pages\/335\/revisions\/663"}],"wp:attachment":[{"href":"https:\/\/www.manteigasmusicfestival.com\/pt\/wp-json\/wp\/v2\/media?parent=335"}],"wp:term":[{"taxonomy":"folder","embeddable":true,"href":"https:\/\/www.manteigasmusicfestival.com\/pt\/wp-json\/wp\/v2\/folder?post=335"}],"curies":[{"name":"wp","href":"https:\/\/api.w.org\/{rel}","templated":true}]}}