{"id":362,"date":"2025-03-23T12:28:07","date_gmt":"2025-03-23T12:28:07","guid":{"rendered":"https:\/\/www.manteigasmusicfestival.com\/?page_id=362"},"modified":"2025-03-27T17:20:41","modified_gmt":"2025-03-27T17:20:41","slug":"osvaldo-ferreira","status":"publish","type":"page","link":"https:\/\/www.manteigasmusicfestival.com\/pt\/osvaldo-ferreira\/","title":{"rendered":"Osvaldo Ferreira"},"content":{"rendered":"\n<div class=\"wp-block-group alignfull has-global-padding is-layout-constrained wp-block-group-is-layout-constrained\" style=\"margin-top:0;margin-bottom:0;padding-top:var(--wp--preset--spacing--60);padding-bottom:var(--wp--preset--spacing--60)\">\n<div class=\"wp-block-columns alignwide is-layout-flex wp-container-core-columns-is-layout-28f84493 wp-block-columns-is-layout-flex\">\n<div class=\"wp-block-column is-layout-flow wp-block-column-is-layout-flow\" style=\"flex-basis:33.33%\">\n<figure class=\"wp-block-image size-full is-resized wp-container-content-69bc4bdf\"><img decoding=\"async\" src=\"https:\/\/www.manteigasmusicfestival.com\/wp-content\/uploads\/2025\/03\/20240421_OFP_MAHLER_Concerto_036-scaled-1-edited-1.jpg\" alt=\"\" class=\"wp-image-196\" style=\"aspect-ratio:1;object-fit:cover;width:474px;height:auto\"\/><\/figure>\n<\/div>\n\n\n\n<div class=\"wp-block-column is-layout-flow wp-block-column-is-layout-flow\" style=\"flex-basis:66.66%\">\n<div class=\"wp-block-group is-vertical is-content-justification-left is-layout-flex wp-container-core-group-is-layout-ee8335c6 wp-block-group-is-layout-flex\">\n<div class=\"wp-block-group has-global-padding is-layout-constrained wp-block-group-is-layout-constrained\">\n<h3 class=\"wp-block-heading has-x-large-font-size\">Osvaldo Ferreira<\/h3>\n\n\n\n<p class=\"has-large-font-size\">Maestro da Orquestra Filarm\u00f3nica Portuguesa<\/p>\n<\/div>\n\n\n\n<div class=\"wp-block-group has-medium-font-size has-global-padding is-layout-constrained wp-container-core-group-is-layout-12243e0f wp-block-group-is-layout-constrained\">\n<p>Osvaldo Ferreira \u00e9 membro fundador e diretor art\u00edstico da Orquestra Filarm\u00f3nica Portuguesa.<\/p>\n\n\n\n<p>Foi o diretor musical e maestro titular da Orquestra do Algarve, do Festival Internacional de M\u00fasica do Algarve e da Oficina de M\u00fasica de Curitiba.<\/p>\n\n\n\n<p>Como maestro convidado j\u00e1 se apresentou em Berlim, Viena, Bruxelas, Roma, Lisboa, Porto, Praga, Lodz, Katowice, Madrid, Sevilha, Val\u00eancia, Cape Town, Caracas, Rio de Janeiro, S. Paulo, S. Petersburgo, Londres, Aspen e Chicago.<\/p>\n\n\n\n<p>Realizou mestrado em dire\u00e7\u00e3o de orquestra na Northwestern University em Chicago, com Victor Yampolsky e concluiu p\u00f3s-gradua\u00e7\u00e3o no Conservat\u00f3rio de S\u00e3o Petersburgo, na classe de Ilya Mussin.<\/p>\n\n\n\n<p>Foi laureado em 1999 no Concurso Sergei Prokofiev, na R\u00fassia. Recebeu o \u201cFellowship\u201d do Festival de M\u00fasica de Aspen, onde frequentou a American Conductors Academy.<\/p>\n\n\n\n<p>Foi assistente de Claudio Abbado em Salzburgo e Berlim. Estudou ainda com Jorma Panula e David Zinman. Foi bolseiro do Minist\u00e9rio da Cultura de Portugal e da Funda\u00e7\u00e3o Calouste Gulbenkian.<\/p>\n<\/div>\n<\/div>\n<\/div>\n<\/div>\n<\/div>\n","protected":false},"excerpt":{"rendered":"<p>Osvaldo Ferreira Maestro da Orquestra Filarm\u00f3nica Portuguesa Osvaldo Ferreira \u00e9 membro fundador e diretor art\u00edstico da Orquestra Filarm\u00f3nica Portuguesa. Foi o diretor musical e maestro titular da Orquestra do Algarve, do Festival Internacional de M\u00fasica do Algarve e da Oficina de M\u00fasica de Curitiba. Como maestro convidado j\u00e1 se apresentou em Berlim, Viena, Bruxelas, Roma, [&hellip;]<\/p>\n","protected":false},"author":1,"featured_media":0,"parent":0,"menu_order":0,"comment_status":"closed","ping_status":"closed","template":"page-no-title","meta":{"footnotes":""},"folder":[],"class_list":["post-362","page","type-page","status-publish","hentry"],"yoast_head":"<!-- This site is optimized with the Yoast SEO plugin v27.1.1 - https:\/\/yoast.com\/product\/yoast-seo-wordpress\/ -->\n<title>Osvaldo Ferreira - Festival de M\u00fasica de Ver\u00e3o de Manteigas<\/title>\n<meta name=\"robots\" content=\"index, follow, max-snippet:-1, max-image-preview:large, max-video-preview:-1\" \/>\n<link rel=\"canonical\" href=\"https:\/\/www.manteigasmusicfestival.com\/pt\/osvaldo-ferreira\/\" \/>\n<meta property=\"og:locale\" content=\"pt_PT\" \/>\n<meta property=\"og:type\" content=\"article\" \/>\n<meta property=\"og:title\" content=\"Osvaldo Ferreira - Festival de M\u00fasica de Ver\u00e3o de Manteigas\" \/>\n<meta property=\"og:description\" content=\"Osvaldo Ferreira Maestro da Orquestra Filarm\u00f3nica Portuguesa Osvaldo Ferreira \u00e9 membro fundador e diretor art\u00edstico da Orquestra Filarm\u00f3nica Portuguesa. Foi o diretor musical e maestro titular da Orquestra do Algarve, do Festival Internacional de M\u00fasica do Algarve e da Oficina de M\u00fasica de Curitiba. Como maestro convidado j\u00e1 se apresentou em Berlim, Viena, Bruxelas, Roma, [&hellip;]\" \/>\n<meta property=\"og:url\" content=\"https:\/\/www.manteigasmusicfestival.com\/pt\/osvaldo-ferreira\/\" \/>\n<meta property=\"og:site_name\" content=\"Festival de M\u00fasica de Ver\u00e3o de Manteigas\" \/>\n<meta property=\"article:publisher\" content=\"https:\/\/www.facebook.com\/p\/CORO-SINFNICO-LISBOA-CANTAT-100063495156162\" \/>\n<meta property=\"article:modified_time\" content=\"2025-03-27T17:20:41+00:00\" \/>\n<meta name=\"twitter:card\" content=\"summary_large_image\" \/>\n<meta name=\"twitter:label1\" content=\"Tempo estimado de leitura\" \/>\n\t<meta name=\"twitter:data1\" content=\"1 minuto\" \/>\n<script type=\"application\/ld+json\" class=\"yoast-schema-graph\">{\"@context\":\"https:\/\/schema.org\",\"@graph\":[{\"@type\":\"WebPage\",\"@id\":\"https:\/\/www.manteigasmusicfestival.com\/osvaldo-ferreira\/\",\"url\":\"https:\/\/www.manteigasmusicfestival.com\/osvaldo-ferreira\/\",\"name\":\"Osvaldo Ferreira - Festival de M\u00fasica de Ver\u00e3o de Manteigas\",\"isPartOf\":{\"@id\":\"https:\/\/www.manteigasmusicfestival.com\/#website\"},\"primaryImageOfPage\":{\"@id\":\"https:\/\/www.manteigasmusicfestival.com\/osvaldo-ferreira\/#primaryimage\"},\"image\":{\"@id\":\"https:\/\/www.manteigasmusicfestival.com\/osvaldo-ferreira\/#primaryimage\"},\"thumbnailUrl\":\"https:\/\/www.manteigasmusicfestival.com\/wp-content\/uploads\/2025\/03\/20240421_OFP_MAHLER_Concerto_036-scaled-1-edited-1.jpg\",\"datePublished\":\"2025-03-23T12:28:07+00:00\",\"dateModified\":\"2025-03-27T17:20:41+00:00\",\"breadcrumb\":{\"@id\":\"https:\/\/www.manteigasmusicfestival.com\/osvaldo-ferreira\/#breadcrumb\"},\"inLanguage\":\"pt-PT\",\"potentialAction\":[{\"@type\":\"ReadAction\",\"target\":[\"https:\/\/www.manteigasmusicfestival.com\/osvaldo-ferreira\/\"]}]},{\"@type\":\"ImageObject\",\"inLanguage\":\"pt-PT\",\"@id\":\"https:\/\/www.manteigasmusicfestival.com\/osvaldo-ferreira\/#primaryimage\",\"url\":\"https:\/\/www.manteigasmusicfestival.com\/wp-content\/uploads\/2025\/03\/20240421_OFP_MAHLER_Concerto_036-scaled-1-edited-1.jpg\",\"contentUrl\":\"https:\/\/www.manteigasmusicfestival.com\/wp-content\/uploads\/2025\/03\/20240421_OFP_MAHLER_Concerto_036-scaled-1-edited-1.jpg\"},{\"@type\":\"BreadcrumbList\",\"@id\":\"https:\/\/www.manteigasmusicfestival.com\/osvaldo-ferreira\/#breadcrumb\",\"itemListElement\":[{\"@type\":\"ListItem\",\"position\":1,\"name\":\"Home\",\"item\":\"https:\/\/www.manteigasmusicfestival.com\/\"},{\"@type\":\"ListItem\",\"position\":2,\"name\":\"Osvaldo Ferreira\"}]},{\"@type\":\"WebSite\",\"@id\":\"https:\/\/www.manteigasmusicfestival.com\/#website\",\"url\":\"https:\/\/www.manteigasmusicfestival.com\/\",\"name\":\"Festival de M\u00fasica de Ver\u00e3o de Manteigas\",\"description\":\"Choral music in the heart of Serra da Estrela.\",\"publisher\":{\"@id\":\"https:\/\/www.manteigasmusicfestival.com\/#organization\"},\"potentialAction\":[{\"@type\":\"SearchAction\",\"target\":{\"@type\":\"EntryPoint\",\"urlTemplate\":\"https:\/\/www.manteigasmusicfestival.com\/?s={search_term_string}\"},\"query-input\":{\"@type\":\"PropertyValueSpecification\",\"valueRequired\":true,\"valueName\":\"search_term_string\"}}],\"inLanguage\":\"pt-PT\"},{\"@type\":\"Organization\",\"@id\":\"https:\/\/www.manteigasmusicfestival.com\/#organization\",\"name\":\"Festival de M\u00fasica de Ver\u00e3o de Manteigas\",\"url\":\"https:\/\/www.manteigasmusicfestival.com\/\",\"logo\":{\"@type\":\"ImageObject\",\"inLanguage\":\"pt-PT\",\"@id\":\"https:\/\/www.manteigasmusicfestival.com\/#\/schema\/logo\/image\/\",\"url\":\"https:\/\/www.manteigasmusicfestival.com\/wp-content\/uploads\/2025\/03\/FMV-Manteigas_PT_fundo-verde.png\",\"contentUrl\":\"https:\/\/www.manteigasmusicfestival.com\/wp-content\/uploads\/2025\/03\/FMV-Manteigas_PT_fundo-verde.png\",\"width\":5000,\"height\":2500,\"caption\":\"Festival de M\u00fasica de Ver\u00e3o de Manteigas\"},\"image\":{\"@id\":\"https:\/\/www.manteigasmusicfestival.com\/#\/schema\/logo\/image\/\"},\"sameAs\":[\"https:\/\/www.facebook.com\/p\/CORO-SINFNICO-LISBOA-CANTAT-100063495156162\",\"https:\/\/www.instagram.com\/corosinfonico.lisboacantat\/\"]}]}<\/script>\n<!-- \/ Yoast SEO plugin. -->","yoast_head_json":{"title":"Osvaldo Ferreira - Festival de M\u00fasica de Ver\u00e3o de Manteigas","robots":{"index":"index","follow":"follow","max-snippet":"max-snippet:-1","max-image-preview":"max-image-preview:large","max-video-preview":"max-video-preview:-1"},"canonical":"https:\/\/www.manteigasmusicfestival.com\/pt\/osvaldo-ferreira\/","og_locale":"pt_PT","og_type":"article","og_title":"Osvaldo Ferreira - Festival de M\u00fasica de Ver\u00e3o de Manteigas","og_description":"Osvaldo Ferreira Maestro da Orquestra Filarm\u00f3nica Portuguesa Osvaldo Ferreira \u00e9 membro fundador e diretor art\u00edstico da Orquestra Filarm\u00f3nica Portuguesa. Foi o diretor musical e maestro titular da Orquestra do Algarve, do Festival Internacional de M\u00fasica do Algarve e da Oficina de M\u00fasica de Curitiba. Como maestro convidado j\u00e1 se apresentou em Berlim, Viena, Bruxelas, Roma, [&hellip;]","og_url":"https:\/\/www.manteigasmusicfestival.com\/pt\/osvaldo-ferreira\/","og_site_name":"Festival de M\u00fasica de Ver\u00e3o de Manteigas","article_publisher":"https:\/\/www.facebook.com\/p\/CORO-SINFNICO-LISBOA-CANTAT-100063495156162","article_modified_time":"2025-03-27T17:20:41+00:00","twitter_card":"summary_large_image","twitter_misc":{"Tempo estimado de leitura":"1 minuto"},"schema":{"@context":"https:\/\/schema.org","@graph":[{"@type":"WebPage","@id":"https:\/\/www.manteigasmusicfestival.com\/osvaldo-ferreira\/","url":"https:\/\/www.manteigasmusicfestival.com\/osvaldo-ferreira\/","name":"Osvaldo Ferreira - Festival de M\u00fasica de Ver\u00e3o de Manteigas","isPartOf":{"@id":"https:\/\/www.manteigasmusicfestival.com\/#website"},"primaryImageOfPage":{"@id":"https:\/\/www.manteigasmusicfestival.com\/osvaldo-ferreira\/#primaryimage"},"image":{"@id":"https:\/\/www.manteigasmusicfestival.com\/osvaldo-ferreira\/#primaryimage"},"thumbnailUrl":"https:\/\/www.manteigasmusicfestival.com\/wp-content\/uploads\/2025\/03\/20240421_OFP_MAHLER_Concerto_036-scaled-1-edited-1.jpg","datePublished":"2025-03-23T12:28:07+00:00","dateModified":"2025-03-27T17:20:41+00:00","breadcrumb":{"@id":"https:\/\/www.manteigasmusicfestival.com\/osvaldo-ferreira\/#breadcrumb"},"inLanguage":"pt-PT","potentialAction":[{"@type":"ReadAction","target":["https:\/\/www.manteigasmusicfestival.com\/osvaldo-ferreira\/"]}]},{"@type":"ImageObject","inLanguage":"pt-PT","@id":"https:\/\/www.manteigasmusicfestival.com\/osvaldo-ferreira\/#primaryimage","url":"https:\/\/www.manteigasmusicfestival.com\/wp-content\/uploads\/2025\/03\/20240421_OFP_MAHLER_Concerto_036-scaled-1-edited-1.jpg","contentUrl":"https:\/\/www.manteigasmusicfestival.com\/wp-content\/uploads\/2025\/03\/20240421_OFP_MAHLER_Concerto_036-scaled-1-edited-1.jpg"},{"@type":"BreadcrumbList","@id":"https:\/\/www.manteigasmusicfestival.com\/osvaldo-ferreira\/#breadcrumb","itemListElement":[{"@type":"ListItem","position":1,"name":"Home","item":"https:\/\/www.manteigasmusicfestival.com\/"},{"@type":"ListItem","position":2,"name":"Osvaldo Ferreira"}]},{"@type":"WebSite","@id":"https:\/\/www.manteigasmusicfestival.com\/#website","url":"https:\/\/www.manteigasmusicfestival.com\/","name":"Festival de M\u00fasica de Ver\u00e3o de Manteigas","description":"Choral music in the heart of Serra da Estrela.","publisher":{"@id":"https:\/\/www.manteigasmusicfestival.com\/#organization"},"potentialAction":[{"@type":"SearchAction","target":{"@type":"EntryPoint","urlTemplate":"https:\/\/www.manteigasmusicfestival.com\/?s={search_term_string}"},"query-input":{"@type":"PropertyValueSpecification","valueRequired":true,"valueName":"search_term_string"}}],"inLanguage":"pt-PT"},{"@type":"Organization","@id":"https:\/\/www.manteigasmusicfestival.com\/#organization","name":"Festival de M\u00fasica de Ver\u00e3o de Manteigas","url":"https:\/\/www.manteigasmusicfestival.com\/","logo":{"@type":"ImageObject","inLanguage":"pt-PT","@id":"https:\/\/www.manteigasmusicfestival.com\/#\/schema\/logo\/image\/","url":"https:\/\/www.manteigasmusicfestival.com\/wp-content\/uploads\/2025\/03\/FMV-Manteigas_PT_fundo-verde.png","contentUrl":"https:\/\/www.manteigasmusicfestival.com\/wp-content\/uploads\/2025\/03\/FMV-Manteigas_PT_fundo-verde.png","width":5000,"height":2500,"caption":"Festival de M\u00fasica de Ver\u00e3o de Manteigas"},"image":{"@id":"https:\/\/www.manteigasmusicfestival.com\/#\/schema\/logo\/image\/"},"sameAs":["https:\/\/www.facebook.com\/p\/CORO-SINFNICO-LISBOA-CANTAT-100063495156162","https:\/\/www.instagram.com\/corosinfonico.lisboacantat\/"]}]}},"_links":{"self":[{"href":"https:\/\/www.manteigasmusicfestival.com\/pt\/wp-json\/wp\/v2\/pages\/362","targetHints":{"allow":["GET"]}}],"collection":[{"href":"https:\/\/www.manteigasmusicfestival.com\/pt\/wp-json\/wp\/v2\/pages"}],"about":[{"href":"https:\/\/www.manteigasmusicfestival.com\/pt\/wp-json\/wp\/v2\/types\/page"}],"author":[{"embeddable":true,"href":"https:\/\/www.manteigasmusicfestival.com\/pt\/wp-json\/wp\/v2\/users\/1"}],"replies":[{"embeddable":true,"href":"https:\/\/www.manteigasmusicfestival.com\/pt\/wp-json\/wp\/v2\/comments?post=362"}],"version-history":[{"count":5,"href":"https:\/\/www.manteigasmusicfestival.com\/pt\/wp-json\/wp\/v2\/pages\/362\/revisions"}],"predecessor-version":[{"id":563,"href":"https:\/\/www.manteigasmusicfestival.com\/pt\/wp-json\/wp\/v2\/pages\/362\/revisions\/563"}],"wp:attachment":[{"href":"https:\/\/www.manteigasmusicfestival.com\/pt\/wp-json\/wp\/v2\/media?parent=362"}],"wp:term":[{"taxonomy":"folder","embeddable":true,"href":"https:\/\/www.manteigasmusicfestival.com\/pt\/wp-json\/wp\/v2\/folder?post=362"}],"curies":[{"name":"wp","href":"https:\/\/api.w.org\/{rel}","templated":true}]}}