{"id":382,"date":"2025-03-23T12:56:33","date_gmt":"2025-03-23T12:56:33","guid":{"rendered":"https:\/\/www.manteigasmusicfestival.com\/?page_id=382"},"modified":"2026-03-21T16:27:39","modified_gmt":"2026-03-21T16:27:39","slug":"joana-barata","status":"publish","type":"page","link":"https:\/\/www.manteigasmusicfestival.com\/pt\/joana-barata\/","title":{"rendered":"Joana Barata"},"content":{"rendered":"\n<div class=\"wp-block-group alignfull has-global-padding is-layout-constrained wp-block-group-is-layout-constrained\" style=\"margin-top:0;margin-bottom:0;padding-top:var(--wp--preset--spacing--60);padding-bottom:var(--wp--preset--spacing--60)\">\n<div class=\"wp-block-columns alignwide is-layout-flex wp-container-core-columns-is-layout-28f84493 wp-block-columns-is-layout-flex\">\n<div class=\"wp-block-column is-layout-flow wp-block-column-is-layout-flow\" style=\"flex-basis:33.33%\">\n<figure class=\"wp-block-image size-full is-resized wp-container-content-69bc4bdf\"><img loading=\"lazy\" decoding=\"async\" width=\"1000\" height=\"667\" src=\"https:\/\/www.manteigasmusicfestival.com\/wp-content\/uploads\/Joana-Barata-Goncalo-Sousa-Joana-Barata-Aud.-Camoes-22-11-2023-Lisboa_023-edited.jpg\" alt=\"\" class=\"wp-image-1139\" style=\"aspect-ratio:1;object-fit:cover;width:474px;height:auto\" srcset=\"https:\/\/www.manteigasmusicfestival.com\/wp-content\/uploads\/Joana-Barata-Goncalo-Sousa-Joana-Barata-Aud.-Camoes-22-11-2023-Lisboa_023-edited.jpg 1000w, https:\/\/www.manteigasmusicfestival.com\/wp-content\/uploads\/Joana-Barata-Goncalo-Sousa-Joana-Barata-Aud.-Camoes-22-11-2023-Lisboa_023-edited-300x200.jpg 300w, https:\/\/www.manteigasmusicfestival.com\/wp-content\/uploads\/Joana-Barata-Goncalo-Sousa-Joana-Barata-Aud.-Camoes-22-11-2023-Lisboa_023-edited-768x512.jpg 768w, https:\/\/www.manteigasmusicfestival.com\/wp-content\/uploads\/Joana-Barata-Goncalo-Sousa-Joana-Barata-Aud.-Camoes-22-11-2023-Lisboa_023-edited-18x12.jpg 18w\" sizes=\"auto, (max-width: 1000px) 100vw, 1000px\" \/><\/figure>\n<\/div>\n\n\n\n<div class=\"wp-block-column is-layout-flow wp-block-column-is-layout-flow\" style=\"flex-basis:66.66%\">\n<div class=\"wp-block-group is-vertical is-content-justification-left is-layout-flex wp-container-core-group-is-layout-ee8335c6 wp-block-group-is-layout-flex\">\n<div class=\"wp-block-group has-global-padding is-layout-constrained wp-block-group-is-layout-constrained\">\n<h3 class=\"wp-block-heading has-x-large-font-size\">Joana Barata<\/h3>\n\n\n\n<p class=\"has-large-font-size\">Pianista Acompanhadora<\/p>\n<\/div>\n\n\n\n<div class=\"wp-block-group has-medium-font-size has-global-padding is-layout-constrained wp-container-core-group-is-layout-12243e0f wp-block-group-is-layout-constrained\">\n<p>Joana Barata iniciou o estudo de piano aos cinco anos de idade. Estudou na Escola de M\u00fasica de Nossa Senhora do Cabo, em&nbsp; Linda-a-Velha, com a professora Mariana Cruz; na Academia Nacional Superior de&nbsp; Orquestra (Orquestra Metropolitana de Lisboa\/OML) com o professor Alexei Eremine, no curso de Piano para M\u00fasica de C\u00e2mara e Acompanhamento, tendo terminado a licenciatura em Piano na ESMAE, no Porto, na classe da professora Madalena Soveral, pela qual obteve o Pr\u00e9mio Eng.\u00ba Ant\u00f3nio de Almeida. Em M\u00fasica de C\u00e2mara, teve como orientadores Paul Wakabayashi e Ryszard Woycicki, entre outros.<\/p>\n\n\n\n<p>Paralelamente, participou em cursos de aperfei\u00e7oamento, a solo e em forma\u00e7\u00f5es de c\u00e2mara. Apresentou-se em duo com flauta no Clube Liter\u00e1rio do Porto (2007\u20132009); foi pianista na produ\u00e7\u00e3o oper\u00e1tica <em>Efeito Imediato<\/em> d\u2019A Companhia de Teatro do Algarve, em 2009, com encena\u00e7\u00e3o de Jos\u00e9 Louren\u00e7o; fez correpeti\u00e7\u00e3o de <em>O<\/em> <em>Fantasma da \u00d3pera<\/em> na estreia em Portugal (2019), com encena\u00e7\u00e3o de Pedro Ribeiro.<\/p>\n\n\n\n<p>Colaborou com a OML no Atelier de \u00d3pera na prepara\u00e7\u00e3o de \u00f3peras de Mozart, apresentando-se em v\u00e1rias salas da grande \u00e1rea Lisboa. Integrou a Banda dos Bombeiros de Loures e Torres Vedras na interpreta\u00e7\u00e3o de <em>Carmina Burana<\/em> de Carl Orff. Organiza o ciclo de concertos da Ulgueira (Sintra, Colares) desde a primeira edi\u00e7\u00e3o em 2008, que depois foi integrado no Festival de Sintra. Foi pianista convidada em festivais como Festival Internacional de Trompete Almost 6, Festival Internacional de Saxofone de Palmela, Concurso Nacional cidade do Montijo, Ver\u00e3o Cl\u00e1ssico.<\/p>\n\n\n\n<p>Trabalhou como pianista acompanhadora em v\u00e1rias escolas de m\u00fasica, destacando-se o Conservat\u00f3rio de M\u00fasica do Porto, a Academia de M\u00fasica de M\u00e9todo Suzuki \u2013 A Pauta (2007\u20132010), em concursos, concertos e recitais, o Conservat\u00f3rio de M\u00fasica D. Dinis (2010\u20132017) e a Escola Superior de Artes Aplicadas (I. P. Castelo Branco).<\/p>\n\n\n\n<p>Atualmente, colabora com a Associa\u00e7\u00e3o Musical Lisboa Cantat e a Associa\u00e7\u00e3o Coral de Odivelas, sendo ainda pianista acompanhadora na Escola Profissional Metropolitana e na Escola Art\u00edstica de M\u00fasica do Conservat\u00f3rio.<\/p>\n<\/div>\n<\/div>\n<\/div>\n<\/div>\n<\/div>\n","protected":false},"excerpt":{"rendered":"<p>Joana Barata Pianista Acompanhadora Joana Barata iniciou o estudo de piano aos cinco anos de idade. Estudou na Escola de M\u00fasica de Nossa Senhora do Cabo, em&nbsp; Linda-a-Velha, com a professora Mariana Cruz; na Academia Nacional Superior de&nbsp; Orquestra (Orquestra Metropolitana de Lisboa\/OML) com o professor Alexei Eremine, no curso de Piano para M\u00fasica de [&hellip;]<\/p>\n","protected":false},"author":1,"featured_media":0,"parent":0,"menu_order":0,"comment_status":"closed","ping_status":"closed","template":"page-no-title","meta":{"footnotes":""},"folder":[],"class_list":["post-382","page","type-page","status-publish","hentry"],"yoast_head":"<!-- This site is optimized with the Yoast SEO plugin v27.1.1 - https:\/\/yoast.com\/product\/yoast-seo-wordpress\/ -->\n<title>Joana Barata - Festival de M\u00fasica de Ver\u00e3o de Manteigas<\/title>\n<meta name=\"robots\" content=\"index, follow, max-snippet:-1, max-image-preview:large, max-video-preview:-1\" \/>\n<link rel=\"canonical\" href=\"https:\/\/www.manteigasmusicfestival.com\/pt\/joana-barata\/\" \/>\n<meta property=\"og:locale\" content=\"pt_PT\" \/>\n<meta property=\"og:type\" content=\"article\" \/>\n<meta property=\"og:title\" content=\"Joana Barata - Festival de M\u00fasica de Ver\u00e3o de Manteigas\" \/>\n<meta property=\"og:description\" content=\"Joana Barata Pianista Acompanhadora Joana Barata iniciou o estudo de piano aos cinco anos de idade. Estudou na Escola de M\u00fasica de Nossa Senhora do Cabo, em&nbsp; Linda-a-Velha, com a professora Mariana Cruz; na Academia Nacional Superior de&nbsp; Orquestra (Orquestra Metropolitana de Lisboa\/OML) com o professor Alexei Eremine, no curso de Piano para M\u00fasica de [&hellip;]\" \/>\n<meta property=\"og:url\" content=\"https:\/\/www.manteigasmusicfestival.com\/pt\/joana-barata\/\" \/>\n<meta property=\"og:site_name\" content=\"Festival de M\u00fasica de Ver\u00e3o de Manteigas\" \/>\n<meta property=\"article:publisher\" content=\"https:\/\/www.facebook.com\/p\/CORO-SINFNICO-LISBOA-CANTAT-100063495156162\" \/>\n<meta property=\"article:modified_time\" content=\"2026-03-21T16:27:39+00:00\" \/>\n<meta property=\"og:image\" content=\"https:\/\/www.manteigasmusicfestival.com\/wp-content\/uploads\/Joana-Barata-Goncalo-Sousa-Joana-Barata-Aud.-Camoes-22-11-2023-Lisboa_023-edited.jpg\" \/>\n\t<meta property=\"og:image:width\" content=\"1000\" \/>\n\t<meta property=\"og:image:height\" content=\"667\" \/>\n\t<meta property=\"og:image:type\" content=\"image\/jpeg\" \/>\n<meta name=\"twitter:card\" content=\"summary_large_image\" \/>\n<meta name=\"twitter:label1\" content=\"Tempo estimado de leitura\" \/>\n\t<meta name=\"twitter:data1\" content=\"2 minutos\" \/>\n<script type=\"application\/ld+json\" class=\"yoast-schema-graph\">{\"@context\":\"https:\/\/schema.org\",\"@graph\":[{\"@type\":\"WebPage\",\"@id\":\"https:\/\/www.manteigasmusicfestival.com\/joana-barata\/\",\"url\":\"https:\/\/www.manteigasmusicfestival.com\/joana-barata\/\",\"name\":\"Joana Barata - Festival de M\u00fasica de Ver\u00e3o de Manteigas\",\"isPartOf\":{\"@id\":\"https:\/\/www.manteigasmusicfestival.com\/#website\"},\"primaryImageOfPage\":{\"@id\":\"https:\/\/www.manteigasmusicfestival.com\/joana-barata\/#primaryimage\"},\"image\":{\"@id\":\"https:\/\/www.manteigasmusicfestival.com\/joana-barata\/#primaryimage\"},\"thumbnailUrl\":\"https:\/\/www.manteigasmusicfestival.com\/wp-content\/uploads\/Joana-Barata-Goncalo-Sousa-Joana-Barata-Aud.-Camoes-22-11-2023-Lisboa_023-edited.jpg\",\"datePublished\":\"2025-03-23T12:56:33+00:00\",\"dateModified\":\"2026-03-21T16:27:39+00:00\",\"breadcrumb\":{\"@id\":\"https:\/\/www.manteigasmusicfestival.com\/joana-barata\/#breadcrumb\"},\"inLanguage\":\"pt-PT\",\"potentialAction\":[{\"@type\":\"ReadAction\",\"target\":[\"https:\/\/www.manteigasmusicfestival.com\/joana-barata\/\"]}]},{\"@type\":\"ImageObject\",\"inLanguage\":\"pt-PT\",\"@id\":\"https:\/\/www.manteigasmusicfestival.com\/joana-barata\/#primaryimage\",\"url\":\"https:\/\/www.manteigasmusicfestival.com\/wp-content\/uploads\/Joana-Barata-Goncalo-Sousa-Joana-Barata-Aud.-Camoes-22-11-2023-Lisboa_023-edited.jpg\",\"contentUrl\":\"https:\/\/www.manteigasmusicfestival.com\/wp-content\/uploads\/Joana-Barata-Goncalo-Sousa-Joana-Barata-Aud.-Camoes-22-11-2023-Lisboa_023-edited.jpg\"},{\"@type\":\"BreadcrumbList\",\"@id\":\"https:\/\/www.manteigasmusicfestival.com\/joana-barata\/#breadcrumb\",\"itemListElement\":[{\"@type\":\"ListItem\",\"position\":1,\"name\":\"Home\",\"item\":\"https:\/\/www.manteigasmusicfestival.com\/\"},{\"@type\":\"ListItem\",\"position\":2,\"name\":\"Joana Barata\"}]},{\"@type\":\"WebSite\",\"@id\":\"https:\/\/www.manteigasmusicfestival.com\/#website\",\"url\":\"https:\/\/www.manteigasmusicfestival.com\/\",\"name\":\"Festival de M\u00fasica de Ver\u00e3o de Manteigas\",\"description\":\"Choral music in the heart of Serra da Estrela.\",\"publisher\":{\"@id\":\"https:\/\/www.manteigasmusicfestival.com\/#organization\"},\"potentialAction\":[{\"@type\":\"SearchAction\",\"target\":{\"@type\":\"EntryPoint\",\"urlTemplate\":\"https:\/\/www.manteigasmusicfestival.com\/?s={search_term_string}\"},\"query-input\":{\"@type\":\"PropertyValueSpecification\",\"valueRequired\":true,\"valueName\":\"search_term_string\"}}],\"inLanguage\":\"pt-PT\"},{\"@type\":\"Organization\",\"@id\":\"https:\/\/www.manteigasmusicfestival.com\/#organization\",\"name\":\"Festival de M\u00fasica de Ver\u00e3o de Manteigas\",\"url\":\"https:\/\/www.manteigasmusicfestival.com\/\",\"logo\":{\"@type\":\"ImageObject\",\"inLanguage\":\"pt-PT\",\"@id\":\"https:\/\/www.manteigasmusicfestival.com\/#\/schema\/logo\/image\/\",\"url\":\"https:\/\/www.manteigasmusicfestival.com\/wp-content\/uploads\/2025\/03\/FMV-Manteigas_PT_fundo-verde.png\",\"contentUrl\":\"https:\/\/www.manteigasmusicfestival.com\/wp-content\/uploads\/2025\/03\/FMV-Manteigas_PT_fundo-verde.png\",\"width\":5000,\"height\":2500,\"caption\":\"Festival de M\u00fasica de Ver\u00e3o de Manteigas\"},\"image\":{\"@id\":\"https:\/\/www.manteigasmusicfestival.com\/#\/schema\/logo\/image\/\"},\"sameAs\":[\"https:\/\/www.facebook.com\/p\/CORO-SINFNICO-LISBOA-CANTAT-100063495156162\",\"https:\/\/www.instagram.com\/corosinfonico.lisboacantat\/\"]}]}<\/script>\n<!-- \/ Yoast SEO plugin. -->","yoast_head_json":{"title":"Joana Barata - Festival de M\u00fasica de Ver\u00e3o de Manteigas","robots":{"index":"index","follow":"follow","max-snippet":"max-snippet:-1","max-image-preview":"max-image-preview:large","max-video-preview":"max-video-preview:-1"},"canonical":"https:\/\/www.manteigasmusicfestival.com\/pt\/joana-barata\/","og_locale":"pt_PT","og_type":"article","og_title":"Joana Barata - Festival de M\u00fasica de Ver\u00e3o de Manteigas","og_description":"Joana Barata Pianista Acompanhadora Joana Barata iniciou o estudo de piano aos cinco anos de idade. Estudou na Escola de M\u00fasica de Nossa Senhora do Cabo, em&nbsp; Linda-a-Velha, com a professora Mariana Cruz; na Academia Nacional Superior de&nbsp; Orquestra (Orquestra Metropolitana de Lisboa\/OML) com o professor Alexei Eremine, no curso de Piano para M\u00fasica de [&hellip;]","og_url":"https:\/\/www.manteigasmusicfestival.com\/pt\/joana-barata\/","og_site_name":"Festival de M\u00fasica de Ver\u00e3o de Manteigas","article_publisher":"https:\/\/www.facebook.com\/p\/CORO-SINFNICO-LISBOA-CANTAT-100063495156162","article_modified_time":"2026-03-21T16:27:39+00:00","og_image":[{"width":1000,"height":667,"url":"https:\/\/www.manteigasmusicfestival.com\/wp-content\/uploads\/Joana-Barata-Goncalo-Sousa-Joana-Barata-Aud.-Camoes-22-11-2023-Lisboa_023-edited.jpg","type":"image\/jpeg"}],"twitter_card":"summary_large_image","twitter_misc":{"Tempo estimado de leitura":"2 minutos"},"schema":{"@context":"https:\/\/schema.org","@graph":[{"@type":"WebPage","@id":"https:\/\/www.manteigasmusicfestival.com\/joana-barata\/","url":"https:\/\/www.manteigasmusicfestival.com\/joana-barata\/","name":"Joana Barata - Festival de M\u00fasica de Ver\u00e3o de Manteigas","isPartOf":{"@id":"https:\/\/www.manteigasmusicfestival.com\/#website"},"primaryImageOfPage":{"@id":"https:\/\/www.manteigasmusicfestival.com\/joana-barata\/#primaryimage"},"image":{"@id":"https:\/\/www.manteigasmusicfestival.com\/joana-barata\/#primaryimage"},"thumbnailUrl":"https:\/\/www.manteigasmusicfestival.com\/wp-content\/uploads\/Joana-Barata-Goncalo-Sousa-Joana-Barata-Aud.-Camoes-22-11-2023-Lisboa_023-edited.jpg","datePublished":"2025-03-23T12:56:33+00:00","dateModified":"2026-03-21T16:27:39+00:00","breadcrumb":{"@id":"https:\/\/www.manteigasmusicfestival.com\/joana-barata\/#breadcrumb"},"inLanguage":"pt-PT","potentialAction":[{"@type":"ReadAction","target":["https:\/\/www.manteigasmusicfestival.com\/joana-barata\/"]}]},{"@type":"ImageObject","inLanguage":"pt-PT","@id":"https:\/\/www.manteigasmusicfestival.com\/joana-barata\/#primaryimage","url":"https:\/\/www.manteigasmusicfestival.com\/wp-content\/uploads\/Joana-Barata-Goncalo-Sousa-Joana-Barata-Aud.-Camoes-22-11-2023-Lisboa_023-edited.jpg","contentUrl":"https:\/\/www.manteigasmusicfestival.com\/wp-content\/uploads\/Joana-Barata-Goncalo-Sousa-Joana-Barata-Aud.-Camoes-22-11-2023-Lisboa_023-edited.jpg"},{"@type":"BreadcrumbList","@id":"https:\/\/www.manteigasmusicfestival.com\/joana-barata\/#breadcrumb","itemListElement":[{"@type":"ListItem","position":1,"name":"Home","item":"https:\/\/www.manteigasmusicfestival.com\/"},{"@type":"ListItem","position":2,"name":"Joana Barata"}]},{"@type":"WebSite","@id":"https:\/\/www.manteigasmusicfestival.com\/#website","url":"https:\/\/www.manteigasmusicfestival.com\/","name":"Festival de M\u00fasica de Ver\u00e3o de Manteigas","description":"Choral music in the heart of Serra da Estrela.","publisher":{"@id":"https:\/\/www.manteigasmusicfestival.com\/#organization"},"potentialAction":[{"@type":"SearchAction","target":{"@type":"EntryPoint","urlTemplate":"https:\/\/www.manteigasmusicfestival.com\/?s={search_term_string}"},"query-input":{"@type":"PropertyValueSpecification","valueRequired":true,"valueName":"search_term_string"}}],"inLanguage":"pt-PT"},{"@type":"Organization","@id":"https:\/\/www.manteigasmusicfestival.com\/#organization","name":"Festival de M\u00fasica de Ver\u00e3o de Manteigas","url":"https:\/\/www.manteigasmusicfestival.com\/","logo":{"@type":"ImageObject","inLanguage":"pt-PT","@id":"https:\/\/www.manteigasmusicfestival.com\/#\/schema\/logo\/image\/","url":"https:\/\/www.manteigasmusicfestival.com\/wp-content\/uploads\/2025\/03\/FMV-Manteigas_PT_fundo-verde.png","contentUrl":"https:\/\/www.manteigasmusicfestival.com\/wp-content\/uploads\/2025\/03\/FMV-Manteigas_PT_fundo-verde.png","width":5000,"height":2500,"caption":"Festival de M\u00fasica de Ver\u00e3o de Manteigas"},"image":{"@id":"https:\/\/www.manteigasmusicfestival.com\/#\/schema\/logo\/image\/"},"sameAs":["https:\/\/www.facebook.com\/p\/CORO-SINFNICO-LISBOA-CANTAT-100063495156162","https:\/\/www.instagram.com\/corosinfonico.lisboacantat\/"]}]}},"_links":{"self":[{"href":"https:\/\/www.manteigasmusicfestival.com\/pt\/wp-json\/wp\/v2\/pages\/382","targetHints":{"allow":["GET"]}}],"collection":[{"href":"https:\/\/www.manteigasmusicfestival.com\/pt\/wp-json\/wp\/v2\/pages"}],"about":[{"href":"https:\/\/www.manteigasmusicfestival.com\/pt\/wp-json\/wp\/v2\/types\/page"}],"author":[{"embeddable":true,"href":"https:\/\/www.manteigasmusicfestival.com\/pt\/wp-json\/wp\/v2\/users\/1"}],"replies":[{"embeddable":true,"href":"https:\/\/www.manteigasmusicfestival.com\/pt\/wp-json\/wp\/v2\/comments?post=382"}],"version-history":[{"count":3,"href":"https:\/\/www.manteigasmusicfestival.com\/pt\/wp-json\/wp\/v2\/pages\/382\/revisions"}],"predecessor-version":[{"id":1145,"href":"https:\/\/www.manteigasmusicfestival.com\/pt\/wp-json\/wp\/v2\/pages\/382\/revisions\/1145"}],"wp:attachment":[{"href":"https:\/\/www.manteigasmusicfestival.com\/pt\/wp-json\/wp\/v2\/media?parent=382"}],"wp:term":[{"taxonomy":"folder","embeddable":true,"href":"https:\/\/www.manteigasmusicfestival.com\/pt\/wp-json\/wp\/v2\/folder?post=382"}],"curies":[{"name":"wp","href":"https:\/\/api.w.org\/{rel}","templated":true}]}}