{"id":469,"date":"2025-03-23T20:58:21","date_gmt":"2025-03-23T20:58:21","guid":{"rendered":"https:\/\/www.manteigasmusicfestival.com\/?page_id=469"},"modified":"2025-03-27T19:51:51","modified_gmt":"2025-03-27T19:51:51","slug":"fpm-musicanova","status":"publish","type":"page","link":"https:\/\/www.manteigasmusicfestival.com\/pt\/fpm-musicanova\/","title":{"rendered":"Filarm\u00f3nica Popular Manteiguense &#8211; M\u00fasica Nova"},"content":{"rendered":"\n<div class=\"wp-block-group alignfull has-global-padding is-layout-constrained wp-block-group-is-layout-constrained\" style=\"margin-top:0;margin-bottom:0;padding-top:var(--wp--preset--spacing--60);padding-bottom:var(--wp--preset--spacing--60)\">\n<div class=\"wp-block-columns alignwide is-layout-flex wp-container-core-columns-is-layout-28f84493 wp-block-columns-is-layout-flex\">\n<div class=\"wp-block-column is-layout-flow wp-block-column-is-layout-flow\" style=\"flex-basis:33.33%\">\n<figure class=\"wp-block-image size-full is-resized wp-container-content-69bc4bdf\"><img loading=\"lazy\" decoding=\"async\" width=\"2048\" height=\"1365\" src=\"https:\/\/www.manteigasmusicfestival.com\/wp-content\/uploads\/2025\/03\/0dfc38a8-3016-4f16-826d-723fb7ac2d84.jpeg\" alt=\"\" class=\"wp-image-213\" style=\"aspect-ratio:1;object-fit:cover;width:474px;height:auto\" srcset=\"https:\/\/www.manteigasmusicfestival.com\/wp-content\/uploads\/2025\/03\/0dfc38a8-3016-4f16-826d-723fb7ac2d84.jpeg 2048w, https:\/\/www.manteigasmusicfestival.com\/wp-content\/uploads\/2025\/03\/0dfc38a8-3016-4f16-826d-723fb7ac2d84-300x200.jpeg 300w, https:\/\/www.manteigasmusicfestival.com\/wp-content\/uploads\/2025\/03\/0dfc38a8-3016-4f16-826d-723fb7ac2d84-1024x683.jpeg 1024w, https:\/\/www.manteigasmusicfestival.com\/wp-content\/uploads\/2025\/03\/0dfc38a8-3016-4f16-826d-723fb7ac2d84-768x512.jpeg 768w, https:\/\/www.manteigasmusicfestival.com\/wp-content\/uploads\/2025\/03\/0dfc38a8-3016-4f16-826d-723fb7ac2d84-1536x1024.jpeg 1536w, https:\/\/www.manteigasmusicfestival.com\/wp-content\/uploads\/2025\/03\/0dfc38a8-3016-4f16-826d-723fb7ac2d84-18x12.jpeg 18w\" sizes=\"auto, (max-width: 2048px) 100vw, 2048px\" \/><\/figure>\n<\/div>\n\n\n\n<div class=\"wp-block-column is-layout-flow wp-block-column-is-layout-flow\" style=\"flex-basis:66.66%\">\n<div class=\"wp-block-group is-vertical is-content-justification-left is-layout-flex wp-container-core-group-is-layout-ee8335c6 wp-block-group-is-layout-flex\">\n<div class=\"wp-block-group has-global-padding is-layout-constrained wp-block-group-is-layout-constrained\">\n<h3 class=\"wp-block-heading has-x-large-font-size\">Filarm\u00f3nica Popular Manteiguense \u2013 M\u00fasica Nova<\/h3>\n<\/div>\n\n\n\n<div class=\"wp-block-group has-medium-font-size has-global-padding is-layout-constrained wp-container-core-group-is-layout-12243e0f wp-block-group-is-layout-constrained\">\n<p>A Filarm\u00f3nica Popular Manteiguense &#8211; M\u00fasica Nova, foi fundada a 07\/08\/1877 e mant\u00e9m-se em atividade ininterrupta at\u00e9 \u00e0 presente data. <\/p>\n\n\n\n<p>Diz a Hist\u00f3ria que a m\u00fasica em Manteigas teve a sua origem devido \u00e0 visita de uma companhia de palha\u00e7os, tendo depois alguns cidad\u00e3os comprado aos mesmos palha\u00e7os, uma trompete, um saxofone, uma tarola e uns pratos, e mesmo sem saberem m\u00fasica, foram pelas ruas fazendo uma grande barulheira, nascendo assim o gosto pela \u00abdivina arte\u00bb. <\/p>\n\n\n\n<p>O certo \u00e9 que a m\u00fasica em Manteigas tem a sua hist\u00f3ria bem marcada com documentos datados do dia 08 de julho de 1865, altura em que foi fundada a \u00abSociedade Filarm\u00f3nica\u00bb, contudo, em 1877, em vez de uma, Manteigas passou a ter duas bandas. Tudo porque aquando da divis\u00e3o do pa\u00eds em dois partidos, Manuel da Cunha, quis festejar a ascens\u00e3o dos Progressistas \u00e0 chefia do governo, convidando a Banda de ent\u00e3o, para atuar. Como a Banda era chefiada por Ant\u00f3nio Ribeiro, chefe do Partido Regenerador no Concelho, este exigiu a Manuel da Cunha uma libra em ouro por cada hora de atua\u00e7\u00e3o. O Progressista indignado com a situa\u00e7\u00e3o, resolveu dar origem a uma nova banda, a \u00abFilarm\u00f3nica Popular Manteiguense\u00bb. <\/p>\n\n\n\n<p>Tendo descoberto em Unhais da Serra um afinador de teares que era m\u00fasico e conhecido apenas pelo nome de \u00abPai Pata\u00bb e com elementos que, em grande parte vieram da banda existente, Manuel da Cunha ainda nesse mesmo ano organiza a M\u00fasica Nova e em 07\/08\/1877 sai para a rua, fazendo um concerto na Pra\u00e7a Lu\u00eds de Cam\u00f5es e, at\u00e9 aos nossos dias, a FPM-MN teve vida cont\u00ednua.<\/p>\n\n\n\n<p>Atualmente a FPM-MN conta com cerca de 40 elementos, na sua maioria jovens sa\u00eddos da Escola de M\u00fasica que funciona na sua sede, sob a orienta\u00e7\u00e3o do Maestro, Lu\u00eds Carlos Neves Serra, e que integra forma\u00e7\u00e3o te\u00f3rica e pr\u00e1tica instrumental.<\/p>\n<\/div>\n<\/div>\n<\/div>\n<\/div>\n<\/div>\n","protected":false},"excerpt":{"rendered":"<p>Filarm\u00f3nica Popular Manteiguense \u2013 M\u00fasica Nova A Filarm\u00f3nica Popular Manteiguense &#8211; M\u00fasica Nova, foi fundada a 07\/08\/1877 e mant\u00e9m-se em atividade ininterrupta at\u00e9 \u00e0 presente data. Diz a Hist\u00f3ria que a m\u00fasica em Manteigas teve a sua origem devido \u00e0 visita de uma companhia de palha\u00e7os, tendo depois alguns cidad\u00e3os comprado aos mesmos palha\u00e7os, uma [&hellip;]<\/p>\n","protected":false},"author":1,"featured_media":0,"parent":0,"menu_order":0,"comment_status":"closed","ping_status":"closed","template":"page-no-title","meta":{"footnotes":""},"folder":[],"class_list":["post-469","page","type-page","status-publish","hentry"],"yoast_head":"<!-- This site is optimized with the Yoast SEO plugin v27.1.1 - https:\/\/yoast.com\/product\/yoast-seo-wordpress\/ -->\n<title>Filarm\u00f3nica Popular Manteiguense - M\u00fasica Nova - Festival de M\u00fasica de Ver\u00e3o de Manteigas<\/title>\n<meta name=\"robots\" content=\"index, follow, max-snippet:-1, max-image-preview:large, max-video-preview:-1\" \/>\n<link rel=\"canonical\" href=\"https:\/\/www.manteigasmusicfestival.com\/pt\/fpm-musicanova\/\" \/>\n<meta property=\"og:locale\" content=\"pt_PT\" \/>\n<meta property=\"og:type\" content=\"article\" \/>\n<meta property=\"og:title\" content=\"Filarm\u00f3nica Popular Manteiguense - M\u00fasica Nova - Festival de M\u00fasica de Ver\u00e3o de Manteigas\" \/>\n<meta property=\"og:description\" content=\"Filarm\u00f3nica Popular Manteiguense \u2013 M\u00fasica Nova A Filarm\u00f3nica Popular Manteiguense &#8211; M\u00fasica Nova, foi fundada a 07\/08\/1877 e mant\u00e9m-se em atividade ininterrupta at\u00e9 \u00e0 presente data. Diz a Hist\u00f3ria que a m\u00fasica em Manteigas teve a sua origem devido \u00e0 visita de uma companhia de palha\u00e7os, tendo depois alguns cidad\u00e3os comprado aos mesmos palha\u00e7os, uma [&hellip;]\" \/>\n<meta property=\"og:url\" content=\"https:\/\/www.manteigasmusicfestival.com\/pt\/fpm-musicanova\/\" \/>\n<meta property=\"og:site_name\" content=\"Festival de M\u00fasica de Ver\u00e3o de Manteigas\" \/>\n<meta property=\"article:publisher\" content=\"https:\/\/www.facebook.com\/p\/CORO-SINFNICO-LISBOA-CANTAT-100063495156162\" \/>\n<meta property=\"article:modified_time\" content=\"2025-03-27T19:51:51+00:00\" \/>\n<meta property=\"og:image\" content=\"https:\/\/www.manteigasmusicfestival.com\/wp-content\/uploads\/2025\/03\/0dfc38a8-3016-4f16-826d-723fb7ac2d84.jpeg\" \/>\n\t<meta property=\"og:image:width\" content=\"2048\" \/>\n\t<meta property=\"og:image:height\" content=\"1365\" \/>\n\t<meta property=\"og:image:type\" content=\"image\/jpeg\" \/>\n<meta name=\"twitter:card\" content=\"summary_large_image\" \/>\n<meta name=\"twitter:label1\" content=\"Tempo estimado de leitura\" \/>\n\t<meta name=\"twitter:data1\" content=\"2 minutos\" \/>\n<script type=\"application\/ld+json\" class=\"yoast-schema-graph\">{\"@context\":\"https:\/\/schema.org\",\"@graph\":[{\"@type\":\"WebPage\",\"@id\":\"https:\/\/www.manteigasmusicfestival.com\/fpm-musicanova\/\",\"url\":\"https:\/\/www.manteigasmusicfestival.com\/fpm-musicanova\/\",\"name\":\"Filarm\u00f3nica Popular Manteiguense - M\u00fasica Nova - Festival de M\u00fasica de Ver\u00e3o de Manteigas\",\"isPartOf\":{\"@id\":\"https:\/\/www.manteigasmusicfestival.com\/#website\"},\"primaryImageOfPage\":{\"@id\":\"https:\/\/www.manteigasmusicfestival.com\/fpm-musicanova\/#primaryimage\"},\"image\":{\"@id\":\"https:\/\/www.manteigasmusicfestival.com\/fpm-musicanova\/#primaryimage\"},\"thumbnailUrl\":\"https:\/\/www.manteigasmusicfestival.com\/wp-content\/uploads\/2025\/03\/0dfc38a8-3016-4f16-826d-723fb7ac2d84.jpeg\",\"datePublished\":\"2025-03-23T20:58:21+00:00\",\"dateModified\":\"2025-03-27T19:51:51+00:00\",\"breadcrumb\":{\"@id\":\"https:\/\/www.manteigasmusicfestival.com\/fpm-musicanova\/#breadcrumb\"},\"inLanguage\":\"pt-PT\",\"potentialAction\":[{\"@type\":\"ReadAction\",\"target\":[\"https:\/\/www.manteigasmusicfestival.com\/fpm-musicanova\/\"]}]},{\"@type\":\"ImageObject\",\"inLanguage\":\"pt-PT\",\"@id\":\"https:\/\/www.manteigasmusicfestival.com\/fpm-musicanova\/#primaryimage\",\"url\":\"https:\/\/www.manteigasmusicfestival.com\/wp-content\/uploads\/2025\/03\/0dfc38a8-3016-4f16-826d-723fb7ac2d84.jpeg\",\"contentUrl\":\"https:\/\/www.manteigasmusicfestival.com\/wp-content\/uploads\/2025\/03\/0dfc38a8-3016-4f16-826d-723fb7ac2d84.jpeg\"},{\"@type\":\"BreadcrumbList\",\"@id\":\"https:\/\/www.manteigasmusicfestival.com\/fpm-musicanova\/#breadcrumb\",\"itemListElement\":[{\"@type\":\"ListItem\",\"position\":1,\"name\":\"Home\",\"item\":\"https:\/\/www.manteigasmusicfestival.com\/\"},{\"@type\":\"ListItem\",\"position\":2,\"name\":\"Filarm\u00f3nica Popular Manteiguense &#8211; M\u00fasica Nova\"}]},{\"@type\":\"WebSite\",\"@id\":\"https:\/\/www.manteigasmusicfestival.com\/#website\",\"url\":\"https:\/\/www.manteigasmusicfestival.com\/\",\"name\":\"Festival de M\u00fasica de Ver\u00e3o de Manteigas\",\"description\":\"Choral music in the heart of Serra da Estrela.\",\"publisher\":{\"@id\":\"https:\/\/www.manteigasmusicfestival.com\/#organization\"},\"potentialAction\":[{\"@type\":\"SearchAction\",\"target\":{\"@type\":\"EntryPoint\",\"urlTemplate\":\"https:\/\/www.manteigasmusicfestival.com\/?s={search_term_string}\"},\"query-input\":{\"@type\":\"PropertyValueSpecification\",\"valueRequired\":true,\"valueName\":\"search_term_string\"}}],\"inLanguage\":\"pt-PT\"},{\"@type\":\"Organization\",\"@id\":\"https:\/\/www.manteigasmusicfestival.com\/#organization\",\"name\":\"Festival de M\u00fasica de Ver\u00e3o de Manteigas\",\"url\":\"https:\/\/www.manteigasmusicfestival.com\/\",\"logo\":{\"@type\":\"ImageObject\",\"inLanguage\":\"pt-PT\",\"@id\":\"https:\/\/www.manteigasmusicfestival.com\/#\/schema\/logo\/image\/\",\"url\":\"https:\/\/www.manteigasmusicfestival.com\/wp-content\/uploads\/2025\/03\/FMV-Manteigas_PT_fundo-verde.png\",\"contentUrl\":\"https:\/\/www.manteigasmusicfestival.com\/wp-content\/uploads\/2025\/03\/FMV-Manteigas_PT_fundo-verde.png\",\"width\":5000,\"height\":2500,\"caption\":\"Festival de M\u00fasica de Ver\u00e3o de Manteigas\"},\"image\":{\"@id\":\"https:\/\/www.manteigasmusicfestival.com\/#\/schema\/logo\/image\/\"},\"sameAs\":[\"https:\/\/www.facebook.com\/p\/CORO-SINFNICO-LISBOA-CANTAT-100063495156162\",\"https:\/\/www.instagram.com\/corosinfonico.lisboacantat\/\"]}]}<\/script>\n<!-- \/ Yoast SEO plugin. -->","yoast_head_json":{"title":"Filarm\u00f3nica Popular Manteiguense - M\u00fasica Nova - Festival de M\u00fasica de Ver\u00e3o de Manteigas","robots":{"index":"index","follow":"follow","max-snippet":"max-snippet:-1","max-image-preview":"max-image-preview:large","max-video-preview":"max-video-preview:-1"},"canonical":"https:\/\/www.manteigasmusicfestival.com\/pt\/fpm-musicanova\/","og_locale":"pt_PT","og_type":"article","og_title":"Filarm\u00f3nica Popular Manteiguense - M\u00fasica Nova - Festival de M\u00fasica de Ver\u00e3o de Manteigas","og_description":"Filarm\u00f3nica Popular Manteiguense \u2013 M\u00fasica Nova A Filarm\u00f3nica Popular Manteiguense &#8211; M\u00fasica Nova, foi fundada a 07\/08\/1877 e mant\u00e9m-se em atividade ininterrupta at\u00e9 \u00e0 presente data. Diz a Hist\u00f3ria que a m\u00fasica em Manteigas teve a sua origem devido \u00e0 visita de uma companhia de palha\u00e7os, tendo depois alguns cidad\u00e3os comprado aos mesmos palha\u00e7os, uma [&hellip;]","og_url":"https:\/\/www.manteigasmusicfestival.com\/pt\/fpm-musicanova\/","og_site_name":"Festival de M\u00fasica de Ver\u00e3o de Manteigas","article_publisher":"https:\/\/www.facebook.com\/p\/CORO-SINFNICO-LISBOA-CANTAT-100063495156162","article_modified_time":"2025-03-27T19:51:51+00:00","og_image":[{"width":2048,"height":1365,"url":"https:\/\/www.manteigasmusicfestival.com\/wp-content\/uploads\/2025\/03\/0dfc38a8-3016-4f16-826d-723fb7ac2d84.jpeg","type":"image\/jpeg"}],"twitter_card":"summary_large_image","twitter_misc":{"Tempo estimado de leitura":"2 minutos"},"schema":{"@context":"https:\/\/schema.org","@graph":[{"@type":"WebPage","@id":"https:\/\/www.manteigasmusicfestival.com\/fpm-musicanova\/","url":"https:\/\/www.manteigasmusicfestival.com\/fpm-musicanova\/","name":"Filarm\u00f3nica Popular Manteiguense - M\u00fasica Nova - Festival de M\u00fasica de Ver\u00e3o de Manteigas","isPartOf":{"@id":"https:\/\/www.manteigasmusicfestival.com\/#website"},"primaryImageOfPage":{"@id":"https:\/\/www.manteigasmusicfestival.com\/fpm-musicanova\/#primaryimage"},"image":{"@id":"https:\/\/www.manteigasmusicfestival.com\/fpm-musicanova\/#primaryimage"},"thumbnailUrl":"https:\/\/www.manteigasmusicfestival.com\/wp-content\/uploads\/2025\/03\/0dfc38a8-3016-4f16-826d-723fb7ac2d84.jpeg","datePublished":"2025-03-23T20:58:21+00:00","dateModified":"2025-03-27T19:51:51+00:00","breadcrumb":{"@id":"https:\/\/www.manteigasmusicfestival.com\/fpm-musicanova\/#breadcrumb"},"inLanguage":"pt-PT","potentialAction":[{"@type":"ReadAction","target":["https:\/\/www.manteigasmusicfestival.com\/fpm-musicanova\/"]}]},{"@type":"ImageObject","inLanguage":"pt-PT","@id":"https:\/\/www.manteigasmusicfestival.com\/fpm-musicanova\/#primaryimage","url":"https:\/\/www.manteigasmusicfestival.com\/wp-content\/uploads\/2025\/03\/0dfc38a8-3016-4f16-826d-723fb7ac2d84.jpeg","contentUrl":"https:\/\/www.manteigasmusicfestival.com\/wp-content\/uploads\/2025\/03\/0dfc38a8-3016-4f16-826d-723fb7ac2d84.jpeg"},{"@type":"BreadcrumbList","@id":"https:\/\/www.manteigasmusicfestival.com\/fpm-musicanova\/#breadcrumb","itemListElement":[{"@type":"ListItem","position":1,"name":"Home","item":"https:\/\/www.manteigasmusicfestival.com\/"},{"@type":"ListItem","position":2,"name":"Filarm\u00f3nica Popular Manteiguense &#8211; M\u00fasica Nova"}]},{"@type":"WebSite","@id":"https:\/\/www.manteigasmusicfestival.com\/#website","url":"https:\/\/www.manteigasmusicfestival.com\/","name":"Festival de M\u00fasica de Ver\u00e3o de Manteigas","description":"Choral music in the heart of Serra da Estrela.","publisher":{"@id":"https:\/\/www.manteigasmusicfestival.com\/#organization"},"potentialAction":[{"@type":"SearchAction","target":{"@type":"EntryPoint","urlTemplate":"https:\/\/www.manteigasmusicfestival.com\/?s={search_term_string}"},"query-input":{"@type":"PropertyValueSpecification","valueRequired":true,"valueName":"search_term_string"}}],"inLanguage":"pt-PT"},{"@type":"Organization","@id":"https:\/\/www.manteigasmusicfestival.com\/#organization","name":"Festival de M\u00fasica de Ver\u00e3o de Manteigas","url":"https:\/\/www.manteigasmusicfestival.com\/","logo":{"@type":"ImageObject","inLanguage":"pt-PT","@id":"https:\/\/www.manteigasmusicfestival.com\/#\/schema\/logo\/image\/","url":"https:\/\/www.manteigasmusicfestival.com\/wp-content\/uploads\/2025\/03\/FMV-Manteigas_PT_fundo-verde.png","contentUrl":"https:\/\/www.manteigasmusicfestival.com\/wp-content\/uploads\/2025\/03\/FMV-Manteigas_PT_fundo-verde.png","width":5000,"height":2500,"caption":"Festival de M\u00fasica de Ver\u00e3o de Manteigas"},"image":{"@id":"https:\/\/www.manteigasmusicfestival.com\/#\/schema\/logo\/image\/"},"sameAs":["https:\/\/www.facebook.com\/p\/CORO-SINFNICO-LISBOA-CANTAT-100063495156162","https:\/\/www.instagram.com\/corosinfonico.lisboacantat\/"]}]}},"_links":{"self":[{"href":"https:\/\/www.manteigasmusicfestival.com\/pt\/wp-json\/wp\/v2\/pages\/469","targetHints":{"allow":["GET"]}}],"collection":[{"href":"https:\/\/www.manteigasmusicfestival.com\/pt\/wp-json\/wp\/v2\/pages"}],"about":[{"href":"https:\/\/www.manteigasmusicfestival.com\/pt\/wp-json\/wp\/v2\/types\/page"}],"author":[{"embeddable":true,"href":"https:\/\/www.manteigasmusicfestival.com\/pt\/wp-json\/wp\/v2\/users\/1"}],"replies":[{"embeddable":true,"href":"https:\/\/www.manteigasmusicfestival.com\/pt\/wp-json\/wp\/v2\/comments?post=469"}],"version-history":[{"count":4,"href":"https:\/\/www.manteigasmusicfestival.com\/pt\/wp-json\/wp\/v2\/pages\/469\/revisions"}],"predecessor-version":[{"id":604,"href":"https:\/\/www.manteigasmusicfestival.com\/pt\/wp-json\/wp\/v2\/pages\/469\/revisions\/604"}],"wp:attachment":[{"href":"https:\/\/www.manteigasmusicfestival.com\/pt\/wp-json\/wp\/v2\/media?parent=469"}],"wp:term":[{"taxonomy":"folder","embeddable":true,"href":"https:\/\/www.manteigasmusicfestival.com\/pt\/wp-json\/wp\/v2\/folder?post=469"}],"curies":[{"name":"wp","href":"https:\/\/api.w.org\/{rel}","templated":true}]}}